{"id":1619,"date":"2016-03-29T06:39:06","date_gmt":"2016-03-29T06:39:06","guid":{"rendered":"http:\/\/aehidroterapiadecolon.com\/?page_id=1619"},"modified":"2018-07-05T09:13:13","modified_gmt":"2018-07-05T09:13:13","slug":"1619-2","status":"publish","type":"page","link":"https:\/\/aehidroterapiadecolon.com\/de\/","title":{"rendered":"AEHC, Asociaci\u00f3n Espa\u00f1ola de Hidroterapia de Colon"},"content":{"rendered":"<p>[et_pb_section fullwidth=&#8220;on&#8220; specialty=&#8220;off&#8220;][et_pb_fullwidth_slider admin_label=&#8220;Control deslizante de anchura completa&#8220; show_arrows=&#8220;on&#8220; show_pagination=&#8220;on&#8220; auto=&#8220;on&#8220; parallax=&#8220;on&#8220; parallax_method=&#8220;off&#8220;][et_pb_slide background_image=&#8220;http:\/\/aehidroterapiadecolon.com\/wp-content\/uploads\/2015\/05\/slide03.jpg&#8220; background_color=&#8220;#ffffff&#8220; alignment=&#8220;center&#8220; background_layout=&#8220;dark&#8220; allow_player_pause=&#8220;off&#8220;]<\/p>\n<p style=\"font-size: 200%;\"><strong>Der erste Colon-Hydro-Therapie<\/strong><\/p>\n<p style=\"font-size: 200%;\"><strong>Verband von und f\u00fcr Profis<\/strong><\/p>\n<p>[\/et_pb_slide][et_pb_slide background_image=&#8220;http:\/\/aehidroterapiadecolon.com\/wp-content\/uploads\/2015\/05\/slide02.jpg&#8220; background_color=&#8220;#ffffff&#8220; alignment=&#8220;center&#8220; background_layout=&#8220;dark&#8220; allow_player_pause=&#8220;off&#8220;]<\/p>\n<p style=\"font-size: 200%;\"><strong>Informationen f\u00fcr Patienten und Therapeuten \u00fcber<\/strong><\/p>\n<p style=\"font-size: 200%;\"><strong>Colon-Hydro-Therapie, die Therapie und ihre Anwendungen<\/strong><\/p>\n<p>[\/et_pb_slide][et_pb_slide background_image=&#8220;http:\/\/aehidroterapiadecolon.com\/wp-content\/uploads\/2015\/05\/slide01.jpg&#8220; background_color=&#8220;#ffffff&#8220; alignment=&#8220;center&#8220; background_layout=&#8220;dark&#8220; allow_player_pause=&#8220;off&#8220;]<\/p>\n<p style=\"font-size: 200%;\"><strong>Wissenschaftliche Arbeit und Austausch<\/strong><\/p>\n<p style=\"font-size: 200%;\"><strong>zwischen Fachleuten und Nutzern von<\/strong><\/p>\n<p style=\"font-size: 200%;\"><strong>Colon-Hydro-Therapie<\/strong><\/p>\n<p>[\/et_pb_slide][et_pb_slide background_image=&#8220;http:\/\/aehidroterapiadecolon.com\/wp-content\/uploads\/2015\/05\/slide05.jpg&#8220; background_color=&#8220;#ffffff&#8220; alignment=&#8220;center&#8220; background_layout=&#8220;dark&#8220; allow_player_pause=&#8220;off&#8220;]<\/p>\n<p style=\"font-size: 200%;\"><strong>Finanzberatung und Vereinbarungen mit Unternehmen<\/strong><\/p>\n<p style=\"font-size: 200%;\"><strong>und Einrichtungen f\u00fcr Mitglieder<\/strong><\/p>\n<p>[\/et_pb_slide][et_pb_slide background_image=&#8220;http:\/\/aehidroterapiadecolon.com\/wp-content\/uploads\/2015\/05\/slide04.jpg&#8220; background_color=&#8220;#ffffff&#8220; alignment=&#8220;center&#8220; background_layout=&#8220;dark&#8220; allow_player_pause=&#8220;off&#8220;]<\/p>\n<p style=\"font-size: 200%;\"><strong>Fortbildung durch Kurse<\/strong><\/p>\n<p style=\"font-size: 200%;\"><strong>und F\u00f6rderung von Forschung<\/strong><\/p>\n<p>[\/et_pb_slide][\/et_pb_fullwidth_slider][\/et_pb_section][et_pb_section][et_pb_row][et_pb_column type=&#8220;4_4&#8243;][et_pb_text admin_label=&#8220;Texto&#8220; background_layout=&#8220;light&#8220; text_orientation=&#8220;left&#8220;]<\/p>\n<p><span style=\"font-size: 130%;\">Willkommen bei dem <strong>Spanischen Verband der Colon-Hydro-Therapie<\/strong>. Der erste Colon-Hydro-Therapie <strong>Verband von und f\u00fcr Profis<\/strong>.<\/span><\/p>\n<p>&nbsp;<\/p>\n<p>Wir sind ein vollst\u00e4ndig transparenter <strong>Non-Profit Verband<\/strong>. alle Einnahmen von Mitgliedern und durch Spenden werden in Fortbildungen und Trainings f\u00fcr Mitglieder investiert. <strong>AEHC<\/strong>, die <strong>spanische Vereinigung der Colon-Hydro-Therapie<\/strong> ist der einzige Berufsverband, der der Colon-Hydro-Therapie gewidmet ist.<\/p>\n<p>[\/et_pb_text][\/et_pb_column][\/et_pb_row][et_pb_row][et_pb_column type=&#8220;1_3&#8243;][et_pb_blurb admin_label=&#8220;Hazte socio&#8220; title=&#8220;Mitglied werden&#8220; url=&#8220;https:\/\/aehidroterapiadecolon.com\/de\/mitglied-werden\/&#8220; url_new_window=&#8220;off&#8220; use_icon=&#8220;off&#8220; icon_color=&#8220;#7EBEC5&#8243; use_circle=&#8220;off&#8220; circle_color=&#8220;#7EBEC5&#8243; use_circle_border=&#8220;off&#8220; circle_border_color=&#8220;#7EBEC5&#8243; image=&#8220;http:\/\/aehidroterapiadecolon.com\/wp-content\/uploads\/2014\/06\/imagen1.jpg&#8220; alt=&#8220;Hazte socio&#8220; icon_placement=&#8220;top&#8220; animation=&#8220;off&#8220; background_layout=&#8220;light&#8220; text_orientation=&#8220;left&#8220;]<\/p>\n<hr style=\"color: #2ea3f2; background-color: #2ea3f2; height: 2px; border: none;\" noshade=\"noshade\" \/>\n<p>Werden Sie Teil eines Non-Profit-Verbands und nehmen Sie die angebotenen Leistungen f\u00fcr Mitglieder, wie Weiterbildungen, Konferenzen, Seminare, Diskussionsforum, usw. in Anspruch.[\/et_pb_blurb][\/et_pb_column][et_pb_column type=&#8220;1_3&#8243;][et_pb_blurb admin_label=&#8220;Ventajas&#8220; title=&#8220;Vorteile&#8220; url=&#8220;https:\/\/aehidroterapiadecolon.com\/de\/vorteile\/&#8220; url_new_window=&#8220;off&#8220; use_icon=&#8220;off&#8220; icon_color=&#8220;#7EBEC5&#8243; use_circle=&#8220;off&#8220; circle_color=&#8220;#7EBEC5&#8243; use_circle_border=&#8220;off&#8220; circle_border_color=&#8220;#7EBEC5&#8243; image=&#8220;http:\/\/aehidroterapiadecolon.com\/wp-content\/uploads\/2014\/04\/imagen3.jpg&#8220; alt=&#8220;Ventajas&#8220; icon_placement=&#8220;top&#8220; animation=&#8220;off&#8220; background_layout=&#8220;light&#8220; text_orientation=&#8220;left&#8220;]<\/p>\n<hr style=\"color: #2ea3f2; background-color: #2ea3f2; height: 2px; border: none;\" noshade=\"noshade\" \/>\n<p>Vertretung und Protektion aller Colon-Hydro-Therapie Fachleute in Spanien, Fortbildungen, Preiserm\u00e4\u00dfigungen&#8230;[\/et_pb_blurb][\/et_pb_column][et_pb_column type=&#8220;1_3&#8243;][et_pb_blurb admin_label=&#8220;Formaci\u00f3n&#8220; title=&#8220;Weiterbildung&#8220; url=&#8220;https:\/\/aehidroterapiadecolon.com\/de\/weiterbildung\/&#8220; url_new_window=&#8220;off&#8220; use_icon=&#8220;off&#8220; icon_color=&#8220;#7EBEC5&#8243; use_circle=&#8220;off&#8220; circle_color=&#8220;#7EBEC5&#8243; use_circle_border=&#8220;off&#8220; circle_border_color=&#8220;#7EBEC5&#8243; image=&#8220;http:\/\/aehidroterapiadecolon.com\/wp-content\/uploads\/2014\/04\/imagen6.jpg&#8220; alt=&#8220;Formaci\u00f3n&#8220; icon_placement=&#8220;top&#8220; animation=&#8220;off&#8220; background_layout=&#8220;light&#8220; text_orientation=&#8220;left&#8220;]<\/p>\n<hr style=\"color: #2ea3f2; background-color: #2ea3f2; height: 2px; border: none;\" noshade=\"noshade\" \/>\n<p>Liste der Kurse f\u00fcr Hydro-Therapie-bezogene Weiterbildung.[\/et_pb_blurb][\/et_pb_column][\/et_pb_row][et_pb_row][et_pb_column type=&#8220;1_3&#8243;][et_pb_image admin_label=&#8220;PORTADA ALEM&#8220; src=&#8220;http:\/\/aehidroterapiadecolon.com\/wp-content\/uploads\/2016\/03\/Portada_DE_agotado-.jpg&#8220; alt=&#8220;PORTADA ALEM&#8220; title_text=&#8220;PORTADA ALEM&#8220; show_in_lightbox=&#8220;off&#8220; url=&#8220;https:\/\/aehidroterapiadecolon.com\/de\/kongress&#8220; url_new_window=&#8220;off&#8220; animation=&#8220;off&#8220; sticky=&#8220;off&#8220; \/][\/et_pb_column][et_pb_column type=&#8220;1_3&#8243;][et_pb_blurb admin_label=&#8220;Anuncio&#8220; title=&#8220;Referenten auf dem Internationalen Kongress der Colon Hydrotherapie&#8220; url=&#8220;https:\/\/aehidroterapiadecolon.com\/de\/referenten&#8220; url_new_window=&#8220;off&#8220; use_icon=&#8220;off&#8220; icon_color=&#8220;#7EBEC5&#8243; use_circle=&#8220;off&#8220; circle_color=&#8220;#7EBEC5&#8243; use_circle_border=&#8220;off&#8220; circle_border_color=&#8220;#7EBEC5&#8243; image=&#8220;http:\/\/aehidroterapiadecolon.com\/wp-content\/uploads\/2016\/04\/ponentes-aleman.png&#8220; alt=&#8220;Referenten&#8220; icon_placement=&#8220;top&#8220; animation=&#8220;off&#8220; background_layout=&#8220;light&#8220; text_orientation=&#8220;left&#8220;]<\/p>\n<hr style=\"color: #2ea3f2; background-color: #2ea3f2; height: 2px; border: none;\" noshade=\"noshade\" \/>\n<p>Der spanische Verband der Colon-Hydro-Therapie pr\u00e4sentiert Ihnen die Referenten, die an dem Ersten Internationalen Kongress der Colon-Hydro-Therapie teilnehmen werden.<\/p>\n<p>[\/et_pb_blurb][\/et_pb_column][et_pb_column type=&#8220;1_3&#8243;][et_pb_image admin_label=&#8220;cocktail-dinner-al&#8220; src=&#8220;http:\/\/aehidroterapiadecolon.com\/wp-content\/uploads\/2016\/07\/Cocktail-Dinner_AL.jpg&#8220; alt=&#8220;cocktail-dinner-al&#8220; title_text=&#8220;cocktail-dinner-al&#8220; show_in_lightbox=&#8220;off&#8220; url=&#8220;https:\/\/aehidroterapiadecolon.com\/de\/cocktail-dinner-al\/&#8220; url_new_window=&#8220;off&#8220; animation=&#8220;off&#8220; sticky=&#8220;off&#8220; \/][\/et_pb_column][\/et_pb_row][\/et_pb_section]<\/p>\n","protected":false},"excerpt":{"rendered":"<p>[et_pb_section fullwidth=&#8220;on&#8220; specialty=&#8220;off&#8220;][et_pb_fullwidth_slider admin_label=&#8220;Control deslizante de anchura completa&#8220; show_arrows=&#8220;on&#8220; show_pagination=&#8220;on&#8220; auto=&#8220;on&#8220; parallax=&#8220;on&#8220; parallax_method=&#8220;off&#8220;][et_pb_slide background_image=&#8220;http:\/\/aehidroterapiadecolon.com\/wp-content\/uploads\/2015\/05\/slide03.jpg&#8220; background_color=&#8220;#ffffff&#8220; alignment=&#8220;center&#8220; background_layout=&#8220;dark&#8220; allow_player_pause=&#8220;off&#8220;] Der erste Colon-Hydro-Therapie Verband von und f\u00fcr Profis [\/et_pb_slide][et_pb_slide background_image=&#8220;http:\/\/aehidroterapiadecolon.com\/wp-content\/uploads\/2015\/05\/slide02.jpg&#8220; background_color=&#8220;#ffffff&#8220; alignment=&#8220;center&#8220; background_layout=&#8220;dark&#8220; allow_player_pause=&#8220;off&#8220;] Informationen f\u00fcr Patienten und Therapeuten \u00fcber Colon-Hydro-Therapie, die Therapie und ihre Anwendungen [\/et_pb_slide][et_pb_slide background_image=&#8220;http:\/\/aehidroterapiadecolon.com\/wp-content\/uploads\/2015\/05\/slide01.jpg&#8220; background_color=&#8220;#ffffff&#8220; alignment=&#8220;center&#8220; background_layout=&#8220;dark&#8220; allow_player_pause=&#8220;off&#8220;] Wissenschaftliche Arbeit und Austausch zwischen [&hellip;]<\/p>\n","protected":false},"author":6,"featured_media":2253,"parent":0,"menu_order":0,"comment_status":"open","ping_status":"closed","template":"","meta":{"_et_pb_use_builder":"on","_et_pb_old_content":"[et_pb_section fullwidth=\"on\" specialty=\"off\"][et_pb_fullwidth_slider admin_label=\"Control deslizante de anchura completa\" show_arrows=\"on\" show_pagination=\"on\" auto=\"on\" parallax=\"on\" parallax_method=\"off\"][et_pb_slide background_image=\"http:\/\/aehidroterapiadecolon.com\/wp-content\/uploads\/2015\/05\/slide03.jpg\" background_color=\"#ffffff\" alignment=\"center\" background_layout=\"dark\" allow_player_pause=\"off\"]\r\n<p style=\"font-size: 200%;\"><strong>La primera asociaci\u00f3n de hidroterapia de colon<\/strong><\/p>\r\n<p style=\"font-size: 200%;\"><strong>creada por y para profesionales<\/strong><\/p>\r\n[\/et_pb_slide][et_pb_slide background_image=\"http:\/\/aehidroterapiadecolon.com\/wp-content\/uploads\/2015\/05\/slide02.jpg\" background_color=\"#ffffff\" alignment=\"center\" background_layout=\"dark\" allow_player_pause=\"off\"]\r\n<p style=\"font-size: 200%;\"><strong>Informaci\u00f3n a pacientes y terapeutas sobre<\/strong><\/p>\r\n<p style=\"font-size: 200%;\"><strong>hidroterapia del colon, su terapia y sus aplicaciones<\/strong><\/p>\r\n[\/et_pb_slide][et_pb_slide background_image=\"http:\/\/aehidroterapiadecolon.com\/wp-content\/uploads\/2015\/05\/slide01.jpg\" background_color=\"#ffffff\" alignment=\"center\" background_layout=\"dark\" allow_player_pause=\"off\"]\r\n<p style=\"font-size: 200%;\"><strong>Intercambio cient\u00edfico y de trabajo entre<\/strong><\/p>\r\n<p style=\"font-size: 200%;\"><strong>los profesionales y los usuarios de<\/strong><\/p>\r\n<p style=\"font-size: 200%;\"><strong>Hidroterapia de Colon<\/strong><\/p>\r\n[\/et_pb_slide][et_pb_slide background_image=\"http:\/\/aehidroterapiadecolon.com\/wp-content\/uploads\/2015\/05\/slide05.jpg\" background_color=\"#ffffff\" alignment=\"center\" background_layout=\"dark\" allow_player_pause=\"off\"]\r\n<p style=\"font-size: 200%;\"><strong>Asesoramiento financiero y acuerdos<\/strong><\/p>\r\n<p style=\"font-size: 200%;\"><strong>con entidades, para sus asociados<\/strong><\/p>\r\n[\/et_pb_slide][et_pb_slide background_image=\"http:\/\/aehidroterapiadecolon.com\/wp-content\/uploads\/2015\/05\/slide04.jpg\" background_color=\"#ffffff\" alignment=\"center\" background_layout=\"dark\" allow_player_pause=\"off\"]\r\n<p style=\"font-size: 200%;\"><strong>Formaci\u00f3n a trav\u00e9s de cursos<\/strong><\/p>\r\n<p style=\"font-size: 200%;\"><strong>y promoci\u00f3n de la investigaci\u00f3n<\/strong><\/p>\r\n[\/et_pb_slide][\/et_pb_fullwidth_slider][\/et_pb_section][et_pb_section][et_pb_row][et_pb_column type=\"4_4\"][et_pb_text admin_label=\"Texto\" background_layout=\"light\" text_orientation=\"left\"]<span style=\"font-size: 130%;\">Bienvenidos a la <strong>Asociaci\u00f3n Espa\u00f1ola de Hidroterapia de Colon<\/strong>. La primera asociaci\u00f3n de hidroterapia de colon <strong>creada por y para profesionales<\/strong>.<\/span>\r\n\r\nUna Asociaci\u00f3n totalmente transparente y <strong>sin \u00e1nimo de lucro<\/strong>. Todo el capital recibido de sus socios y donaciones se invierte en formaci\u00f3n para sus socios y un 10% de los ingresos anuales de la Asociaci\u00f3n es donado a la Asociaci\u00f3n Espa\u00f1ola contra el C\u00e1ncer (AECC). <strong>AEHC<\/strong>, <strong>Asociaci\u00f3n Espa\u00f1ola de Hidroterapia de C\u00f3lon<\/strong>, es la \u00fanica asociaci\u00f3n de profesionales dedicados a la hidroterapia de colon.[\/et_pb_text][\/et_pb_column][\/et_pb_row][et_pb_row][et_pb_column type=\"1_3\"][et_pb_blurb admin_label=\"Hazte socio\" title=\"Hazte socio\" url=\"http:\/\/aehidroterapiadecolon.com\/hazte-socio\/\" url_new_window=\"off\" use_icon=\"off\" icon_color=\"#7EBEC5\" use_circle=\"off\" circle_color=\"#7EBEC5\" use_circle_border=\"off\" circle_border_color=\"#7EBEC5\" image=\"http:\/\/aehidroterapiadecolon.com\/wp-content\/uploads\/2014\/06\/imagen1.jpg\" alt=\"Hazte socio\" icon_placement=\"top\" animation=\"off\" background_layout=\"light\" text_orientation=\"left\"]\r\n\r\n<hr style=\"color: #2ea3f2; background-color: #2ea3f2; height: 2px; border: none;\" noshade=\"noshade\" \/>\r\n\r\nOfrecemos formar parte de una Asociaci\u00f3n sin \u00e1nimo de lucro, donde el beneficio se ofrece a los socios en formaci\u00f3n continua, congresos, seminarios, resoluci\u00f3n de dudas, etc.[\/et_pb_blurb][\/et_pb_column][et_pb_column type=\"1_3\"][et_pb_blurb admin_label=\"Ventajas\" title=\"Ventajas\" url=\"http:\/\/aehidroterapiadecolon.com\/ventajas\/\" url_new_window=\"off\" use_icon=\"off\" icon_color=\"#7EBEC5\" use_circle=\"off\" circle_color=\"#7EBEC5\" use_circle_border=\"off\" circle_border_color=\"#7EBEC5\" image=\"http:\/\/aehidroterapiadecolon.com\/wp-content\/uploads\/2014\/04\/imagen3.jpg\" alt=\"Ventajas\" icon_placement=\"top\" animation=\"off\" background_layout=\"light\" text_orientation=\"left\"]\r\n\r\n<hr style=\"color: #2ea3f2; background-color: #2ea3f2; height: 2px; border: none;\" noshade=\"noshade\" \/>\r\n\r\nRepresentaci\u00f3n y defensa de todos los profesionales en Hidroterapia de Colon de Espa\u00f1a, formaci\u00f3n, precios especiales...[\/et_pb_blurb][\/et_pb_column][et_pb_column type=\"1_3\"][et_pb_blurb admin_label=\"Formaci\u00f3n\" title=\"Formaci\u00f3n\" url=\"http:\/\/aehidroterapiadecolon.com\/formacion\/\" url_new_window=\"off\" use_icon=\"off\" icon_color=\"#7EBEC5\" use_circle=\"off\" circle_color=\"#7EBEC5\" use_circle_border=\"off\" circle_border_color=\"#7EBEC5\" image=\"http:\/\/aehidroterapiadecolon.com\/wp-content\/uploads\/2014\/04\/imagen6.jpg\" alt=\"Formaci\u00f3n\" icon_placement=\"top\" animation=\"off\" background_layout=\"light\" text_orientation=\"left\"]\r\n\r\n<hr style=\"color: #2ea3f2; background-color: #2ea3f2; height: 2px; border: none;\" noshade=\"noshade\" \/>\r\n\r\nListado de cursos para la formaci\u00f3n relacionados con la hidroterapia de colon.[\/et_pb_blurb][\/et_pb_column][\/et_pb_row][et_pb_row][et_pb_column type=\"4_4\"][et_pb_blurb admin_label=\"Anuncio\" title=\"Congreso Internacional de Hidroterapia de Colon\" url=\"http:\/\/aehidroterapiadecolon.com\/i-congreso-hidroterapia-colon\" url_new_window=\"off\" use_icon=\"off\" icon_color=\"#7EBEC5\" use_circle=\"off\" circle_color=\"#7EBEC5\" use_circle_border=\"off\" circle_border_color=\"#7EBEC5\" image=\"http:\/\/aehidroterapiadecolon.com\/wp-content\/uploads\/2016\/03\/Congreso-copia-2.jpg\" alt=\"Primer Congreso Internacional de Hidroterapia de Colon\" icon_placement=\"top\" animation=\"off\" background_layout=\"light\" text_orientation=\"left\"]\r\n\r\n<hr style=\"color: #2ea3f2; background-color: #2ea3f2; height: 2px; border: none;\" noshade=\"noshade\" \/>\r\n\r\nLa Asociaci\u00f3n Espa\u00f1ola de Hidroterapia de Colon celebrar\u00e1 su <span style=\"font-family: Verdana;\">I<\/span> Congreso Internacional de Hidroterapia de Colon los d\u00edas 24 y 25 de septiembre de 2016 en Barcelona.\r\n\r\n[\/et_pb_blurb][\/et_pb_column][\/et_pb_row][\/et_pb_section]","_et_gb_content_width":""},"yoast_head":"<!-- This site is optimized with the Yoast SEO plugin v19.7.1 - https:\/\/yoast.com\/wordpress\/plugins\/seo\/ -->\n<title>AEHC - Spanischen Verband der Colon-Hydro-Therapie<\/title>\n<meta name=\"description\" content=\"AEHC, Spanischen Verband der Colon-Hydro-Therapie ist die einzige ausschlie\u00dflich auf hidrotherapie gewidmet Berufsverband .\" \/>\n<meta name=\"robots\" content=\"index, follow, max-snippet:-1, max-image-preview:large, max-video-preview:-1\" \/>\n<link rel=\"canonical\" href=\"https:\/\/aehidroterapiadecolon.com\/de\/\" \/>\n<meta property=\"og:locale\" content=\"de_DE\" \/>\n<meta property=\"og:type\" content=\"article\" \/>\n<meta property=\"og:title\" content=\"AEHC - Spanischen Verband der Colon-Hydro-Therapie\" \/>\n<meta property=\"og:description\" content=\"AEHC, Spanischen Verband der Colon-Hydro-Therapie ist die einzige ausschlie\u00dflich auf hidrotherapie gewidmet Berufsverband .\" \/>\n<meta property=\"og:url\" content=\"https:\/\/aehidroterapiadecolon.com\/de\/\" \/>\n<meta property=\"og:site_name\" content=\"Asociaci\u00f3n Espa\u00f1ola de Hidroterapia de Colon\" \/>\n<meta property=\"article:publisher\" content=\"https:\/\/www.facebook.com\/pages\/Asociacion-Espa%c3%b1ola-de-Hidroterapia-de-Colon\/1498644383756868\" \/>\n<meta property=\"article:modified_time\" content=\"2018-07-05T09:13:13+00:00\" \/>\n<meta property=\"og:image\" content=\"https:\/\/aehidroterapiadecolon.com\/wp-content\/uploads\/2016\/04\/ponentes-aleman.png\" \/>\n\t<meta property=\"og:image:width\" content=\"360\" \/>\n\t<meta property=\"og:image:height\" content=\"320\" \/>\n\t<meta property=\"og:image:type\" content=\"image\/png\" \/>\n<meta name=\"twitter:card\" content=\"summary\" \/>\n<meta name=\"twitter:label1\" content=\"Gesch\u00e4tzte Lesezeit\" \/>\n\t<meta name=\"twitter:data1\" content=\"4\u00a0Minuten\" \/>\n<script type=\"application\/ld+json\" class=\"yoast-schema-graph\">{\"@context\":\"https:\/\/schema.org\",\"@graph\":[{\"@type\":\"WebPage\",\"@id\":\"https:\/\/aehidroterapiadecolon.com\/de\/\",\"url\":\"https:\/\/aehidroterapiadecolon.com\/de\/\",\"name\":\"AEHC - Spanischen Verband der Colon-Hydro-Therapie\",\"isPartOf\":{\"@id\":\"https:\/\/aehidroterapiadecolon.com\/#website\"},\"datePublished\":\"2016-03-29T06:39:06+00:00\",\"dateModified\":\"2018-07-05T09:13:13+00:00\",\"description\":\"AEHC, Spanischen Verband der Colon-Hydro-Therapie ist die einzige ausschlie\u00dflich auf hidrotherapie gewidmet Berufsverband .\",\"breadcrumb\":{\"@id\":\"https:\/\/aehidroterapiadecolon.com\/de\/#breadcrumb\"},\"inLanguage\":\"de\",\"potentialAction\":[{\"@type\":\"ReadAction\",\"target\":[\"https:\/\/aehidroterapiadecolon.com\/de\/\"]}]},{\"@type\":\"BreadcrumbList\",\"@id\":\"https:\/\/aehidroterapiadecolon.com\/de\/#breadcrumb\",\"itemListElement\":[{\"@type\":\"ListItem\",\"position\":1,\"name\":\"Portada\",\"item\":\"https:\/\/aehidroterapiadecolon.com\/de\/\"},{\"@type\":\"ListItem\",\"position\":2,\"name\":\"AEHC, Asociaci\u00f3n Espa\u00f1ola de Hidroterapia de Colon\"}]},{\"@type\":\"WebSite\",\"@id\":\"https:\/\/aehidroterapiadecolon.com\/#website\",\"url\":\"https:\/\/aehidroterapiadecolon.com\/\",\"name\":\"Asociaci\u00f3n Espa\u00f1ola de Hidroterapia de Colon\",\"description\":\"AEHC\",\"potentialAction\":[{\"@type\":\"SearchAction\",\"target\":{\"@type\":\"EntryPoint\",\"urlTemplate\":\"https:\/\/aehidroterapiadecolon.com\/?s={search_term_string}\"},\"query-input\":\"required name=search_term_string\"}],\"inLanguage\":\"de\"}]}<\/script>\n<!-- \/ Yoast SEO plugin. -->","yoast_head_json":{"title":"AEHC - Spanischen Verband der Colon-Hydro-Therapie","description":"AEHC, Spanischen Verband der Colon-Hydro-Therapie ist die einzige ausschlie\u00dflich auf hidrotherapie gewidmet Berufsverband .","robots":{"index":"index","follow":"follow","max-snippet":"max-snippet:-1","max-image-preview":"max-image-preview:large","max-video-preview":"max-video-preview:-1"},"canonical":"https:\/\/aehidroterapiadecolon.com\/de\/","og_locale":"de_DE","og_type":"article","og_title":"AEHC - Spanischen Verband der Colon-Hydro-Therapie","og_description":"AEHC, Spanischen Verband der Colon-Hydro-Therapie ist die einzige ausschlie\u00dflich auf hidrotherapie gewidmet Berufsverband .","og_url":"https:\/\/aehidroterapiadecolon.com\/de\/","og_site_name":"Asociaci\u00f3n Espa\u00f1ola de Hidroterapia de Colon","article_publisher":"https:\/\/www.facebook.com\/pages\/Asociacion-Espa%c3%b1ola-de-Hidroterapia-de-Colon\/1498644383756868","article_modified_time":"2018-07-05T09:13:13+00:00","og_image":[{"width":360,"height":320,"url":"https:\/\/aehidroterapiadecolon.com\/wp-content\/uploads\/2016\/04\/ponentes-aleman.png","type":"image\/png"}],"twitter_card":"summary","twitter_misc":{"Gesch\u00e4tzte Lesezeit":"4\u00a0Minuten"},"schema":{"@context":"https:\/\/schema.org","@graph":[{"@type":"WebPage","@id":"https:\/\/aehidroterapiadecolon.com\/de\/","url":"https:\/\/aehidroterapiadecolon.com\/de\/","name":"AEHC - Spanischen Verband der Colon-Hydro-Therapie","isPartOf":{"@id":"https:\/\/aehidroterapiadecolon.com\/#website"},"datePublished":"2016-03-29T06:39:06+00:00","dateModified":"2018-07-05T09:13:13+00:00","description":"AEHC, Spanischen Verband der Colon-Hydro-Therapie ist die einzige ausschlie\u00dflich auf hidrotherapie gewidmet Berufsverband .","breadcrumb":{"@id":"https:\/\/aehidroterapiadecolon.com\/de\/#breadcrumb"},"inLanguage":"de","potentialAction":[{"@type":"ReadAction","target":["https:\/\/aehidroterapiadecolon.com\/de\/"]}]},{"@type":"BreadcrumbList","@id":"https:\/\/aehidroterapiadecolon.com\/de\/#breadcrumb","itemListElement":[{"@type":"ListItem","position":1,"name":"Portada","item":"https:\/\/aehidroterapiadecolon.com\/de\/"},{"@type":"ListItem","position":2,"name":"AEHC, Asociaci\u00f3n Espa\u00f1ola de Hidroterapia de Colon"}]},{"@type":"WebSite","@id":"https:\/\/aehidroterapiadecolon.com\/#website","url":"https:\/\/aehidroterapiadecolon.com\/","name":"Asociaci\u00f3n Espa\u00f1ola de Hidroterapia de Colon","description":"AEHC","potentialAction":[{"@type":"SearchAction","target":{"@type":"EntryPoint","urlTemplate":"https:\/\/aehidroterapiadecolon.com\/?s={search_term_string}"},"query-input":"required name=search_term_string"}],"inLanguage":"de"}]}},"_links":{"self":[{"href":"https:\/\/aehidroterapiadecolon.com\/de\/wp-json\/wp\/v2\/pages\/1619"}],"collection":[{"href":"https:\/\/aehidroterapiadecolon.com\/de\/wp-json\/wp\/v2\/pages"}],"about":[{"href":"https:\/\/aehidroterapiadecolon.com\/de\/wp-json\/wp\/v2\/types\/page"}],"author":[{"embeddable":true,"href":"https:\/\/aehidroterapiadecolon.com\/de\/wp-json\/wp\/v2\/users\/6"}],"replies":[{"embeddable":true,"href":"https:\/\/aehidroterapiadecolon.com\/de\/wp-json\/wp\/v2\/comments?post=1619"}],"version-history":[{"count":12,"href":"https:\/\/aehidroterapiadecolon.com\/de\/wp-json\/wp\/v2\/pages\/1619\/revisions"}],"predecessor-version":[{"id":1077471,"href":"https:\/\/aehidroterapiadecolon.com\/de\/wp-json\/wp\/v2\/pages\/1619\/revisions\/1077471"}],"wp:featuredmedia":[{"embeddable":true,"href":"https:\/\/aehidroterapiadecolon.com\/de\/wp-json\/wp\/v2\/media\/2253"}],"wp:attachment":[{"href":"https:\/\/aehidroterapiadecolon.com\/de\/wp-json\/wp\/v2\/media?parent=1619"}],"curies":[{"name":"wp","href":"https:\/\/api.w.org\/{rel}","templated":true}]}}