{"id":1637,"date":"2016-03-29T07:37:21","date_gmt":"2016-03-29T07:37:21","guid":{"rendered":"http:\/\/aehidroterapiadecolon.com\/?page_id=1637"},"modified":"2016-03-31T08:52:00","modified_gmt":"2016-03-31T08:52:00","slug":"satzung","status":"publish","type":"page","link":"https:\/\/aehidroterapiadecolon.com\/de\/satzung\/","title":{"rendered":"Satzung"},"content":{"rendered":"<p>[et_pb_section fullwidth=&#8220;on&#8220; specialty=&#8220;off&#8220; background_image=&#8220;http:\/\/aehidroterapiadecolon.com\/wp-content\/uploads\/2014\/04\/fondo-titulo.jpg&#8220; transparent_background=&#8220;off&#8220; background_color=&#8220;#ffffff&#8220; allow_player_pause=&#8220;off&#8220; inner_shadow=&#8220;off&#8220; parallax=&#8220;off&#8220; parallax_method=&#8220;off&#8220;][et_pb_fullwidth_header admin_label=&#8220;T\u00edtulo de anchura completa&#8220; title=&#8220;Satzung&#8220; background_layout=&#8220;light&#8220; text_orientation=&#8220;left&#8220; \/][\/et_pb_section][et_pb_section][et_pb_row][et_pb_column type=&#8220;4_4&#8243;][et_pb_image admin_label=&#8220;Imagen&#8220; src=&#8220;http:\/\/aehidroterapiadecolon.com\/wp-content\/uploads\/2015\/05\/estatutos.jpg&#8220; show_in_lightbox=&#8220;off&#8220; url_new_window=&#8220;off&#8220; animation=&#8220;left&#8220; sticky=&#8220;off&#8220; \/][et_pb_text admin_label=&#8220;Texto&#8220; background_layout=&#8220;light&#8220; text_orientation=&#8220;left&#8220; module_class=&#8220;li_outside_cursiva&#8220;]<strong>Spanischer Verband der Colon-Hydro-Therapie<\/strong> aufgenommen unter dem Organischen Gesetz 1\/2002 (Ley Org\u00e1nica 1\/2002) vom 22. M\u00e4rz, die Rechte der Verb\u00e4nde zu regeln.<\/p>\n<p>&nbsp;<\/p>\n<p>Der Verband hat <strong>seinen Sitz<\/strong>&nbsp;calle Balmes, 296, 6-3\u00ba &#8211; 08006 Barcelona, mit nationalem Rahmen und Non-Profit.<\/p>\n<p><strong>Pr\u00e4sident des Verbands:<\/strong> D. David Granizo Bermejo.<\/p>\n<p><strong>Ziele des Verbands:<\/strong><\/p>\n<ul>\n<li>Informationen f\u00fcr Patienten und Therapeuten \u00fcber Colon-Hydro-Therapie und dessen Anwendungen sowie Kommunikation mit Patienten und Therapeuten im Hinblick diese Art der Therapie anzuwenden und alle anderen Interessierten, die garantierte Professionalit\u00e4t suchen.<\/li>\n<li>Informationen \u00fcber Berufserfahrung auf internationaler Ebene in der Behandlung und Anwendung von Therapien und Nutzung von Maschinen f\u00fcr die Colon-Hydro-Therapie.<\/li>\n<li>Advice in financial matters, through coordination of agreements with entities engaged in the market, to obtain the best options for its associate members. As well as financing systems in the acquisition of appliances for the treatment of the colon.<\/li>\n<li>Information to both professionals and patients on remote and onsite training courses, allowing the associate membere to expand their knowledge on any therapy related to the colon.<\/li>\n<li>Informationen \u00fcber alle Arten von auf unserem Markt verf\u00fcgbaren und f\u00fcr unsere Mitglieder profitablen Versicherungen, sowohl im Rahmen ihrer Gesch\u00e4ftst\u00e4tigkeit und im Hinblick auf m\u00f6gliche au\u00dferberufliche Interessen.<\/li>\n<\/ul>\n<p><strong>Aktivit\u00e4ten des Vereins:<\/strong><\/p>\n<ul>\n<li>Entwicklung und regelm\u00e4\u00dfige Aktualisierung unserer Datenbank der Hydrotherapeuten in Spanien.<\/li>\n<li>Verschiedene Arten von Kursen, sowohl f\u00fcr die Weiterbildung von Fachleuten, die als Hydrotherapeuten zu praktizieren beginnen m\u00f6chten, und f\u00fcr diejenigen, die mehr wissen und \/ oder ihr Wissen \u00fcber Colon-Hydro-Therapie vertiefen wollen.<\/li>\n<li>Aufbau und Vermittlung von Kontakten und beruflichen Beziehungen zwischen unseren Mitgliedern und verschiedenen Finanzinstituten und Versicherungsgesellschaften, um den Erwerb und Bereitstellung von Maschinen und Ger\u00e4ten f\u00fcr die Behandlung und Colon-Hydro-Therapie zu erleichtern.<\/li>\n<li>Jegliche weiteren Unternehmungen im Einklang mit den Zielen des Vereins.<\/li>\n<\/ul>\n<p><strong>Rechte der Mitglieder:<\/strong><\/p>\n<ul>\n<li>in den Aktivit\u00e4ten des Verbands und den F\u00fchrungs- und Vertretungsgremien teilzunehmen.<\/li>\n<li>das Recht zu w\u00e4hlen und an den Generalversammlungen teilzunehmen.<\/li>\n<li>\u00fcber die Zusammensetzung der Leitungs- und Vertretungsgremien, Rechenschaftsberichte und die Entwicklung der T\u00e4tigkeiten des Verbands informiert zu sein.<\/li>\n<li>Anh\u00f6rung im Vorfeld von Disziplinarma\u00dfnahmen.<\/li>\n<li>Beschl\u00fcsse der Organe des Verbands gegen das Gesetz oder Satzung in Frage zu stellen.<\/li>\n<li>Vorschl\u00e4ge an die Mitglieder des Vorstandes zu unterbreiten, um die Ziele des Vereins noch besser zu erf\u00fcllen.<\/li>\n<\/ul>\n<p><strong>Pflichten der Mitglieder:<\/strong><\/p>\n<ul>\n<li>die Ziele des Verbands zu teilen und zu kollaborieren, um sie zu erreichen.<\/li>\n<li>Geb\u00fchren und andere Beitr\u00e4ge, in \u00dcbereinstimmung mit der Satzung, zu zahlen (ausgeschlossen Ehrenmitglieder).<\/li>\n<li>andere Verpflichtungen, die sich aus den gesetzlichen Bestimmungen ergeben, zu erf\u00fcllen.<\/li>\n<li>sich an die entsprechenden g\u00fcltigen Vereinbarungen der F\u00fchrungs- und Vertretungsgremien des Verbands zu halten.<\/li>\n<\/ul>\n<p><strong>Wirtschaftliche Ressourcen des Verbands:<\/strong><\/p>\n<ul>\n<li>Eintrittspreise, regelm\u00e4\u00dfige und erg\u00e4nzende.<\/li>\n<li>Grants, Verm\u00e4chtnisse oder Erbschaften, die rechtlich von assoziierten Mitgliedern und \/ oder Dritten abgeleitet werden kann.<\/li>\n<li>Andere legitime Ressourcen.<\/li>\n<\/ul>\n<p>[\/et_pb_text][\/et_pb_column][\/et_pb_row][\/et_pb_section]<\/p>\n","protected":false},"excerpt":{"rendered":"<p>[et_pb_section fullwidth=&#8220;on&#8220; specialty=&#8220;off&#8220; background_image=&#8220;http:\/\/aehidroterapiadecolon.com\/wp-content\/uploads\/2014\/04\/fondo-titulo.jpg&#8220; transparent_background=&#8220;off&#8220; background_color=&#8220;#ffffff&#8220; allow_player_pause=&#8220;off&#8220; inner_shadow=&#8220;off&#8220; parallax=&#8220;off&#8220; parallax_method=&#8220;off&#8220;][et_pb_fullwidth_header admin_label=&#8220;T\u00edtulo de anchura completa&#8220; title=&#8220;Satzung&#8220; background_layout=&#8220;light&#8220; text_orientation=&#8220;left&#8220; \/][\/et_pb_section][et_pb_section][et_pb_row][et_pb_column type=&#8220;4_4&#8243;][et_pb_image admin_label=&#8220;Imagen&#8220; src=&#8220;http:\/\/aehidroterapiadecolon.com\/wp-content\/uploads\/2015\/05\/estatutos.jpg&#8220; show_in_lightbox=&#8220;off&#8220; url_new_window=&#8220;off&#8220; animation=&#8220;left&#8220; sticky=&#8220;off&#8220; \/][et_pb_text admin_label=&#8220;Texto&#8220; background_layout=&#8220;light&#8220; text_orientation=&#8220;left&#8220; module_class=&#8220;li_outside_cursiva&#8220;]Spanischer Verband der Colon-Hydro-Therapie aufgenommen unter dem Organischen Gesetz 1\/2002 (Ley Org\u00e1nica 1\/2002) vom 22. M\u00e4rz, die Rechte der Verb\u00e4nde zu regeln. &nbsp; Der Verband hat [&hellip;]<\/p>\n","protected":false},"author":6,"featured_media":0,"parent":0,"menu_order":0,"comment_status":"open","ping_status":"closed","template":"","meta":{"_et_pb_use_builder":"on","_et_pb_old_content":"[et_pb_section fullwidth=\"on\" specialty=\"off\" background_image=\"http:\/\/aehidroterapiadecolon.com\/wp-content\/uploads\/2014\/04\/fondo-titulo.jpg\" transparent_background=\"off\" background_color=\"#ffffff\" allow_player_pause=\"off\" inner_shadow=\"off\" parallax=\"off\" parallax_method=\"off\"][et_pb_fullwidth_header admin_label=\"T\u00edtulo de anchura completa\" title=\"Estatutos\" background_layout=\"light\" text_orientation=\"left\" \/][\/et_pb_section][et_pb_section][et_pb_row][et_pb_column type=\"4_4\"][et_pb_image admin_label=\"Imagen\" src=\"http:\/\/aehidroterapiadecolon.com\/wp-content\/uploads\/2015\/05\/estatutos.jpg\" show_in_lightbox=\"off\" url_new_window=\"off\" animation=\"left\" sticky=\"off\" \/][et_pb_text admin_label=\"Texto\" background_layout=\"light\" text_orientation=\"left\" module_class=\"li_outside_cursiva\"]\r\n\r\n<strong>Asociaci\u00f3n Espa\u00f1ola de Hidroterapia de Colon<\/strong> constituida al amparo de la Ley Org\u00e1nica 1\/2002, de 22 de marzo, reguladora del derecho de asociaci\u00f3n.\r\n\r\n\u00a0\r\n\r\nLa asociaci\u00f3n tiene su <strong>domicilio social<\/strong> en \u00a0calle Balmes, 296, 6-3\u00ba - 08006 Barcelona, con \u00e1mbito de actuaci\u00f3n nacional y carece de \u00e1nimo de lucro.\r\n\r\n<strong>Presidente de la Asociaci\u00f3n:<\/strong> D. David Granizo Bermejo.\r\n\r\n<strong>Fines de la Asociaci\u00f3n:<\/strong>\r\n<ul>\r\n\t<li>Informaci\u00f3n a enfermos y terapeutas sobre hidroterapia del colon y sus aplicaciones, as\u00ed como la puesta en contacto de enfermos y terapeutas al objeto de aplicar este tipo de terapia a quien lo solicite y busque profesionales de garant\u00eda.<\/li>\r\n\t<li>Informaci\u00f3n de experiencias profesionales a nivel internacional en el tratamiento y aplicaci\u00f3n de terapias y utilizaci\u00f3n de maquinaria destinada al tratamiento de la hidroterapia del colon.<\/li>\r\n\t<li>Asesoramiento en el \u00e1mbito financiero, mediante el concierto de acuerdos con entidades dedicadas a tal fin existentes en el mercado, para la obtenci\u00f3n a favor de sus asociados de las mejores opciones o sistemas de financiaci\u00f3n en la adquisici\u00f3n de aparatolog\u00eda destinada al tratamiento del colon.<\/li>\r\n\t<li>Informaci\u00f3n tanto a profesionales como a enfermos de cursos de formaci\u00f3n tanto a distancia como presencial, que permita al socio ampliar sus conocimientos relativos a cualquier tipo de terapia relacionada con el colon.<\/li>\r\n\t<li>Informaci\u00f3n sobre cualquier tipo de modalidad de seguros que exista en el mercado y que pueda beneficiar al colectivo de asociados, tanto en el desarrollo de su actividad como a nivel de su posible inter\u00e9s extra-profesional.<\/li>\r\n<\/ul>\r\n<strong>Actividades de la Asociaci\u00f3n:<\/strong>\r\n<ul>\r\n\t<li>Elaboraci\u00f3n y actualizaci\u00f3n peri\u00f3dica de una base de datos que incluya a hidroterapeutas de toda Espa\u00f1a.<\/li>\r\n\t<li>Se impartir\u00e1n distintos tipos de cursos, tanto para la formaci\u00f3n de profesionales que quieran ejercer como hidroterapeutas, como para aquellas personas que quieran conocer y\/o profundinzar en la hidroterapia del colon.<\/li>\r\n\t<li>Se establecer\u00e1n y se facilitar\u00e1n contactos y relaciones profesionales entre nuestros asociados y distintas entidades financieras y aseguradoras al objeto de facilitar la adquisici\u00f3n de maquinaria y aparatolog\u00eda destinada al tratamiento e hidroterapia del colon.<\/li>\r\n\t<li>Cualesquiera otras encaminadas a la consecuci\u00f3n de los fines de la asociaci\u00f3n.<\/li>\r\n<\/ul>\r\n<strong>Derechos de los asociados:<\/strong>\r\n<ul>\r\n\t<li>Participar en las actividades de la asociaci\u00f3n y en los \u00f3rganos de gobierno y representaci\u00f3n.<\/li>\r\n\t<li>Ejercer el derecho de voto, as\u00ed como asistir a la Asamblea General.<\/li>\r\n\t<li>Ser informado acerca de la composici\u00f3n de los \u00f3rganos de gobierno y representaci\u00f3n de la asociaci\u00f3n, de su estado de cuentas y del desarrollo de su actividad.<\/li>\r\n\t<li>Ser o\u00eddo con car\u00e1cter previo de la adopci\u00f3n de medidas disciplinarias contra \u00e9l.<\/li>\r\n\t<li>Impugnar los acuerdos de los \u00f3rganos de la Asociaci\u00f3n que estime contrarios a la ley o los estatutos.<\/li>\r\n\t<li>Hacer sugerencias a los miembros de la J unta Directiva en orden al mejor cumplimiento de los fines de la Asociaci\u00f3n.<\/li>\r\n<\/ul>\r\n<strong>Obligaciones de los asociados:<\/strong>\r\n<ul>\r\n\t<li>Compartir las finalidades de la Asociaci\u00f3n y colaborar para la consecuci\u00f3n de las mismas.<\/li>\r\n\t<li>Pagar las cuotas, derramas y otras aportaciones que, con arreglo a los estatutos, puedan corresponder a cada asociado, salvo los de honor.<\/li>\r\n\t<li>Cumplir el resto de obligaciones que resulten de las disposiciones estatutarias.<\/li>\r\n\t<li>Acatar y cumplir los acuerdos v\u00e1lidamente adoptados por los \u00f3rganos de gobierno y representaci\u00f3n de la Asociaci\u00f3n.<\/li>\r\n<\/ul>\r\n<strong>Recursos econ\u00f3micos de la Asociaci\u00f3n:<\/strong>\r\n<ul>\r\n\t<li>Las cuotas de entrada, peri\u00f3dicas o extraordinarias.<\/li>\r\n\t<li>Las subvenciones, legados o herencias que pudiera recibir de forma legal por parte de los asociados o de terceras personas.<\/li>\r\n\t<li>Cualquier otro recurso l\u00edcito.<\/li>\r\n<\/ul>\r\n[\/et_pb_text][\/et_pb_column][\/et_pb_row][\/et_pb_section]","_et_gb_content_width":""},"yoast_head":"<!-- This site is optimized with the Yoast SEO plugin v19.7.1 - https:\/\/yoast.com\/wordpress\/plugins\/seo\/ -->\n<title>Satzung - Spanischen Verband der Colon-Hydro-Therapie<\/title>\n<meta name=\"description\" content=\"Statuten der Spanischen Verband der Colon-Hydro-Therapie\" \/>\n<meta name=\"robots\" content=\"index, follow, max-snippet:-1, max-image-preview:large, max-video-preview:-1\" \/>\n<link rel=\"canonical\" href=\"https:\/\/aehidroterapiadecolon.com\/de\/satzung\/\" \/>\n<meta property=\"og:locale\" content=\"de_DE\" \/>\n<meta property=\"og:type\" content=\"article\" \/>\n<meta property=\"og:title\" content=\"Satzung - Spanischen Verband der Colon-Hydro-Therapie\" \/>\n<meta property=\"og:description\" content=\"Statuten der Spanischen Verband der Colon-Hydro-Therapie\" \/>\n<meta property=\"og:url\" content=\"https:\/\/aehidroterapiadecolon.com\/de\/satzung\/\" \/>\n<meta property=\"og:site_name\" content=\"Asociaci\u00f3n Espa\u00f1ola de Hidroterapia de Colon\" \/>\n<meta property=\"article:publisher\" content=\"https:\/\/www.facebook.com\/pages\/Asociacion-Espa%c3%b1ola-de-Hidroterapia-de-Colon\/1498644383756868\" \/>\n<meta property=\"article:modified_time\" content=\"2016-03-31T08:52:00+00:00\" \/>\n<meta property=\"og:image\" content=\"http:\/\/aehidroterapiadecolon.com\/wp-content\/uploads\/2015\/04\/logo.gif\" \/>\n<meta name=\"twitter:card\" content=\"summary\" \/>\n<meta name=\"twitter:label1\" content=\"Gesch\u00e4tzte Lesezeit\" \/>\n\t<meta name=\"twitter:data1\" content=\"3\u00a0Minuten\" \/>\n<script type=\"application\/ld+json\" class=\"yoast-schema-graph\">{\"@context\":\"https:\/\/schema.org\",\"@graph\":[{\"@type\":\"WebPage\",\"@id\":\"https:\/\/aehidroterapiadecolon.com\/de\/satzung\/\",\"url\":\"https:\/\/aehidroterapiadecolon.com\/de\/satzung\/\",\"name\":\"Satzung - Spanischen Verband der Colon-Hydro-Therapie\",\"isPartOf\":{\"@id\":\"https:\/\/aehidroterapiadecolon.com\/#website\"},\"datePublished\":\"2016-03-29T07:37:21+00:00\",\"dateModified\":\"2016-03-31T08:52:00+00:00\",\"description\":\"Statuten der Spanischen Verband der Colon-Hydro-Therapie\",\"breadcrumb\":{\"@id\":\"https:\/\/aehidroterapiadecolon.com\/de\/satzung\/#breadcrumb\"},\"inLanguage\":\"de\",\"potentialAction\":[{\"@type\":\"ReadAction\",\"target\":[\"https:\/\/aehidroterapiadecolon.com\/de\/satzung\/\"]}]},{\"@type\":\"BreadcrumbList\",\"@id\":\"https:\/\/aehidroterapiadecolon.com\/de\/satzung\/#breadcrumb\",\"itemListElement\":[{\"@type\":\"ListItem\",\"position\":1,\"name\":\"Portada\",\"item\":\"https:\/\/aehidroterapiadecolon.com\/de\/\"},{\"@type\":\"ListItem\",\"position\":2,\"name\":\"Satzung\"}]},{\"@type\":\"WebSite\",\"@id\":\"https:\/\/aehidroterapiadecolon.com\/#website\",\"url\":\"https:\/\/aehidroterapiadecolon.com\/\",\"name\":\"Asociaci\u00f3n Espa\u00f1ola de Hidroterapia de Colon\",\"description\":\"AEHC\",\"potentialAction\":[{\"@type\":\"SearchAction\",\"target\":{\"@type\":\"EntryPoint\",\"urlTemplate\":\"https:\/\/aehidroterapiadecolon.com\/?s={search_term_string}\"},\"query-input\":\"required name=search_term_string\"}],\"inLanguage\":\"de\"}]}<\/script>\n<!-- \/ Yoast SEO plugin. -->","yoast_head_json":{"title":"Satzung - Spanischen Verband der Colon-Hydro-Therapie","description":"Statuten der Spanischen Verband der Colon-Hydro-Therapie","robots":{"index":"index","follow":"follow","max-snippet":"max-snippet:-1","max-image-preview":"max-image-preview:large","max-video-preview":"max-video-preview:-1"},"canonical":"https:\/\/aehidroterapiadecolon.com\/de\/satzung\/","og_locale":"de_DE","og_type":"article","og_title":"Satzung - Spanischen Verband der Colon-Hydro-Therapie","og_description":"Statuten der Spanischen Verband der Colon-Hydro-Therapie","og_url":"https:\/\/aehidroterapiadecolon.com\/de\/satzung\/","og_site_name":"Asociaci\u00f3n Espa\u00f1ola de Hidroterapia de Colon","article_publisher":"https:\/\/www.facebook.com\/pages\/Asociacion-Espa%c3%b1ola-de-Hidroterapia-de-Colon\/1498644383756868","article_modified_time":"2016-03-31T08:52:00+00:00","og_image":[{"url":"http:\/\/aehidroterapiadecolon.com\/wp-content\/uploads\/2015\/04\/logo.gif"}],"twitter_card":"summary","twitter_misc":{"Gesch\u00e4tzte Lesezeit":"3\u00a0Minuten"},"schema":{"@context":"https:\/\/schema.org","@graph":[{"@type":"WebPage","@id":"https:\/\/aehidroterapiadecolon.com\/de\/satzung\/","url":"https:\/\/aehidroterapiadecolon.com\/de\/satzung\/","name":"Satzung - Spanischen Verband der Colon-Hydro-Therapie","isPartOf":{"@id":"https:\/\/aehidroterapiadecolon.com\/#website"},"datePublished":"2016-03-29T07:37:21+00:00","dateModified":"2016-03-31T08:52:00+00:00","description":"Statuten der Spanischen Verband der Colon-Hydro-Therapie","breadcrumb":{"@id":"https:\/\/aehidroterapiadecolon.com\/de\/satzung\/#breadcrumb"},"inLanguage":"de","potentialAction":[{"@type":"ReadAction","target":["https:\/\/aehidroterapiadecolon.com\/de\/satzung\/"]}]},{"@type":"BreadcrumbList","@id":"https:\/\/aehidroterapiadecolon.com\/de\/satzung\/#breadcrumb","itemListElement":[{"@type":"ListItem","position":1,"name":"Portada","item":"https:\/\/aehidroterapiadecolon.com\/de\/"},{"@type":"ListItem","position":2,"name":"Satzung"}]},{"@type":"WebSite","@id":"https:\/\/aehidroterapiadecolon.com\/#website","url":"https:\/\/aehidroterapiadecolon.com\/","name":"Asociaci\u00f3n Espa\u00f1ola de Hidroterapia de Colon","description":"AEHC","potentialAction":[{"@type":"SearchAction","target":{"@type":"EntryPoint","urlTemplate":"https:\/\/aehidroterapiadecolon.com\/?s={search_term_string}"},"query-input":"required name=search_term_string"}],"inLanguage":"de"}]}},"_links":{"self":[{"href":"https:\/\/aehidroterapiadecolon.com\/de\/wp-json\/wp\/v2\/pages\/1637"}],"collection":[{"href":"https:\/\/aehidroterapiadecolon.com\/de\/wp-json\/wp\/v2\/pages"}],"about":[{"href":"https:\/\/aehidroterapiadecolon.com\/de\/wp-json\/wp\/v2\/types\/page"}],"author":[{"embeddable":true,"href":"https:\/\/aehidroterapiadecolon.com\/de\/wp-json\/wp\/v2\/users\/6"}],"replies":[{"embeddable":true,"href":"https:\/\/aehidroterapiadecolon.com\/de\/wp-json\/wp\/v2\/comments?post=1637"}],"version-history":[{"count":1,"href":"https:\/\/aehidroterapiadecolon.com\/de\/wp-json\/wp\/v2\/pages\/1637\/revisions"}],"predecessor-version":[{"id":1638,"href":"https:\/\/aehidroterapiadecolon.com\/de\/wp-json\/wp\/v2\/pages\/1637\/revisions\/1638"}],"wp:attachment":[{"href":"https:\/\/aehidroterapiadecolon.com\/de\/wp-json\/wp\/v2\/media?parent=1637"}],"curies":[{"name":"wp","href":"https:\/\/api.w.org\/{rel}","templated":true}]}}