{"id":1652,"date":"2016-03-29T08:59:55","date_gmt":"2016-03-29T08:59:55","guid":{"rendered":"http:\/\/aehidroterapiadecolon.com\/?page_id=1652"},"modified":"2019-04-26T10:16:16","modified_gmt":"2019-04-26T10:16:16","slug":"liste-der-partner","status":"publish","type":"page","link":"https:\/\/aehidroterapiadecolon.com\/de\/liste-der-partner\/","title":{"rendered":"Liste der Partner"},"content":{"rendered":"<p>[et_pb_section fullwidth=&#8220;on&#8220; specialty=&#8220;off&#8220; background_image=&#8220;http:\/\/aehidroterapiadecolon.com\/wp-content\/uploads\/2014\/04\/fondo-titulo.jpg&#8220; transparent_background=&#8220;off&#8220; background_color=&#8220;#ffffff&#8220; allow_player_pause=&#8220;off&#8220; inner_shadow=&#8220;off&#8220; parallax=&#8220;off&#8220; parallax_method=&#8220;off&#8220;][et_pb_fullwidth_header admin_label=&#8220;T\u00edtulo de anchura completa&#8220; title=&#8220;Liste der Partner&#8220; background_layout=&#8220;light&#8220; text_orientation=&#8220;left&#8220; \/][\/et_pb_section][et_pb_section][et_pb_row][et_pb_column type=&#8220;4_4&#8243;][et_pb_text admin_label=&#8220;Texto&#8220; background_layout=&#8220;light&#8220; text_orientation=&#8220;left&#8220;]<\/p>\n<p><b>INSTITUTO AVANZADO DE SALUD HOL\u00cdSTICA, S.C. (David Granizo Bermejo)<\/b><\/p>\n<p>C\/ L\u00f3pez de Hoyos, 133 posterior, local 8<\/p>\n<p>28002 Madrid<\/p>\n<p>Phone: +34.650.957.236<\/p>\n<p>E-mail:\u00a0info@iasaludholistica.com<\/p>\n<p><a href=\"http:\/\/www.iasaludholistica.com\">www.iasaludholistica.com<\/a><\/p>\n<p><a href=\"http:\/\/www.hidroterapiadecolonmoderna.com\">www.hidroterapiadecolonmoderna.com<\/a><\/p>\n<hr style=\"color: #2ea3f2; background-color: #2ea3f2; height: 2px; border: none;\" noshade=\"noshade\" \/>\n<p><b>ANA MONTELLANO<\/b><\/p>\n<p>C\/ Balmes, 296 &#8211; 6-3<\/p>\n<p>08006 Barcelona<\/p>\n<p>Phone: +34.93.200.81.87<\/p>\n<hr style=\"color: #2ea3f2; background-color: #2ea3f2; height: 2px; border: none;\" noshade=\"noshade\" \/>\n<p><b>DRA. MARIA JESUS GO\u00d1I<\/b><\/p>\n<p>C\/ Cornell\u00e1 221<\/p>\n<p>08734 Olerdola, Barcelona<\/p>\n<p>Phone: +34.93.552.27.00<\/p>\n<hr style=\"color: #2ea3f2; background-color: #2ea3f2; height: 2px; border: none;\" noshade=\"noshade\" \/>\n<p><b>CLINICA LUYMA (M\u00aa Luisa Urchegi)<\/b><\/p>\n<p>C\/ Hurtado De Amezaga, N\u00ba 42, 1\u00ba Dcha<\/p>\n<p>48008 Bilbao<\/p>\n<p>Phone: +34.94.441.14.14<\/p>\n<hr style=\"color: #2ea3f2; background-color: #2ea3f2; height: 2px; border: none;\" noshade=\"noshade\" \/>\n<p><b>CLINICA FIORELA (<\/b><strong>Adriana Schwartz)<\/strong><\/p>\n<p>Av. Juan Andr\u00e9s 60, Local 1 (Entrada Por C\/ Valderrom\u00e1n 16 En Frente)<\/p>\n<p>28035 Madrid<\/p>\n<p>Phone: +34.91.373.26.69<\/p>\n<hr style=\"color: #2ea3f2; background-color: #2ea3f2; height: 2px; border: none;\" noshade=\"noshade\" \/>\n<p><b>INTERNATIONAL SCHOOL FOR COLON HYDROTHERAPY, INC (Cathy Shea)<\/b><\/p>\n<p>13878 Oleander Avenue<\/p>\n<p>33408 Juno Beach, Florida<\/p>\n<p>Phone: +1 561 7759912<\/p>\n<p>E-mail:\u00a0<a href=\"mailto:info@cathysheaschool.com\">info@cathysheaschool.com<\/a><\/p>\n<p><a href=\"http:\/\/www.cathysheaschool.com\">www.cathysheaschool.com<\/a><\/p>\n<hr style=\"color: #2ea3f2; background-color: #2ea3f2; height: 2px; border: none;\" noshade=\"noshade\" \/>\n<p><strong>BOTTOMS UP (Sue Wilson)<\/strong><\/p>\n<p>Suite 5, 1-3 Old Eimeo Rd.<\/p>\n<p>Queensland, Australia<\/p>\n<p>Phone: +61 438566711<\/p>\n<hr style=\"color: #2ea3f2; background-color: #2ea3f2; height: 2px; border: none;\" noshade=\"noshade\" \/>\n<p><strong>MICHAEL J. SHEA<\/strong><\/p>\n<p>13878 Adelfa Avenue<\/p>\n<p>33408\u00a0Juno Beach, Florida<\/p>\n<p>Phone: +1 561.775.9912<\/p>\n<p>E-mail:\u00a0<a href=\"mailto:info@michaelsheateaching.com\">info@michaelsheateaching.com<\/a><\/p>\n<p><a href=\"http:\/\/www.michaelsheateaching.com\">www.michaelsheateaching.com<\/a><\/p>\n<hr style=\"color: #2ea3f2; background-color: #2ea3f2; height: 2px; border: none;\" noshade=\"noshade\" \/>\n<p><b>STUDIO DI MEDICINA NATURALE <\/b><b>\u00a0(Dr. Arrigo\u00a0Dianin)<\/b><\/p>\n<p>Viale Italia 196\/A<\/p>\n<p>36051 Olmo Di Creazzo<\/p>\n<p>Phone: +39 340 477 94 93<\/p>\n<p>E-mail: <a href=\"mailto:ardianin@tin.it\">ardianin@tin.it<\/a><\/p>\n<p><a href=\"http:\/\/www.arrigodianin.com\">www.arrigodianin.com<\/a><\/p>\n<hr style=\"color: #2ea3f2; background-color: #2ea3f2; height: 2px; border: none;\" noshade=\"noshade\" \/>\n<p><b>ROYAL MODEL CLINIC \u00a0(Dra. Katayoun Eftekhar)<\/b><\/p>\n<p>Paseo de la Castellana, 247<\/p>\n<p>28046\u00a0Madrid<\/p>\n<p>Phone: +34.917.333.575\u00a0\/ +34.607.823.846<\/p>\n<p>E-mail: <a href=\"mailto:info@royalmodelclinic.com\">info@royalmodelclinic.com<\/a><\/p>\n<hr style=\"color: #2ea3f2; background-color: #2ea3f2; height: 2px; border: none;\" noshade=\"noshade\" \/>\n<p><strong>BELLEZA Y SALUT (Mariona Marti)<\/strong><\/p>\n<p>Plaza Ricardo Vi\u00f1es, 9-Bajo<\/p>\n<p>25006 Lleida<\/p>\n<p>Phone: +34.973.230.770<\/p>\n<hr style=\"color: #2ea3f2; background-color: #2ea3f2; height: 2px; border: none;\" noshade=\"noshade\" \/>\n<p><b>SEA VIEW CLINIC (<\/b><strong>Roger and Abigail Groos)<\/strong><\/p>\n<p>Beach Road<\/p>\n<p>Woolacombe<\/p>\n<p>Devon<\/p>\n<p>England\u00a0EX34 7AE<\/p>\n<p>Phone: 0044 1271870436<\/p>\n<p>E-mail: <a href=\"mailto:rogerwj@ncch.co.uk\">rogerwj@ncch.co.uk<\/a><\/p>\n<hr style=\"color: #2ea3f2; background-color: #2ea3f2; height: 2px; border: none;\" noshade=\"noshade\" \/>\n<p><b>CENTRO MEDICO DRA. PILAR GOMEZ (Dra. Pilar Gomez)<\/b><\/p>\n<p>C\/ Traves\u00eda da Estrada n\u00ba1 \u2013 1\u00baA\u00a0(Frente a Hipercor)<\/p>\n<p>15702 Santiago de Compostela<\/p>\n<p>Phone:+34.981.599.366<\/p>\n<p><a href=\"http:\/\/www.centromedicodoctoragomez.es\">www.centromedicodoctoragomez.es<\/a><\/p>\n<hr style=\"color: #2ea3f2; background-color: #2ea3f2; height: 2px; border: none;\" noshade=\"noshade\" \/>\n<p><b>CENTRO DE ESPAGIRIA KEMICA (Joxe Luis Arizala)<\/b><\/p>\n<p>Phone: +34 628 765 366<\/p>\n<p>E-mail: <a href=\"mailto:direccioncek@gmail.com\">direccioncek@gmail.com<\/a><\/p>\n<p><a href=\"http:\/\/www.centroespagiriakemica.com\">www.centroespagiriakemica.com<\/a><\/p>\n<hr style=\"color: #2ea3f2; background-color: #2ea3f2; height: 2px; border: none;\" noshade=\"noshade\" \/>\n<p><strong>CENTRO DE OSTEOPAT\u00cdA MAITE GONZALEZ (Maite Gonzalez)<\/strong><\/p>\n<p>C\/ Aransolo, 4 bajo<\/p>\n<p>48710 Berriat\u00faa &#8211; Vizcaya<\/p>\n<p>Phone: +34 94 613 98 34<\/p>\n<p>E-mail: <a href=\"mailto:maiorto@hotmail.com\">maiorto@hotmail.com<\/a><\/p>\n<p><a href=\"http:\/\/www.centroosteopatiamaitegonzalez.es\">www.centroosteopatiamaitegonzalez.es<\/a><\/p>\n<hr style=\"color: #2ea3f2; background-color: #2ea3f2; height: 2px; border: none;\" noshade=\"noshade\" \/>\n<p><strong>LINEA NATURAL (Ver\u00f3nica Pedr\u00f3n)<\/strong><\/p>\n<p>Phone: +34 963 215 956 \/ +34 674 254 034<\/p>\n<p>E-mail: veronica@enlineanatural.com<\/p>\n<p><a href=\"http:\/\/www.enlineanatural.com\">www.enlineanatural.com<\/a><\/p>\n<hr style=\"color: #2ea3f2; background-color: #2ea3f2; height: 2px; border: none;\" noshade=\"noshade\" \/>\n<p><strong>CL\u00cdNICA SERVIDIGEST (Alberto Merlo)<\/strong><\/p>\n<p>C\/ Balmes 334 Bajos<\/p>\n<p>08006 Barcelona<\/p>\n<p>Phone: +34 93.535.09.90<\/p>\n<p><a href=\"http:\/\/www.servidigest.com\">www.servidigest.com<\/a><\/p>\n<hr style=\"color: #2ea3f2; background-color: #2ea3f2; height: 2px; border: none;\" noshade=\"noshade\" \/>\n<p><strong>DRA. ANA AZANZA<\/strong><\/p>\n<p>C\/ Caveda 12, 3\u00ba B<\/p>\n<p>33002 Oviedo<\/p>\n<p>Phone: +34 984.106.709<\/p>\n<p>E-mail: consultas@doctora-azanza.com<\/p>\n<p><a href=\"http:\/\/www.hidroterapiadecolon.org\">www.hidroterapiadecolon.org<\/a><\/p>\n<hr style=\"color: #2ea3f2; background-color: #2ea3f2; height: 2px; border: none;\" noshade=\"noshade\" \/>\n<p><strong>SUSANA G\u00d3MEZ DE ARANDA MONTA\u00d1\u00c9S<\/strong><\/p>\n<p>Especialista en Hidroterapia de Colon \/ Naturopat\u00eda Madrid<\/p>\n<p>Phone: + 34 657.652.718<\/p>\n<p>E-Mail: hidroterapiadecolon.susana@gmail.com<\/p>\n<hr style=\"color: #2ea3f2; background-color: #2ea3f2; height: 2px; border: none;\" noshade=\"noshade\" \/>\n<p><b>FARMAEBRE CENTER (YOLANDA FABREGAT)<\/b><\/p>\n<p>Avinguda Generalitat, 86<\/p>\n<p>43500 Tortosa (Tarragona)<\/p>\n<p>Phone: +34 977 941 955 \/ +34 680 724 644<\/p>\n<p><a href=\"http:\/\/www.grupofabregat.es\">www.grupofabregat.es<\/a><\/p>\n<hr style=\"color: #2ea3f2; background-color: #2ea3f2; height: 2px; border: none;\" noshade=\"noshade\" \/>\n<p><b>CENTRE SOPHR\u00c8NE\u00a0<\/b><\/p>\n<p>29 rue Tronchet<\/p>\n<p>75008 Paris<\/p>\n<p>Phone: +33 06 82 36 52 01<\/p>\n<p><a href=\"http:\/\/www.sophrene-paris.fr\">www.sophrene-paris.fr<\/a><\/p>\n<hr style=\"color: #2ea3f2; background-color: #2ea3f2; height: 2px; border: none;\" noshade=\"noshade\" \/>\n<p><b>ESCUELA INTERNACIONAL DE HIDROTERAPIA DE COLON LOZAN\u00cdA INSTITUTE <\/b><\/p>\n<p><b>(Alejandra Quintana)<\/b><\/p>\n<p>Av. Rio Mixcoac 36 -1101\u00aa<\/p>\n<p>Col. Actipan<\/p>\n<p>Del. Benito Ju\u00e1rez<\/p>\n<p>CP: 03230<\/p>\n<p>Ciudad de M\u00e9xico<\/p>\n<p>Phone: +52 (55) 72 61 63 42<\/p>\n<p>E-mail: contacto@lozaniacompany.com<\/p>\n<hr style=\"color: #2ea3f2; background-color: #2ea3f2; height: 2px; border: none;\" noshade=\"noshade\" \/>\n<p><b>ARBORE DA VIDA CELTA S. COOP. GALEGA (Constantino Mu\u00f1oz Lopez)<\/b><\/p>\n<p>C\/Menendez Pelayo 26 bajo (GALISAN)<\/p>\n<p>36211 Vigo \u2013 Pontevedra<\/p>\n<p>Phone: +34 986 23 64 95<\/p>\n<p><a href=\"http:\/\/www.arboredavidacelta.com\/\">www.arboredavidacelta.com<\/a><\/p>\n<hr style=\"color: #2ea3f2; background-color: #2ea3f2; height: 2px; border: none;\" noshade=\"noshade\" \/>\n<p><strong>CENTRE RECUPERACIO NATURAL (Ver\u00f3nica Mart\u00ednez)<\/strong><\/p>\n<p>Rambla Principal 67 \u00a03\u00ba<\/p>\n<p>Vilanova i la Geltru<\/p>\n<p>Phone: +34 636 714 400<\/p>\n<hr style=\"color: #2ea3f2; background-color: #2ea3f2; height: 2px; border: none;\" noshade=\"noshade\" \/>\n<p><b>MUNDO NATURA<\/b><\/p>\n<p>Especialistas en Salud Digestiva: Analisis Microbiota, Hidroterapia de Colon<\/p>\n<p>Av. Costa Brava, 9<\/p>\n<p>Platja d&#8217;Aro (Girona)<\/p>\n<p>Phone: +34 972 825 659 <a href=\"mailto:mundonaturaspa@gmail.com\">mundonaturaspa@gmail.com<\/a><\/p>\n<p><a href=\"http:\/\/www.mundonatura.net\/\">www.mundonatura.net<\/a><\/p>\n<hr style=\"color: #2ea3f2; background-color: #2ea3f2; height: 2px; border: none;\" noshade=\"noshade\" \/>\n<p><strong>BASTIDAS FISIOTERAPIA MANUAL<\/strong><\/p>\n<p>Jose Francisco Bastidas Vega\u00a0N\u00ba colegiado 18\/7049<\/p>\n<p>Avda. Ronda Lindaraja, 62. Portal 1, local 1<\/p>\n<p>18230 Atarfe (Granada)<\/p>\n<p>Phone:+34\u00a0958.966.932<\/p>\n<p>E-mail: <a href=\"mailto:jbastidas@bastidasfisio.es\">jbastidas@bastidasfisio.es<\/a><\/p>\n<p><a href=\"https:\/\/bastidasfisio.es\/hidroterapia-de-colon\/\">https:\/\/bastidasfisio.es\/hidroterapia-de-colon\/<\/a><\/p>\n<hr style=\"color: #2ea3f2; background-color: #2ea3f2; height: 2px; border: none;\" noshade=\"noshade\" \/>\n<p><strong>HIDROTERAPIA DE COLON Y MORATERAPIA (Mora Nova) (Isidro \u00a0Juantorena)<\/strong><\/p>\n<p>C\/Barrenkalea 2,2\u00ba<\/p>\n<p>Durango(48200) Bizkaia<\/p>\n<p>Phone: + 34.946.202.601<\/p>\n<p><a href=\"http:\/\/www.ctndurango.com\">www.ctndurango.com<\/a><\/p>\n<hr style=\"color: #2ea3f2; background-color: #2ea3f2; height: 2px; border: none;\" noshade=\"noshade\" \/>\n<p><strong>ASOCIACI\u00d3N MUNDIAL DE AZUCARADOS (SUGARY WORLD ASSOCIATION) <\/strong><\/p>\n<p>C\/ Marqu\u00e9s de Monteagudo, 18, 2\u00ba Dcha<\/p>\n<p>28028 Madrid<\/p>\n<p>Phone: + 34 91 713 11 72<\/p>\n<p>E-mail: giselle.perez@prnoticias.com<\/p>\n<p><a href=\"http:\/\/www.swaspain.com\">www.swaspain.com<\/a><\/p>\n<hr style=\"color: #2ea3f2; background-color: #2ea3f2; height: 2px; border: none;\" noshade=\"noshade\" \/>\n<p><b>SALUD EUSKADI (Dra. Natividad Mart\u00ednez Mat\u00e9)<\/b><\/p>\n<p>Avda. Sabino Arana n\u00ba 28,2\u00ba F Bilbao<\/p>\n<p>Phone: +34.944.420.584<\/p>\n<p><a href=\"http:\/\/www.saludeuskadi.com\/\">www.saludeuskadi.com<\/a><\/p>\n<hr style=\"color: #2ea3f2; background-color: #2ea3f2; height: 2px; border: none;\" noshade=\"noshade\" \/>\n<p><strong>CENTRO HIDROHEALTH S.C.<\/strong><\/p>\n<p>Avda. Lope de Figueroa n\u00ba 20, 1\u00ba 6<\/p>\n<p>28.804 Alcal\u00e1 de Henares\u00a0(Madrid)<\/p>\n<p>Phone: +34 91 057 90 06\u00a0 \/\u00a0 +34 674 239 919<\/p>\n<p>E-mail: <a href=\"mailto:hola@limpiezainterior.com\">hola@limpiezainterior.com<\/a><\/p>\n<p><a href=\"http:\/\/www.limpiezainterior.com\/\">www.limpiezainterior.com<\/a><\/p>\n<p>[\/et_pb_text][\/et_pb_column][\/et_pb_row][\/et_pb_section]<\/p>\n","protected":false},"excerpt":{"rendered":"<p>[et_pb_section fullwidth=&#8220;on&#8220; specialty=&#8220;off&#8220; background_image=&#8220;http:\/\/aehidroterapiadecolon.com\/wp-content\/uploads\/2014\/04\/fondo-titulo.jpg&#8220; transparent_background=&#8220;off&#8220; background_color=&#8220;#ffffff&#8220; allow_player_pause=&#8220;off&#8220; inner_shadow=&#8220;off&#8220; parallax=&#8220;off&#8220; parallax_method=&#8220;off&#8220;][et_pb_fullwidth_header admin_label=&#8220;T\u00edtulo de anchura completa&#8220; title=&#8220;Liste der Partner&#8220; background_layout=&#8220;light&#8220; text_orientation=&#8220;left&#8220; \/][\/et_pb_section][et_pb_section][et_pb_row][et_pb_column type=&#8220;4_4&#8243;][et_pb_text admin_label=&#8220;Texto&#8220; background_layout=&#8220;light&#8220; text_orientation=&#8220;left&#8220;] INSTITUTO AVANZADO DE SALUD HOL\u00cdSTICA, S.C. (David Granizo Bermejo) C\/ L\u00f3pez de Hoyos, 133 posterior, local 8 28002 Madrid Phone: +34.650.957.236 E-mail:\u00a0info@iasaludholistica.com www.iasaludholistica.com www.hidroterapiadecolonmoderna.com ANA MONTELLANO C\/ Balmes, 296 &#8211; 6-3 [&hellip;]<\/p>\n","protected":false},"author":6,"featured_media":0,"parent":0,"menu_order":0,"comment_status":"open","ping_status":"closed","template":"","meta":{"_et_pb_use_builder":"on","_et_pb_old_content":"","_et_gb_content_width":""},"yoast_head":"<!-- This site is optimized with the Yoast SEO plugin v19.7.1 - https:\/\/yoast.com\/wordpress\/plugins\/seo\/ -->\n<title>Liste der Partner - Spanischen Verband der Colon-Hydro-Therapie<\/title>\n<meta name=\"description\" content=\"Seite mit der Liste der Mitglieder der Spanischen Verband der Colon-Hydro-Therapie\" \/>\n<meta name=\"robots\" content=\"index, follow, max-snippet:-1, max-image-preview:large, max-video-preview:-1\" \/>\n<link rel=\"canonical\" href=\"https:\/\/aehidroterapiadecolon.com\/de\/liste-der-partner\/\" \/>\n<meta property=\"og:locale\" content=\"de_DE\" \/>\n<meta property=\"og:type\" content=\"article\" \/>\n<meta property=\"og:title\" content=\"Liste der Partner - Spanischen Verband der Colon-Hydro-Therapie\" \/>\n<meta property=\"og:description\" content=\"Seite mit der Liste der Mitglieder der Spanischen Verband der Colon-Hydro-Therapie\" \/>\n<meta property=\"og:url\" content=\"https:\/\/aehidroterapiadecolon.com\/de\/liste-der-partner\/\" \/>\n<meta property=\"og:site_name\" content=\"Asociaci\u00f3n Espa\u00f1ola de Hidroterapia de Colon\" \/>\n<meta property=\"article:publisher\" content=\"https:\/\/www.facebook.com\/pages\/Asociacion-Espa%c3%b1ola-de-Hidroterapia-de-Colon\/1498644383756868\" \/>\n<meta property=\"article:modified_time\" content=\"2019-04-26T10:16:16+00:00\" \/>\n<meta property=\"og:image\" content=\"http:\/\/aehidroterapiadecolon.com\/wp-content\/uploads\/2015\/04\/logo.gif\" \/>\n<meta name=\"twitter:card\" content=\"summary\" \/>\n<meta name=\"twitter:label1\" content=\"Gesch\u00e4tzte Lesezeit\" \/>\n\t<meta name=\"twitter:data1\" content=\"3\u00a0Minuten\" \/>\n<script type=\"application\/ld+json\" class=\"yoast-schema-graph\">{\"@context\":\"https:\/\/schema.org\",\"@graph\":[{\"@type\":\"WebPage\",\"@id\":\"https:\/\/aehidroterapiadecolon.com\/de\/liste-der-partner\/\",\"url\":\"https:\/\/aehidroterapiadecolon.com\/de\/liste-der-partner\/\",\"name\":\"Liste der Partner - Spanischen Verband der Colon-Hydro-Therapie\",\"isPartOf\":{\"@id\":\"https:\/\/aehidroterapiadecolon.com\/#website\"},\"datePublished\":\"2016-03-29T08:59:55+00:00\",\"dateModified\":\"2019-04-26T10:16:16+00:00\",\"description\":\"Seite mit der Liste der Mitglieder der Spanischen Verband der Colon-Hydro-Therapie\",\"breadcrumb\":{\"@id\":\"https:\/\/aehidroterapiadecolon.com\/de\/liste-der-partner\/#breadcrumb\"},\"inLanguage\":\"de\",\"potentialAction\":[{\"@type\":\"ReadAction\",\"target\":[\"https:\/\/aehidroterapiadecolon.com\/de\/liste-der-partner\/\"]}]},{\"@type\":\"BreadcrumbList\",\"@id\":\"https:\/\/aehidroterapiadecolon.com\/de\/liste-der-partner\/#breadcrumb\",\"itemListElement\":[{\"@type\":\"ListItem\",\"position\":1,\"name\":\"Portada\",\"item\":\"https:\/\/aehidroterapiadecolon.com\/de\/\"},{\"@type\":\"ListItem\",\"position\":2,\"name\":\"Liste der Partner\"}]},{\"@type\":\"WebSite\",\"@id\":\"https:\/\/aehidroterapiadecolon.com\/#website\",\"url\":\"https:\/\/aehidroterapiadecolon.com\/\",\"name\":\"Asociaci\u00f3n Espa\u00f1ola de Hidroterapia de Colon\",\"description\":\"AEHC\",\"potentialAction\":[{\"@type\":\"SearchAction\",\"target\":{\"@type\":\"EntryPoint\",\"urlTemplate\":\"https:\/\/aehidroterapiadecolon.com\/?s={search_term_string}\"},\"query-input\":\"required name=search_term_string\"}],\"inLanguage\":\"de\"}]}<\/script>\n<!-- \/ Yoast SEO plugin. -->","yoast_head_json":{"title":"Liste der Partner - Spanischen Verband der Colon-Hydro-Therapie","description":"Seite mit der Liste der Mitglieder der Spanischen Verband der Colon-Hydro-Therapie","robots":{"index":"index","follow":"follow","max-snippet":"max-snippet:-1","max-image-preview":"max-image-preview:large","max-video-preview":"max-video-preview:-1"},"canonical":"https:\/\/aehidroterapiadecolon.com\/de\/liste-der-partner\/","og_locale":"de_DE","og_type":"article","og_title":"Liste der Partner - Spanischen Verband der Colon-Hydro-Therapie","og_description":"Seite mit der Liste der Mitglieder der Spanischen Verband der Colon-Hydro-Therapie","og_url":"https:\/\/aehidroterapiadecolon.com\/de\/liste-der-partner\/","og_site_name":"Asociaci\u00f3n Espa\u00f1ola de Hidroterapia de Colon","article_publisher":"https:\/\/www.facebook.com\/pages\/Asociacion-Espa%c3%b1ola-de-Hidroterapia-de-Colon\/1498644383756868","article_modified_time":"2019-04-26T10:16:16+00:00","og_image":[{"url":"http:\/\/aehidroterapiadecolon.com\/wp-content\/uploads\/2015\/04\/logo.gif"}],"twitter_card":"summary","twitter_misc":{"Gesch\u00e4tzte Lesezeit":"3\u00a0Minuten"},"schema":{"@context":"https:\/\/schema.org","@graph":[{"@type":"WebPage","@id":"https:\/\/aehidroterapiadecolon.com\/de\/liste-der-partner\/","url":"https:\/\/aehidroterapiadecolon.com\/de\/liste-der-partner\/","name":"Liste der Partner - Spanischen Verband der Colon-Hydro-Therapie","isPartOf":{"@id":"https:\/\/aehidroterapiadecolon.com\/#website"},"datePublished":"2016-03-29T08:59:55+00:00","dateModified":"2019-04-26T10:16:16+00:00","description":"Seite mit der Liste der Mitglieder der Spanischen Verband der Colon-Hydro-Therapie","breadcrumb":{"@id":"https:\/\/aehidroterapiadecolon.com\/de\/liste-der-partner\/#breadcrumb"},"inLanguage":"de","potentialAction":[{"@type":"ReadAction","target":["https:\/\/aehidroterapiadecolon.com\/de\/liste-der-partner\/"]}]},{"@type":"BreadcrumbList","@id":"https:\/\/aehidroterapiadecolon.com\/de\/liste-der-partner\/#breadcrumb","itemListElement":[{"@type":"ListItem","position":1,"name":"Portada","item":"https:\/\/aehidroterapiadecolon.com\/de\/"},{"@type":"ListItem","position":2,"name":"Liste der Partner"}]},{"@type":"WebSite","@id":"https:\/\/aehidroterapiadecolon.com\/#website","url":"https:\/\/aehidroterapiadecolon.com\/","name":"Asociaci\u00f3n Espa\u00f1ola de Hidroterapia de Colon","description":"AEHC","potentialAction":[{"@type":"SearchAction","target":{"@type":"EntryPoint","urlTemplate":"https:\/\/aehidroterapiadecolon.com\/?s={search_term_string}"},"query-input":"required name=search_term_string"}],"inLanguage":"de"}]}},"_links":{"self":[{"href":"https:\/\/aehidroterapiadecolon.com\/de\/wp-json\/wp\/v2\/pages\/1652"}],"collection":[{"href":"https:\/\/aehidroterapiadecolon.com\/de\/wp-json\/wp\/v2\/pages"}],"about":[{"href":"https:\/\/aehidroterapiadecolon.com\/de\/wp-json\/wp\/v2\/types\/page"}],"author":[{"embeddable":true,"href":"https:\/\/aehidroterapiadecolon.com\/de\/wp-json\/wp\/v2\/users\/6"}],"replies":[{"embeddable":true,"href":"https:\/\/aehidroterapiadecolon.com\/de\/wp-json\/wp\/v2\/comments?post=1652"}],"version-history":[{"count":48,"href":"https:\/\/aehidroterapiadecolon.com\/de\/wp-json\/wp\/v2\/pages\/1652\/revisions"}],"predecessor-version":[{"id":1440851,"href":"https:\/\/aehidroterapiadecolon.com\/de\/wp-json\/wp\/v2\/pages\/1652\/revisions\/1440851"}],"wp:attachment":[{"href":"https:\/\/aehidroterapiadecolon.com\/de\/wp-json\/wp\/v2\/media?parent=1652"}],"curies":[{"name":"wp","href":"https:\/\/api.w.org\/{rel}","templated":true}]}}