{"id":1654,"date":"2016-03-29T09:10:49","date_gmt":"2016-03-29T09:10:49","guid":{"rendered":"http:\/\/aehidroterapiadecolon.com\/?page_id=1654"},"modified":"2016-03-31T09:04:16","modified_gmt":"2016-03-31T09:04:16","slug":"vorteile","status":"publish","type":"page","link":"https:\/\/aehidroterapiadecolon.com\/de\/vorteile\/","title":{"rendered":"Vorteile"},"content":{"rendered":"<p>[et_pb_section fullwidth=&#8220;on&#8220; specialty=&#8220;off&#8220; background_image=&#8220;http:\/\/aehidroterapiadecolon.com\/wp-content\/uploads\/2014\/04\/fondo-titulo.jpg&#8220; transparent_background=&#8220;off&#8220; background_color=&#8220;#ffffff&#8220; allow_player_pause=&#8220;off&#8220; inner_shadow=&#8220;off&#8220; parallax=&#8220;off&#8220; parallax_method=&#8220;off&#8220;][et_pb_fullwidth_header admin_label=&#8220;T\u00edtulo de anchura completa&#8220; title=&#8220;Vorteile&#8220; background_layout=&#8220;light&#8220; text_orientation=&#8220;left&#8220; \/][\/et_pb_section][et_pb_section][et_pb_row][et_pb_column type=&#8220;4_4&#8243;][et_pb_text admin_label=&#8220;Texto&#8220; background_layout=&#8220;light&#8220; text_orientation=&#8220;left&#8220; module_class=&#8220;li_outside_cursiva&#8220;]<\/p>\n<ul>\n<li>Vertretung und Rechtsverteidigung f\u00fcr alle professionellen Mitglieder in Spanien.<\/li>\n<li>Kontinuierliche Weiterbildung f\u00fcr Mitglieder.<\/li>\n<li>Aufnahme in einer zentralen Datenbank von professionellen Mitglieder.<\/li>\n<li>Sonderkonditionen bei Anw\u00e4lten und Agenturen.<\/li>\n<li>Sonderpreise f\u00fcr die Anpassung des Organisationsgesetzes \u00fcber den Datenschutz.<\/li>\n<li>Sonderkonditionen f\u00fcr Internetseitenerstellung f\u00fcr Mitglieder.<\/li>\n<\/ul>\n<p>[\/et_pb_text][\/et_pb_column][\/et_pb_row][et_pb_row][et_pb_column type=&#8220;1_3&#8243;][et_pb_blurb admin_label=&#8220;Transcom&#8220; title=&#8220;TRANSCOM&#8220; url_new_window=&#8220;off&#8220; use_icon=&#8220;off&#8220; icon_color=&#8220;#7EBEC5&#8243; use_circle=&#8220;off&#8220; circle_color=&#8220;#7EBEC5&#8243; use_circle_border=&#8220;off&#8220; circle_border_color=&#8220;#7EBEC5&#8243; image=&#8220;http:\/\/aehidroterapiadecolon.com\/wp-content\/uploads\/2014\/04\/transcom-ventajas.jpg&#8220; alt=&#8220;Imagen de Transcom&#8220; icon_placement=&#8220;top&#8220; animation=&#8220;off&#8220; background_layout=&#8220;light&#8220; text_orientation=&#8220;left&#8220;]<\/p>\n<hr style=\"color: #2ea3f2; background-color: #2ea3f2; height: 2px; border: none;\" noshade=\"noshade\">\n<p>10% Rabatt auf Kan\u00fclen. 20% Rabatt auf Nutergia Laborprodukte.[\/et_pb_blurb][\/et_pb_column][et_pb_column type=&#8220;1_3&#8243;][et_pb_blurb admin_label=&#8220;Ana Mar\u00eda Montellano&#8220; title=&#8220;Ana Mar\u00eda Montellano&#8220; url_new_window=&#8220;off&#8220; use_icon=&#8220;off&#8220; icon_color=&#8220;#7EBEC5&#8243; use_circle=&#8220;off&#8220; circle_color=&#8220;#7EBEC5&#8243; use_circle_border=&#8220;off&#8220; circle_border_color=&#8220;#7EBEC5&#8243; icon_placement=&#8220;top&#8220; animation=&#8220;off&#8220; background_layout=&#8220;light&#8220; text_orientation=&#8220;left&#8220; image=&#8220;http:\/\/aehidroterapiadecolon.com\/wp-content\/uploads\/2014\/06\/salud-vida-intestinal.jpg&#8220; alt=&#8220;Sin imagen&#8220;]<\/p>\n<hr style=\"color: #2ea3f2; background-color: #2ea3f2; height: 2px; border: none;\" noshade=\"noshade\">\n<p>10% Rabatt auf Weiterbildungskurse.[\/et_pb_blurb][\/et_pb_column][et_pb_column type=&#8220;1_3&#8243;][et_pb_blurb admin_label=&#8220;Escuela Censana&#8220; title=&#8220;ESCUELA CENSANA&#8220; url_new_window=&#8220;off&#8220; use_icon=&#8220;off&#8220; icon_color=&#8220;#7EBEC5&#8243; use_circle=&#8220;off&#8220; circle_color=&#8220;#7EBEC5&#8243; use_circle_border=&#8220;off&#8220; circle_border_color=&#8220;#7EBEC5&#8243; image=&#8220;http:\/\/aehidroterapiadecolon.com\/wp-content\/uploads\/2014\/04\/escuela-censana.jpg&#8220; alt=&#8220;Imagen de Escuela Censana&#8220; icon_placement=&#8220;top&#8220; animation=&#8220;off&#8220; background_layout=&#8220;light&#8220; text_orientation=&#8220;left&#8220; module_class=&#8220;foto_cuadro_arriba&#8220;]<\/p>\n<hr style=\"color: #2ea3f2; background-color: #2ea3f2; height: 2px; border: none;\" noshade=\"noshade\">\n<p>10% Rabatt auf Weiterbildungskurse.[\/et_pb_blurb][\/et_pb_column][\/et_pb_row][\/et_pb_section]<\/p>\n","protected":false},"excerpt":{"rendered":"<p>[et_pb_section fullwidth=&#8220;on&#8220; specialty=&#8220;off&#8220; background_image=&#8220;http:\/\/aehidroterapiadecolon.com\/wp-content\/uploads\/2014\/04\/fondo-titulo.jpg&#8220; transparent_background=&#8220;off&#8220; background_color=&#8220;#ffffff&#8220; allow_player_pause=&#8220;off&#8220; inner_shadow=&#8220;off&#8220; parallax=&#8220;off&#8220; parallax_method=&#8220;off&#8220;][et_pb_fullwidth_header admin_label=&#8220;T\u00edtulo de anchura completa&#8220; title=&#8220;Vorteile&#8220; background_layout=&#8220;light&#8220; text_orientation=&#8220;left&#8220; \/][\/et_pb_section][et_pb_section][et_pb_row][et_pb_column type=&#8220;4_4&#8243;][et_pb_text admin_label=&#8220;Texto&#8220; background_layout=&#8220;light&#8220; text_orientation=&#8220;left&#8220; module_class=&#8220;li_outside_cursiva&#8220;] Vertretung und Rechtsverteidigung f\u00fcr alle professionellen Mitglieder in Spanien. Kontinuierliche Weiterbildung f\u00fcr Mitglieder. Aufnahme in einer zentralen Datenbank von professionellen Mitglieder. Sonderkonditionen bei Anw\u00e4lten und Agenturen. Sonderpreise f\u00fcr die Anpassung des Organisationsgesetzes [&hellip;]<\/p>\n","protected":false},"author":6,"featured_media":0,"parent":0,"menu_order":0,"comment_status":"open","ping_status":"closed","template":"","meta":{"_et_pb_use_builder":"on","_et_pb_old_content":"[et_pb_section fullwidth=\"on\" specialty=\"off\" background_image=\"http:\/\/aehidroterapiadecolon.com\/wp-content\/uploads\/2014\/04\/fondo-titulo.jpg\" transparent_background=\"off\" background_color=\"#ffffff\" allow_player_pause=\"off\" inner_shadow=\"off\" parallax=\"off\" parallax_method=\"off\"][et_pb_fullwidth_header admin_label=\"T\u00edtulo de anchura completa\" title=\"Ventajas\" background_layout=\"light\" text_orientation=\"left\" \/][\/et_pb_section][et_pb_section][et_pb_row][et_pb_column type=\"4_4\"][et_pb_text admin_label=\"Texto\" background_layout=\"light\" text_orientation=\"left\" module_class=\"li_outside_cursiva\"]\r\n<ul>\r\n\t<li>Representaci\u00f3n y defensa de todos los profesionales en Hidroterapia de Colon de Espa\u00f1a.<\/li>\r\n\t<li>\u00c1rea de formaci\u00f3n continua para el asociado.<\/li>\r\n\t<li>Profesional y Centro en el listado de socios.<\/li>\r\n\t<li>Precio especial en abogados y gestor\u00eda.<\/li>\r\n\t<li>Precio especial en la Adaptaci\u00f3n de la Ley Org\u00e1nica de Protecci\u00f3n de Datos.<\/li>\r\n\t<li>Precio especial para la creaci\u00f3n web del socio.<\/li>\r\n<\/ul>\r\n[\/et_pb_text][\/et_pb_column][\/et_pb_row][et_pb_row][et_pb_column type=\"1_3\"][et_pb_blurb admin_label=\"Transcom\" title=\"TRANSCOM\" url_new_window=\"off\" use_icon=\"off\" icon_color=\"#7EBEC5\" use_circle=\"off\" circle_color=\"#7EBEC5\" use_circle_border=\"off\" circle_border_color=\"#7EBEC5\" image=\"http:\/\/aehidroterapiadecolon.com\/wp-content\/uploads\/2014\/04\/transcom-ventajas.jpg\" alt=\"Imagen de Transcom\" icon_placement=\"top\" animation=\"off\" background_layout=\"light\" text_orientation=\"left\"]<hr style=\"color: #2ea3f2; background-color: #2ea3f2; height: 2px; border: none;\" noshade=\"noshade\">\r\n\r\nDescuento del 10% en c\u00e1nulas. Descuento del 20% en productos del laboratorio Nutergia.[\/et_pb_blurb][\/et_pb_column][et_pb_column type=\"1_3\"][et_pb_blurb admin_label=\"Ana Mar\u00eda Montellano\" title=\"Ana Mar\u00eda Montellano\" url_new_window=\"off\" use_icon=\"off\" icon_color=\"#7EBEC5\" use_circle=\"off\" circle_color=\"#7EBEC5\" use_circle_border=\"off\" circle_border_color=\"#7EBEC5\" icon_placement=\"top\" animation=\"off\" background_layout=\"light\" text_orientation=\"left\" image=\"http:\/\/aehidroterapiadecolon.com\/wp-content\/uploads\/2014\/06\/salud-vida-intestinal.jpg\" alt=\"Sin imagen\"]<hr style=\"color: #2ea3f2; background-color: #2ea3f2; height: 2px; border: none;\" noshade=\"noshade\">\r\n\r\nDescuento del 10% en formaci\u00f3n.[\/et_pb_blurb][\/et_pb_column][et_pb_column type=\"1_3\"][et_pb_blurb admin_label=\"Escuela Censana\" title=\"ESCUELA CENSANA\" url_new_window=\"off\" use_icon=\"off\" icon_color=\"#7EBEC5\" use_circle=\"off\" circle_color=\"#7EBEC5\" use_circle_border=\"off\" circle_border_color=\"#7EBEC5\" image=\"http:\/\/aehidroterapiadecolon.com\/wp-content\/uploads\/2014\/04\/escuela-censana.jpg\" alt=\"Imagen de Escuela Censana\" icon_placement=\"top\" animation=\"off\" background_layout=\"light\" text_orientation=\"left\" module_class=\"foto_cuadro_arriba\"]\r\n\r\n<hr style=\"color: #2ea3f2; background-color: #2ea3f2; height: 2px; border: none;\" noshade=\"noshade\" \/>\r\n\r\nDescuento del 10% descuento en formaci\u00f3n.\r\n\r\n[\/et_pb_blurb][\/et_pb_column][\/et_pb_row][\/et_pb_section]","_et_gb_content_width":""},"yoast_head":"<!-- This site is optimized with the Yoast SEO plugin v19.7.1 - https:\/\/yoast.com\/wordpress\/plugins\/seo\/ -->\n<title>Vorteile - Spanischen Verband der Colon-Hydro-Therapie<\/title>\n<meta name=\"description\" content=\"Vorteile der Zugeh\u00f6rigkeit zu der Spanischen Verband der Colon-Hydro-Therapie\" \/>\n<meta name=\"robots\" content=\"index, follow, max-snippet:-1, max-image-preview:large, max-video-preview:-1\" \/>\n<link rel=\"canonical\" href=\"https:\/\/aehidroterapiadecolon.com\/de\/vorteile\/\" \/>\n<meta property=\"og:locale\" content=\"de_DE\" \/>\n<meta property=\"og:type\" content=\"article\" \/>\n<meta property=\"og:title\" content=\"Vorteile - Spanischen Verband der Colon-Hydro-Therapie\" \/>\n<meta property=\"og:description\" content=\"Vorteile der Zugeh\u00f6rigkeit zu der Spanischen Verband der Colon-Hydro-Therapie\" \/>\n<meta property=\"og:url\" content=\"https:\/\/aehidroterapiadecolon.com\/de\/vorteile\/\" \/>\n<meta property=\"og:site_name\" content=\"Asociaci\u00f3n Espa\u00f1ola de Hidroterapia de Colon\" \/>\n<meta property=\"article:publisher\" content=\"https:\/\/www.facebook.com\/pages\/Asociacion-Espa%c3%b1ola-de-Hidroterapia-de-Colon\/1498644383756868\" \/>\n<meta property=\"article:modified_time\" content=\"2016-03-31T09:04:16+00:00\" \/>\n<meta property=\"og:image\" content=\"http:\/\/aehidroterapiadecolon.com\/wp-content\/uploads\/2015\/04\/logo.gif\" \/>\n<meta name=\"twitter:card\" content=\"summary\" \/>\n<meta name=\"twitter:label1\" content=\"Gesch\u00e4tzte Lesezeit\" \/>\n\t<meta name=\"twitter:data1\" content=\"2\u00a0Minuten\" \/>\n<script type=\"application\/ld+json\" class=\"yoast-schema-graph\">{\"@context\":\"https:\/\/schema.org\",\"@graph\":[{\"@type\":\"WebPage\",\"@id\":\"https:\/\/aehidroterapiadecolon.com\/de\/vorteile\/\",\"url\":\"https:\/\/aehidroterapiadecolon.com\/de\/vorteile\/\",\"name\":\"Vorteile - Spanischen Verband der Colon-Hydro-Therapie\",\"isPartOf\":{\"@id\":\"https:\/\/aehidroterapiadecolon.com\/#website\"},\"datePublished\":\"2016-03-29T09:10:49+00:00\",\"dateModified\":\"2016-03-31T09:04:16+00:00\",\"description\":\"Vorteile der Zugeh\u00f6rigkeit zu der Spanischen Verband der Colon-Hydro-Therapie\",\"breadcrumb\":{\"@id\":\"https:\/\/aehidroterapiadecolon.com\/de\/vorteile\/#breadcrumb\"},\"inLanguage\":\"de\",\"potentialAction\":[{\"@type\":\"ReadAction\",\"target\":[\"https:\/\/aehidroterapiadecolon.com\/de\/vorteile\/\"]}]},{\"@type\":\"BreadcrumbList\",\"@id\":\"https:\/\/aehidroterapiadecolon.com\/de\/vorteile\/#breadcrumb\",\"itemListElement\":[{\"@type\":\"ListItem\",\"position\":1,\"name\":\"Portada\",\"item\":\"https:\/\/aehidroterapiadecolon.com\/de\/\"},{\"@type\":\"ListItem\",\"position\":2,\"name\":\"Vorteile\"}]},{\"@type\":\"WebSite\",\"@id\":\"https:\/\/aehidroterapiadecolon.com\/#website\",\"url\":\"https:\/\/aehidroterapiadecolon.com\/\",\"name\":\"Asociaci\u00f3n Espa\u00f1ola de Hidroterapia de Colon\",\"description\":\"AEHC\",\"potentialAction\":[{\"@type\":\"SearchAction\",\"target\":{\"@type\":\"EntryPoint\",\"urlTemplate\":\"https:\/\/aehidroterapiadecolon.com\/?s={search_term_string}\"},\"query-input\":\"required name=search_term_string\"}],\"inLanguage\":\"de\"}]}<\/script>\n<!-- \/ Yoast SEO plugin. -->","yoast_head_json":{"title":"Vorteile - Spanischen Verband der Colon-Hydro-Therapie","description":"Vorteile der Zugeh\u00f6rigkeit zu der Spanischen Verband der Colon-Hydro-Therapie","robots":{"index":"index","follow":"follow","max-snippet":"max-snippet:-1","max-image-preview":"max-image-preview:large","max-video-preview":"max-video-preview:-1"},"canonical":"https:\/\/aehidroterapiadecolon.com\/de\/vorteile\/","og_locale":"de_DE","og_type":"article","og_title":"Vorteile - Spanischen Verband der Colon-Hydro-Therapie","og_description":"Vorteile der Zugeh\u00f6rigkeit zu der Spanischen Verband der Colon-Hydro-Therapie","og_url":"https:\/\/aehidroterapiadecolon.com\/de\/vorteile\/","og_site_name":"Asociaci\u00f3n Espa\u00f1ola de Hidroterapia de Colon","article_publisher":"https:\/\/www.facebook.com\/pages\/Asociacion-Espa%c3%b1ola-de-Hidroterapia-de-Colon\/1498644383756868","article_modified_time":"2016-03-31T09:04:16+00:00","og_image":[{"url":"http:\/\/aehidroterapiadecolon.com\/wp-content\/uploads\/2015\/04\/logo.gif"}],"twitter_card":"summary","twitter_misc":{"Gesch\u00e4tzte Lesezeit":"2\u00a0Minuten"},"schema":{"@context":"https:\/\/schema.org","@graph":[{"@type":"WebPage","@id":"https:\/\/aehidroterapiadecolon.com\/de\/vorteile\/","url":"https:\/\/aehidroterapiadecolon.com\/de\/vorteile\/","name":"Vorteile - Spanischen Verband der Colon-Hydro-Therapie","isPartOf":{"@id":"https:\/\/aehidroterapiadecolon.com\/#website"},"datePublished":"2016-03-29T09:10:49+00:00","dateModified":"2016-03-31T09:04:16+00:00","description":"Vorteile der Zugeh\u00f6rigkeit zu der Spanischen Verband der Colon-Hydro-Therapie","breadcrumb":{"@id":"https:\/\/aehidroterapiadecolon.com\/de\/vorteile\/#breadcrumb"},"inLanguage":"de","potentialAction":[{"@type":"ReadAction","target":["https:\/\/aehidroterapiadecolon.com\/de\/vorteile\/"]}]},{"@type":"BreadcrumbList","@id":"https:\/\/aehidroterapiadecolon.com\/de\/vorteile\/#breadcrumb","itemListElement":[{"@type":"ListItem","position":1,"name":"Portada","item":"https:\/\/aehidroterapiadecolon.com\/de\/"},{"@type":"ListItem","position":2,"name":"Vorteile"}]},{"@type":"WebSite","@id":"https:\/\/aehidroterapiadecolon.com\/#website","url":"https:\/\/aehidroterapiadecolon.com\/","name":"Asociaci\u00f3n Espa\u00f1ola de Hidroterapia de Colon","description":"AEHC","potentialAction":[{"@type":"SearchAction","target":{"@type":"EntryPoint","urlTemplate":"https:\/\/aehidroterapiadecolon.com\/?s={search_term_string}"},"query-input":"required name=search_term_string"}],"inLanguage":"de"}]}},"_links":{"self":[{"href":"https:\/\/aehidroterapiadecolon.com\/de\/wp-json\/wp\/v2\/pages\/1654"}],"collection":[{"href":"https:\/\/aehidroterapiadecolon.com\/de\/wp-json\/wp\/v2\/pages"}],"about":[{"href":"https:\/\/aehidroterapiadecolon.com\/de\/wp-json\/wp\/v2\/types\/page"}],"author":[{"embeddable":true,"href":"https:\/\/aehidroterapiadecolon.com\/de\/wp-json\/wp\/v2\/users\/6"}],"replies":[{"embeddable":true,"href":"https:\/\/aehidroterapiadecolon.com\/de\/wp-json\/wp\/v2\/comments?post=1654"}],"version-history":[{"count":1,"href":"https:\/\/aehidroterapiadecolon.com\/de\/wp-json\/wp\/v2\/pages\/1654\/revisions"}],"predecessor-version":[{"id":1655,"href":"https:\/\/aehidroterapiadecolon.com\/de\/wp-json\/wp\/v2\/pages\/1654\/revisions\/1655"}],"wp:attachment":[{"href":"https:\/\/aehidroterapiadecolon.com\/de\/wp-json\/wp\/v2\/media?parent=1654"}],"curies":[{"name":"wp","href":"https:\/\/api.w.org\/{rel}","templated":true}]}}