{"id":1656,"date":"2016-03-30T13:33:05","date_gmt":"2016-03-30T13:33:05","guid":{"rendered":"http:\/\/aehidroterapiadecolon.com\/?page_id=1656"},"modified":"2016-03-31T08:51:11","modified_gmt":"2016-03-31T08:51:11","slug":"mitglied-werden","status":"publish","type":"page","link":"https:\/\/aehidroterapiadecolon.com\/de\/mitglied-werden\/","title":{"rendered":"Mitglied werden"},"content":{"rendered":"<p>[et_pb_section fullwidth=&#8220;on&#8220; specialty=&#8220;off&#8220; background_image=&#8220;http:\/\/aehidroterapiadecolon.com\/wp-content\/uploads\/2014\/04\/fondo-titulo.jpg&#8220; transparent_background=&#8220;off&#8220; background_color=&#8220;#ffffff&#8220; allow_player_pause=&#8220;off&#8220; inner_shadow=&#8220;off&#8220; parallax=&#8220;off&#8220; parallax_method=&#8220;off&#8220;][et_pb_fullwidth_header admin_label=&#8220;T\u00edtulo de anchura completa&#8220; title=&#8220;Mitglied werden&#8220; background_layout=&#8220;light&#8220; text_orientation=&#8220;left&#8220; \/][\/et_pb_section][et_pb_section][et_pb_row][et_pb_column type=&#8220;4_4&#8243;][et_pb_image admin_label=&#8220;Imagen&#8220; src=&#8220;http:\/\/aehidroterapiadecolon.com\/wp-content\/uploads\/2014\/06\/imagen1.jpg&#8220; show_in_lightbox=&#8220;off&#8220; url_new_window=&#8220;off&#8220; animation=&#8220;left&#8220; sticky=&#8220;off&#8220; \/][et_pb_text admin_label=&#8220;Texto&#8220; background_layout=&#8220;light&#8220; text_orientation=&#8220;left&#8220; module_class=&#8220;li_outside_cursiva&#8220;]Werden Sie Teil eines <strong>Non-Profit-Vereins<\/strong>, der unter anderem die folgenden Vorteile f\u00fcr Mitglieder bietet: Weiterbildung, Konferenzen, Seminare, Diskussionsplattform, usw. Aus diesen Gr\u00fcnden wird eine j\u00e4hrliche Geb\u00fchr von der Vereinigung erhoben: um den Verein zu erhalten und seine Dienstleistungen zur Verf\u00fcgung zu stellen und zu verwalten. Der Verein ist von und f\u00fcr Fachleute und nicht von Unternehmern gegr\u00fcndet. Jedes Mitglied ist v\u00f6llig frei im Bezug auf alle Colon-Hydrotherapie Ger\u00e4te oder Verbrauchsmaterialien auf dem Markt, im Sinne von Erwerb, Offenbarung und\/oder Bericht: Wir sind nicht von irgendeinem Unternehmen finanziert oder unter Druck gesetzt.<\/p>\n<p>Um als voll-assoziiertes Mitglied des <strong>spanischen Verbands der Colon-Hydrotherapie<\/strong> beizutreten, m\u00fcssen Sie Ihren Status als Fachmann durch Ihre Ausbildungszeugnisse nachweisen. Folgende Anmeldeinformationen m\u00fcssen Sie zur Verf\u00fcgung stellen:<\/p>\n<ul>\n<li>Registrierungsdokument.<\/li>\n<li>Lastschrift Dokumentation.<\/li>\n<li>Gesetz \u00fcber Datenschutz Dokumentation.<\/li>\n<li>Passfoto.<\/li>\n<li>\u20ac120 Jahresgeb\u00fchr (die Zahlung der Geb\u00fchr kann per Lastschrift oder Lastschrift oder Konto\u00fcberweisung erfolgen)<\/li>\n<\/ul>\n<p>Sie k\u00f6nnen Ihre Anmeldung elektronisch \u00fcber <strong>info@aehidroterapiadecolon.com<\/strong>&nbsp;oder per Post (Asociaci\u00f3n Espa\u00f1ola de Hidroterapia de Colon, calle Balmes, 296, 6-3\u00ba &#8211; 08006 Barcelona) einreichen.<\/p>\n<p><strong><a href=\"http:\/\/aehidroterapiadecolon.com\/wp-content\/uploads\/2016\/03\/documentacion-para-el-socio-de.pdf\">Download PDF-Dokumentation<\/a><\/strong>[\/et_pb_text][\/et_pb_column][\/et_pb_row][\/et_pb_section]<\/p>\n","protected":false},"excerpt":{"rendered":"<p>[et_pb_section fullwidth=&#8220;on&#8220; specialty=&#8220;off&#8220; background_image=&#8220;http:\/\/aehidroterapiadecolon.com\/wp-content\/uploads\/2014\/04\/fondo-titulo.jpg&#8220; transparent_background=&#8220;off&#8220; background_color=&#8220;#ffffff&#8220; allow_player_pause=&#8220;off&#8220; inner_shadow=&#8220;off&#8220; parallax=&#8220;off&#8220; parallax_method=&#8220;off&#8220;][et_pb_fullwidth_header admin_label=&#8220;T\u00edtulo de anchura completa&#8220; title=&#8220;Mitglied werden&#8220; background_layout=&#8220;light&#8220; text_orientation=&#8220;left&#8220; \/][\/et_pb_section][et_pb_section][et_pb_row][et_pb_column type=&#8220;4_4&#8243;][et_pb_image admin_label=&#8220;Imagen&#8220; src=&#8220;http:\/\/aehidroterapiadecolon.com\/wp-content\/uploads\/2014\/06\/imagen1.jpg&#8220; show_in_lightbox=&#8220;off&#8220; url_new_window=&#8220;off&#8220; animation=&#8220;left&#8220; sticky=&#8220;off&#8220; \/][et_pb_text admin_label=&#8220;Texto&#8220; background_layout=&#8220;light&#8220; text_orientation=&#8220;left&#8220; module_class=&#8220;li_outside_cursiva&#8220;]Werden Sie Teil eines Non-Profit-Vereins, der unter anderem die folgenden Vorteile f\u00fcr Mitglieder bietet: Weiterbildung, Konferenzen, Seminare, Diskussionsplattform, usw. Aus diesen Gr\u00fcnden wird eine j\u00e4hrliche [&hellip;]<\/p>\n","protected":false},"author":6,"featured_media":0,"parent":0,"menu_order":0,"comment_status":"open","ping_status":"closed","template":"","meta":{"_et_pb_use_builder":"on","_et_pb_old_content":"<img src=\"http:\/\/aehidroterapiadecolon.com\/wp-content\/uploads\/2014\/06\/imagen1.jpg\" alt=\"imagen1\" width=\"713\" height=\"272\" class=\"alignnone size-full wp-image-213\" \/>\r\n\r\nOfrecemos formar parte de una <strong>Asociaci\u00f3n sin \u00e1nimo de lucro<\/strong>, donde el beneficio se ofrece a los socios en formaci\u00f3n continua, congresos, seminarios, resoluci\u00f3n de dudas, etc. Por esta raz\u00f3n existe una cuota anual: para poder mantener la Asociaci\u00f3n y ofrecer y gestionar unos servicios. Es una Asociaci\u00f3n creada por y para Profesionales y no por empresarios del sector. El socio es totalmente libre de comprar, divulgar e informar sobre cualquier aparatolog\u00eda o consumible de Hidroterapia de Colon del mercado: no estamos financiados ni presionados por ninguna empresa.\r\n\r\nPara formar parte como miembro numerario de la Asociaci\u00f3n Espa\u00f1ola de Hidroterapia de Colon, debes acreditar tu condici\u00f3n de profesional mediante tu formaci\u00f3n. Debes aportar:\r\n<ul>\r\n\t<li>Documento de inscripci\u00f3n.<\/li>\r\n\t<li>Documento de domiciliaci\u00f3n bancaria.<\/li>\r\n\t<li>Documento de Ley Org\u00e1nica de Protecci\u00f3n de Datos.<\/li>\r\n\t<li>Fotograf\u00eda tama\u00f1o carn\u00e9.<\/li>\r\n\t<li>Cuota anual de 120 \u20ac (el pago de la cuota se efectuar\u00e1 a trav\u00e9s de domiciliaci\u00f3n bancaria o ingreso en cuenta).<\/li>\r\n<\/ul>\r\nDeber\u00e1s remitir la documentaci\u00f3n por v\u00eda electr\u00f3nica al correo <strong>info@aehidroterapiadecolon.com<\/strong>\u00a0o v\u00eda postal (Asociaci\u00f3n Espa\u00f1ola de Hidroterapia de Colon, calle Balmes, 299, bajo 1 - 08006 Barcelona).\r\n\r\n<a id=\"pdf\" href=\"http:\/\/aehidroterapiadecolon.com\/wp-content\/uploads\/2014\/06\/Documentaci\u00f3n-para-el-socio.pdf\" target=\"_blank\"><strong>Descargar documentaci\u00f3n en PDF<\/strong><\/a>","_et_gb_content_width":""},"yoast_head":"<!-- This site is optimized with the Yoast SEO plugin v19.7.1 - https:\/\/yoast.com\/wordpress\/plugins\/seo\/ -->\n<title>Mitglied werden - Spanischen Verband der Colon-Hydro-Therapie<\/title>\n<meta name=\"description\" content=\"Vorteile und Details der ein Mitglied der Spanischen Verband der Colon-Hydro-Therapie. Mitglied werden\" \/>\n<meta name=\"robots\" content=\"index, follow, max-snippet:-1, max-image-preview:large, max-video-preview:-1\" \/>\n<link rel=\"canonical\" href=\"https:\/\/aehidroterapiadecolon.com\/de\/mitglied-werden\/\" \/>\n<meta property=\"og:locale\" content=\"de_DE\" \/>\n<meta property=\"og:type\" content=\"article\" \/>\n<meta property=\"og:title\" content=\"Mitglied werden - Spanischen Verband der Colon-Hydro-Therapie\" \/>\n<meta property=\"og:description\" content=\"Vorteile und Details der ein Mitglied der Spanischen Verband der Colon-Hydro-Therapie. Mitglied werden\" \/>\n<meta property=\"og:url\" content=\"https:\/\/aehidroterapiadecolon.com\/de\/mitglied-werden\/\" \/>\n<meta property=\"og:site_name\" content=\"Asociaci\u00f3n Espa\u00f1ola de Hidroterapia de Colon\" \/>\n<meta property=\"article:publisher\" content=\"https:\/\/www.facebook.com\/pages\/Asociacion-Espa%c3%b1ola-de-Hidroterapia-de-Colon\/1498644383756868\" \/>\n<meta property=\"article:modified_time\" content=\"2016-03-31T08:51:11+00:00\" \/>\n<meta property=\"og:image\" content=\"http:\/\/aehidroterapiadecolon.com\/wp-content\/uploads\/2015\/04\/logo.gif\" \/>\n<meta name=\"twitter:card\" content=\"summary\" \/>\n<meta name=\"twitter:label1\" content=\"Gesch\u00e4tzte Lesezeit\" \/>\n\t<meta name=\"twitter:data1\" content=\"2\u00a0Minuten\" \/>\n<script type=\"application\/ld+json\" class=\"yoast-schema-graph\">{\"@context\":\"https:\/\/schema.org\",\"@graph\":[{\"@type\":\"WebPage\",\"@id\":\"https:\/\/aehidroterapiadecolon.com\/de\/mitglied-werden\/\",\"url\":\"https:\/\/aehidroterapiadecolon.com\/de\/mitglied-werden\/\",\"name\":\"Mitglied werden - Spanischen Verband der Colon-Hydro-Therapie\",\"isPartOf\":{\"@id\":\"https:\/\/aehidroterapiadecolon.com\/#website\"},\"datePublished\":\"2016-03-30T13:33:05+00:00\",\"dateModified\":\"2016-03-31T08:51:11+00:00\",\"description\":\"Vorteile und Details der ein Mitglied der Spanischen Verband der Colon-Hydro-Therapie. Mitglied werden\",\"breadcrumb\":{\"@id\":\"https:\/\/aehidroterapiadecolon.com\/de\/mitglied-werden\/#breadcrumb\"},\"inLanguage\":\"de\",\"potentialAction\":[{\"@type\":\"ReadAction\",\"target\":[\"https:\/\/aehidroterapiadecolon.com\/de\/mitglied-werden\/\"]}]},{\"@type\":\"BreadcrumbList\",\"@id\":\"https:\/\/aehidroterapiadecolon.com\/de\/mitglied-werden\/#breadcrumb\",\"itemListElement\":[{\"@type\":\"ListItem\",\"position\":1,\"name\":\"Portada\",\"item\":\"https:\/\/aehidroterapiadecolon.com\/de\/\"},{\"@type\":\"ListItem\",\"position\":2,\"name\":\"Mitglied werden\"}]},{\"@type\":\"WebSite\",\"@id\":\"https:\/\/aehidroterapiadecolon.com\/#website\",\"url\":\"https:\/\/aehidroterapiadecolon.com\/\",\"name\":\"Asociaci\u00f3n Espa\u00f1ola de Hidroterapia de Colon\",\"description\":\"AEHC\",\"potentialAction\":[{\"@type\":\"SearchAction\",\"target\":{\"@type\":\"EntryPoint\",\"urlTemplate\":\"https:\/\/aehidroterapiadecolon.com\/?s={search_term_string}\"},\"query-input\":\"required name=search_term_string\"}],\"inLanguage\":\"de\"}]}<\/script>\n<!-- \/ Yoast SEO plugin. -->","yoast_head_json":{"title":"Mitglied werden - Spanischen Verband der Colon-Hydro-Therapie","description":"Vorteile und Details der ein Mitglied der Spanischen Verband der Colon-Hydro-Therapie. Mitglied werden","robots":{"index":"index","follow":"follow","max-snippet":"max-snippet:-1","max-image-preview":"max-image-preview:large","max-video-preview":"max-video-preview:-1"},"canonical":"https:\/\/aehidroterapiadecolon.com\/de\/mitglied-werden\/","og_locale":"de_DE","og_type":"article","og_title":"Mitglied werden - Spanischen Verband der Colon-Hydro-Therapie","og_description":"Vorteile und Details der ein Mitglied der Spanischen Verband der Colon-Hydro-Therapie. Mitglied werden","og_url":"https:\/\/aehidroterapiadecolon.com\/de\/mitglied-werden\/","og_site_name":"Asociaci\u00f3n Espa\u00f1ola de Hidroterapia de Colon","article_publisher":"https:\/\/www.facebook.com\/pages\/Asociacion-Espa%c3%b1ola-de-Hidroterapia-de-Colon\/1498644383756868","article_modified_time":"2016-03-31T08:51:11+00:00","og_image":[{"url":"http:\/\/aehidroterapiadecolon.com\/wp-content\/uploads\/2015\/04\/logo.gif"}],"twitter_card":"summary","twitter_misc":{"Gesch\u00e4tzte Lesezeit":"2\u00a0Minuten"},"schema":{"@context":"https:\/\/schema.org","@graph":[{"@type":"WebPage","@id":"https:\/\/aehidroterapiadecolon.com\/de\/mitglied-werden\/","url":"https:\/\/aehidroterapiadecolon.com\/de\/mitglied-werden\/","name":"Mitglied werden - Spanischen Verband der Colon-Hydro-Therapie","isPartOf":{"@id":"https:\/\/aehidroterapiadecolon.com\/#website"},"datePublished":"2016-03-30T13:33:05+00:00","dateModified":"2016-03-31T08:51:11+00:00","description":"Vorteile und Details der ein Mitglied der Spanischen Verband der Colon-Hydro-Therapie. Mitglied werden","breadcrumb":{"@id":"https:\/\/aehidroterapiadecolon.com\/de\/mitglied-werden\/#breadcrumb"},"inLanguage":"de","potentialAction":[{"@type":"ReadAction","target":["https:\/\/aehidroterapiadecolon.com\/de\/mitglied-werden\/"]}]},{"@type":"BreadcrumbList","@id":"https:\/\/aehidroterapiadecolon.com\/de\/mitglied-werden\/#breadcrumb","itemListElement":[{"@type":"ListItem","position":1,"name":"Portada","item":"https:\/\/aehidroterapiadecolon.com\/de\/"},{"@type":"ListItem","position":2,"name":"Mitglied werden"}]},{"@type":"WebSite","@id":"https:\/\/aehidroterapiadecolon.com\/#website","url":"https:\/\/aehidroterapiadecolon.com\/","name":"Asociaci\u00f3n Espa\u00f1ola de Hidroterapia de Colon","description":"AEHC","potentialAction":[{"@type":"SearchAction","target":{"@type":"EntryPoint","urlTemplate":"https:\/\/aehidroterapiadecolon.com\/?s={search_term_string}"},"query-input":"required name=search_term_string"}],"inLanguage":"de"}]}},"_links":{"self":[{"href":"https:\/\/aehidroterapiadecolon.com\/de\/wp-json\/wp\/v2\/pages\/1656"}],"collection":[{"href":"https:\/\/aehidroterapiadecolon.com\/de\/wp-json\/wp\/v2\/pages"}],"about":[{"href":"https:\/\/aehidroterapiadecolon.com\/de\/wp-json\/wp\/v2\/types\/page"}],"author":[{"embeddable":true,"href":"https:\/\/aehidroterapiadecolon.com\/de\/wp-json\/wp\/v2\/users\/6"}],"replies":[{"embeddable":true,"href":"https:\/\/aehidroterapiadecolon.com\/de\/wp-json\/wp\/v2\/comments?post=1656"}],"version-history":[{"count":2,"href":"https:\/\/aehidroterapiadecolon.com\/de\/wp-json\/wp\/v2\/pages\/1656\/revisions"}],"predecessor-version":[{"id":1803,"href":"https:\/\/aehidroterapiadecolon.com\/de\/wp-json\/wp\/v2\/pages\/1656\/revisions\/1803"}],"wp:attachment":[{"href":"https:\/\/aehidroterapiadecolon.com\/de\/wp-json\/wp\/v2\/media?parent=1656"}],"curies":[{"name":"wp","href":"https:\/\/api.w.org\/{rel}","templated":true}]}}