{"id":1658,"date":"2016-03-29T09:16:35","date_gmt":"2016-03-29T09:16:35","guid":{"rendered":"http:\/\/aehidroterapiadecolon.com\/?page_id=1658"},"modified":"2016-03-31T09:04:42","modified_gmt":"2016-03-31T09:04:42","slug":"was-ist-colon-hydrotherapie","status":"publish","type":"page","link":"https:\/\/aehidroterapiadecolon.com\/de\/was-ist-colon-hydrotherapie\/","title":{"rendered":"Was ist Colon-Hydrotherapie?"},"content":{"rendered":"<p>[et_pb_section fullwidth=&#8220;on&#8220; specialty=&#8220;off&#8220; background_image=&#8220;http:\/\/aehidroterapiadecolon.com\/wp-content\/uploads\/2014\/04\/fondo-titulo.jpg&#8220; transparent_background=&#8220;off&#8220; background_color=&#8220;#ffffff&#8220; allow_player_pause=&#8220;off&#8220; inner_shadow=&#8220;off&#8220; parallax=&#8220;off&#8220; parallax_method=&#8220;off&#8220;][et_pb_fullwidth_header admin_label=&#8220;T\u00edtulo de anchura completa&#8220; title=&#8220;Was ist Colon-Hydrotherapie?&#8220; background_layout=&#8220;light&#8220; text_orientation=&#8220;left&#8220; \/][\/et_pb_section][et_pb_section][et_pb_row][et_pb_column type=&#8220;4_4&#8243;][et_pb_image admin_label=&#8220;Imagen&#8220; src=&#8220;http:\/\/aehidroterapiadecolon.com\/wp-content\/uploads\/2014\/04\/imagen2.jpg&#8220; alt=&#8220;Imagen \u00bfQu\u00e9 es la Hidroterapia de colon?&#8220; title_text=&#8220;\u00bfQu\u00e9 es la Hidroterapia de colon?&#8220; show_in_lightbox=&#8220;off&#8220; url_new_window=&#8220;off&#8220; animation=&#8220;left&#8220; sticky=&#8220;off&#8220; \/][et_pb_text admin_label=&#8220;Texto&#8220; background_layout=&#8220;light&#8220; text_orientation=&#8220;left&#8220;]Colon-Hydrotherapie ist eine gr\u00fcndliche Sp\u00fclung des gesamten Dickdarms mit gefiltertem, gereinigtem Wasser, welches durch ein Kunststoffr\u00f6hrchen in das Rektum eingeleitet wird. Die Kan\u00fcle ist ein Zwei-Wege-System, so dass Wasser \u00fcber einen Kanal (Sp\u00fclschlauch) eintritt und \u00fcber einen anderen (Abflu\u00dfschlauch) F\u00e4kalien mehrmals w\u00e4hrend der Sitzung ausgeleitet werden, ohne auf die Toilette gehen zu m\u00fcssen.<\/p>\n<p>Sowohl das gefilterte Wasser, als auch Druck, Temperatur und Str\u00f6mungsrate werden durch eine elektronische Steuerung durch den Therapeut w\u00e4hrend der Sitzung \u00fcberwacht und geregelt.[\/et_pb_text][\/et_pb_column][\/et_pb_row][\/et_pb_section]<\/p>\n","protected":false},"excerpt":{"rendered":"<p>[et_pb_section fullwidth=&#8220;on&#8220; specialty=&#8220;off&#8220; background_image=&#8220;http:\/\/aehidroterapiadecolon.com\/wp-content\/uploads\/2014\/04\/fondo-titulo.jpg&#8220; transparent_background=&#8220;off&#8220; background_color=&#8220;#ffffff&#8220; allow_player_pause=&#8220;off&#8220; inner_shadow=&#8220;off&#8220; parallax=&#8220;off&#8220; parallax_method=&#8220;off&#8220;][et_pb_fullwidth_header admin_label=&#8220;T\u00edtulo de anchura completa&#8220; title=&#8220;Was ist Colon-Hydrotherapie?&#8220; background_layout=&#8220;light&#8220; text_orientation=&#8220;left&#8220; \/][\/et_pb_section][et_pb_section][et_pb_row][et_pb_column type=&#8220;4_4&#8243;][et_pb_image admin_label=&#8220;Imagen&#8220; src=&#8220;http:\/\/aehidroterapiadecolon.com\/wp-content\/uploads\/2014\/04\/imagen2.jpg&#8220; alt=&#8220;Imagen \u00bfQu\u00e9 es la Hidroterapia de colon?&#8220; title_text=&#8220;\u00bfQu\u00e9 es la Hidroterapia de colon?&#8220; show_in_lightbox=&#8220;off&#8220; url_new_window=&#8220;off&#8220; animation=&#8220;left&#8220; sticky=&#8220;off&#8220; \/][et_pb_text admin_label=&#8220;Texto&#8220; background_layout=&#8220;light&#8220; text_orientation=&#8220;left&#8220;]Colon-Hydrotherapie ist eine gr\u00fcndliche Sp\u00fclung des gesamten Dickdarms mit gefiltertem, gereinigtem Wasser, [&hellip;]<\/p>\n","protected":false},"author":6,"featured_media":0,"parent":0,"menu_order":0,"comment_status":"open","ping_status":"closed","template":"","meta":{"_et_pb_use_builder":"on","_et_pb_old_content":"[et_pb_section fullwidth=\"on\" specialty=\"off\" background_image=\"http:\/\/aehidroterapiadecolon.com\/wp-content\/uploads\/2014\/04\/fondo-titulo.jpg\" transparent_background=\"off\" background_color=\"#ffffff\" allow_player_pause=\"off\" inner_shadow=\"off\" parallax=\"off\" parallax_method=\"off\"][et_pb_fullwidth_header admin_label=\"T\u00edtulo de anchura completa\" title=\"\u00bfQu\u00e9 es la Hidroterapia de colon?\" background_layout=\"light\" text_orientation=\"left\" \/][\/et_pb_section][et_pb_section][et_pb_row][et_pb_column type=\"4_4\"][et_pb_image admin_label=\"Imagen\" src=\"http:\/\/aehidroterapiadecolon.com\/wp-content\/uploads\/2014\/04\/imagen2.jpg\" alt=\"Imagen \u00bfQu\u00e9 es la Hidroterapia de colon?\" title_text=\"\u00bfQu\u00e9 es la Hidroterapia de colon?\" show_in_lightbox=\"off\" url_new_window=\"off\" animation=\"left\" sticky=\"off\" \/][et_pb_text admin_label=\"Texto\" background_layout=\"light\" text_orientation=\"left\"]La hidroterapia de colon consiste en la irrigaci\u00f3n profunda de todo el intestino grueso con agua filtrada y depurada, a trav\u00e9s de una c\u00e1nula que se introduce en el recto. Esta c\u00e1nula es de doble v\u00eda, por lo tanto entra agua por una v\u00eda (tubo de irrigaci\u00f3n), y sale materia fecal varias veces durante la sesi\u00f3n por otra (tubo de evacuaci\u00f3n), sin necesidad de ir al ba\u00f1o.\r\n\r\nTanto el agua filtrada, como la presi\u00f3n, la temperatura y el caudal son regulados por un aparato electr\u00f3nico manejado y controlado por el terapeuta durante toda la sesi\u00f3n.[\/et_pb_text][\/et_pb_column][\/et_pb_row][\/et_pb_section]","_et_gb_content_width":""},"yoast_head":"<!-- This site is optimized with the Yoast SEO plugin v19.7.1 - https:\/\/yoast.com\/wordpress\/plugins\/seo\/ -->\n<title>Was ist Colon-Hydrotherapie? - Spanischen Verband der Colon-Hydro-Therapie<\/title>\n<meta name=\"description\" content=\"Seite Beschreibung dessen, was ist Colon-Hydrotherapie\" \/>\n<meta name=\"robots\" content=\"index, follow, max-snippet:-1, max-image-preview:large, max-video-preview:-1\" \/>\n<link rel=\"canonical\" href=\"https:\/\/aehidroterapiadecolon.com\/de\/was-ist-colon-hydrotherapie\/\" \/>\n<meta property=\"og:locale\" content=\"de_DE\" \/>\n<meta property=\"og:type\" content=\"article\" \/>\n<meta property=\"og:title\" content=\"Was ist Colon-Hydrotherapie? - Spanischen Verband der Colon-Hydro-Therapie\" \/>\n<meta property=\"og:description\" content=\"Seite Beschreibung dessen, was ist Colon-Hydrotherapie\" \/>\n<meta property=\"og:url\" content=\"https:\/\/aehidroterapiadecolon.com\/de\/was-ist-colon-hydrotherapie\/\" \/>\n<meta property=\"og:site_name\" content=\"Asociaci\u00f3n Espa\u00f1ola de Hidroterapia de Colon\" \/>\n<meta property=\"article:publisher\" content=\"https:\/\/www.facebook.com\/pages\/Asociacion-Espa%c3%b1ola-de-Hidroterapia-de-Colon\/1498644383756868\" \/>\n<meta property=\"article:modified_time\" content=\"2016-03-31T09:04:42+00:00\" \/>\n<meta property=\"og:image\" content=\"http:\/\/aehidroterapiadecolon.com\/wp-content\/uploads\/2015\/04\/logo.gif\" \/>\n<meta name=\"twitter:card\" content=\"summary\" \/>\n<meta name=\"twitter:label1\" content=\"Gesch\u00e4tzte Lesezeit\" \/>\n\t<meta name=\"twitter:data1\" content=\"1\u00a0Minute\" \/>\n<script type=\"application\/ld+json\" class=\"yoast-schema-graph\">{\"@context\":\"https:\/\/schema.org\",\"@graph\":[{\"@type\":\"WebPage\",\"@id\":\"https:\/\/aehidroterapiadecolon.com\/de\/was-ist-colon-hydrotherapie\/\",\"url\":\"https:\/\/aehidroterapiadecolon.com\/de\/was-ist-colon-hydrotherapie\/\",\"name\":\"Was ist Colon-Hydrotherapie? - Spanischen Verband der Colon-Hydro-Therapie\",\"isPartOf\":{\"@id\":\"https:\/\/aehidroterapiadecolon.com\/#website\"},\"datePublished\":\"2016-03-29T09:16:35+00:00\",\"dateModified\":\"2016-03-31T09:04:42+00:00\",\"description\":\"Seite Beschreibung dessen, was ist Colon-Hydrotherapie\",\"breadcrumb\":{\"@id\":\"https:\/\/aehidroterapiadecolon.com\/de\/was-ist-colon-hydrotherapie\/#breadcrumb\"},\"inLanguage\":\"de\",\"potentialAction\":[{\"@type\":\"ReadAction\",\"target\":[\"https:\/\/aehidroterapiadecolon.com\/de\/was-ist-colon-hydrotherapie\/\"]}]},{\"@type\":\"BreadcrumbList\",\"@id\":\"https:\/\/aehidroterapiadecolon.com\/de\/was-ist-colon-hydrotherapie\/#breadcrumb\",\"itemListElement\":[{\"@type\":\"ListItem\",\"position\":1,\"name\":\"Portada\",\"item\":\"https:\/\/aehidroterapiadecolon.com\/de\/\"},{\"@type\":\"ListItem\",\"position\":2,\"name\":\"Was ist Colon-Hydrotherapie?\"}]},{\"@type\":\"WebSite\",\"@id\":\"https:\/\/aehidroterapiadecolon.com\/#website\",\"url\":\"https:\/\/aehidroterapiadecolon.com\/\",\"name\":\"Asociaci\u00f3n Espa\u00f1ola de Hidroterapia de Colon\",\"description\":\"AEHC\",\"potentialAction\":[{\"@type\":\"SearchAction\",\"target\":{\"@type\":\"EntryPoint\",\"urlTemplate\":\"https:\/\/aehidroterapiadecolon.com\/?s={search_term_string}\"},\"query-input\":\"required name=search_term_string\"}],\"inLanguage\":\"de\"}]}<\/script>\n<!-- \/ Yoast SEO plugin. -->","yoast_head_json":{"title":"Was ist Colon-Hydrotherapie? - Spanischen Verband der Colon-Hydro-Therapie","description":"Seite Beschreibung dessen, was ist Colon-Hydrotherapie","robots":{"index":"index","follow":"follow","max-snippet":"max-snippet:-1","max-image-preview":"max-image-preview:large","max-video-preview":"max-video-preview:-1"},"canonical":"https:\/\/aehidroterapiadecolon.com\/de\/was-ist-colon-hydrotherapie\/","og_locale":"de_DE","og_type":"article","og_title":"Was ist Colon-Hydrotherapie? - Spanischen Verband der Colon-Hydro-Therapie","og_description":"Seite Beschreibung dessen, was ist Colon-Hydrotherapie","og_url":"https:\/\/aehidroterapiadecolon.com\/de\/was-ist-colon-hydrotherapie\/","og_site_name":"Asociaci\u00f3n Espa\u00f1ola de Hidroterapia de Colon","article_publisher":"https:\/\/www.facebook.com\/pages\/Asociacion-Espa%c3%b1ola-de-Hidroterapia-de-Colon\/1498644383756868","article_modified_time":"2016-03-31T09:04:42+00:00","og_image":[{"url":"http:\/\/aehidroterapiadecolon.com\/wp-content\/uploads\/2015\/04\/logo.gif"}],"twitter_card":"summary","twitter_misc":{"Gesch\u00e4tzte Lesezeit":"1\u00a0Minute"},"schema":{"@context":"https:\/\/schema.org","@graph":[{"@type":"WebPage","@id":"https:\/\/aehidroterapiadecolon.com\/de\/was-ist-colon-hydrotherapie\/","url":"https:\/\/aehidroterapiadecolon.com\/de\/was-ist-colon-hydrotherapie\/","name":"Was ist Colon-Hydrotherapie? - Spanischen Verband der Colon-Hydro-Therapie","isPartOf":{"@id":"https:\/\/aehidroterapiadecolon.com\/#website"},"datePublished":"2016-03-29T09:16:35+00:00","dateModified":"2016-03-31T09:04:42+00:00","description":"Seite Beschreibung dessen, was ist Colon-Hydrotherapie","breadcrumb":{"@id":"https:\/\/aehidroterapiadecolon.com\/de\/was-ist-colon-hydrotherapie\/#breadcrumb"},"inLanguage":"de","potentialAction":[{"@type":"ReadAction","target":["https:\/\/aehidroterapiadecolon.com\/de\/was-ist-colon-hydrotherapie\/"]}]},{"@type":"BreadcrumbList","@id":"https:\/\/aehidroterapiadecolon.com\/de\/was-ist-colon-hydrotherapie\/#breadcrumb","itemListElement":[{"@type":"ListItem","position":1,"name":"Portada","item":"https:\/\/aehidroterapiadecolon.com\/de\/"},{"@type":"ListItem","position":2,"name":"Was ist Colon-Hydrotherapie?"}]},{"@type":"WebSite","@id":"https:\/\/aehidroterapiadecolon.com\/#website","url":"https:\/\/aehidroterapiadecolon.com\/","name":"Asociaci\u00f3n Espa\u00f1ola de Hidroterapia de Colon","description":"AEHC","potentialAction":[{"@type":"SearchAction","target":{"@type":"EntryPoint","urlTemplate":"https:\/\/aehidroterapiadecolon.com\/?s={search_term_string}"},"query-input":"required name=search_term_string"}],"inLanguage":"de"}]}},"_links":{"self":[{"href":"https:\/\/aehidroterapiadecolon.com\/de\/wp-json\/wp\/v2\/pages\/1658"}],"collection":[{"href":"https:\/\/aehidroterapiadecolon.com\/de\/wp-json\/wp\/v2\/pages"}],"about":[{"href":"https:\/\/aehidroterapiadecolon.com\/de\/wp-json\/wp\/v2\/types\/page"}],"author":[{"embeddable":true,"href":"https:\/\/aehidroterapiadecolon.com\/de\/wp-json\/wp\/v2\/users\/6"}],"replies":[{"embeddable":true,"href":"https:\/\/aehidroterapiadecolon.com\/de\/wp-json\/wp\/v2\/comments?post=1658"}],"version-history":[{"count":2,"href":"https:\/\/aehidroterapiadecolon.com\/de\/wp-json\/wp\/v2\/pages\/1658\/revisions"}],"predecessor-version":[{"id":1722,"href":"https:\/\/aehidroterapiadecolon.com\/de\/wp-json\/wp\/v2\/pages\/1658\/revisions\/1722"}],"wp:attachment":[{"href":"https:\/\/aehidroterapiadecolon.com\/de\/wp-json\/wp\/v2\/media?parent=1658"}],"curies":[{"name":"wp","href":"https:\/\/api.w.org\/{rel}","templated":true}]}}