{"id":1660,"date":"2016-03-29T08:09:25","date_gmt":"2016-03-29T08:09:25","guid":{"rendered":"http:\/\/aehidroterapiadecolon.com\/?page_id=1660"},"modified":"2016-03-31T08:48:18","modified_gmt":"2016-03-31T08:48:18","slug":"indikationen","status":"publish","type":"page","link":"https:\/\/aehidroterapiadecolon.com\/de\/indikationen\/","title":{"rendered":"Indikationen"},"content":{"rendered":"<p>[et_pb_section fullwidth=&#8220;on&#8220; specialty=&#8220;off&#8220; background_image=&#8220;http:\/\/aehidroterapiadecolon.com\/wp-content\/uploads\/2014\/04\/fondo-titulo.jpg&#8220; transparent_background=&#8220;off&#8220; background_color=&#8220;#ffffff&#8220; allow_player_pause=&#8220;off&#8220; inner_shadow=&#8220;off&#8220; parallax=&#8220;off&#8220; parallax_method=&#8220;off&#8220;][et_pb_fullwidth_header admin_label=&#8220;T\u00edtulo de anchura completa&#8220; title=&#8220;Indikationen&#8220; background_layout=&#8220;light&#8220; text_orientation=&#8220;left&#8220; \/][\/et_pb_section][et_pb_section][et_pb_row][et_pb_column type=&#8220;4_4&#8243;][et_pb_image admin_label=&#8220;Imagen&#8220; src=&#8220;http:\/\/aehidroterapiadecolon.com\/wp-content\/uploads\/2014\/04\/imagen3.jpg&#8220; alt=&#8220;Imagen Indicaciones&#8220; show_in_lightbox=&#8220;off&#8220; url_new_window=&#8220;off&#8220; animation=&#8220;left&#8220; sticky=&#8220;off&#8220; \/][et_pb_text admin_label=&#8220;Texto&#8220; background_layout=&#8220;light&#8220; text_orientation=&#8220;left&#8220; module_class=&#8220;li_outside_cursiva&#8220;]Colon-Hydrotherapie ist in der Regel f\u00fcr Menschen, die an Darmproblemen leiden, und f\u00f6rderlich f\u00fcr die Reinigung und allgemeine Entgiftung des K\u00f6rpers.<\/p>\n<p>Allgemeine Indikationen:<\/p>\n<ul>\n<li>Verstopfung.<\/li>\n<li>Diarrhoe.<\/li>\n<li>Die Entfernung von versehentlich-eingenommenen Fremdk\u00f6rpern und unverdaute Nahrung.<\/li>\n<li>Parasiten.<\/li>\n<li>Divertikulose.<\/li>\n<li>Flatulenz.<\/li>\n<li>Vor einer Darmspiegelung oder Operation.<\/li>\n<li>Entgiftung.<\/li>\n<\/ul>\n<p>Secondary indications in line with detoxification:<\/p>\n<ul>\n<li>Prevents premature aging of skin and body.<\/li>\n<li>Reduces cellulite, obesity and swollen legs.<\/li>\n<li>Improves immune system disorders.<\/li>\n<li>Improves hemorrhoids, varicose veins and lymphatic disorders.<\/li>\n<li>Improves psoriasis, eczema, acne and dry skin.<\/li>\n<li>Nebenanzeigen in Einklang mit Entgiftung.<\/li>\n<li>Verhindert vorzeitige Alterung der Haut und des K\u00f6rpers.<\/li>\n<li>Reduziert Cellulite, \u00dcbergewicht und geschwollene Beine.<\/li>\n<li>Lindert St\u00f6rungen des Immunsystems.<\/li>\n<li>Lindert H\u00e4morrhoiden, Krampfadern und Erkrankungen des Lymphsystems.<\/li>\n<li>Lindert Psoriasis, Ekzemen, Akne und trockene Haut.<\/li>\n<li>Reduces ENT conditions such as sinusitis and rhinitis.<\/li>\n<li>Reduces rheumatic diseases such as osteoarthritis, arthritis, fibromyalgia and low back pain.<\/li>\n<li>Reduces allergies.<\/li>\n<li>Reduces stress, headaches, migraines and depression.<\/li>\n<li>Strengthens abdominal and pelvic floor muscles.<\/li>\n<li>Removes adhesions caused by chronic inflammatory processes.<\/li>\n<li>Increases resistance to fatigue.<\/li>\n<li>Improved mood and sleep.<\/li>\n<li>Reduziert HNO-Erkrankungen wie Sinusitis und Rhinitis.<\/li>\n<li>Reduziert rheumatische Erkrankungen wie Arthrose, Arthritis, Fibromyalgie und R\u00fcckenschmerzen.<\/li>\n<li>Reduziert Allergien.<\/li>\n<li>Reduziert Stress, Kopfschmerzen, Migr\u00e4ne und Depressionen.<\/li>\n<li>St\u00e4rkung der Bauch- und Beckenbodenmuskulatur.<\/li>\n<li>Entfernt durch chronische Entz\u00fcndungsprozesse verursachte Verwachsungen.<\/li>\n<li>Erh\u00f6ht die Widerstandsf\u00e4higkeit gegen Erm\u00fcdung.<\/li>\n<li>Verbesserte Stimmung und Schlaf.<\/li>\n<\/ul>\n<p>[\/et_pb_text][\/et_pb_column][\/et_pb_row][\/et_pb_section]<\/p>\n","protected":false},"excerpt":{"rendered":"<p>[et_pb_section fullwidth=&#8220;on&#8220; specialty=&#8220;off&#8220; background_image=&#8220;http:\/\/aehidroterapiadecolon.com\/wp-content\/uploads\/2014\/04\/fondo-titulo.jpg&#8220; transparent_background=&#8220;off&#8220; background_color=&#8220;#ffffff&#8220; allow_player_pause=&#8220;off&#8220; inner_shadow=&#8220;off&#8220; parallax=&#8220;off&#8220; parallax_method=&#8220;off&#8220;][et_pb_fullwidth_header admin_label=&#8220;T\u00edtulo de anchura completa&#8220; title=&#8220;Indikationen&#8220; background_layout=&#8220;light&#8220; text_orientation=&#8220;left&#8220; \/][\/et_pb_section][et_pb_section][et_pb_row][et_pb_column type=&#8220;4_4&#8243;][et_pb_image admin_label=&#8220;Imagen&#8220; src=&#8220;http:\/\/aehidroterapiadecolon.com\/wp-content\/uploads\/2014\/04\/imagen3.jpg&#8220; alt=&#8220;Imagen Indicaciones&#8220; show_in_lightbox=&#8220;off&#8220; url_new_window=&#8220;off&#8220; animation=&#8220;left&#8220; sticky=&#8220;off&#8220; \/][et_pb_text admin_label=&#8220;Texto&#8220; background_layout=&#8220;light&#8220; text_orientation=&#8220;left&#8220; module_class=&#8220;li_outside_cursiva&#8220;]Colon-Hydrotherapie ist in der Regel f\u00fcr Menschen, die an Darmproblemen leiden, und f\u00f6rderlich f\u00fcr die Reinigung und allgemeine Entgiftung des K\u00f6rpers. Allgemeine Indikationen: Verstopfung. [&hellip;]<\/p>\n","protected":false},"author":6,"featured_media":0,"parent":0,"menu_order":0,"comment_status":"open","ping_status":"closed","template":"","meta":{"_et_pb_use_builder":"on","_et_pb_old_content":"[et_pb_section fullwidth=\"on\" specialty=\"off\" background_image=\"http:\/\/aehidroterapiadecolon.com\/wp-content\/uploads\/2014\/04\/fondo-titulo.jpg\" transparent_background=\"off\" background_color=\"#ffffff\" allow_player_pause=\"off\" inner_shadow=\"off\" parallax=\"off\" parallax_method=\"off\"][et_pb_fullwidth_header admin_label=\"T\u00edtulo de anchura completa\" title=\"Indicaciones\" background_layout=\"light\" text_orientation=\"left\" \/][\/et_pb_section][et_pb_section][et_pb_row][et_pb_column type=\"4_4\"][et_pb_image admin_label=\"Imagen\" src=\"http:\/\/aehidroterapiadecolon.com\/wp-content\/uploads\/2014\/04\/imagen3.jpg\" alt=\"Imagen Indicaciones\" show_in_lightbox=\"off\" url_new_window=\"off\" animation=\"left\" sticky=\"off\" \/][et_pb_text admin_label=\"Texto\" background_layout=\"light\" text_orientation=\"left\" module_class=\"li_outside_cursiva\"]La hidroterapia de colon est\u00e1 indicada, en general, para las personas que sufren problemas intestinales y para las personas que deseen realizar una depuraci\u00f3n y desintoxicaci\u00f3n general del organismo.\r\n\r\nIndicaciones generales:\r\n<ul>\r\n\t<li>Estre\u00f1imiento.<\/li>\r\n\t<li>Diarrea.<\/li>\r\n\t<li>Eliminaci\u00f3n de objetos extra\u00f1os ingeridos por error y alimentos no digeridos.<\/li>\r\n\t<li>Par\u00e1sitos.<\/li>\r\n\t<li>Diverticulosis.<\/li>\r\n\t<li>Flatulencias.<\/li>\r\n\t<li>Antes de realizar una colonoscopia u operaci\u00f3n.<\/li>\r\n\t<li>Desintoxicaci\u00f3n.<\/li>\r\n<\/ul>\r\nIndicaciones secundarias, debido a la desintoxicaci\u00f3n:\r\n<ul>\r\n\t<li>Evita el envejecimiento prematuro de la piel y del organismo.<\/li>\r\n\t<li>Reduce la celulitis, la obesidad y las piernas hinchadas.<\/li>\r\n\t<li>Mejora los trastornos del sistema inmunol\u00f3gico.<\/li>\r\n\t<li>Mejora las hemorroides, las varices y los trastornos linf\u00e1ticos.<\/li>\r\n\t<li>Mejora la psoriasis, los eccemas, el acn\u00e9 y la piel seca.<\/li>\r\n\t<li>Reduce las afecciones otorrinolaringol\u00f3gicas como la sinusitis y la rinitis.<\/li>\r\n\t<li>Reduce las afecciones reum\u00e1ticas como la artrosis, la artritis, la fibromialgia y las lumbalgias.<\/li>\r\n\t<li>Reduce las alergias.<\/li>\r\n\t<li>Reduce el estr\u00e9s, las jaquecas, las migra\u00f1as y la depresi\u00f3n.<\/li>\r\n\t<li>Fortalece la musculatura abdominal y el suelo p\u00e9lvico.<\/li>\r\n\t<li>Elimina las adherencias provocadas por procesos inflamatorios cr\u00f3nicos.<\/li>\r\n\t<li>Mayor resistencia a la fatiga.<\/li>\r\n\t<li>Mejor\u00eda del estado an\u00edmico y del sue\u00f1o.<\/li>\r\n<\/ul>[\/et_pb_text][\/et_pb_column][\/et_pb_row][\/et_pb_section]","_et_gb_content_width":""},"yoast_head":"<!-- This site is optimized with the Yoast SEO plugin v19.7.1 - https:\/\/yoast.com\/wordpress\/plugins\/seo\/ -->\n<title>Indikationen - Spanischen Verband der Colon-Hydro-Therapie<\/title>\n<meta name=\"description\" content=\"allgemeine und sekund\u00e4ren Indikationen, aufgrund Entgiftung, f\u00fcr Menschen, die Hydrotherapie Kolon gemacht\" \/>\n<meta name=\"robots\" content=\"index, follow, max-snippet:-1, max-image-preview:large, max-video-preview:-1\" \/>\n<link rel=\"canonical\" href=\"https:\/\/aehidroterapiadecolon.com\/de\/indikationen\/\" \/>\n<meta property=\"og:locale\" content=\"de_DE\" \/>\n<meta property=\"og:type\" content=\"article\" \/>\n<meta property=\"og:title\" content=\"Indikationen - Spanischen Verband der Colon-Hydro-Therapie\" \/>\n<meta property=\"og:description\" content=\"allgemeine und sekund\u00e4ren Indikationen, aufgrund Entgiftung, f\u00fcr Menschen, die Hydrotherapie Kolon gemacht\" \/>\n<meta property=\"og:url\" content=\"https:\/\/aehidroterapiadecolon.com\/de\/indikationen\/\" \/>\n<meta property=\"og:site_name\" content=\"Asociaci\u00f3n Espa\u00f1ola de Hidroterapia de Colon\" \/>\n<meta property=\"article:publisher\" content=\"https:\/\/www.facebook.com\/pages\/Asociacion-Espa%c3%b1ola-de-Hidroterapia-de-Colon\/1498644383756868\" \/>\n<meta property=\"article:modified_time\" content=\"2016-03-31T08:48:18+00:00\" \/>\n<meta property=\"og:image\" content=\"http:\/\/aehidroterapiadecolon.com\/wp-content\/uploads\/2015\/04\/logo.gif\" \/>\n<meta name=\"twitter:card\" content=\"summary\" \/>\n<meta name=\"twitter:label1\" content=\"Gesch\u00e4tzte Lesezeit\" \/>\n\t<meta name=\"twitter:data1\" content=\"2\u00a0Minuten\" \/>\n<script type=\"application\/ld+json\" class=\"yoast-schema-graph\">{\"@context\":\"https:\/\/schema.org\",\"@graph\":[{\"@type\":\"WebPage\",\"@id\":\"https:\/\/aehidroterapiadecolon.com\/de\/indikationen\/\",\"url\":\"https:\/\/aehidroterapiadecolon.com\/de\/indikationen\/\",\"name\":\"Indikationen - Spanischen Verband der Colon-Hydro-Therapie\",\"isPartOf\":{\"@id\":\"https:\/\/aehidroterapiadecolon.com\/#website\"},\"datePublished\":\"2016-03-29T08:09:25+00:00\",\"dateModified\":\"2016-03-31T08:48:18+00:00\",\"description\":\"allgemeine und sekund\u00e4ren Indikationen, aufgrund Entgiftung, f\u00fcr Menschen, die Hydrotherapie Kolon gemacht\",\"breadcrumb\":{\"@id\":\"https:\/\/aehidroterapiadecolon.com\/de\/indikationen\/#breadcrumb\"},\"inLanguage\":\"de\",\"potentialAction\":[{\"@type\":\"ReadAction\",\"target\":[\"https:\/\/aehidroterapiadecolon.com\/de\/indikationen\/\"]}]},{\"@type\":\"BreadcrumbList\",\"@id\":\"https:\/\/aehidroterapiadecolon.com\/de\/indikationen\/#breadcrumb\",\"itemListElement\":[{\"@type\":\"ListItem\",\"position\":1,\"name\":\"Portada\",\"item\":\"https:\/\/aehidroterapiadecolon.com\/de\/\"},{\"@type\":\"ListItem\",\"position\":2,\"name\":\"Indikationen\"}]},{\"@type\":\"WebSite\",\"@id\":\"https:\/\/aehidroterapiadecolon.com\/#website\",\"url\":\"https:\/\/aehidroterapiadecolon.com\/\",\"name\":\"Asociaci\u00f3n Espa\u00f1ola de Hidroterapia de Colon\",\"description\":\"AEHC\",\"potentialAction\":[{\"@type\":\"SearchAction\",\"target\":{\"@type\":\"EntryPoint\",\"urlTemplate\":\"https:\/\/aehidroterapiadecolon.com\/?s={search_term_string}\"},\"query-input\":\"required name=search_term_string\"}],\"inLanguage\":\"de\"}]}<\/script>\n<!-- \/ Yoast SEO plugin. -->","yoast_head_json":{"title":"Indikationen - Spanischen Verband der Colon-Hydro-Therapie","description":"allgemeine und sekund\u00e4ren Indikationen, aufgrund Entgiftung, f\u00fcr Menschen, die Hydrotherapie Kolon gemacht","robots":{"index":"index","follow":"follow","max-snippet":"max-snippet:-1","max-image-preview":"max-image-preview:large","max-video-preview":"max-video-preview:-1"},"canonical":"https:\/\/aehidroterapiadecolon.com\/de\/indikationen\/","og_locale":"de_DE","og_type":"article","og_title":"Indikationen - Spanischen Verband der Colon-Hydro-Therapie","og_description":"allgemeine und sekund\u00e4ren Indikationen, aufgrund Entgiftung, f\u00fcr Menschen, die Hydrotherapie Kolon gemacht","og_url":"https:\/\/aehidroterapiadecolon.com\/de\/indikationen\/","og_site_name":"Asociaci\u00f3n Espa\u00f1ola de Hidroterapia de Colon","article_publisher":"https:\/\/www.facebook.com\/pages\/Asociacion-Espa%c3%b1ola-de-Hidroterapia-de-Colon\/1498644383756868","article_modified_time":"2016-03-31T08:48:18+00:00","og_image":[{"url":"http:\/\/aehidroterapiadecolon.com\/wp-content\/uploads\/2015\/04\/logo.gif"}],"twitter_card":"summary","twitter_misc":{"Gesch\u00e4tzte Lesezeit":"2\u00a0Minuten"},"schema":{"@context":"https:\/\/schema.org","@graph":[{"@type":"WebPage","@id":"https:\/\/aehidroterapiadecolon.com\/de\/indikationen\/","url":"https:\/\/aehidroterapiadecolon.com\/de\/indikationen\/","name":"Indikationen - Spanischen Verband der Colon-Hydro-Therapie","isPartOf":{"@id":"https:\/\/aehidroterapiadecolon.com\/#website"},"datePublished":"2016-03-29T08:09:25+00:00","dateModified":"2016-03-31T08:48:18+00:00","description":"allgemeine und sekund\u00e4ren Indikationen, aufgrund Entgiftung, f\u00fcr Menschen, die Hydrotherapie Kolon gemacht","breadcrumb":{"@id":"https:\/\/aehidroterapiadecolon.com\/de\/indikationen\/#breadcrumb"},"inLanguage":"de","potentialAction":[{"@type":"ReadAction","target":["https:\/\/aehidroterapiadecolon.com\/de\/indikationen\/"]}]},{"@type":"BreadcrumbList","@id":"https:\/\/aehidroterapiadecolon.com\/de\/indikationen\/#breadcrumb","itemListElement":[{"@type":"ListItem","position":1,"name":"Portada","item":"https:\/\/aehidroterapiadecolon.com\/de\/"},{"@type":"ListItem","position":2,"name":"Indikationen"}]},{"@type":"WebSite","@id":"https:\/\/aehidroterapiadecolon.com\/#website","url":"https:\/\/aehidroterapiadecolon.com\/","name":"Asociaci\u00f3n Espa\u00f1ola de Hidroterapia de Colon","description":"AEHC","potentialAction":[{"@type":"SearchAction","target":{"@type":"EntryPoint","urlTemplate":"https:\/\/aehidroterapiadecolon.com\/?s={search_term_string}"},"query-input":"required name=search_term_string"}],"inLanguage":"de"}]}},"_links":{"self":[{"href":"https:\/\/aehidroterapiadecolon.com\/de\/wp-json\/wp\/v2\/pages\/1660"}],"collection":[{"href":"https:\/\/aehidroterapiadecolon.com\/de\/wp-json\/wp\/v2\/pages"}],"about":[{"href":"https:\/\/aehidroterapiadecolon.com\/de\/wp-json\/wp\/v2\/types\/page"}],"author":[{"embeddable":true,"href":"https:\/\/aehidroterapiadecolon.com\/de\/wp-json\/wp\/v2\/users\/6"}],"replies":[{"embeddable":true,"href":"https:\/\/aehidroterapiadecolon.com\/de\/wp-json\/wp\/v2\/comments?post=1660"}],"version-history":[{"count":1,"href":"https:\/\/aehidroterapiadecolon.com\/de\/wp-json\/wp\/v2\/pages\/1660\/revisions"}],"predecessor-version":[{"id":1661,"href":"https:\/\/aehidroterapiadecolon.com\/de\/wp-json\/wp\/v2\/pages\/1660\/revisions\/1661"}],"wp:attachment":[{"href":"https:\/\/aehidroterapiadecolon.com\/de\/wp-json\/wp\/v2\/media?parent=1660"}],"curies":[{"name":"wp","href":"https:\/\/api.w.org\/{rel}","templated":true}]}}