{"id":1664,"date":"2016-03-29T07:36:09","date_gmt":"2016-03-29T07:36:09","guid":{"rendered":"http:\/\/aehidroterapiadecolon.com\/?page_id=1664"},"modified":"2016-03-31T08:47:17","modified_gmt":"2016-03-31T08:47:17","slug":"einlaufe-abfuhrmittel-und-darmreinigung","status":"publish","type":"page","link":"https:\/\/aehidroterapiadecolon.com\/de\/einlaufe-abfuhrmittel-und-darmreinigung\/","title":{"rendered":"Einl\u00e4ufe, Abf\u00fchrmittel und Darmreinigung"},"content":{"rendered":"<p>[et_pb_section fullwidth=&#8220;on&#8220; specialty=&#8220;off&#8220; background_image=&#8220;http:\/\/aehidroterapiadecolon.com\/wp-content\/uploads\/2014\/04\/fondo-titulo.jpg&#8220; transparent_background=&#8220;off&#8220; background_color=&#8220;#ffffff&#8220; allow_player_pause=&#8220;off&#8220; inner_shadow=&#8220;off&#8220; parallax=&#8220;off&#8220; parallax_method=&#8220;off&#8220;][et_pb_fullwidth_header admin_label=&#8220;T\u00edtulo de anchura completa&#8220; title=&#8220;Einl\u00e4ufe, Abf\u00fchrmittel und Darmreinigung&#8220; background_layout=&#8220;light&#8220; text_orientation=&#8220;left&#8220; \/][\/et_pb_section][et_pb_section][et_pb_row][et_pb_column type=&#8220;4_4&#8243;][et_pb_image admin_label=&#8220;Imagen&#8220; src=&#8220;http:\/\/aehidroterapiadecolon.com\/wp-content\/uploads\/2014\/04\/imagen5.jpg&#8220; alt=&#8220;Imagen Enemas, laxantes e H.D.C.&#8220; show_in_lightbox=&#8220;off&#8220; url_new_window=&#8220;off&#8220; animation=&#8220;left&#8220; sticky=&#8220;off&#8220; \/][et_pb_text admin_label=&#8220;Texto&#8220; background_layout=&#8220;light&#8220; text_orientation=&#8220;left&#8220;]<strong>Abf\u00fchrmittel<\/strong><\/p>\n<p>Die Verabreichung von Abf\u00fchrmitteln wird oral durchgef\u00fchrt, da sie Verdauungsprozesse st\u00f6ren. Abf\u00fchrmittel stimulieren die W\u00e4nde des Dickdarms, unnat\u00fcrlich stark zu kontrahieren, und verursachen kontinuierliche Reizung, Abh\u00e4ngigkeit und Austrocknung des K\u00f6rpers.<\/p>\n<p><strong>Einl\u00e4ufe<\/strong><\/p>\n<p>Ein Einlauf ist die Einf\u00fchrung von Wasser in das Rektum, welches f\u00fcr einige Sekunden gehalten und dann freigelassen wird. Die Wasserr\u00fcckhaltezeit ist sehr kurz durch die nat\u00fcrliche Tendenz des Dickdarms rektale Inhalte auszusto\u00dfen. Des weiteren erreicht der Einlauf nur das Rektum und beinhaltet unerw\u00fcnschte Ger\u00fcche.<\/p>\n<p><strong>Colon-Hydrotherapie<\/strong><\/p>\n<p>Colon-Hydro ist eine komplette Reinigung des Dickdarms vom Rektum bis zum Blinddarm. Der Patient ist nicht an dem Evakuierungsprozess beteiligt, welcher die geruchsfrei ist. Die Retentionszeit des Wassers dauert einige Minuten und bietet den Komfort die Peristaltik nat\u00fcrlich zu stimulieren, das gefilterte und gereinigte Wasser kann kontrolliert und die Temperatur und Wassermenge nach Wunsch angepasst werden.[\/et_pb_text][\/et_pb_column][\/et_pb_row][\/et_pb_section]<\/p>\n","protected":false},"excerpt":{"rendered":"<p>[et_pb_section fullwidth=&#8220;on&#8220; specialty=&#8220;off&#8220; background_image=&#8220;http:\/\/aehidroterapiadecolon.com\/wp-content\/uploads\/2014\/04\/fondo-titulo.jpg&#8220; transparent_background=&#8220;off&#8220; background_color=&#8220;#ffffff&#8220; allow_player_pause=&#8220;off&#8220; inner_shadow=&#8220;off&#8220; parallax=&#8220;off&#8220; parallax_method=&#8220;off&#8220;][et_pb_fullwidth_header admin_label=&#8220;T\u00edtulo de anchura completa&#8220; title=&#8220;Einl\u00e4ufe, Abf\u00fchrmittel und Darmreinigung&#8220; background_layout=&#8220;light&#8220; text_orientation=&#8220;left&#8220; \/][\/et_pb_section][et_pb_section][et_pb_row][et_pb_column type=&#8220;4_4&#8243;][et_pb_image admin_label=&#8220;Imagen&#8220; src=&#8220;http:\/\/aehidroterapiadecolon.com\/wp-content\/uploads\/2014\/04\/imagen5.jpg&#8220; alt=&#8220;Imagen Enemas, laxantes e H.D.C.&#8220; show_in_lightbox=&#8220;off&#8220; url_new_window=&#8220;off&#8220; animation=&#8220;left&#8220; sticky=&#8220;off&#8220; \/][et_pb_text admin_label=&#8220;Texto&#8220; background_layout=&#8220;light&#8220; text_orientation=&#8220;left&#8220;]Abf\u00fchrmittel Die Verabreichung von Abf\u00fchrmitteln wird oral durchgef\u00fchrt, da sie Verdauungsprozesse st\u00f6ren. Abf\u00fchrmittel stimulieren die W\u00e4nde des Dickdarms, unnat\u00fcrlich [&hellip;]<\/p>\n","protected":false},"author":6,"featured_media":0,"parent":0,"menu_order":0,"comment_status":"open","ping_status":"closed","template":"","meta":{"_et_pb_use_builder":"on","_et_pb_old_content":"[et_pb_section fullwidth=\"on\" specialty=\"off\" background_image=\"http:\/\/aehidroterapiadecolon.com\/wp-content\/uploads\/2014\/04\/fondo-titulo.jpg\" transparent_background=\"off\" background_color=\"#ffffff\" allow_player_pause=\"off\" inner_shadow=\"off\" parallax=\"off\" parallax_method=\"off\"][et_pb_fullwidth_header admin_label=\"T\u00edtulo de anchura completa\" title=\"Enemas, laxantes e H.D.C.\" background_layout=\"light\" text_orientation=\"left\" \/][\/et_pb_section][et_pb_section][et_pb_row][et_pb_column type=\"4_4\"][et_pb_image admin_label=\"Imagen\" src=\"http:\/\/aehidroterapiadecolon.com\/wp-content\/uploads\/2014\/04\/imagen5.jpg\" alt=\"Imagen Enemas, laxantes e H.D.C.\" show_in_lightbox=\"off\" url_new_window=\"off\" animation=\"left\" sticky=\"off\" \/][et_pb_text admin_label=\"Texto\" background_layout=\"light\" text_orientation=\"left\"]<strong>Los laxantes<\/strong>\r\n\r\nLa administraci\u00f3n de los laxantes se realiza v\u00eda oral, por lo que interfieren en los procesos digestivos.\u00a0Los laxantes estimulan las paredes del intestino grueso a fin de contraerlas anormalmente, provocando una continua irritaci\u00f3n, dependencia y deshidrataci\u00f3n del organismo.\r\n\r\n<strong>Los enemas<\/strong>\r\n\r\nUn enema es la introducci\u00f3n de agua por el recto retenida durante unos segundos y luego evacuada.\u00a0El tiempo de retenci\u00f3n del agua es muy corto debido a la tendencia natural del intestino grueso de expeler el contenido rectal. Adem\u00e1s el enema no llega m\u00e1s all\u00e1 del recto e implica malos olores.\r\n\r\n<strong>La hidroterapia de colon<\/strong>\r\n\r\nLa hidroterapia de colon es un lavado completo del intestino grueso desde el recto hasta el ciego.\u00a0La persona no est\u00e1 implicada en el proceso de evacuaci\u00f3n, no aparecen malos olores, el tiempo de retenci\u00f3n del agua dura unos minutos debido a la comodidad que ofrece, estimula el peristaltismo de forma natural, el agua es filtrada y depurada y se puede controlar y cambiar la temperatura y el caudal del agua seg\u00fan se desee.[\/et_pb_text][\/et_pb_column][\/et_pb_row][\/et_pb_section]","_et_gb_content_width":""},"yoast_head":"<!-- This site is optimized with the Yoast SEO plugin v19.7.1 - https:\/\/yoast.com\/wordpress\/plugins\/seo\/ -->\n<title>Einl\u00e4ufe, Abf\u00fchrmittel und Darmreinigung - Spanischen Verband der Colon-Hydro-Therapie<\/title>\n<meta name=\"description\" content=\"Beschreibung der Eigenschaften von Einl\u00e4ufe, Abf\u00fchrmittel und Darmreinigung\" \/>\n<meta name=\"robots\" content=\"index, follow, max-snippet:-1, max-image-preview:large, max-video-preview:-1\" \/>\n<link rel=\"canonical\" href=\"https:\/\/aehidroterapiadecolon.com\/de\/einlaufe-abfuhrmittel-und-darmreinigung\/\" \/>\n<meta property=\"og:locale\" content=\"de_DE\" \/>\n<meta property=\"og:type\" content=\"article\" \/>\n<meta property=\"og:title\" content=\"Einl\u00e4ufe, Abf\u00fchrmittel und Darmreinigung - Spanischen Verband der Colon-Hydro-Therapie\" \/>\n<meta property=\"og:description\" content=\"Beschreibung der Eigenschaften von Einl\u00e4ufe, Abf\u00fchrmittel und Darmreinigung\" \/>\n<meta property=\"og:url\" content=\"https:\/\/aehidroterapiadecolon.com\/de\/einlaufe-abfuhrmittel-und-darmreinigung\/\" \/>\n<meta property=\"og:site_name\" content=\"Asociaci\u00f3n Espa\u00f1ola de Hidroterapia de Colon\" \/>\n<meta property=\"article:publisher\" content=\"https:\/\/www.facebook.com\/pages\/Asociacion-Espa%c3%b1ola-de-Hidroterapia-de-Colon\/1498644383756868\" \/>\n<meta property=\"article:modified_time\" content=\"2016-03-31T08:47:17+00:00\" \/>\n<meta property=\"og:image\" content=\"http:\/\/aehidroterapiadecolon.com\/wp-content\/uploads\/2015\/04\/logo.gif\" \/>\n<meta name=\"twitter:card\" content=\"summary\" \/>\n<meta name=\"twitter:label1\" content=\"Gesch\u00e4tzte Lesezeit\" \/>\n\t<meta name=\"twitter:data1\" content=\"1\u00a0Minute\" \/>\n<script type=\"application\/ld+json\" class=\"yoast-schema-graph\">{\"@context\":\"https:\/\/schema.org\",\"@graph\":[{\"@type\":\"WebPage\",\"@id\":\"https:\/\/aehidroterapiadecolon.com\/de\/einlaufe-abfuhrmittel-und-darmreinigung\/\",\"url\":\"https:\/\/aehidroterapiadecolon.com\/de\/einlaufe-abfuhrmittel-und-darmreinigung\/\",\"name\":\"Einl\u00e4ufe, Abf\u00fchrmittel und Darmreinigung - Spanischen Verband der Colon-Hydro-Therapie\",\"isPartOf\":{\"@id\":\"https:\/\/aehidroterapiadecolon.com\/#website\"},\"datePublished\":\"2016-03-29T07:36:09+00:00\",\"dateModified\":\"2016-03-31T08:47:17+00:00\",\"description\":\"Beschreibung der Eigenschaften von Einl\u00e4ufe, Abf\u00fchrmittel und Darmreinigung\",\"breadcrumb\":{\"@id\":\"https:\/\/aehidroterapiadecolon.com\/de\/einlaufe-abfuhrmittel-und-darmreinigung\/#breadcrumb\"},\"inLanguage\":\"de\",\"potentialAction\":[{\"@type\":\"ReadAction\",\"target\":[\"https:\/\/aehidroterapiadecolon.com\/de\/einlaufe-abfuhrmittel-und-darmreinigung\/\"]}]},{\"@type\":\"BreadcrumbList\",\"@id\":\"https:\/\/aehidroterapiadecolon.com\/de\/einlaufe-abfuhrmittel-und-darmreinigung\/#breadcrumb\",\"itemListElement\":[{\"@type\":\"ListItem\",\"position\":1,\"name\":\"Portada\",\"item\":\"https:\/\/aehidroterapiadecolon.com\/de\/\"},{\"@type\":\"ListItem\",\"position\":2,\"name\":\"Einl\u00e4ufe, Abf\u00fchrmittel und Darmreinigung\"}]},{\"@type\":\"WebSite\",\"@id\":\"https:\/\/aehidroterapiadecolon.com\/#website\",\"url\":\"https:\/\/aehidroterapiadecolon.com\/\",\"name\":\"Asociaci\u00f3n Espa\u00f1ola de Hidroterapia de Colon\",\"description\":\"AEHC\",\"potentialAction\":[{\"@type\":\"SearchAction\",\"target\":{\"@type\":\"EntryPoint\",\"urlTemplate\":\"https:\/\/aehidroterapiadecolon.com\/?s={search_term_string}\"},\"query-input\":\"required name=search_term_string\"}],\"inLanguage\":\"de\"}]}<\/script>\n<!-- \/ Yoast SEO plugin. -->","yoast_head_json":{"title":"Einl\u00e4ufe, Abf\u00fchrmittel und Darmreinigung - Spanischen Verband der Colon-Hydro-Therapie","description":"Beschreibung der Eigenschaften von Einl\u00e4ufe, Abf\u00fchrmittel und Darmreinigung","robots":{"index":"index","follow":"follow","max-snippet":"max-snippet:-1","max-image-preview":"max-image-preview:large","max-video-preview":"max-video-preview:-1"},"canonical":"https:\/\/aehidroterapiadecolon.com\/de\/einlaufe-abfuhrmittel-und-darmreinigung\/","og_locale":"de_DE","og_type":"article","og_title":"Einl\u00e4ufe, Abf\u00fchrmittel und Darmreinigung - Spanischen Verband der Colon-Hydro-Therapie","og_description":"Beschreibung der Eigenschaften von Einl\u00e4ufe, Abf\u00fchrmittel und Darmreinigung","og_url":"https:\/\/aehidroterapiadecolon.com\/de\/einlaufe-abfuhrmittel-und-darmreinigung\/","og_site_name":"Asociaci\u00f3n Espa\u00f1ola de Hidroterapia de Colon","article_publisher":"https:\/\/www.facebook.com\/pages\/Asociacion-Espa%c3%b1ola-de-Hidroterapia-de-Colon\/1498644383756868","article_modified_time":"2016-03-31T08:47:17+00:00","og_image":[{"url":"http:\/\/aehidroterapiadecolon.com\/wp-content\/uploads\/2015\/04\/logo.gif"}],"twitter_card":"summary","twitter_misc":{"Gesch\u00e4tzte Lesezeit":"1\u00a0Minute"},"schema":{"@context":"https:\/\/schema.org","@graph":[{"@type":"WebPage","@id":"https:\/\/aehidroterapiadecolon.com\/de\/einlaufe-abfuhrmittel-und-darmreinigung\/","url":"https:\/\/aehidroterapiadecolon.com\/de\/einlaufe-abfuhrmittel-und-darmreinigung\/","name":"Einl\u00e4ufe, Abf\u00fchrmittel und Darmreinigung - Spanischen Verband der Colon-Hydro-Therapie","isPartOf":{"@id":"https:\/\/aehidroterapiadecolon.com\/#website"},"datePublished":"2016-03-29T07:36:09+00:00","dateModified":"2016-03-31T08:47:17+00:00","description":"Beschreibung der Eigenschaften von Einl\u00e4ufe, Abf\u00fchrmittel und Darmreinigung","breadcrumb":{"@id":"https:\/\/aehidroterapiadecolon.com\/de\/einlaufe-abfuhrmittel-und-darmreinigung\/#breadcrumb"},"inLanguage":"de","potentialAction":[{"@type":"ReadAction","target":["https:\/\/aehidroterapiadecolon.com\/de\/einlaufe-abfuhrmittel-und-darmreinigung\/"]}]},{"@type":"BreadcrumbList","@id":"https:\/\/aehidroterapiadecolon.com\/de\/einlaufe-abfuhrmittel-und-darmreinigung\/#breadcrumb","itemListElement":[{"@type":"ListItem","position":1,"name":"Portada","item":"https:\/\/aehidroterapiadecolon.com\/de\/"},{"@type":"ListItem","position":2,"name":"Einl\u00e4ufe, Abf\u00fchrmittel und Darmreinigung"}]},{"@type":"WebSite","@id":"https:\/\/aehidroterapiadecolon.com\/#website","url":"https:\/\/aehidroterapiadecolon.com\/","name":"Asociaci\u00f3n Espa\u00f1ola de Hidroterapia de Colon","description":"AEHC","potentialAction":[{"@type":"SearchAction","target":{"@type":"EntryPoint","urlTemplate":"https:\/\/aehidroterapiadecolon.com\/?s={search_term_string}"},"query-input":"required name=search_term_string"}],"inLanguage":"de"}]}},"_links":{"self":[{"href":"https:\/\/aehidroterapiadecolon.com\/de\/wp-json\/wp\/v2\/pages\/1664"}],"collection":[{"href":"https:\/\/aehidroterapiadecolon.com\/de\/wp-json\/wp\/v2\/pages"}],"about":[{"href":"https:\/\/aehidroterapiadecolon.com\/de\/wp-json\/wp\/v2\/types\/page"}],"author":[{"embeddable":true,"href":"https:\/\/aehidroterapiadecolon.com\/de\/wp-json\/wp\/v2\/users\/6"}],"replies":[{"embeddable":true,"href":"https:\/\/aehidroterapiadecolon.com\/de\/wp-json\/wp\/v2\/comments?post=1664"}],"version-history":[{"count":1,"href":"https:\/\/aehidroterapiadecolon.com\/de\/wp-json\/wp\/v2\/pages\/1664\/revisions"}],"predecessor-version":[{"id":1665,"href":"https:\/\/aehidroterapiadecolon.com\/de\/wp-json\/wp\/v2\/pages\/1664\/revisions\/1665"}],"wp:attachment":[{"href":"https:\/\/aehidroterapiadecolon.com\/de\/wp-json\/wp\/v2\/media?parent=1664"}],"curies":[{"name":"wp","href":"https:\/\/api.w.org\/{rel}","templated":true}]}}