{"id":1666,"date":"2016-03-29T09:01:33","date_gmt":"2016-03-29T09:01:33","guid":{"rendered":"http:\/\/aehidroterapiadecolon.com\/?page_id=1666"},"modified":"2016-03-31T08:48:02","modified_gmt":"2016-03-31T08:48:02","slug":"haufig-gestellte-fragen-faq","status":"publish","type":"page","link":"https:\/\/aehidroterapiadecolon.com\/de\/haufig-gestellte-fragen-faq\/","title":{"rendered":"H\u00e4ufig gestellte Fragen \/ FAQ"},"content":{"rendered":"<p>[et_pb_section fullwidth=&#8220;on&#8220; specialty=&#8220;off&#8220; background_image=&#8220;http:\/\/aehidroterapiadecolon.com\/wp-content\/uploads\/2014\/04\/fondo-titulo.jpg&#8220; transparent_background=&#8220;off&#8220; background_color=&#8220;#ffffff&#8220; allow_player_pause=&#8220;off&#8220; inner_shadow=&#8220;off&#8220; parallax=&#8220;off&#8220; parallax_method=&#8220;off&#8220;][et_pb_fullwidth_header admin_label=&#8220;T\u00edtulo de anchura completa&#8220; title=&#8220;H\u00e4ufig gestellte Fragen \/ FAQ&#8220; background_layout=&#8220;light&#8220; text_orientation=&#8220;left&#8220; \/][\/et_pb_section][et_pb_section][et_pb_row][et_pb_column type=&#8220;4_4&#8243;][et_pb_image admin_label=&#8220;Imagen&#8220; src=&#8220;http:\/\/aehidroterapiadecolon.com\/wp-content\/uploads\/2014\/04\/imagen7.jpg&#8220; alt=&#8220;Imagen Preguntas Frecuentes&#8220; show_in_lightbox=&#8220;off&#8220; url_new_window=&#8220;off&#8220; animation=&#8220;left&#8220; sticky=&#8220;off&#8220; \/][et_pb_text admin_label=&#8220;Texto&#8220; background_layout=&#8220;light&#8220; text_orientation=&#8220;left&#8220;]<strong>Ist Colon-Hydrotherapie sicher?<\/strong><\/p>\n<p>Colon-Hydrotherapie-Maschinen sind sicher und verhindern, dass der Druck im Dickdarm \u00fcber 150 Millibar steigt, welches wesentlich geringer ist als der nat\u00fcrliche Druck der bei Def\u00e4kation auftritt.<\/p>\n<p><strong>Ist Colon-Hydrotherapie schmerzhaft?<\/strong><\/p>\n<p>Colon-Hydrotherapie ist nicht schmerzhaft. Auch nicht das Einf\u00fchren der Kan\u00fcle in das Rektum durch den Anus, was den meisten Menschen Sorgen bereitet. Die Kan\u00fcle mi\u00dft weniger als 20 Millimeter im Umfang &#8211; Exkremente, die normalerweise beim Stuhlgang ausgeschieden werden, sind \u00fcber vier Zentimeter dick.<\/p>\n<p>Die meisten Menschen entspannen w\u00e4hrend der Sitzung und genie\u00dfen die Darmreinigung Colon-Hydrotherapie tats\u00e4chlich.<\/p>\n<p><strong>Gibt es Nebenwirkungen?<\/strong><\/p>\n<p>Colon-Hydrotherapie hat keine Nebenwirkungen, nicht zu vergessen, egal wie hoch entwickelt die Technik, es handellt sich lediglich um eine Sp\u00fclung mit gereinigtem und gefiltertem Wasser.<\/p>\n<p><strong>Wie lange dauert eine Sitzung?<\/strong><\/p>\n<p>Die Dauer h\u00e4ngt immer vom Zustand und den Anforderungen des Patienten ab. Normalerweise, f\u00fcr jemanden, der die Anweisungen befolgt hat, wird die Sitzung zwischen 30 und 50 Minuten dauern.<\/p>\n<p><strong>Colon-Hydrotherapie w\u00e4hrend der Menstruation?<\/strong><\/p>\n<p>Ja, die Behandlung st\u00f6rt die Menstruation nicht.<\/p>\n<p><strong>Gibt es ein Risiko von viraler oder bakterieller Kontamination \u00fcber die Maschine oder Anlage?<\/strong><\/p>\n<p>Es gibt keine Gefahr einer Kontamination. F\u00fcr jede Colon-Hydrotherapiebehandlung werden Einwegmaterialien in Gegenwart des Patienten ge\u00f6ffnet und am Ende entsorgt. Dar\u00fcber hinaus wird die Maschine nach jeder Sitzung automatisch desinfiziert.[\/et_pb_text][\/et_pb_column][\/et_pb_row][\/et_pb_section]<\/p>\n","protected":false},"excerpt":{"rendered":"<p>[et_pb_section fullwidth=&#8220;on&#8220; specialty=&#8220;off&#8220; background_image=&#8220;http:\/\/aehidroterapiadecolon.com\/wp-content\/uploads\/2014\/04\/fondo-titulo.jpg&#8220; transparent_background=&#8220;off&#8220; background_color=&#8220;#ffffff&#8220; allow_player_pause=&#8220;off&#8220; inner_shadow=&#8220;off&#8220; parallax=&#8220;off&#8220; parallax_method=&#8220;off&#8220;][et_pb_fullwidth_header admin_label=&#8220;T\u00edtulo de anchura completa&#8220; title=&#8220;H\u00e4ufig gestellte Fragen \/ FAQ&#8220; background_layout=&#8220;light&#8220; text_orientation=&#8220;left&#8220; \/][\/et_pb_section][et_pb_section][et_pb_row][et_pb_column type=&#8220;4_4&#8243;][et_pb_image admin_label=&#8220;Imagen&#8220; src=&#8220;http:\/\/aehidroterapiadecolon.com\/wp-content\/uploads\/2014\/04\/imagen7.jpg&#8220; alt=&#8220;Imagen Preguntas Frecuentes&#8220; show_in_lightbox=&#8220;off&#8220; url_new_window=&#8220;off&#8220; animation=&#8220;left&#8220; sticky=&#8220;off&#8220; \/][et_pb_text admin_label=&#8220;Texto&#8220; background_layout=&#8220;light&#8220; text_orientation=&#8220;left&#8220;]Ist Colon-Hydrotherapie sicher? Colon-Hydrotherapie-Maschinen sind sicher und verhindern, dass der Druck im Dickdarm \u00fcber 150 Millibar steigt, welches wesentlich geringer [&hellip;]<\/p>\n","protected":false},"author":6,"featured_media":0,"parent":0,"menu_order":0,"comment_status":"open","ping_status":"closed","template":"","meta":{"_et_pb_use_builder":"on","_et_pb_old_content":"[et_pb_section fullwidth=\"on\" specialty=\"off\" background_image=\"http:\/\/aehidroterapiadecolon.com\/wp-content\/uploads\/2014\/04\/fondo-titulo.jpg\" transparent_background=\"off\" background_color=\"#ffffff\" allow_player_pause=\"off\" inner_shadow=\"off\" parallax=\"off\" parallax_method=\"off\"][et_pb_fullwidth_header admin_label=\"T\u00edtulo de anchura completa\" title=\"Preguntas Frecuentes\" background_layout=\"light\" text_orientation=\"left\" \/][\/et_pb_section][et_pb_section][et_pb_row][et_pb_column type=\"4_4\"][et_pb_image admin_label=\"Imagen\" src=\"http:\/\/aehidroterapiadecolon.com\/wp-content\/uploads\/2014\/04\/imagen7.jpg\" alt=\"Imagen Preguntas Frecuentes\" show_in_lightbox=\"off\" url_new_window=\"off\" animation=\"left\" sticky=\"off\" \/][et_pb_text admin_label=\"Texto\" background_layout=\"light\" text_orientation=\"left\"]<strong>\u00bfEs segura la hidroterapia de colon?<\/strong>\r\n\r\nLas m\u00e1quinas de hidroterapia de colon son seguras, no permiten que la presi\u00f3n que haya en el intestino grueso sea mayor de 150 milibares. Es decir, una presi\u00f3n mucho menor que la presi\u00f3n propia de la defecaci\u00f3n.\r\n\r\n<strong>\u00bfEs dolorosa?<\/strong>\r\n\r\nLa hidroterapia de colon no es dolorosa. Tampoco lo es la entrada de la c\u00e1nula en el recto por el ano, que en la mayor\u00eda de personas es lo que m\u00e1s preocupa. La c\u00e1nula tiene menos de 20 mil\u00edmetros de grosor. Las heces, que son expulsadas con normalidad en el ba\u00f1o, superan los 4 cent\u00edmetros.\r\n\r\nLa mayor\u00eda de las personas se relajan durante la sesi\u00f3n y disfrutan mucho de la limpieza intestinal con la hidroterapia de colon.\r\n\r\n<strong>\u00bfTiene efectos secundarios?<\/strong>\r\n\r\nLa hidroterapia de colon no tiene efectos secundarios, no olvidemos que por muy sofisticada que sea la t\u00e9cnica, es solo una limpieza con agua depurada y filtrada.\r\n\r\n<strong>\u00bfCu\u00e1nto dura una sesi\u00f3n?<\/strong>\r\n\r\nLa duraci\u00f3n siempre depender\u00e1 del estado de la persona y su necesidad. Por lo general, para una persona que ha seguido indicaciones la sesi\u00f3n oscilar\u00e1 entre 30 y 50 minutos.\r\n\r\n<strong>\u00bfPuedo realizarme una hidroterapia del colon durante el periodo?<\/strong>\r\n\r\nSi, el tratamiento no interfiere en el periodo.\r\n\r\n<strong>\u00bfExiste alg\u00fan riesgo de contaminaci\u00f3n viral o bacterial por el uso del aparato?<\/strong>\r\n\r\nNing\u00fan riesgo. Para una sola Hidroterapia del Colon se utilizan materiales desechables que se abren en presencia del paciente antes del tratamiento y al finalizar se tiran. Adem\u00e1s, el aparato es autom\u00e1ticamente desinfectado despu\u00e9s de cada sesi\u00f3n.[\/et_pb_text][\/et_pb_column][\/et_pb_row][\/et_pb_section]","_et_gb_content_width":""},"yoast_head":"<!-- This site is optimized with the Yoast SEO plugin v19.7.1 - https:\/\/yoast.com\/wordpress\/plugins\/seo\/ -->\n<title>H\u00e4ufig gestellte Fragen \/ FAQ - Spanischen Verband der Colon-Hydro-Therapie<\/title>\n<meta name=\"description\" content=\"Liste der h\u00e4ufig gestellten Fragen \u00fcber Colon-Hydro-Therapie\" \/>\n<meta name=\"robots\" content=\"index, follow, max-snippet:-1, max-image-preview:large, max-video-preview:-1\" \/>\n<link rel=\"canonical\" href=\"https:\/\/aehidroterapiadecolon.com\/de\/haufig-gestellte-fragen-faq\/\" \/>\n<meta property=\"og:locale\" content=\"de_DE\" \/>\n<meta property=\"og:type\" content=\"article\" \/>\n<meta property=\"og:title\" content=\"H\u00e4ufig gestellte Fragen \/ FAQ - Spanischen Verband der Colon-Hydro-Therapie\" \/>\n<meta property=\"og:description\" content=\"Liste der h\u00e4ufig gestellten Fragen \u00fcber Colon-Hydro-Therapie\" \/>\n<meta property=\"og:url\" content=\"https:\/\/aehidroterapiadecolon.com\/de\/haufig-gestellte-fragen-faq\/\" \/>\n<meta property=\"og:site_name\" content=\"Asociaci\u00f3n Espa\u00f1ola de Hidroterapia de Colon\" \/>\n<meta property=\"article:publisher\" content=\"https:\/\/www.facebook.com\/pages\/Asociacion-Espa%c3%b1ola-de-Hidroterapia-de-Colon\/1498644383756868\" \/>\n<meta property=\"article:modified_time\" content=\"2016-03-31T08:48:02+00:00\" \/>\n<meta property=\"og:image\" content=\"http:\/\/aehidroterapiadecolon.com\/wp-content\/uploads\/2015\/04\/logo.gif\" \/>\n<meta name=\"twitter:card\" content=\"summary\" \/>\n<meta name=\"twitter:label1\" content=\"Gesch\u00e4tzte Lesezeit\" \/>\n\t<meta name=\"twitter:data1\" content=\"2\u00a0Minuten\" \/>\n<script type=\"application\/ld+json\" class=\"yoast-schema-graph\">{\"@context\":\"https:\/\/schema.org\",\"@graph\":[{\"@type\":\"WebPage\",\"@id\":\"https:\/\/aehidroterapiadecolon.com\/de\/haufig-gestellte-fragen-faq\/\",\"url\":\"https:\/\/aehidroterapiadecolon.com\/de\/haufig-gestellte-fragen-faq\/\",\"name\":\"H\u00e4ufig gestellte Fragen \/ FAQ - Spanischen Verband der Colon-Hydro-Therapie\",\"isPartOf\":{\"@id\":\"https:\/\/aehidroterapiadecolon.com\/#website\"},\"datePublished\":\"2016-03-29T09:01:33+00:00\",\"dateModified\":\"2016-03-31T08:48:02+00:00\",\"description\":\"Liste der h\u00e4ufig gestellten Fragen \u00fcber Colon-Hydro-Therapie\",\"breadcrumb\":{\"@id\":\"https:\/\/aehidroterapiadecolon.com\/de\/haufig-gestellte-fragen-faq\/#breadcrumb\"},\"inLanguage\":\"de\",\"potentialAction\":[{\"@type\":\"ReadAction\",\"target\":[\"https:\/\/aehidroterapiadecolon.com\/de\/haufig-gestellte-fragen-faq\/\"]}]},{\"@type\":\"BreadcrumbList\",\"@id\":\"https:\/\/aehidroterapiadecolon.com\/de\/haufig-gestellte-fragen-faq\/#breadcrumb\",\"itemListElement\":[{\"@type\":\"ListItem\",\"position\":1,\"name\":\"Portada\",\"item\":\"https:\/\/aehidroterapiadecolon.com\/de\/\"},{\"@type\":\"ListItem\",\"position\":2,\"name\":\"H\u00e4ufig gestellte Fragen \/ FAQ\"}]},{\"@type\":\"WebSite\",\"@id\":\"https:\/\/aehidroterapiadecolon.com\/#website\",\"url\":\"https:\/\/aehidroterapiadecolon.com\/\",\"name\":\"Asociaci\u00f3n Espa\u00f1ola de Hidroterapia de Colon\",\"description\":\"AEHC\",\"potentialAction\":[{\"@type\":\"SearchAction\",\"target\":{\"@type\":\"EntryPoint\",\"urlTemplate\":\"https:\/\/aehidroterapiadecolon.com\/?s={search_term_string}\"},\"query-input\":\"required name=search_term_string\"}],\"inLanguage\":\"de\"}]}<\/script>\n<!-- \/ Yoast SEO plugin. -->","yoast_head_json":{"title":"H\u00e4ufig gestellte Fragen \/ FAQ - Spanischen Verband der Colon-Hydro-Therapie","description":"Liste der h\u00e4ufig gestellten Fragen \u00fcber Colon-Hydro-Therapie","robots":{"index":"index","follow":"follow","max-snippet":"max-snippet:-1","max-image-preview":"max-image-preview:large","max-video-preview":"max-video-preview:-1"},"canonical":"https:\/\/aehidroterapiadecolon.com\/de\/haufig-gestellte-fragen-faq\/","og_locale":"de_DE","og_type":"article","og_title":"H\u00e4ufig gestellte Fragen \/ FAQ - Spanischen Verband der Colon-Hydro-Therapie","og_description":"Liste der h\u00e4ufig gestellten Fragen \u00fcber Colon-Hydro-Therapie","og_url":"https:\/\/aehidroterapiadecolon.com\/de\/haufig-gestellte-fragen-faq\/","og_site_name":"Asociaci\u00f3n Espa\u00f1ola de Hidroterapia de Colon","article_publisher":"https:\/\/www.facebook.com\/pages\/Asociacion-Espa%c3%b1ola-de-Hidroterapia-de-Colon\/1498644383756868","article_modified_time":"2016-03-31T08:48:02+00:00","og_image":[{"url":"http:\/\/aehidroterapiadecolon.com\/wp-content\/uploads\/2015\/04\/logo.gif"}],"twitter_card":"summary","twitter_misc":{"Gesch\u00e4tzte Lesezeit":"2\u00a0Minuten"},"schema":{"@context":"https:\/\/schema.org","@graph":[{"@type":"WebPage","@id":"https:\/\/aehidroterapiadecolon.com\/de\/haufig-gestellte-fragen-faq\/","url":"https:\/\/aehidroterapiadecolon.com\/de\/haufig-gestellte-fragen-faq\/","name":"H\u00e4ufig gestellte Fragen \/ FAQ - Spanischen Verband der Colon-Hydro-Therapie","isPartOf":{"@id":"https:\/\/aehidroterapiadecolon.com\/#website"},"datePublished":"2016-03-29T09:01:33+00:00","dateModified":"2016-03-31T08:48:02+00:00","description":"Liste der h\u00e4ufig gestellten Fragen \u00fcber Colon-Hydro-Therapie","breadcrumb":{"@id":"https:\/\/aehidroterapiadecolon.com\/de\/haufig-gestellte-fragen-faq\/#breadcrumb"},"inLanguage":"de","potentialAction":[{"@type":"ReadAction","target":["https:\/\/aehidroterapiadecolon.com\/de\/haufig-gestellte-fragen-faq\/"]}]},{"@type":"BreadcrumbList","@id":"https:\/\/aehidroterapiadecolon.com\/de\/haufig-gestellte-fragen-faq\/#breadcrumb","itemListElement":[{"@type":"ListItem","position":1,"name":"Portada","item":"https:\/\/aehidroterapiadecolon.com\/de\/"},{"@type":"ListItem","position":2,"name":"H\u00e4ufig gestellte Fragen \/ FAQ"}]},{"@type":"WebSite","@id":"https:\/\/aehidroterapiadecolon.com\/#website","url":"https:\/\/aehidroterapiadecolon.com\/","name":"Asociaci\u00f3n Espa\u00f1ola de Hidroterapia de Colon","description":"AEHC","potentialAction":[{"@type":"SearchAction","target":{"@type":"EntryPoint","urlTemplate":"https:\/\/aehidroterapiadecolon.com\/?s={search_term_string}"},"query-input":"required name=search_term_string"}],"inLanguage":"de"}]}},"_links":{"self":[{"href":"https:\/\/aehidroterapiadecolon.com\/de\/wp-json\/wp\/v2\/pages\/1666"}],"collection":[{"href":"https:\/\/aehidroterapiadecolon.com\/de\/wp-json\/wp\/v2\/pages"}],"about":[{"href":"https:\/\/aehidroterapiadecolon.com\/de\/wp-json\/wp\/v2\/types\/page"}],"author":[{"embeddable":true,"href":"https:\/\/aehidroterapiadecolon.com\/de\/wp-json\/wp\/v2\/users\/6"}],"replies":[{"embeddable":true,"href":"https:\/\/aehidroterapiadecolon.com\/de\/wp-json\/wp\/v2\/comments?post=1666"}],"version-history":[{"count":1,"href":"https:\/\/aehidroterapiadecolon.com\/de\/wp-json\/wp\/v2\/pages\/1666\/revisions"}],"predecessor-version":[{"id":1667,"href":"https:\/\/aehidroterapiadecolon.com\/de\/wp-json\/wp\/v2\/pages\/1666\/revisions\/1667"}],"wp:attachment":[{"href":"https:\/\/aehidroterapiadecolon.com\/de\/wp-json\/wp\/v2\/media?parent=1666"}],"curies":[{"name":"wp","href":"https:\/\/api.w.org\/{rel}","templated":true}]}}