{"id":1695,"date":"2016-03-29T09:13:27","date_gmt":"2016-03-29T09:13:27","guid":{"rendered":"http:\/\/aehidroterapiadecolon.com\/?page_id=1695"},"modified":"2016-06-29T08:59:37","modified_gmt":"2016-06-29T08:59:37","slug":"videos","status":"publish","type":"page","link":"https:\/\/aehidroterapiadecolon.com\/de\/videos\/","title":{"rendered":"Videos"},"content":{"rendered":"<p>[et_pb_section fullwidth=&#8220;on&#8220; specialty=&#8220;off&#8220; background_image=&#8220;http:\/\/aehidroterapiadecolon.com\/wp-content\/uploads\/2014\/04\/fondo-titulo.jpg&#8220; transparent_background=&#8220;off&#8220; background_color=&#8220;#ffffff&#8220; allow_player_pause=&#8220;off&#8220; inner_shadow=&#8220;off&#8220; parallax=&#8220;off&#8220; parallax_method=&#8220;off&#8220;][et_pb_fullwidth_header admin_label=&#8220;T\u00edtulo de anchura completa&#8220; title=&#8220;Videos&#8220; background_layout=&#8220;light&#8220; text_orientation=&#8220;left&#8220; \/][\/et_pb_section][et_pb_section fullwidth=&#8220;off&#8220; specialty=&#8220;off&#8220;][et_pb_row][et_pb_column type=&#8220;1_2&#8243;][et_pb_text admin_label=&#8220;Texto&#8220; background_layout=&#8220;light&#8220; text_orientation=&#8220;left&#8220;]<\/p>\n<h1 class=\"pagetitle\"><\/h1>\n<div style=\"width: 424px;\" class=\"wp-video\"><!--[if lt IE 9]><script>document.createElement('video');<\/script><![endif]-->\n<video class=\"wp-video-shortcode\" id=\"video-1695-1\" width=\"424\" height=\"268\" preload=\"metadata\" controls=\"controls\"><source type=\"video\/mp4\" src=\"http:\/\/aehidroterapiadecolon.com\/wp-content\/uploads\/2016\/03\/Portal_Dr_Hoehn_Kolon_Hydro_Therapie_naturheil_test_1.mp4?_=1\" \/><a href=\"http:\/\/aehidroterapiadecolon.com\/wp-content\/uploads\/2016\/03\/Portal_Dr_Hoehn_Kolon_Hydro_Therapie_naturheil_test_1.mp4\">http:\/\/aehidroterapiadecolon.com\/wp-content\/uploads\/2016\/03\/Portal_Dr_Hoehn_Kolon_Hydro_Therapie_naturheil_test_1.mp4<\/a><\/video><\/div>\n<p>&nbsp;<\/p>\n<p>[\/et_pb_text][\/et_pb_column][et_pb_column type=&#8220;1_2&#8243;][et_pb_text admin_label=&#8220;Texto&#8220; background_layout=&#8220;light&#8220; text_orientation=&#8220;left&#8220;]<\/p>\n<p>&nbsp;<\/p>\n<h1 class=\"pagetitle\">Colon-Hydro-Therapie &#8211; Film<\/h1>\n<p style=\"text-align: justify;\">Der Darm dient der Aufnahme von N\u00e4hrstoffen, der Ausscheidung und ist ein wichtiges Immunorgan des menschlichen K\u00f6rpers. Verfahren zur Darmreinigung durch Einl\u00e4ufe und Darmsp\u00fclungen sind uralt. Verschiedene zeitgen\u00f6ssische \u00c4rzte wie F.X. Mayr haben die C. weiterentwickelt. Der Film zeigt Ablauf und Wirkung der Colon-Hydro-Therapie.<\/p>\n<h1><\/h1>\n<p>[\/et_pb_text][\/et_pb_column][\/et_pb_row][et_pb_row][et_pb_column type=&#8220;1_2&#8243;][et_pb_text admin_label=&#8220;Texto&#8220; background_layout=&#8220;light&#8220; text_orientation=&#8220;left&#8220;]<\/p>\n<div style=\"width: 640px;\" class=\"wp-video\"><video class=\"wp-video-shortcode\" id=\"video-1695-2\" width=\"640\" height=\"356\" preload=\"metadata\" controls=\"controls\"><source type=\"video\/mp4\" src=\"http:\/\/aehidroterapiadecolon.com\/wp-content\/uploads\/2016\/03\/colon-hydro-theraoie-aleman.mp4?_=2\" \/><a href=\"http:\/\/aehidroterapiadecolon.com\/wp-content\/uploads\/2016\/03\/colon-hydro-theraoie-aleman.mp4\">http:\/\/aehidroterapiadecolon.com\/wp-content\/uploads\/2016\/03\/colon-hydro-theraoie-aleman.mp4<\/a><\/video><\/div>\n<p>&nbsp;<\/p>\n<p>[\/et_pb_text][\/et_pb_column][et_pb_column type=&#8220;1_2&#8243;][et_pb_text admin_label=&#8220;Texto&#8220; background_layout=&#8220;light&#8220; text_orientation=&#8220;left&#8220;]<\/p>\n<h1>Colon-Hydro-Therapie<\/h1>\n<p class=\"watch-title-container\">Eine Colon-Hydro-Therapie kann helfen, den Darm anzuregen und so Verdauungsprobleme beheben und die Immunabwehr st\u00e4rken.<\/p>\n<p>&nbsp;<\/p>\n<p>[\/et_pb_text][\/et_pb_column][\/et_pb_row][et_pb_row][et_pb_column type=&#8220;1_2&#8243;][et_pb_text admin_label=&#8220;Texto&#8220; background_layout=&#8220;light&#8220; text_orientation=&#8220;left&#8220;]<\/p>\n<p><iframe loading=\"lazy\" width=\"1080\" height=\"608\" src=\"https:\/\/www.youtube.com\/embed\/cxlMxLKrUng?feature=oembed\" frameborder=\"0\" allowfullscreen><\/iframe><\/p>\n<p>[\/et_pb_text][\/et_pb_column][et_pb_column type=&#8220;1_2&#8243;][et_pb_text admin_label=&#8220;Texto&#8220; background_layout=&#8220;light&#8220; text_orientation=&#8220;left&#8220;]<\/p>\n<h1 class=\"watch-title-container\"><span id=\"eow-title\" class=\"watch-title\" dir=\"ltr\" title=\"Quarks und Co: Unser Darm - vom 12.03.2013\">Quarks und Co: Unser Darm<\/span><\/h1>\n<p>Der Darm beeinflusst unsere Gesundheit viel st\u00e4rker als bisher angenommen.<\/p>\n<p>[\/et_pb_text][\/et_pb_column][\/et_pb_row][et_pb_row][et_pb_column type=&#8220;1_2&#8243;][et_pb_text admin_label=&#8220;Texto&#8220; background_layout=&#8220;light&#8220; text_orientation=&#8220;left&#8220;]<\/p>\n<p><iframe loading=\"lazy\" width=\"1080\" height=\"608\" src=\"https:\/\/www.youtube.com\/embed\/Oan5L__Mnsw?feature=oembed\" frameborder=\"0\" allowfullscreen><\/iframe><\/p>\n<p>[\/et_pb_text][\/et_pb_column][et_pb_column type=&#8220;1_2&#8243;][et_pb_text admin_label=&#8220;Texto&#8220; background_layout=&#8220;light&#8220; text_orientation=&#8220;left&#8220;]<\/p>\n<h1 class=\"watch-title-container\"><span id=\"eow-title\" class=\"watch-title\" dir=\"ltr\" title=\"Hydro Colon Therapie\">Hydro Colon Therapie<\/span><\/h1>\n<p>Eine Entdeckungsreise tief ins &#8222;Reich der Mitte&#8220;.\u00a0Darmsanierung aus naturheilkundlicher Sicht<\/p>\n<p>[\/et_pb_text][\/et_pb_column][\/et_pb_row][et_pb_row][et_pb_column type=&#8220;1_2&#8243;][et_pb_text admin_label=&#8220;Texto&#8220; background_layout=&#8220;light&#8220; text_orientation=&#8220;left&#8220;]<\/p>\n<p><iframe loading=\"lazy\" width=\"1080\" height=\"608\" src=\"https:\/\/www.youtube.com\/embed\/_wyUOc30H34?feature=oembed\" frameborder=\"0\" allowfullscreen><\/iframe><\/p>\n<p>[\/et_pb_text][\/et_pb_column][et_pb_column type=&#8220;1_2&#8243;][et_pb_text admin_label=&#8220;Texto&#8220; background_layout=&#8220;light&#8220; text_orientation=&#8220;left&#8220;]<\/p>\n<h1>\u00a0<span id=\"eow-title\" class=\"watch-title\" dir=\"ltr\" title=\"Salutomed Center Vortr\u00e4ge - Colon Hydro Therapie\">Salutomed Center Vortr\u00e4ge &#8211; Colon Hydro Therapie<\/span><\/h1>\n<p>Der Verdauungsapparat ist das Zentralorgan der biologischen Kraft und Gesundheit des Menschen.<\/p>\n<p>[\/et_pb_text][\/et_pb_column][\/et_pb_row][et_pb_row][et_pb_column type=&#8220;1_2&#8243;][et_pb_text admin_label=&#8220;Texto&#8220; background_layout=&#8220;light&#8220; text_orientation=&#8220;left&#8220;]<\/p>\n<p><iframe loading=\"lazy\" width=\"1080\" height=\"608\" src=\"https:\/\/www.youtube.com\/embed\/JOxm-wq7ycg?feature=oembed\" frameborder=\"0\" allowfullscreen><\/iframe><\/p>\n<p>[\/et_pb_text][\/et_pb_column][et_pb_column type=&#8220;1_2&#8243;][et_pb_text admin_label=&#8220;Texto&#8220; background_layout=&#8220;light&#8220; text_orientation=&#8220;left&#8220;]<\/p>\n<h1 class=\"watch-title-container\"><span id=\"eow-title\" class=\"watch-title\" dir=\"ltr\" title=\"Naturheilverfahren M\u00fcnchen TV\">Naturheilverfahren M\u00fcnchen TV<\/span><\/h1>\n<p>Die M\u00fcnchner Prominenz und viele ber\u00fchmte Schauspieler, wie z.B. Christine Kaufmann, lassen sich regelm\u00e4\u00dfig im M\u00fcnchner Zentrum f\u00fcr Naturheilverfahren (M.Z.N.) behandeln und das aus gutem Grund, denn das M.Z.N. kann auf fast 30 Jahre Erfahrung zur\u00fcckblicken.<\/p>\n<p>&nbsp;<\/p>\n<p>[\/et_pb_text][\/et_pb_column][\/et_pb_row][et_pb_row][et_pb_column type=&#8220;1_2&#8243;][et_pb_text admin_label=&#8220;Texto&#8220; background_layout=&#8220;light&#8220; text_orientation=&#8220;left&#8220;]<\/p>\n<p><iframe loading=\"lazy\" width=\"1080\" height=\"810\" src=\"https:\/\/www.youtube.com\/embed\/2oYT1CQQMRQ?feature=oembed\" frameborder=\"0\" allowfullscreen><\/iframe><\/p>\n<p>[\/et_pb_text][\/et_pb_column][et_pb_column type=&#8220;1_2&#8243;][et_pb_text admin_label=&#8220;Texto&#8220; background_layout=&#8220;light&#8220; text_orientation=&#8220;left&#8220;]<\/p>\n<p>&nbsp;<\/p>\n<h1 class=\"watch-title-container\"><span id=\"eow-title\" class=\"watch-title\" dir=\"ltr\" title=\"Therapie nach Mayr. Mit Colon Hydro gegen Kopfschmerzen Allergien, Bluthochdruck, Migr\u00e4ne\">Therapie nach Mayr. Mit Colon Hydro gegen Kopfschmerzen Allergien, Bluthochdruck, Migr\u00e4ne<\/span><\/h1>\n<p>Ausschnitt aus dem Vortrag &#8222;Selbstvergiftung aus dem Darm&#8220; von Dr Zimmermann, Badenweiler.<\/p>\n<p>[\/et_pb_text][\/et_pb_column][\/et_pb_row][et_pb_row][et_pb_column type=&#8220;1_2&#8243;][et_pb_text admin_label=&#8220;Texto&#8220; background_layout=&#8220;light&#8220; text_orientation=&#8220;left&#8220;]<\/p>\n<p><iframe loading=\"lazy\" width=\"1080\" height=\"810\" src=\"https:\/\/www.youtube.com\/embed\/W0rR2hfMoZ0?feature=oembed\" frameborder=\"0\" allowfullscreen><\/iframe><\/p>\n<p>[\/et_pb_text][\/et_pb_column][et_pb_column type=&#8220;1_2&#8243;][et_pb_text admin_label=&#8220;Texto&#8220; background_layout=&#8220;light&#8220; text_orientation=&#8220;left&#8220;]<\/p>\n<p>&nbsp;<\/p>\n<h1>\u00a0Der Darm als Wurzel von Krankheiten wie Allergien, Rheuma, Neurodermitis, Schuppenflechte, Asthma<\/h1>\n<p>Ausschnitt aus dem Vortrag &#8222;Selbstvergiftung aus dem Darm&#8220; von Dr. Zimmermann, Badenweiler.<\/p>\n<div id=\"watch7-user-header\" class=\" spf-link \"><\/div>\n<p>[\/et_pb_text][\/et_pb_column][\/et_pb_row][et_pb_row][et_pb_column type=&#8220;1_2&#8243;][et_pb_text admin_label=&#8220;Texto&#8220; background_layout=&#8220;light&#8220; text_orientation=&#8220;left&#8220;]<\/p>\n<p><iframe loading=\"lazy\" width=\"1080\" height=\"608\" src=\"https:\/\/www.youtube.com\/embed\/dWnoUGaRJDQ?feature=oembed\" frameborder=\"0\" allowfullscreen><\/iframe><\/p>\n<p>[\/et_pb_text][\/et_pb_column][et_pb_column type=&#8220;1_2&#8243;][et_pb_text admin_label=&#8220;Texto&#8220; background_layout=&#8220;light&#8220; text_orientation=&#8220;left&#8220;]<\/p>\n<h2>Transcom SL<\/h2>\n<p style=\"text-align: justify;\">\u00dcber 30 Jahre zuverl\u00e4ssiger Partner der Kolon-Industrie.<\/p>\n<p>http:\/\/www.transcomsl.com\/de\/<\/p>\n<p>[\/et_pb_text][\/et_pb_column][\/et_pb_row][\/et_pb_section]<\/p>\n","protected":false},"excerpt":{"rendered":"<p>[et_pb_section fullwidth=&#8220;on&#8220; specialty=&#8220;off&#8220; background_image=&#8220;http:\/\/aehidroterapiadecolon.com\/wp-content\/uploads\/2014\/04\/fondo-titulo.jpg&#8220; transparent_background=&#8220;off&#8220; background_color=&#8220;#ffffff&#8220; allow_player_pause=&#8220;off&#8220; inner_shadow=&#8220;off&#8220; parallax=&#8220;off&#8220; parallax_method=&#8220;off&#8220;][et_pb_fullwidth_header admin_label=&#8220;T\u00edtulo de anchura completa&#8220; title=&#8220;Videos&#8220; background_layout=&#8220;light&#8220; text_orientation=&#8220;left&#8220; \/][\/et_pb_section][et_pb_section fullwidth=&#8220;off&#8220; specialty=&#8220;off&#8220;][et_pb_row][et_pb_column type=&#8220;1_2&#8243;][et_pb_text admin_label=&#8220;Texto&#8220; background_layout=&#8220;light&#8220; text_orientation=&#8220;left&#8220;] &nbsp; [\/et_pb_text][\/et_pb_column][et_pb_column type=&#8220;1_2&#8243;][et_pb_text admin_label=&#8220;Texto&#8220; background_layout=&#8220;light&#8220; text_orientation=&#8220;left&#8220;] &nbsp; Colon-Hydro-Therapie &#8211; Film Der Darm dient der Aufnahme von N\u00e4hrstoffen, der Ausscheidung und ist ein wichtiges Immunorgan des menschlichen K\u00f6rpers. Verfahren zur Darmreinigung durch [&hellip;]<\/p>\n","protected":false},"author":6,"featured_media":0,"parent":0,"menu_order":0,"comment_status":"open","ping_status":"closed","template":"","meta":{"_et_pb_use_builder":"on","_et_pb_old_content":"","_et_gb_content_width":""},"yoast_head":"<!-- This site is optimized with the Yoast SEO plugin v19.7.1 - https:\/\/yoast.com\/wordpress\/plugins\/seo\/ -->\n<title>Videos - Spanischen Verband der Colon-Hydro-Therapie<\/title>\n<meta name=\"description\" content=\"Bibliothek Abschnitt des Vereins mit \u00e4hnlichen Videos, die auf Colon-Hydro-Therapie zur Verf\u00fcgung stehen, Reinigung\" \/>\n<meta name=\"robots\" content=\"index, follow, max-snippet:-1, max-image-preview:large, max-video-preview:-1\" \/>\n<link rel=\"canonical\" href=\"https:\/\/aehidroterapiadecolon.com\/de\/videos\/\" \/>\n<meta property=\"og:locale\" content=\"de_DE\" \/>\n<meta property=\"og:type\" content=\"article\" \/>\n<meta property=\"og:title\" content=\"Videos - Spanischen Verband der Colon-Hydro-Therapie\" \/>\n<meta property=\"og:description\" content=\"Bibliothek Abschnitt des Vereins mit \u00e4hnlichen Videos, die auf Colon-Hydro-Therapie zur Verf\u00fcgung stehen, Reinigung\" \/>\n<meta property=\"og:url\" content=\"https:\/\/aehidroterapiadecolon.com\/de\/videos\/\" \/>\n<meta property=\"og:site_name\" content=\"Asociaci\u00f3n Espa\u00f1ola de Hidroterapia de Colon\" \/>\n<meta property=\"article:publisher\" content=\"https:\/\/www.facebook.com\/pages\/Asociacion-Espa%c3%b1ola-de-Hidroterapia-de-Colon\/1498644383756868\" \/>\n<meta property=\"article:modified_time\" content=\"2016-06-29T08:59:37+00:00\" \/>\n<meta property=\"og:image\" content=\"http:\/\/aehidroterapiadecolon.com\/wp-content\/uploads\/2015\/04\/logo.gif\" \/>\n<meta name=\"twitter:card\" content=\"summary\" \/>\n<meta name=\"twitter:label1\" content=\"Gesch\u00e4tzte Lesezeit\" \/>\n\t<meta name=\"twitter:data1\" content=\"4\u00a0Minuten\" \/>\n<script type=\"application\/ld+json\" class=\"yoast-schema-graph\">{\"@context\":\"https:\/\/schema.org\",\"@graph\":[{\"@type\":\"WebPage\",\"@id\":\"https:\/\/aehidroterapiadecolon.com\/de\/videos\/\",\"url\":\"https:\/\/aehidroterapiadecolon.com\/de\/videos\/\",\"name\":\"Videos - Spanischen Verband der Colon-Hydro-Therapie\",\"isPartOf\":{\"@id\":\"https:\/\/aehidroterapiadecolon.com\/#website\"},\"datePublished\":\"2016-03-29T09:13:27+00:00\",\"dateModified\":\"2016-06-29T08:59:37+00:00\",\"description\":\"Bibliothek Abschnitt des Vereins mit \u00e4hnlichen Videos, die auf Colon-Hydro-Therapie zur Verf\u00fcgung stehen, Reinigung\",\"breadcrumb\":{\"@id\":\"https:\/\/aehidroterapiadecolon.com\/de\/videos\/#breadcrumb\"},\"inLanguage\":\"de\",\"potentialAction\":[{\"@type\":\"ReadAction\",\"target\":[\"https:\/\/aehidroterapiadecolon.com\/de\/videos\/\"]}]},{\"@type\":\"BreadcrumbList\",\"@id\":\"https:\/\/aehidroterapiadecolon.com\/de\/videos\/#breadcrumb\",\"itemListElement\":[{\"@type\":\"ListItem\",\"position\":1,\"name\":\"Portada\",\"item\":\"https:\/\/aehidroterapiadecolon.com\/de\/\"},{\"@type\":\"ListItem\",\"position\":2,\"name\":\"Videos\"}]},{\"@type\":\"WebSite\",\"@id\":\"https:\/\/aehidroterapiadecolon.com\/#website\",\"url\":\"https:\/\/aehidroterapiadecolon.com\/\",\"name\":\"Asociaci\u00f3n Espa\u00f1ola de Hidroterapia de Colon\",\"description\":\"AEHC\",\"potentialAction\":[{\"@type\":\"SearchAction\",\"target\":{\"@type\":\"EntryPoint\",\"urlTemplate\":\"https:\/\/aehidroterapiadecolon.com\/?s={search_term_string}\"},\"query-input\":\"required name=search_term_string\"}],\"inLanguage\":\"de\"}]}<\/script>\n<!-- \/ Yoast SEO plugin. -->","yoast_head_json":{"title":"Videos - Spanischen Verband der Colon-Hydro-Therapie","description":"Bibliothek Abschnitt des Vereins mit \u00e4hnlichen Videos, die auf Colon-Hydro-Therapie zur Verf\u00fcgung stehen, Reinigung","robots":{"index":"index","follow":"follow","max-snippet":"max-snippet:-1","max-image-preview":"max-image-preview:large","max-video-preview":"max-video-preview:-1"},"canonical":"https:\/\/aehidroterapiadecolon.com\/de\/videos\/","og_locale":"de_DE","og_type":"article","og_title":"Videos - Spanischen Verband der Colon-Hydro-Therapie","og_description":"Bibliothek Abschnitt des Vereins mit \u00e4hnlichen Videos, die auf Colon-Hydro-Therapie zur Verf\u00fcgung stehen, Reinigung","og_url":"https:\/\/aehidroterapiadecolon.com\/de\/videos\/","og_site_name":"Asociaci\u00f3n Espa\u00f1ola de Hidroterapia de Colon","article_publisher":"https:\/\/www.facebook.com\/pages\/Asociacion-Espa%c3%b1ola-de-Hidroterapia-de-Colon\/1498644383756868","article_modified_time":"2016-06-29T08:59:37+00:00","og_image":[{"url":"http:\/\/aehidroterapiadecolon.com\/wp-content\/uploads\/2015\/04\/logo.gif"}],"twitter_card":"summary","twitter_misc":{"Gesch\u00e4tzte Lesezeit":"4\u00a0Minuten"},"schema":{"@context":"https:\/\/schema.org","@graph":[{"@type":"WebPage","@id":"https:\/\/aehidroterapiadecolon.com\/de\/videos\/","url":"https:\/\/aehidroterapiadecolon.com\/de\/videos\/","name":"Videos - Spanischen Verband der Colon-Hydro-Therapie","isPartOf":{"@id":"https:\/\/aehidroterapiadecolon.com\/#website"},"datePublished":"2016-03-29T09:13:27+00:00","dateModified":"2016-06-29T08:59:37+00:00","description":"Bibliothek Abschnitt des Vereins mit \u00e4hnlichen Videos, die auf Colon-Hydro-Therapie zur Verf\u00fcgung stehen, Reinigung","breadcrumb":{"@id":"https:\/\/aehidroterapiadecolon.com\/de\/videos\/#breadcrumb"},"inLanguage":"de","potentialAction":[{"@type":"ReadAction","target":["https:\/\/aehidroterapiadecolon.com\/de\/videos\/"]}]},{"@type":"BreadcrumbList","@id":"https:\/\/aehidroterapiadecolon.com\/de\/videos\/#breadcrumb","itemListElement":[{"@type":"ListItem","position":1,"name":"Portada","item":"https:\/\/aehidroterapiadecolon.com\/de\/"},{"@type":"ListItem","position":2,"name":"Videos"}]},{"@type":"WebSite","@id":"https:\/\/aehidroterapiadecolon.com\/#website","url":"https:\/\/aehidroterapiadecolon.com\/","name":"Asociaci\u00f3n Espa\u00f1ola de Hidroterapia de Colon","description":"AEHC","potentialAction":[{"@type":"SearchAction","target":{"@type":"EntryPoint","urlTemplate":"https:\/\/aehidroterapiadecolon.com\/?s={search_term_string}"},"query-input":"required name=search_term_string"}],"inLanguage":"de"}]}},"_links":{"self":[{"href":"https:\/\/aehidroterapiadecolon.com\/de\/wp-json\/wp\/v2\/pages\/1695"}],"collection":[{"href":"https:\/\/aehidroterapiadecolon.com\/de\/wp-json\/wp\/v2\/pages"}],"about":[{"href":"https:\/\/aehidroterapiadecolon.com\/de\/wp-json\/wp\/v2\/types\/page"}],"author":[{"embeddable":true,"href":"https:\/\/aehidroterapiadecolon.com\/de\/wp-json\/wp\/v2\/users\/6"}],"replies":[{"embeddable":true,"href":"https:\/\/aehidroterapiadecolon.com\/de\/wp-json\/wp\/v2\/comments?post=1695"}],"version-history":[{"count":12,"href":"https:\/\/aehidroterapiadecolon.com\/de\/wp-json\/wp\/v2\/pages\/1695\/revisions"}],"predecessor-version":[{"id":12302,"href":"https:\/\/aehidroterapiadecolon.com\/de\/wp-json\/wp\/v2\/pages\/1695\/revisions\/12302"}],"wp:attachment":[{"href":"https:\/\/aehidroterapiadecolon.com\/de\/wp-json\/wp\/v2\/media?parent=1695"}],"curies":[{"name":"wp","href":"https:\/\/api.w.org\/{rel}","templated":true}]}}