{"id":1326,"date":"2016-03-07T15:29:36","date_gmt":"2016-03-07T15:29:36","guid":{"rendered":"http:\/\/aehidroterapiadecolon.com\/?page_id=1326"},"modified":"2016-03-30T11:47:52","modified_gmt":"2016-03-30T11:47:52","slug":"training","status":"publish","type":"page","link":"https:\/\/aehidroterapiadecolon.com\/en\/training\/","title":{"rendered":"Training"},"content":{"rendered":"<p>[et_pb_section fullwidth=&#8221;on&#8221; specialty=&#8221;off&#8221; background_image=&#8221;http:\/\/aehidroterapiadecolon.com\/wp-content\/uploads\/2014\/04\/fondo-titulo.jpg&#8221; transparent_background=&#8221;off&#8221; background_color=&#8221;#ffffff&#8221; allow_player_pause=&#8221;off&#8221; inner_shadow=&#8221;off&#8221; parallax=&#8221;off&#8221; parallax_method=&#8221;off&#8221;][et_pb_fullwidth_header admin_label=&#8221;T\u00edtulo de anchura completa&#8221; title=&#8221;Training&#8221; subhead=&#8221;List of courses for training related to colon hydrotherapy.&#8221; background_layout=&#8221;light&#8221; text_orientation=&#8221;left&#8221; \/][\/et_pb_section][et_pb_section][et_pb_row][et_pb_column type=&#8221;1_3&#8243;][et_pb_blurb admin_label=&#8221;Anuncio&#8221; title=&#8221;Colon Hydrotherapy Course&#8221; url_new_window=&#8221;on&#8221; use_icon=&#8221;off&#8221; icon_color=&#8221;#7EBEC5&#8243; use_circle=&#8221;off&#8221; circle_color=&#8221;#7EBEC5&#8243; use_circle_border=&#8221;off&#8221; circle_border_color=&#8221;#7EBEC5&#8243; image=&#8221;http:\/\/aehidroterapiadecolon.com\/wp-content\/uploads\/2016\/03\/curso-hidroterapia-colon-ana-maria-montellano-en.jpg&#8221; alt=&#8221;Imagen Curso Hidroterapia de colon&#8221; icon_placement=&#8221;top&#8221; animation=&#8221;off&#8221; background_layout=&#8221;light&#8221; text_orientation=&#8221;left&#8221; module_class=&#8221;foto_cuadro_arriba&#8221; url=&#8221;http:\/\/aehidroterapiadecolon.com\/wp-content\/uploads\/2016\/03\/curso-hidroterapia-colon-ana-maria-montellano-en.pdf&#8221;]<\/p>\n<hr style=\"color: #2ea3f2; background-color: #2ea3f2; height: 2px; border: none;\" noshade=\"noshade\">\nAna Mar\u00eda Montellano[\/et_pb_blurb][\/et_pb_column][et_pb_column type=&#8221;1_3&#8243;][et_pb_blurb admin_label=&#8221;Anuncio&#8221; title=&#8221;Colon Hydrotherapy Course (Level I)&#8221; url_new_window=&#8221;on&#8221; use_icon=&#8221;off&#8221; icon_color=&#8221;#7EBEC5&#8243; use_circle=&#8221;off&#8221; circle_color=&#8221;#7EBEC5&#8243; use_circle_border=&#8221;off&#8221; circle_border_color=&#8221;#7EBEC5&#8243; image=&#8221;http:\/\/aehidroterapiadecolon.com\/wp-content\/uploads\/2016\/03\/curso-hidroterapia-colon-david-granizo-bermejo-en.jpg&#8221; alt=&#8221;Imagen Curso Hidroterapia de colon&#8221; icon_placement=&#8221;top&#8221; animation=&#8221;off&#8221; background_layout=&#8221;light&#8221; text_orientation=&#8221;left&#8221; module_class=&#8221;foto_cuadro_arriba&#8221; url=&#8221;http:\/\/aehidroterapiadecolon.com\/wp-content\/uploads\/2016\/03\/curso-hidroterapia-colon-david-granizo-bermejo-en1.pdf&#8221;]<\/p>\n<hr style=\"color: #2ea3f2; background-color: #2ea3f2; height: 2px; border: none;\" noshade=\"noshade\">\nDavid Granizo Bermejo[\/et_pb_blurb][\/et_pb_column][et_pb_column type=&#8221;1_3&#8243;][et_pb_blurb admin_label=&#8221;Anuncio&#8221; title=&#8221;Colon Hydrotherapy Course and Intestinal Purifying and Regulation (advanced)&#8221; url_new_window=&#8221;on&#8221; use_icon=&#8221;off&#8221; icon_color=&#8221;#7EBEC5&#8243; use_circle=&#8221;off&#8221; circle_color=&#8221;#7EBEC5&#8243; use_circle_border=&#8221;off&#8221; circle_border_color=&#8221;#7EBEC5&#8243; image=&#8221;http:\/\/aehidroterapiadecolon.com\/wp-content\/uploads\/2016\/03\/curso-hidroterapia-colon-david-granizo-bermejo2-en-1.jpg&#8221; alt=&#8221;Imagen Curso de Hidroterapia de Colon y Depuraci\u00f3n y Regulaci\u00f3n Intestinal&#8221; icon_placement=&#8221;top&#8221; animation=&#8221;off&#8221; background_layout=&#8221;light&#8221; text_orientation=&#8221;left&#8221; module_class=&#8221;foto_cuadro_arriba&#8221; url=&#8221;http:\/\/aehidroterapiadecolon.com\/wp-content\/uploads\/2016\/03\/curso-hidroterapia-colon-david-granizo-bermejo2-en1.pdf&#8221;]<\/p>\n<hr style=\"color: #2ea3f2; background-color: #2ea3f2; height: 2px; border: none;\" noshade=\"noshade\">\nDavid Granizo Bermejo[\/et_pb_blurb][\/et_pb_column][\/et_pb_row][et_pb_row][et_pb_column type=&#8221;4_4&#8243;][et_pb_text admin_label=&#8221;Texto&#8221; background_layout=&#8221;light&#8221; text_orientation=&#8221;left&#8221;]<\/p>\n<p style=\"text-align: center;\"><em>The association will present a diploma certifying the completion of the courses.<br \/>\n<\/em><\/p>\n<p><img loading=\"lazy\" class=\"aligncenter size-full wp-image-304\" src=\"http:\/\/aehidroterapiadecolon.com\/wp-content\/uploads\/2014\/11\/Diploma.jpg\" alt=\"Diploma\" width=\"300\" height=\"212\"><\/p>\n<p>[\/et_pb_text][\/et_pb_column][\/et_pb_row][\/et_pb_section]<\/p>\n","protected":false},"excerpt":{"rendered":"<p>[et_pb_section fullwidth=&#8221;on&#8221; specialty=&#8221;off&#8221; background_image=&#8221;http:\/\/aehidroterapiadecolon.com\/wp-content\/uploads\/2014\/04\/fondo-titulo.jpg&#8221; transparent_background=&#8221;off&#8221; background_color=&#8221;#ffffff&#8221; allow_player_pause=&#8221;off&#8221; inner_shadow=&#8221;off&#8221; parallax=&#8221;off&#8221; parallax_method=&#8221;off&#8221;][et_pb_fullwidth_header admin_label=&#8221;T\u00edtulo de anchura completa&#8221; title=&#8221;Training&#8221; subhead=&#8221;List of courses for training related to colon hydrotherapy.&#8221; background_layout=&#8221;light&#8221; text_orientation=&#8221;left&#8221; \/][\/et_pb_section][et_pb_section][et_pb_row][et_pb_column type=&#8221;1_3&#8243;][et_pb_blurb admin_label=&#8221;Anuncio&#8221; title=&#8221;Colon Hydrotherapy Course&#8221; url_new_window=&#8221;on&#8221; use_icon=&#8221;off&#8221; icon_color=&#8221;#7EBEC5&#8243; use_circle=&#8221;off&#8221; circle_color=&#8221;#7EBEC5&#8243; use_circle_border=&#8221;off&#8221; circle_border_color=&#8221;#7EBEC5&#8243; image=&#8221;http:\/\/aehidroterapiadecolon.com\/wp-content\/uploads\/2016\/03\/curso-hidroterapia-colon-ana-maria-montellano-en.jpg&#8221; alt=&#8221;Imagen Curso Hidroterapia de colon&#8221; icon_placement=&#8221;top&#8221; animation=&#8221;off&#8221; background_layout=&#8221;light&#8221; text_orientation=&#8221;left&#8221; module_class=&#8221;foto_cuadro_arriba&#8221; url=&#8221;http:\/\/aehidroterapiadecolon.com\/wp-content\/uploads\/2016\/03\/curso-hidroterapia-colon-ana-maria-montellano-en.pdf&#8221;] Ana Mar\u00eda Montellano[\/et_pb_blurb][\/et_pb_column][et_pb_column type=&#8221;1_3&#8243;][et_pb_blurb [&hellip;]<\/p>\n","protected":false},"author":6,"featured_media":0,"parent":0,"menu_order":0,"comment_status":"open","ping_status":"closed","template":"","meta":{"_et_pb_use_builder":"on","_et_pb_old_content":"[et_pb_section fullwidth=\"on\" specialty=\"off\" background_image=\"http:\/\/aehidroterapiadecolon.com\/wp-content\/uploads\/2014\/04\/fondo-titulo.jpg\" transparent_background=\"off\" background_color=\"#ffffff\" allow_player_pause=\"off\" inner_shadow=\"off\" parallax=\"off\" parallax_method=\"off\"][et_pb_fullwidth_header admin_label=\"T\u00edtulo de anchura completa\" title=\"Formaci\u00f3n\" subhead=\"Listado de cursos para la formaci\u00f3n relacionados con la hidroterapia de colon.\" background_layout=\"light\" text_orientation=\"left\" \/][\/et_pb_section][et_pb_section][et_pb_row][et_pb_column type=\"1_3\"][et_pb_blurb admin_label=\"Anuncio\" title=\"Curso de Hidroterapia de Colon\" url_new_window=\"on\" use_icon=\"off\" icon_color=\"#7EBEC5\" use_circle=\"off\" circle_color=\"#7EBEC5\" use_circle_border=\"off\" circle_border_color=\"#7EBEC5\" image=\"http:\/\/aehidroterapiadecolon.com\/wp-content\/uploads\/2014\/04\/curso-hidroterapia-colon-ana-maria-montellano.jpg\" alt=\"Imagen Curso Hidroterapia de colon\" icon_placement=\"top\" animation=\"off\" background_layout=\"light\" text_orientation=\"left\" module_class=\"foto_cuadro_arriba\" url=\"http:\/\/aehidroterapiadecolon.com\/wp-content\/uploads\/2015\/08\/curso-hidroterapia-colon-ana-maria-montellano.pdf\"]<hr style=\"color: #2ea3f2; background-color: #2ea3f2; height: 2px; border: none;\" noshade=\"noshade\">\r\nAna Mar\u00eda Montellano[\/et_pb_blurb][\/et_pb_column][et_pb_column type=\"1_3\"][et_pb_blurb admin_label=\"Anuncio\" title=\"Curso Hidroterapia de Colon (nivel I)\" url_new_window=\"on\" use_icon=\"off\" icon_color=\"#7EBEC5\" use_circle=\"off\" circle_color=\"#7EBEC5\" use_circle_border=\"off\" circle_border_color=\"#7EBEC5\" image=\"http:\/\/aehidroterapiadecolon.com\/wp-content\/uploads\/2015\/05\/curso-hidroterapia-colon-david-granizo-bermejo.jpg\" alt=\"Imagen Curso Hidroterapia de colon\" icon_placement=\"top\" animation=\"off\" background_layout=\"light\" text_orientation=\"left\" module_class=\"foto_cuadro_arriba\" url=\"http:\/\/aehidroterapiadecolon.com\/wp-content\/uploads\/2015\/08\/curso-hidroterapia-colon-david-granizo-bermejo.pdf\"]<hr style=\"color: #2ea3f2; background-color: #2ea3f2; height: 2px; border: none;\" noshade=\"noshade\">\r\nDavid Granizo Bermejo[\/et_pb_blurb][\/et_pb_column][et_pb_column type=\"1_3\"][et_pb_blurb admin_label=\"Anuncio\" title=\"Curso Hidroterapia de Colon y Depuraci\u00f3n y Regulaci\u00f3n Intestinal (nivel avanzado)\" url_new_window=\"on\" use_icon=\"off\" icon_color=\"#7EBEC5\" use_circle=\"off\" circle_color=\"#7EBEC5\" use_circle_border=\"off\" circle_border_color=\"#7EBEC5\" image=\"http:\/\/aehidroterapiadecolon.com\/wp-content\/uploads\/2015\/05\/curso-hidroterapia-colon-deperacion-regulacion-david-granizo-bermejo.jpg\" alt=\"Imagen Curso de Hidroterapia de Colon y Depuraci\u00f3n y Regulaci\u00f3n Intestinal\" icon_placement=\"top\" animation=\"off\" background_layout=\"light\" text_orientation=\"left\" module_class=\"foto_cuadro_arriba\" url=\"http:\/\/aehidroterapiadecolon.com\/wp-content\/uploads\/2015\/08\/curso-hidroterapia-colon-depuracion-regulacion-intestinal-david-granizo-bermejo.pdf\"]<hr style=\"color: #2ea3f2; background-color: #2ea3f2; height: 2px; border: none;\" noshade=\"noshade\">\r\nDavid Granizo Bermejo[\/et_pb_blurb][\/et_pb_column][\/et_pb_row][et_pb_row][et_pb_column type=\"4_4\"][et_pb_text admin_label=\"Texto\" background_layout=\"light\" text_orientation=\"left\"]<p style=\"text-align: center;\"><em>La asociaci\u00f3n har\u00e1 entrega de un diploma acreditando la realizaci\u00f3n de los cursos.<\/em><\/p><p><img class=\"aligncenter size-full wp-image-304\" src=\"http:\/\/aehidroterapiadecolon.com\/wp-content\/uploads\/2014\/11\/Diploma.jpg\" alt=\"Diploma\" width=\"300\" height=\"212\" \/><\/p>[\/et_pb_text][\/et_pb_column][\/et_pb_row][\/et_pb_section]","_et_gb_content_width":""},"yoast_head":"<!-- This site is optimized with the Yoast SEO plugin v19.7.1 - https:\/\/yoast.com\/wordpress\/plugins\/seo\/ -->\n<title>Training - Spanish Association of Colon Hydrotherapy<\/title>\n<meta name=\"description\" content=\"List of courses for training related to colon hydrotherapy.\" \/>\n<meta name=\"robots\" content=\"index, follow, max-snippet:-1, max-image-preview:large, max-video-preview:-1\" \/>\n<link rel=\"canonical\" href=\"https:\/\/aehidroterapiadecolon.com\/en\/training\/\" \/>\n<meta property=\"og:locale\" content=\"en_US\" \/>\n<meta property=\"og:type\" content=\"article\" \/>\n<meta property=\"og:title\" content=\"Training - Spanish Association of Colon Hydrotherapy\" \/>\n<meta property=\"og:description\" content=\"List of courses for training related to colon hydrotherapy.\" \/>\n<meta property=\"og:url\" content=\"https:\/\/aehidroterapiadecolon.com\/en\/training\/\" \/>\n<meta property=\"og:site_name\" content=\"Asociaci\u00f3n Espa\u00f1ola de Hidroterapia de Colon\" \/>\n<meta property=\"article:publisher\" content=\"https:\/\/www.facebook.com\/pages\/Asociacion-Espa%c3%b1ola-de-Hidroterapia-de-Colon\/1498644383756868\" \/>\n<meta property=\"article:modified_time\" content=\"2016-03-30T11:47:52+00:00\" \/>\n<meta property=\"og:image\" content=\"http:\/\/aehidroterapiadecolon.com\/wp-content\/uploads\/2014\/11\/Diploma.jpg\" \/>\n<meta name=\"twitter:card\" content=\"summary\" \/>\n<meta name=\"twitter:label1\" content=\"Est. reading time\" \/>\n\t<meta name=\"twitter:data1\" content=\"2 minutes\" \/>\n<script type=\"application\/ld+json\" class=\"yoast-schema-graph\">{\"@context\":\"https:\/\/schema.org\",\"@graph\":[{\"@type\":\"WebPage\",\"@id\":\"https:\/\/aehidroterapiadecolon.com\/en\/training\/\",\"url\":\"https:\/\/aehidroterapiadecolon.com\/en\/training\/\",\"name\":\"Training - Spanish Association of Colon Hydrotherapy\",\"isPartOf\":{\"@id\":\"https:\/\/aehidroterapiadecolon.com\/#website\"},\"datePublished\":\"2016-03-07T15:29:36+00:00\",\"dateModified\":\"2016-03-30T11:47:52+00:00\",\"description\":\"List of courses for training related to colon hydrotherapy.\",\"breadcrumb\":{\"@id\":\"https:\/\/aehidroterapiadecolon.com\/en\/training\/#breadcrumb\"},\"inLanguage\":\"en-US\",\"potentialAction\":[{\"@type\":\"ReadAction\",\"target\":[\"https:\/\/aehidroterapiadecolon.com\/en\/training\/\"]}]},{\"@type\":\"BreadcrumbList\",\"@id\":\"https:\/\/aehidroterapiadecolon.com\/en\/training\/#breadcrumb\",\"itemListElement\":[{\"@type\":\"ListItem\",\"position\":1,\"name\":\"Portada\",\"item\":\"https:\/\/aehidroterapiadecolon.com\/en\/\"},{\"@type\":\"ListItem\",\"position\":2,\"name\":\"Training\"}]},{\"@type\":\"WebSite\",\"@id\":\"https:\/\/aehidroterapiadecolon.com\/#website\",\"url\":\"https:\/\/aehidroterapiadecolon.com\/\",\"name\":\"Asociaci\u00f3n Espa\u00f1ola de Hidroterapia de Colon\",\"description\":\"AEHC\",\"potentialAction\":[{\"@type\":\"SearchAction\",\"target\":{\"@type\":\"EntryPoint\",\"urlTemplate\":\"https:\/\/aehidroterapiadecolon.com\/?s={search_term_string}\"},\"query-input\":\"required name=search_term_string\"}],\"inLanguage\":\"en-US\"}]}<\/script>\n<!-- \/ Yoast SEO plugin. -->","yoast_head_json":{"title":"Training - Spanish Association of Colon Hydrotherapy","description":"List of courses for training related to colon hydrotherapy.","robots":{"index":"index","follow":"follow","max-snippet":"max-snippet:-1","max-image-preview":"max-image-preview:large","max-video-preview":"max-video-preview:-1"},"canonical":"https:\/\/aehidroterapiadecolon.com\/en\/training\/","og_locale":"en_US","og_type":"article","og_title":"Training - Spanish Association of Colon Hydrotherapy","og_description":"List of courses for training related to colon hydrotherapy.","og_url":"https:\/\/aehidroterapiadecolon.com\/en\/training\/","og_site_name":"Asociaci\u00f3n Espa\u00f1ola de Hidroterapia de Colon","article_publisher":"https:\/\/www.facebook.com\/pages\/Asociacion-Espa%c3%b1ola-de-Hidroterapia-de-Colon\/1498644383756868","article_modified_time":"2016-03-30T11:47:52+00:00","og_image":[{"url":"http:\/\/aehidroterapiadecolon.com\/wp-content\/uploads\/2014\/11\/Diploma.jpg"}],"twitter_card":"summary","twitter_misc":{"Est. reading time":"2 minutes"},"schema":{"@context":"https:\/\/schema.org","@graph":[{"@type":"WebPage","@id":"https:\/\/aehidroterapiadecolon.com\/en\/training\/","url":"https:\/\/aehidroterapiadecolon.com\/en\/training\/","name":"Training - Spanish Association of Colon Hydrotherapy","isPartOf":{"@id":"https:\/\/aehidroterapiadecolon.com\/#website"},"datePublished":"2016-03-07T15:29:36+00:00","dateModified":"2016-03-30T11:47:52+00:00","description":"List of courses for training related to colon hydrotherapy.","breadcrumb":{"@id":"https:\/\/aehidroterapiadecolon.com\/en\/training\/#breadcrumb"},"inLanguage":"en-US","potentialAction":[{"@type":"ReadAction","target":["https:\/\/aehidroterapiadecolon.com\/en\/training\/"]}]},{"@type":"BreadcrumbList","@id":"https:\/\/aehidroterapiadecolon.com\/en\/training\/#breadcrumb","itemListElement":[{"@type":"ListItem","position":1,"name":"Portada","item":"https:\/\/aehidroterapiadecolon.com\/en\/"},{"@type":"ListItem","position":2,"name":"Training"}]},{"@type":"WebSite","@id":"https:\/\/aehidroterapiadecolon.com\/#website","url":"https:\/\/aehidroterapiadecolon.com\/","name":"Asociaci\u00f3n Espa\u00f1ola de Hidroterapia de Colon","description":"AEHC","potentialAction":[{"@type":"SearchAction","target":{"@type":"EntryPoint","urlTemplate":"https:\/\/aehidroterapiadecolon.com\/?s={search_term_string}"},"query-input":"required name=search_term_string"}],"inLanguage":"en-US"}]}},"_links":{"self":[{"href":"https:\/\/aehidroterapiadecolon.com\/en\/wp-json\/wp\/v2\/pages\/1326"}],"collection":[{"href":"https:\/\/aehidroterapiadecolon.com\/en\/wp-json\/wp\/v2\/pages"}],"about":[{"href":"https:\/\/aehidroterapiadecolon.com\/en\/wp-json\/wp\/v2\/types\/page"}],"author":[{"embeddable":true,"href":"https:\/\/aehidroterapiadecolon.com\/en\/wp-json\/wp\/v2\/users\/6"}],"replies":[{"embeddable":true,"href":"https:\/\/aehidroterapiadecolon.com\/en\/wp-json\/wp\/v2\/comments?post=1326"}],"version-history":[{"count":4,"href":"https:\/\/aehidroterapiadecolon.com\/en\/wp-json\/wp\/v2\/pages\/1326\/revisions"}],"predecessor-version":[{"id":1798,"href":"https:\/\/aehidroterapiadecolon.com\/en\/wp-json\/wp\/v2\/pages\/1326\/revisions\/1798"}],"wp:attachment":[{"href":"https:\/\/aehidroterapiadecolon.com\/en\/wp-json\/wp\/v2\/media?parent=1326"}],"curies":[{"name":"wp","href":"https:\/\/api.w.org\/{rel}","templated":true}]}}