{"id":1328,"date":"2016-03-07T15:35:54","date_gmt":"2016-03-07T15:35:54","guid":{"rendered":"http:\/\/aehidroterapiadecolon.com\/?page_id=1328"},"modified":"2016-03-15T09:17:29","modified_gmt":"2016-03-15T09:17:29","slug":"statutes","status":"publish","type":"page","link":"https:\/\/aehidroterapiadecolon.com\/en\/statutes\/","title":{"rendered":"Statutes"},"content":{"rendered":"<p>[et_pb_section fullwidth=&#8221;on&#8221; specialty=&#8221;off&#8221; background_image=&#8221;http:\/\/aehidroterapiadecolon.com\/wp-content\/uploads\/2014\/04\/fondo-titulo.jpg&#8221; transparent_background=&#8221;off&#8221; background_color=&#8221;#ffffff&#8221; allow_player_pause=&#8221;off&#8221; inner_shadow=&#8221;off&#8221; parallax=&#8221;off&#8221; parallax_method=&#8221;off&#8221;][et_pb_fullwidth_header admin_label=&#8221;T\u00edtulo de anchura completa&#8221; title=&#8221;Statutes&#8221; background_layout=&#8221;light&#8221; text_orientation=&#8221;left&#8221; \/][\/et_pb_section][et_pb_section][et_pb_row][et_pb_column type=&#8221;4_4&#8243;][et_pb_image admin_label=&#8221;Imagen&#8221; src=&#8221;http:\/\/aehidroterapiadecolon.com\/wp-content\/uploads\/2015\/05\/estatutos.jpg&#8221; show_in_lightbox=&#8221;off&#8221; url_new_window=&#8221;off&#8221; animation=&#8221;left&#8221; sticky=&#8221;off&#8221; \/][et_pb_text admin_label=&#8221;Texto&#8221; background_layout=&#8221;light&#8221; text_orientation=&#8221;left&#8221; module_class=&#8221;li_outside_cursiva&#8221;]<strong>Spanish Association of Colon Hydrotherapy<\/strong> incorporated under the Organic Law 1\/2002 of 22 March, regulating the rights of associations.<\/p>\n<p>&nbsp;<\/p>\n<p>The association is <strong>headquartered<\/strong> at Balmes, 296, 6-3\u00ba &#8211; 08006 Barcelona, with national scope and no profit.<\/p>\n<p><strong>President of the association:<\/strong> D. David Granizo Bermejo.<\/p>\n<p><strong>Aims of the association:<\/strong><\/p>\n<ul>\n<li>Information for patients and therapists about colon hydrotherapy and its applications, as well as communication with patients and therapists with a view to apply this type of therapy and anyone interested in this whilst looking for guaranteed professionalism.<\/li>\n<li>Information about professional experience on an international level in the treatment and application of therapies and utilization of machinery for colon hydrotherapy treatment.<\/li>\n<li>Advice in financial matters, through coordination of agreements with entities engaged in the market, to obtain the best options for its associate members. As well as financing systems in the acquisition of appliances for the treatment of the colon.<\/li>\n<li>Information to both professionals and patients on remote and onsite training courses, allowing the associate membere to expand their knowledge on any therapy related to the colon.<\/li>\n<li>Information on any type of insurance that exists in the market and that can benefit the collective associate members, both in the course of their business and in terms of any possible extra-professional interest.<\/li>\n<\/ul>\n<p><strong>Activities of the association:<\/strong><\/p>\n<ul>\n<li>Development and regular updating of a database that includes hydrotherapists in Spain.<\/li>\n<li>Offering different types of courses, both for the training of professionals who wish to commence practicing as hydrotherapists, and for those who want to know more and\/or deepen their knowledge of colon hydrotherapy.<\/li>\n<li>Establishing and providing contacts and professional relationships between our associate members and various financial institutions and insurance companies in order to facilitate the acquisition of machinery and appliances for treatment and colon hydrotherapy.<\/li>\n<li>Anything else in line with the aims of the association.<\/li>\n<\/ul>\n<p><strong>Rights of associate members:<\/strong><\/p>\n<ul>\n<li>Participate in the activities of the association and the governing and representative bodies.<\/li>\n<li>Exercise the right to vote and attend the General Assembly.<\/li>\n<li>Be informed about the composition of the governing and representative bodies of the association, its statement of accounts and the development of its activity.<\/li>\n<li>Be heard in advance of the disciplinary action against them.<\/li>\n<li>Challenge resolutions of the bodies of the association deemed against the law or statute.<\/li>\n<li>Make suggestions to the members of the board in order to better fulfil the aims of the association.<\/li>\n<\/ul>\n<p><strong>Obligations of associate members:<\/strong><\/p>\n<ul>\n<li>Share the aims of the association and collaborate to achieve them.<\/li>\n<li>Pay fees, and other contributions that, in accordance with the statutes, may correspond to each associate member (excluding honorary members).<\/li>\n<li>Fulfill other obligations arising from the statutory provisions.<\/li>\n<li>Abide by and comply with the agreements validly adopted by the governing and representative bodies of the association.<\/li>\n<\/ul>\n<p><strong>Economic resources of the association:<\/strong><\/p>\n<ul>\n<li>Entry fees, regular and supplementary.<\/li>\n<li>Grants, legacies or inheritances that may be legally derived from associate members and\/or third parties.<\/li>\n<li>Any other legitimite resources.<\/li>\n<\/ul>\n<p>[\/et_pb_text][\/et_pb_column][\/et_pb_row][\/et_pb_section]<\/p>\n","protected":false},"excerpt":{"rendered":"<p>[et_pb_section fullwidth=&#8221;on&#8221; specialty=&#8221;off&#8221; background_image=&#8221;http:\/\/aehidroterapiadecolon.com\/wp-content\/uploads\/2014\/04\/fondo-titulo.jpg&#8221; transparent_background=&#8221;off&#8221; background_color=&#8221;#ffffff&#8221; allow_player_pause=&#8221;off&#8221; inner_shadow=&#8221;off&#8221; parallax=&#8221;off&#8221; parallax_method=&#8221;off&#8221;][et_pb_fullwidth_header admin_label=&#8221;T\u00edtulo de anchura completa&#8221; title=&#8221;Statutes&#8221; background_layout=&#8221;light&#8221; text_orientation=&#8221;left&#8221; \/][\/et_pb_section][et_pb_section][et_pb_row][et_pb_column type=&#8221;4_4&#8243;][et_pb_image admin_label=&#8221;Imagen&#8221; src=&#8221;http:\/\/aehidroterapiadecolon.com\/wp-content\/uploads\/2015\/05\/estatutos.jpg&#8221; show_in_lightbox=&#8221;off&#8221; url_new_window=&#8221;off&#8221; animation=&#8221;left&#8221; sticky=&#8221;off&#8221; \/][et_pb_text admin_label=&#8221;Texto&#8221; background_layout=&#8221;light&#8221; text_orientation=&#8221;left&#8221; module_class=&#8221;li_outside_cursiva&#8221;]Spanish Association of Colon Hydrotherapy incorporated under the Organic Law 1\/2002 of 22 March, regulating the rights of associations. &nbsp; The association is headquartered at Balmes, [&hellip;]<\/p>\n","protected":false},"author":6,"featured_media":0,"parent":0,"menu_order":0,"comment_status":"open","ping_status":"closed","template":"","meta":{"_et_pb_use_builder":"on","_et_pb_old_content":"[et_pb_section fullwidth=\"on\" specialty=\"off\" background_image=\"http:\/\/aehidroterapiadecolon.com\/wp-content\/uploads\/2014\/04\/fondo-titulo.jpg\" transparent_background=\"off\" background_color=\"#ffffff\" allow_player_pause=\"off\" inner_shadow=\"off\" parallax=\"off\" parallax_method=\"off\"][et_pb_fullwidth_header admin_label=\"T\u00edtulo de anchura completa\" title=\"Estatutos\" background_layout=\"light\" text_orientation=\"left\" \/][\/et_pb_section][et_pb_section][et_pb_row][et_pb_column type=\"4_4\"][et_pb_image admin_label=\"Imagen\" src=\"http:\/\/aehidroterapiadecolon.com\/wp-content\/uploads\/2015\/05\/estatutos.jpg\" show_in_lightbox=\"off\" url_new_window=\"off\" animation=\"left\" sticky=\"off\" \/][et_pb_text admin_label=\"Texto\" background_layout=\"light\" text_orientation=\"left\" module_class=\"li_outside_cursiva\"]\r\n\r\n<strong>Asociaci\u00f3n Espa\u00f1ola de Hidroterapia de Colon<\/strong> constituida al amparo de la Ley Org\u00e1nica 1\/2002, de 22 de marzo, reguladora del derecho de asociaci\u00f3n.\r\n\r\n\u00a0\r\n\r\nLa asociaci\u00f3n tiene su <strong>domicilio social<\/strong> en \u00a0calle Balmes, 296, 6-3\u00ba - 08006 Barcelona, con \u00e1mbito de actuaci\u00f3n nacional y carece de \u00e1nimo de lucro.\r\n\r\n<strong>Presidente de la Asociaci\u00f3n:<\/strong> D. David Granizo Bermejo.\r\n\r\n<strong>Fines de la Asociaci\u00f3n:<\/strong>\r\n<ul>\r\n\t<li>Informaci\u00f3n a enfermos y terapeutas sobre hidroterapia del colon y sus aplicaciones, as\u00ed como la puesta en contacto de enfermos y terapeutas al objeto de aplicar este tipo de terapia a quien lo solicite y busque profesionales de garant\u00eda.<\/li>\r\n\t<li>Informaci\u00f3n de experiencias profesionales a nivel internacional en el tratamiento y aplicaci\u00f3n de terapias y utilizaci\u00f3n de maquinaria destinada al tratamiento de la hidroterapia del colon.<\/li>\r\n\t<li>Asesoramiento en el \u00e1mbito financiero, mediante el concierto de acuerdos con entidades dedicadas a tal fin existentes en el mercado, para la obtenci\u00f3n a favor de sus asociados de las mejores opciones o sistemas de financiaci\u00f3n en la adquisici\u00f3n de aparatolog\u00eda destinada al tratamiento del colon.<\/li>\r\n\t<li>Informaci\u00f3n tanto a profesionales como a enfermos de cursos de formaci\u00f3n tanto a distancia como presencial, que permita al socio ampliar sus conocimientos relativos a cualquier tipo de terapia relacionada con el colon.<\/li>\r\n\t<li>Informaci\u00f3n sobre cualquier tipo de modalidad de seguros que exista en el mercado y que pueda beneficiar al colectivo de asociados, tanto en el desarrollo de su actividad como a nivel de su posible inter\u00e9s extra-profesional.<\/li>\r\n<\/ul>\r\n<strong>Actividades de la Asociaci\u00f3n:<\/strong>\r\n<ul>\r\n\t<li>Elaboraci\u00f3n y actualizaci\u00f3n peri\u00f3dica de una base de datos que incluya a hidroterapeutas de toda Espa\u00f1a.<\/li>\r\n\t<li>Se impartir\u00e1n distintos tipos de cursos, tanto para la formaci\u00f3n de profesionales que quieran ejercer como hidroterapeutas, como para aquellas personas que quieran conocer y\/o profundinzar en la hidroterapia del colon.<\/li>\r\n\t<li>Se establecer\u00e1n y se facilitar\u00e1n contactos y relaciones profesionales entre nuestros asociados y distintas entidades financieras y aseguradoras al objeto de facilitar la adquisici\u00f3n de maquinaria y aparatolog\u00eda destinada al tratamiento e hidroterapia del colon.<\/li>\r\n\t<li>Cualesquiera otras encaminadas a la consecuci\u00f3n de los fines de la asociaci\u00f3n.<\/li>\r\n<\/ul>\r\n<strong>Derechos de los asociados:<\/strong>\r\n<ul>\r\n\t<li>Participar en las actividades de la asociaci\u00f3n y en los \u00f3rganos de gobierno y representaci\u00f3n.<\/li>\r\n\t<li>Ejercer el derecho de voto, as\u00ed como asistir a la Asamblea General.<\/li>\r\n\t<li>Ser informado acerca de la composici\u00f3n de los \u00f3rganos de gobierno y representaci\u00f3n de la asociaci\u00f3n, de su estado de cuentas y del desarrollo de su actividad.<\/li>\r\n\t<li>Ser o\u00eddo con car\u00e1cter previo de la adopci\u00f3n de medidas disciplinarias contra \u00e9l.<\/li>\r\n\t<li>Impugnar los acuerdos de los \u00f3rganos de la Asociaci\u00f3n que estime contrarios a la ley o los estatutos.<\/li>\r\n\t<li>Hacer sugerencias a los miembros de la J unta Directiva en orden al mejor cumplimiento de los fines de la Asociaci\u00f3n.<\/li>\r\n<\/ul>\r\n<strong>Obligaciones de los asociados:<\/strong>\r\n<ul>\r\n\t<li>Compartir las finalidades de la Asociaci\u00f3n y colaborar para la consecuci\u00f3n de las mismas.<\/li>\r\n\t<li>Pagar las cuotas, derramas y otras aportaciones que, con arreglo a los estatutos, puedan corresponder a cada asociado, salvo los de honor.<\/li>\r\n\t<li>Cumplir el resto de obligaciones que resulten de las disposiciones estatutarias.<\/li>\r\n\t<li>Acatar y cumplir los acuerdos v\u00e1lidamente adoptados por los \u00f3rganos de gobierno y representaci\u00f3n de la Asociaci\u00f3n.<\/li>\r\n<\/ul>\r\n<strong>Recursos econ\u00f3micos de la Asociaci\u00f3n:<\/strong>\r\n<ul>\r\n\t<li>Las cuotas de entrada, peri\u00f3dicas o extraordinarias.<\/li>\r\n\t<li>Las subvenciones, legados o herencias que pudiera recibir de forma legal por parte de los asociados o de terceras personas.<\/li>\r\n\t<li>Cualquier otro recurso l\u00edcito.<\/li>\r\n<\/ul>\r\n[\/et_pb_text][\/et_pb_column][\/et_pb_row][\/et_pb_section]","_et_gb_content_width":""},"yoast_head":"<!-- This site is optimized with the Yoast SEO plugin v19.7.1 - https:\/\/yoast.com\/wordpress\/plugins\/seo\/ -->\n<title>Statutes - Spanish Association of Colon Hydrotherapy<\/title>\n<meta name=\"description\" content=\"Statutes of the Spanish Association of Colon Hydrotherapy\" \/>\n<meta name=\"robots\" content=\"index, follow, max-snippet:-1, max-image-preview:large, max-video-preview:-1\" \/>\n<link rel=\"canonical\" href=\"https:\/\/aehidroterapiadecolon.com\/en\/statutes\/\" \/>\n<meta property=\"og:locale\" content=\"en_US\" \/>\n<meta property=\"og:type\" content=\"article\" \/>\n<meta property=\"og:title\" content=\"Statutes - Spanish Association of Colon Hydrotherapy\" \/>\n<meta property=\"og:description\" content=\"Statutes of the Spanish Association of Colon Hydrotherapy\" \/>\n<meta property=\"og:url\" content=\"https:\/\/aehidroterapiadecolon.com\/en\/statutes\/\" \/>\n<meta property=\"og:site_name\" content=\"Asociaci\u00f3n Espa\u00f1ola de Hidroterapia de Colon\" \/>\n<meta property=\"article:publisher\" content=\"https:\/\/www.facebook.com\/pages\/Asociacion-Espa%c3%b1ola-de-Hidroterapia-de-Colon\/1498644383756868\" \/>\n<meta property=\"article:modified_time\" content=\"2016-03-15T09:17:29+00:00\" \/>\n<meta property=\"og:image\" content=\"http:\/\/aehidroterapiadecolon.com\/wp-content\/uploads\/2015\/04\/logo.gif\" \/>\n<meta name=\"twitter:card\" content=\"summary\" \/>\n<meta name=\"twitter:label1\" content=\"Est. reading time\" \/>\n\t<meta name=\"twitter:data1\" content=\"3 minutes\" \/>\n<script type=\"application\/ld+json\" class=\"yoast-schema-graph\">{\"@context\":\"https:\/\/schema.org\",\"@graph\":[{\"@type\":\"WebPage\",\"@id\":\"https:\/\/aehidroterapiadecolon.com\/en\/statutes\/\",\"url\":\"https:\/\/aehidroterapiadecolon.com\/en\/statutes\/\",\"name\":\"Statutes - Spanish Association of Colon Hydrotherapy\",\"isPartOf\":{\"@id\":\"https:\/\/aehidroterapiadecolon.com\/#website\"},\"datePublished\":\"2016-03-07T15:35:54+00:00\",\"dateModified\":\"2016-03-15T09:17:29+00:00\",\"description\":\"Statutes of the Spanish Association of Colon Hydrotherapy\",\"breadcrumb\":{\"@id\":\"https:\/\/aehidroterapiadecolon.com\/en\/statutes\/#breadcrumb\"},\"inLanguage\":\"en-US\",\"potentialAction\":[{\"@type\":\"ReadAction\",\"target\":[\"https:\/\/aehidroterapiadecolon.com\/en\/statutes\/\"]}]},{\"@type\":\"BreadcrumbList\",\"@id\":\"https:\/\/aehidroterapiadecolon.com\/en\/statutes\/#breadcrumb\",\"itemListElement\":[{\"@type\":\"ListItem\",\"position\":1,\"name\":\"Portada\",\"item\":\"https:\/\/aehidroterapiadecolon.com\/en\/\"},{\"@type\":\"ListItem\",\"position\":2,\"name\":\"Statutes\"}]},{\"@type\":\"WebSite\",\"@id\":\"https:\/\/aehidroterapiadecolon.com\/#website\",\"url\":\"https:\/\/aehidroterapiadecolon.com\/\",\"name\":\"Asociaci\u00f3n Espa\u00f1ola de Hidroterapia de Colon\",\"description\":\"AEHC\",\"potentialAction\":[{\"@type\":\"SearchAction\",\"target\":{\"@type\":\"EntryPoint\",\"urlTemplate\":\"https:\/\/aehidroterapiadecolon.com\/?s={search_term_string}\"},\"query-input\":\"required name=search_term_string\"}],\"inLanguage\":\"en-US\"}]}<\/script>\n<!-- \/ Yoast SEO plugin. -->","yoast_head_json":{"title":"Statutes - Spanish Association of Colon Hydrotherapy","description":"Statutes of the Spanish Association of Colon Hydrotherapy","robots":{"index":"index","follow":"follow","max-snippet":"max-snippet:-1","max-image-preview":"max-image-preview:large","max-video-preview":"max-video-preview:-1"},"canonical":"https:\/\/aehidroterapiadecolon.com\/en\/statutes\/","og_locale":"en_US","og_type":"article","og_title":"Statutes - Spanish Association of Colon Hydrotherapy","og_description":"Statutes of the Spanish Association of Colon Hydrotherapy","og_url":"https:\/\/aehidroterapiadecolon.com\/en\/statutes\/","og_site_name":"Asociaci\u00f3n Espa\u00f1ola de Hidroterapia de Colon","article_publisher":"https:\/\/www.facebook.com\/pages\/Asociacion-Espa%c3%b1ola-de-Hidroterapia-de-Colon\/1498644383756868","article_modified_time":"2016-03-15T09:17:29+00:00","og_image":[{"url":"http:\/\/aehidroterapiadecolon.com\/wp-content\/uploads\/2015\/04\/logo.gif"}],"twitter_card":"summary","twitter_misc":{"Est. reading time":"3 minutes"},"schema":{"@context":"https:\/\/schema.org","@graph":[{"@type":"WebPage","@id":"https:\/\/aehidroterapiadecolon.com\/en\/statutes\/","url":"https:\/\/aehidroterapiadecolon.com\/en\/statutes\/","name":"Statutes - Spanish Association of Colon Hydrotherapy","isPartOf":{"@id":"https:\/\/aehidroterapiadecolon.com\/#website"},"datePublished":"2016-03-07T15:35:54+00:00","dateModified":"2016-03-15T09:17:29+00:00","description":"Statutes of the Spanish Association of Colon Hydrotherapy","breadcrumb":{"@id":"https:\/\/aehidroterapiadecolon.com\/en\/statutes\/#breadcrumb"},"inLanguage":"en-US","potentialAction":[{"@type":"ReadAction","target":["https:\/\/aehidroterapiadecolon.com\/en\/statutes\/"]}]},{"@type":"BreadcrumbList","@id":"https:\/\/aehidroterapiadecolon.com\/en\/statutes\/#breadcrumb","itemListElement":[{"@type":"ListItem","position":1,"name":"Portada","item":"https:\/\/aehidroterapiadecolon.com\/en\/"},{"@type":"ListItem","position":2,"name":"Statutes"}]},{"@type":"WebSite","@id":"https:\/\/aehidroterapiadecolon.com\/#website","url":"https:\/\/aehidroterapiadecolon.com\/","name":"Asociaci\u00f3n Espa\u00f1ola de Hidroterapia de Colon","description":"AEHC","potentialAction":[{"@type":"SearchAction","target":{"@type":"EntryPoint","urlTemplate":"https:\/\/aehidroterapiadecolon.com\/?s={search_term_string}"},"query-input":"required name=search_term_string"}],"inLanguage":"en-US"}]}},"_links":{"self":[{"href":"https:\/\/aehidroterapiadecolon.com\/en\/wp-json\/wp\/v2\/pages\/1328"}],"collection":[{"href":"https:\/\/aehidroterapiadecolon.com\/en\/wp-json\/wp\/v2\/pages"}],"about":[{"href":"https:\/\/aehidroterapiadecolon.com\/en\/wp-json\/wp\/v2\/types\/page"}],"author":[{"embeddable":true,"href":"https:\/\/aehidroterapiadecolon.com\/en\/wp-json\/wp\/v2\/users\/6"}],"replies":[{"embeddable":true,"href":"https:\/\/aehidroterapiadecolon.com\/en\/wp-json\/wp\/v2\/comments?post=1328"}],"version-history":[{"count":1,"href":"https:\/\/aehidroterapiadecolon.com\/en\/wp-json\/wp\/v2\/pages\/1328\/revisions"}],"predecessor-version":[{"id":1329,"href":"https:\/\/aehidroterapiadecolon.com\/en\/wp-json\/wp\/v2\/pages\/1328\/revisions\/1329"}],"wp:attachment":[{"href":"https:\/\/aehidroterapiadecolon.com\/en\/wp-json\/wp\/v2\/media?parent=1328"}],"curies":[{"name":"wp","href":"https:\/\/api.w.org\/{rel}","templated":true}]}}