{"id":1334,"date":"2016-03-08T09:39:42","date_gmt":"2016-03-08T09:39:42","guid":{"rendered":"http:\/\/aehidroterapiadecolon.com\/?page_id=1334"},"modified":"2018-07-05T09:09:38","modified_gmt":"2018-07-05T09:09:38","slug":"1334-2","status":"publish","type":"page","link":"https:\/\/aehidroterapiadecolon.com\/en\/","title":{"rendered":"AEHC, Spanish Association of Colon Hydrotherapy"},"content":{"rendered":"<p>[et_pb_section fullwidth=&#8221;on&#8221; specialty=&#8221;off&#8221;][et_pb_fullwidth_slider admin_label=&#8221;Control deslizante de anchura completa&#8221; show_arrows=&#8221;on&#8221; show_pagination=&#8221;on&#8221; auto=&#8221;on&#8221; parallax=&#8221;on&#8221; parallax_method=&#8221;off&#8221;][et_pb_slide background_image=&#8221;http:\/\/aehidroterapiadecolon.com\/wp-content\/uploads\/2015\/05\/slide03.jpg&#8221; background_color=&#8221;#ffffff&#8221; alignment=&#8221;center&#8221; background_layout=&#8221;dark&#8221; allow_player_pause=&#8221;off&#8221;]<\/p>\n<p style=\"font-size: 200%;\"><strong>The first association of colon hydrotherapy<\/strong><\/p>\n<p style=\"font-size: 200%;\"><strong>created by and for professionals<\/strong><\/p>\n<p>[\/et_pb_slide][et_pb_slide background_image=&#8221;http:\/\/aehidroterapiadecolon.com\/wp-content\/uploads\/2015\/05\/slide02.jpg&#8221; background_color=&#8221;#ffffff&#8221; alignment=&#8221;center&#8221; background_layout=&#8221;dark&#8221; allow_player_pause=&#8221;off&#8221;]<\/p>\n<p style=\"font-size: 200%;\"><strong>Information to patients and therapists about<\/strong><\/p>\n<p style=\"font-size: 200%;\"><strong>colon hydrotherapy, the therapy and its applications<\/strong><\/p>\n<p>[\/et_pb_slide][et_pb_slide background_image=&#8221;http:\/\/aehidroterapiadecolon.com\/wp-content\/uploads\/2015\/05\/slide01.jpg&#8221; background_color=&#8221;#ffffff&#8221; alignment=&#8221;center&#8221; background_layout=&#8221;dark&#8221; allow_player_pause=&#8221;off&#8221;]<\/p>\n<p style=\"font-size: 200%;\"><strong>Scientific work and exchange between<\/strong><\/p>\n<p style=\"font-size: 200%;\"><strong>professionals and users of<\/strong><\/p>\n<p style=\"font-size: 200%;\"><strong>Colon Hydrotherapy<\/strong><\/p>\n<p>[\/et_pb_slide][et_pb_slide background_image=&#8221;http:\/\/aehidroterapiadecolon.com\/wp-content\/uploads\/2015\/05\/slide05.jpg&#8221; background_color=&#8221;#ffffff&#8221; alignment=&#8221;center&#8221; background_layout=&#8221;dark&#8221; allow_player_pause=&#8221;off&#8221;]<\/p>\n<p style=\"font-size: 200%;\"><strong>Financial advice and agreements<\/strong><\/p>\n<p style=\"font-size: 200%;\"><strong>with entities for its members<\/strong><\/p>\n<p>[\/et_pb_slide][et_pb_slide background_image=&#8221;http:\/\/aehidroterapiadecolon.com\/wp-content\/uploads\/2015\/05\/slide04.jpg&#8221; background_color=&#8221;#ffffff&#8221; alignment=&#8221;center&#8221; background_layout=&#8221;dark&#8221; allow_player_pause=&#8221;off&#8221;]<\/p>\n<p style=\"font-size: 200%;\"><strong>Training through courses<\/strong><\/p>\n<p style=\"font-size: 200%;\"><strong>and promotion of research<\/strong><\/p>\n<p>[\/et_pb_slide][\/et_pb_fullwidth_slider][\/et_pb_section][et_pb_section][et_pb_row][et_pb_column type=&#8221;4_4&#8243;][et_pb_text admin_label=&#8221;Texto&#8221; background_layout=&#8221;light&#8221; text_orientation=&#8221;left&#8221;]<\/p>\n<p><span style=\"font-size: 130%;\">Welcome to the <strong>Spanish Association of Colon Hydrotherapy<\/strong>. The first association of colon hydrotherapy <strong>created by and for professionals<\/strong>.<\/span><\/p>\n<p>&nbsp;<\/p>\n<p>A fully transparent and <strong>non-profit association<\/strong>; all income received from its associate members and donations are invested in training for its associate members. <strong>AEHC<\/strong>, <strong>Spanish Association of Colon Hydrotherapy<\/strong>, is the only professional association dedicated to colon hydrotherapy.<\/p>\n<p>[\/et_pb_text][\/et_pb_column][\/et_pb_row][et_pb_row][et_pb_column type=&#8221;1_3&#8243;][et_pb_image admin_label=&#8221;Portada Congreso Ingl\u00e9s 2018&#8243; src=&#8221;http:\/\/aehidroterapiadecolon.com\/wp-content\/uploads\/2016\/03\/II-Cong.-Ingles.jpg&#8221; alt=&#8221;Portada Congreso Ingl\u00e9s 2018&#8243; title_text=&#8221;Portada Congreso Ingl\u00e9s 2018&#8243; show_in_lightbox=&#8221;off&#8221; url=&#8221;http:\/\/aehidroterapiadecolon.com\/wp-content\/uploads\/2016\/03\/II-Cong.-Ingles.jpg&#8221; url_new_window=&#8221;off&#8221; animation=&#8221;off&#8221; sticky=&#8221;off&#8221; \/][\/et_pb_column][et_pb_column type=&#8221;1_3&#8243;][et_pb_image admin_label=&#8221;Programa ingl\u00e9s 2018&#8243; src=&#8221;http:\/\/aehidroterapiadecolon.com\/wp-content\/uploads\/2016\/03\/Programa_Ingl\u00e9s.jpg&#8221; alt=&#8221;Programa ingl\u00e9s 2018&#8243; title_text=&#8221;Programa ingl\u00e9s 2018&#8243; show_in_lightbox=&#8221;off&#8221; url=&#8221;http:\/\/aehidroterapiadecolon.com\/wp-content\/uploads\/2016\/03\/Programa_Ingl\u00e9s.jpg&#8221; url_new_window=&#8221;off&#8221; animation=&#8221;off&#8221; sticky=&#8221;off&#8221; \/][\/et_pb_column][et_pb_column type=&#8221;1_3&#8243;][et_pb_blurb admin_label=&#8221;Speakers 2018&#8243; title=&#8221;Speakers at the Second International Congress of Colon Hydrotherapy&#8221; url=&#8221;https:\/\/aehidroterapiadecolon.com\/en\/speakers-at-the-second-international-congress-of-colon-hydrotherapy\/&#8221; url_new_window=&#8221;off&#8221; use_icon=&#8221;off&#8221; icon_color=&#8221;#7EBEC5&#8243; use_circle=&#8221;off&#8221; circle_color=&#8221;#7EBEC5&#8243; use_circle_border=&#8221;off&#8221; circle_border_color=&#8221;#7EBEC5&#8243; image=&#8221;http:\/\/aehidroterapiadecolon.com\/wp-content\/uploads\/2016\/04\/ponentes-ingles.png&#8221; alt=&#8221;Speakers 2018&#8243; icon_placement=&#8221;top&#8221; animation=&#8221;off&#8221; background_layout=&#8221;light&#8221; text_orientation=&#8221;left&#8221;]<\/p>\n<hr style=\"color: #2ea3f2; background-color: #2ea3f2; height: 2px; border: none;\" noshade=\"noshade\" \/>\n<p style=\"text-align: justify;\">Discover the new speakers of the Second International Congress of Colon Hydrotherapy that will be held on September 29 and 30, 2018 in Madrid.<\/p>\n<p>[\/et_pb_blurb][\/et_pb_column][\/et_pb_row][et_pb_row][et_pb_column type=&#8221;1_3&#8243;][et_pb_blurb admin_label=&#8221;Hazte socio&#8221; title=&#8221;Become a member&#8221; url=&#8221;https:\/\/aehidroterapiadecolon.com\/en\/become-a-member\/&#8221; url_new_window=&#8221;off&#8221; use_icon=&#8221;off&#8221; icon_color=&#8221;#7EBEC5&#8243; use_circle=&#8221;off&#8221; circle_color=&#8221;#7EBEC5&#8243; use_circle_border=&#8221;off&#8221; circle_border_color=&#8221;#7EBEC5&#8243; image=&#8221;http:\/\/aehidroterapiadecolon.com\/wp-content\/uploads\/2014\/06\/imagen1.jpg&#8221; alt=&#8221;Hazte socio&#8221; icon_placement=&#8221;top&#8221; animation=&#8221;off&#8221; background_layout=&#8221;light&#8221; text_orientation=&#8221;left&#8221;]<\/p>\n<hr style=\"color: #2ea3f2; background-color: #2ea3f2; height: 2px; border: none;\" noshade=\"noshade\" \/>\n<p>Be part of a non-profit association, where the offered benefits to associate members include further training, conferences, seminars, resolving problems, etc.[\/et_pb_blurb][\/et_pb_column][et_pb_column type=&#8221;1_3&#8243;][et_pb_blurb admin_label=&#8221;Ventajas&#8221; title=&#8221;Advantages&#8221; url=&#8221;https:\/\/aehidroterapiadecolon.com\/en\/advantages\/&#8221; url_new_window=&#8221;off&#8221; use_icon=&#8221;off&#8221; icon_color=&#8221;#7EBEC5&#8243; use_circle=&#8221;off&#8221; circle_color=&#8221;#7EBEC5&#8243; use_circle_border=&#8221;off&#8221; circle_border_color=&#8221;#7EBEC5&#8243; image=&#8221;http:\/\/aehidroterapiadecolon.com\/wp-content\/uploads\/2014\/04\/imagen3.jpg&#8221; alt=&#8221;Ventajas&#8221; icon_placement=&#8221;top&#8221; animation=&#8221;off&#8221; background_layout=&#8221;light&#8221; text_orientation=&#8221;left&#8221;]<\/p>\n<hr style=\"color: #2ea3f2; background-color: #2ea3f2; height: 2px; border: none;\" noshade=\"noshade\" \/>\n<p>Representation and protection of all colon hydrotherapy professionals in Spain, training, special prices&#8230;[\/et_pb_blurb][\/et_pb_column][et_pb_column type=&#8221;1_3&#8243;][et_pb_blurb admin_label=&#8221;Formaci\u00f3n&#8221; title=&#8221;Training&#8221; url=&#8221;https:\/\/aehidroterapiadecolon.com\/en\/training\/&#8221; url_new_window=&#8221;off&#8221; use_icon=&#8221;off&#8221; icon_color=&#8221;#7EBEC5&#8243; use_circle=&#8221;off&#8221; circle_color=&#8221;#7EBEC5&#8243; use_circle_border=&#8221;off&#8221; circle_border_color=&#8221;#7EBEC5&#8243; image=&#8221;http:\/\/aehidroterapiadecolon.com\/wp-content\/uploads\/2014\/04\/imagen6.jpg&#8221; alt=&#8221;Formaci\u00f3n&#8221; icon_placement=&#8221;top&#8221; animation=&#8221;off&#8221; background_layout=&#8221;light&#8221; text_orientation=&#8221;left&#8221;]<\/p>\n<hr style=\"color: #2ea3f2; background-color: #2ea3f2; height: 2px; border: none;\" noshade=\"noshade\" \/>\n<p>List of courses for colon hydrotherapy related training.[\/et_pb_blurb][\/et_pb_column][\/et_pb_row][\/et_pb_section]<\/p>\n","protected":false},"excerpt":{"rendered":"<p>[et_pb_section fullwidth=&#8221;on&#8221; specialty=&#8221;off&#8221;][et_pb_fullwidth_slider admin_label=&#8221;Control deslizante de anchura completa&#8221; show_arrows=&#8221;on&#8221; show_pagination=&#8221;on&#8221; auto=&#8221;on&#8221; parallax=&#8221;on&#8221; parallax_method=&#8221;off&#8221;][et_pb_slide background_image=&#8221;http:\/\/aehidroterapiadecolon.com\/wp-content\/uploads\/2015\/05\/slide03.jpg&#8221; background_color=&#8221;#ffffff&#8221; alignment=&#8221;center&#8221; background_layout=&#8221;dark&#8221; allow_player_pause=&#8221;off&#8221;] The first association of colon hydrotherapy created by and for professionals [\/et_pb_slide][et_pb_slide background_image=&#8221;http:\/\/aehidroterapiadecolon.com\/wp-content\/uploads\/2015\/05\/slide02.jpg&#8221; background_color=&#8221;#ffffff&#8221; alignment=&#8221;center&#8221; background_layout=&#8221;dark&#8221; allow_player_pause=&#8221;off&#8221;] Information to patients and therapists about colon hydrotherapy, the therapy and its applications [\/et_pb_slide][et_pb_slide background_image=&#8221;http:\/\/aehidroterapiadecolon.com\/wp-content\/uploads\/2015\/05\/slide01.jpg&#8221; background_color=&#8221;#ffffff&#8221; alignment=&#8221;center&#8221; background_layout=&#8221;dark&#8221; allow_player_pause=&#8221;off&#8221;] Scientific [&hellip;]<\/p>\n","protected":false},"author":6,"featured_media":0,"parent":0,"menu_order":0,"comment_status":"open","ping_status":"closed","template":"","meta":{"_et_pb_use_builder":"on","_et_pb_old_content":"[et_pb_section fullwidth=\"on\" specialty=\"off\"][et_pb_fullwidth_slider admin_label=\"Control deslizante de anchura completa\" show_arrows=\"on\" show_pagination=\"on\" auto=\"on\" parallax=\"on\" parallax_method=\"off\"][et_pb_slide background_image=\"http:\/\/aehidroterapiadecolon.com\/wp-content\/uploads\/2015\/05\/slide03.jpg\" background_color=\"#ffffff\" alignment=\"center\" background_layout=\"dark\" allow_player_pause=\"off\"]\r\n<p style=\"font-size: 200%;\"><strong>La primera asociaci\u00f3n de hidroterapia de colon<\/strong><\/p>\r\n<p style=\"font-size: 200%;\"><strong>creada por y para profesionales<\/strong><\/p>\r\n[\/et_pb_slide][et_pb_slide background_image=\"http:\/\/aehidroterapiadecolon.com\/wp-content\/uploads\/2015\/05\/slide02.jpg\" background_color=\"#ffffff\" alignment=\"center\" background_layout=\"dark\" allow_player_pause=\"off\"]\r\n<p style=\"font-size: 200%;\"><strong>Informaci\u00f3n a pacientes y terapeutas sobre<\/strong><\/p>\r\n<p style=\"font-size: 200%;\"><strong>hidroterapia del colon, su terapia y sus aplicaciones<\/strong><\/p>\r\n[\/et_pb_slide][et_pb_slide background_image=\"http:\/\/aehidroterapiadecolon.com\/wp-content\/uploads\/2015\/05\/slide01.jpg\" background_color=\"#ffffff\" alignment=\"center\" background_layout=\"dark\" allow_player_pause=\"off\"]\r\n<p style=\"font-size: 200%;\"><strong>Intercambio cient\u00edfico y de trabajo entre<\/strong><\/p>\r\n<p style=\"font-size: 200%;\"><strong>los profesionales y los usuarios de<\/strong><\/p>\r\n<p style=\"font-size: 200%;\"><strong>Hidroterapia de Colon<\/strong><\/p>\r\n[\/et_pb_slide][et_pb_slide background_image=\"http:\/\/aehidroterapiadecolon.com\/wp-content\/uploads\/2015\/05\/slide05.jpg\" background_color=\"#ffffff\" alignment=\"center\" background_layout=\"dark\" allow_player_pause=\"off\"]\r\n<p style=\"font-size: 200%;\"><strong>Asesoramiento financiero y acuerdos<\/strong><\/p>\r\n<p style=\"font-size: 200%;\"><strong>con entidades, para sus asociados<\/strong><\/p>\r\n[\/et_pb_slide][et_pb_slide background_image=\"http:\/\/aehidroterapiadecolon.com\/wp-content\/uploads\/2015\/05\/slide04.jpg\" background_color=\"#ffffff\" alignment=\"center\" background_layout=\"dark\" allow_player_pause=\"off\"]\r\n<p style=\"font-size: 200%;\"><strong>Formaci\u00f3n a trav\u00e9s de cursos<\/strong><\/p>\r\n<p style=\"font-size: 200%;\"><strong>y promoci\u00f3n de la investigaci\u00f3n<\/strong><\/p>\r\n[\/et_pb_slide][\/et_pb_fullwidth_slider][\/et_pb_section][et_pb_section][et_pb_row][et_pb_column type=\"4_4\"][et_pb_text admin_label=\"Texto\" background_layout=\"light\" text_orientation=\"left\"]<span style=\"font-size: 130%;\">Bienvenidos a la <strong>Asociaci\u00f3n Espa\u00f1ola de Hidroterapia de Colon<\/strong>. La primera asociaci\u00f3n de hidroterapia de colon <strong>creada por y para profesionales<\/strong>.<\/span>\r\n\r\nUna Asociaci\u00f3n totalmente transparente y <strong>sin \u00e1nimo de lucro<\/strong>. Todo el capital recibido de sus socios y donaciones se invierte en formaci\u00f3n para sus socios y un 10% de los ingresos anuales de la Asociaci\u00f3n es donado a la Asociaci\u00f3n Espa\u00f1ola contra el C\u00e1ncer (AECC). <strong>AEHC<\/strong>, <strong>Asociaci\u00f3n Espa\u00f1ola de Hidroterapia de C\u00f3lon<\/strong>, es la \u00fanica asociaci\u00f3n de profesionales dedicados a la hidroterapia de colon.[\/et_pb_text][\/et_pb_column][\/et_pb_row][et_pb_row][et_pb_column type=\"1_3\"][et_pb_blurb admin_label=\"Hazte socio\" title=\"Hazte socio\" url=\"http:\/\/aehidroterapiadecolon.com\/hazte-socio\/\" url_new_window=\"off\" use_icon=\"off\" icon_color=\"#7EBEC5\" use_circle=\"off\" circle_color=\"#7EBEC5\" use_circle_border=\"off\" circle_border_color=\"#7EBEC5\" image=\"http:\/\/aehidroterapiadecolon.com\/wp-content\/uploads\/2014\/06\/imagen1.jpg\" alt=\"Hazte socio\" icon_placement=\"top\" animation=\"off\" background_layout=\"light\" text_orientation=\"left\"]\r\n\r\n<hr style=\"color: #2ea3f2; background-color: #2ea3f2; height: 2px; border: none;\" noshade=\"noshade\" \/>\r\n\r\nOfrecemos formar parte de una Asociaci\u00f3n sin \u00e1nimo de lucro, donde el beneficio se ofrece a los socios en formaci\u00f3n continua, congresos, seminarios, resoluci\u00f3n de dudas, etc.[\/et_pb_blurb][\/et_pb_column][et_pb_column type=\"1_3\"][et_pb_blurb admin_label=\"Ventajas\" title=\"Ventajas\" url=\"http:\/\/aehidroterapiadecolon.com\/ventajas\/\" url_new_window=\"off\" use_icon=\"off\" icon_color=\"#7EBEC5\" use_circle=\"off\" circle_color=\"#7EBEC5\" use_circle_border=\"off\" circle_border_color=\"#7EBEC5\" image=\"http:\/\/aehidroterapiadecolon.com\/wp-content\/uploads\/2014\/04\/imagen3.jpg\" alt=\"Ventajas\" icon_placement=\"top\" animation=\"off\" background_layout=\"light\" text_orientation=\"left\"]\r\n\r\n<hr style=\"color: #2ea3f2; background-color: #2ea3f2; height: 2px; border: none;\" noshade=\"noshade\" \/>\r\n\r\nRepresentaci\u00f3n y defensa de todos los profesionales en Hidroterapia de Colon de Espa\u00f1a, formaci\u00f3n, precios especiales...[\/et_pb_blurb][\/et_pb_column][et_pb_column type=\"1_3\"][et_pb_blurb admin_label=\"Formaci\u00f3n\" title=\"Formaci\u00f3n\" url=\"http:\/\/aehidroterapiadecolon.com\/formacion\/\" url_new_window=\"off\" use_icon=\"off\" icon_color=\"#7EBEC5\" use_circle=\"off\" circle_color=\"#7EBEC5\" use_circle_border=\"off\" circle_border_color=\"#7EBEC5\" image=\"http:\/\/aehidroterapiadecolon.com\/wp-content\/uploads\/2014\/04\/imagen6.jpg\" alt=\"Formaci\u00f3n\" icon_placement=\"top\" animation=\"off\" background_layout=\"light\" text_orientation=\"left\"]\r\n\r\n<hr style=\"color: #2ea3f2; background-color: #2ea3f2; height: 2px; border: none;\" noshade=\"noshade\" \/>\r\n\r\nListado de cursos para la formaci\u00f3n relacionados con la hidroterapia de colon.[\/et_pb_blurb][\/et_pb_column][\/et_pb_row][et_pb_row][et_pb_column type=\"4_4\"][et_pb_blurb admin_label=\"Anuncio\" title=\"Congreso Internacional de Hidroterapia de Colon\" url=\"http:\/\/aehidroterapiadecolon.com\/i-congreso-hidroterapia-colon\" url_new_window=\"off\" use_icon=\"off\" icon_color=\"#7EBEC5\" use_circle=\"off\" circle_color=\"#7EBEC5\" use_circle_border=\"off\" circle_border_color=\"#7EBEC5\" image=\"http:\/\/aehidroterapiadecolon.com\/wp-content\/uploads\/2016\/03\/Congreso-copia-21.jpg\" alt=\"Primer Congreso Internacional de Hidroterapia de Colon\" icon_placement=\"top\" animation=\"off\" background_layout=\"light\" text_orientation=\"left\"]<hr style=\"color: #2ea3f2; background-color: #2ea3f2; height: 2px; border: none;\" noshade=\"noshade\">\r\n\r\nLa Asociaci\u00f3n Espa\u00f1ola de Hidroterapia de Colon celebrar\u00e1 su <span style=\"font-family:Verdana\">I<\/span> Congreso Internacional de Hidroterapia de Colon los d\u00edas 24 y 25 de septiembre de 2016.[\/et_pb_blurb][\/et_pb_column][\/et_pb_row][\/et_pb_section]","_et_gb_content_width":""},"yoast_head":"<!-- This site is optimized with the Yoast SEO plugin v19.7.1 - https:\/\/yoast.com\/wordpress\/plugins\/seo\/ -->\n<title>AEHC, Spanish Association of Colon Hydrotherapy<\/title>\n<meta name=\"description\" content=\"AEHC, Spanish Association of Colon Hydrotherapy is the only professional association dedicated exclusively to colon hydrotherapy.\" \/>\n<meta name=\"robots\" content=\"index, follow, max-snippet:-1, max-image-preview:large, max-video-preview:-1\" \/>\n<link rel=\"canonical\" href=\"https:\/\/aehidroterapiadecolon.com\/en\/\" \/>\n<meta property=\"og:locale\" content=\"en_US\" \/>\n<meta property=\"og:type\" content=\"article\" \/>\n<meta property=\"og:title\" content=\"AEHC, Spanish Association of Colon Hydrotherapy\" \/>\n<meta property=\"og:description\" content=\"AEHC, Spanish Association of Colon Hydrotherapy is the only professional association dedicated exclusively to colon hydrotherapy.\" \/>\n<meta property=\"og:url\" content=\"https:\/\/aehidroterapiadecolon.com\/en\/\" \/>\n<meta property=\"og:site_name\" content=\"Asociaci\u00f3n Espa\u00f1ola de Hidroterapia de Colon\" \/>\n<meta property=\"article:publisher\" content=\"https:\/\/www.facebook.com\/pages\/Asociacion-Espa%c3%b1ola-de-Hidroterapia-de-Colon\/1498644383756868\" \/>\n<meta property=\"article:modified_time\" content=\"2018-07-05T09:09:38+00:00\" \/>\n<meta property=\"og:image\" content=\"http:\/\/aehidroterapiadecolon.com\/wp-content\/uploads\/2015\/04\/logo.gif\" \/>\n<meta name=\"twitter:card\" content=\"summary\" \/>\n<meta name=\"twitter:label1\" content=\"Est. reading time\" \/>\n\t<meta name=\"twitter:data1\" content=\"4 minutes\" \/>\n<script type=\"application\/ld+json\" class=\"yoast-schema-graph\">{\"@context\":\"https:\/\/schema.org\",\"@graph\":[{\"@type\":\"WebPage\",\"@id\":\"https:\/\/aehidroterapiadecolon.com\/en\/\",\"url\":\"https:\/\/aehidroterapiadecolon.com\/en\/\",\"name\":\"AEHC, Spanish Association of Colon Hydrotherapy\",\"isPartOf\":{\"@id\":\"https:\/\/aehidroterapiadecolon.com\/#website\"},\"datePublished\":\"2016-03-08T09:39:42+00:00\",\"dateModified\":\"2018-07-05T09:09:38+00:00\",\"description\":\"AEHC, Spanish Association of Colon Hydrotherapy is the only professional association dedicated exclusively to colon hydrotherapy.\",\"breadcrumb\":{\"@id\":\"https:\/\/aehidroterapiadecolon.com\/en\/#breadcrumb\"},\"inLanguage\":\"en-US\",\"potentialAction\":[{\"@type\":\"ReadAction\",\"target\":[\"https:\/\/aehidroterapiadecolon.com\/en\/\"]}]},{\"@type\":\"BreadcrumbList\",\"@id\":\"https:\/\/aehidroterapiadecolon.com\/en\/#breadcrumb\",\"itemListElement\":[{\"@type\":\"ListItem\",\"position\":1,\"name\":\"Portada\",\"item\":\"https:\/\/aehidroterapiadecolon.com\/en\/\"},{\"@type\":\"ListItem\",\"position\":2,\"name\":\"AEHC, Spanish Association of Colon Hydrotherapy\"}]},{\"@type\":\"WebSite\",\"@id\":\"https:\/\/aehidroterapiadecolon.com\/#website\",\"url\":\"https:\/\/aehidroterapiadecolon.com\/\",\"name\":\"Asociaci\u00f3n Espa\u00f1ola de Hidroterapia de Colon\",\"description\":\"AEHC\",\"potentialAction\":[{\"@type\":\"SearchAction\",\"target\":{\"@type\":\"EntryPoint\",\"urlTemplate\":\"https:\/\/aehidroterapiadecolon.com\/?s={search_term_string}\"},\"query-input\":\"required name=search_term_string\"}],\"inLanguage\":\"en-US\"}]}<\/script>\n<!-- \/ Yoast SEO plugin. -->","yoast_head_json":{"title":"AEHC, Spanish Association of Colon Hydrotherapy","description":"AEHC, Spanish Association of Colon Hydrotherapy is the only professional association dedicated exclusively to colon hydrotherapy.","robots":{"index":"index","follow":"follow","max-snippet":"max-snippet:-1","max-image-preview":"max-image-preview:large","max-video-preview":"max-video-preview:-1"},"canonical":"https:\/\/aehidroterapiadecolon.com\/en\/","og_locale":"en_US","og_type":"article","og_title":"AEHC, Spanish Association of Colon Hydrotherapy","og_description":"AEHC, Spanish Association of Colon Hydrotherapy is the only professional association dedicated exclusively to colon hydrotherapy.","og_url":"https:\/\/aehidroterapiadecolon.com\/en\/","og_site_name":"Asociaci\u00f3n Espa\u00f1ola de Hidroterapia de Colon","article_publisher":"https:\/\/www.facebook.com\/pages\/Asociacion-Espa%c3%b1ola-de-Hidroterapia-de-Colon\/1498644383756868","article_modified_time":"2018-07-05T09:09:38+00:00","og_image":[{"url":"http:\/\/aehidroterapiadecolon.com\/wp-content\/uploads\/2015\/04\/logo.gif"}],"twitter_card":"summary","twitter_misc":{"Est. reading time":"4 minutes"},"schema":{"@context":"https:\/\/schema.org","@graph":[{"@type":"WebPage","@id":"https:\/\/aehidroterapiadecolon.com\/en\/","url":"https:\/\/aehidroterapiadecolon.com\/en\/","name":"AEHC, Spanish Association of Colon Hydrotherapy","isPartOf":{"@id":"https:\/\/aehidroterapiadecolon.com\/#website"},"datePublished":"2016-03-08T09:39:42+00:00","dateModified":"2018-07-05T09:09:38+00:00","description":"AEHC, Spanish Association of Colon Hydrotherapy is the only professional association dedicated exclusively to colon hydrotherapy.","breadcrumb":{"@id":"https:\/\/aehidroterapiadecolon.com\/en\/#breadcrumb"},"inLanguage":"en-US","potentialAction":[{"@type":"ReadAction","target":["https:\/\/aehidroterapiadecolon.com\/en\/"]}]},{"@type":"BreadcrumbList","@id":"https:\/\/aehidroterapiadecolon.com\/en\/#breadcrumb","itemListElement":[{"@type":"ListItem","position":1,"name":"Portada","item":"https:\/\/aehidroterapiadecolon.com\/en\/"},{"@type":"ListItem","position":2,"name":"AEHC, Spanish Association of Colon Hydrotherapy"}]},{"@type":"WebSite","@id":"https:\/\/aehidroterapiadecolon.com\/#website","url":"https:\/\/aehidroterapiadecolon.com\/","name":"Asociaci\u00f3n Espa\u00f1ola de Hidroterapia de Colon","description":"AEHC","potentialAction":[{"@type":"SearchAction","target":{"@type":"EntryPoint","urlTemplate":"https:\/\/aehidroterapiadecolon.com\/?s={search_term_string}"},"query-input":"required name=search_term_string"}],"inLanguage":"en-US"}]}},"_links":{"self":[{"href":"https:\/\/aehidroterapiadecolon.com\/en\/wp-json\/wp\/v2\/pages\/1334"}],"collection":[{"href":"https:\/\/aehidroterapiadecolon.com\/en\/wp-json\/wp\/v2\/pages"}],"about":[{"href":"https:\/\/aehidroterapiadecolon.com\/en\/wp-json\/wp\/v2\/types\/page"}],"author":[{"embeddable":true,"href":"https:\/\/aehidroterapiadecolon.com\/en\/wp-json\/wp\/v2\/users\/6"}],"replies":[{"embeddable":true,"href":"https:\/\/aehidroterapiadecolon.com\/en\/wp-json\/wp\/v2\/comments?post=1334"}],"version-history":[{"count":22,"href":"https:\/\/aehidroterapiadecolon.com\/en\/wp-json\/wp\/v2\/pages\/1334\/revisions"}],"predecessor-version":[{"id":2229,"href":"https:\/\/aehidroterapiadecolon.com\/en\/wp-json\/wp\/v2\/pages\/1334\/revisions\/2229"}],"wp:attachment":[{"href":"https:\/\/aehidroterapiadecolon.com\/en\/wp-json\/wp\/v2\/media?parent=1334"}],"curies":[{"name":"wp","href":"https:\/\/api.w.org\/{rel}","templated":true}]}}