{"id":1336,"date":"2016-03-08T09:44:18","date_gmt":"2016-03-08T09:44:18","guid":{"rendered":"http:\/\/aehidroterapiadecolon.com\/?page_id=1336"},"modified":"2016-03-15T09:10:40","modified_gmt":"2016-03-15T09:10:40","slug":"letter-from-the-president","status":"publish","type":"page","link":"https:\/\/aehidroterapiadecolon.com\/en\/letter-from-the-president\/","title":{"rendered":"Letter from the president"},"content":{"rendered":"<p>[et_pb_section fullwidth=&#8221;on&#8221; specialty=&#8221;off&#8221; background_image=&#8221;http:\/\/aehidroterapiadecolon.com\/wp-content\/uploads\/2014\/04\/fondo-titulo.jpg&#8221; transparent_background=&#8221;off&#8221; background_color=&#8221;#ffffff&#8221; allow_player_pause=&#8221;off&#8221; inner_shadow=&#8221;off&#8221; parallax=&#8221;off&#8221; parallax_method=&#8221;off&#8221;][et_pb_fullwidth_header admin_label=&#8221;T\u00edtulo de anchura completa&#8221; title=&#8221;Letter from the president&#8221; background_layout=&#8221;light&#8221; text_orientation=&#8221;left&#8221; \/][\/et_pb_section][et_pb_section][et_pb_row][et_pb_column type=&#8221;1_4&#8243;][et_pb_image admin_label=&#8221;Imagen&#8221; src=&#8221;http:\/\/aehidroterapiadecolon.com\/wp-content\/uploads\/2014\/04\/david-granizo-bermejo.jpg&#8221; alt=&#8221;Imagen de David Granizo&#8221; title_text=&#8221;David Granizo&#8221; show_in_lightbox=&#8221;off&#8221; url_new_window=&#8221;off&#8221; animation=&#8221;left&#8221; sticky=&#8221;off&#8221; module_class=&#8221;foto_cuadro&#8221; \/][\/et_pb_column][et_pb_column type=&#8221;3_4&#8243;][et_pb_text admin_label=&#8221;Texto&#8221; background_layout=&#8221;light&#8221; text_orientation=&#8221;left&#8221;]On behalf of the Board of the <strong>Spanish Association of Colon Hydrotherapy<\/strong>, that I have the fortune and honor to chair, I want to send a cordial greeting and invite you to actively participate in all the activities taking place in the association. Our intention is that the <strong>Spanish Professional Association of Colon Hydrotherapy (AEHC)<\/strong> is open to all Spanish professionals and serves to enhance their knowledge and skills.<\/p>\n<p>The aim of the <strong>Spanish Association of Colon Hydrotherapy<\/strong> is not limited to the organization of an annual congress, but also to offer a service to its associate members, fostering training through courses and other teaching methods and promoting research; in short, do everything possible to improve the level of our profession. The website of the <strong>Spanish Association of Colon Hydrotherapy<\/strong> aims to promote information, communication and cooperation among its associate members and between us and the rest of the scientific world. To this end, our website is continuously updated with new additions and improvements that facilitate and encourage communication, scientific exchange and work among professionals and users interested in <strong>Colon Hydrotherapy<\/strong>.<\/p>\n<p>Finally, I want to emphasize that the <strong>Spanish Association of Colon Hydrotherapy<\/strong> is your association, regardless of different interests, levels of commitment and scope of each of you. From the association I encourage you to contribute any suggestions, ideas and initiatives that you consider appropriate. With the drive and the union of all we can achieve more every day.<\/p>\n<p>I remain at your disposal.<\/p>\n<p><strong>David Granizo Bermejo<\/strong><br \/>\n<i>President<\/i>[\/et_pb_text][\/et_pb_column][\/et_pb_row][\/et_pb_section]<\/p>\n","protected":false},"excerpt":{"rendered":"<p>[et_pb_section fullwidth=&#8221;on&#8221; specialty=&#8221;off&#8221; background_image=&#8221;http:\/\/aehidroterapiadecolon.com\/wp-content\/uploads\/2014\/04\/fondo-titulo.jpg&#8221; transparent_background=&#8221;off&#8221; background_color=&#8221;#ffffff&#8221; allow_player_pause=&#8221;off&#8221; inner_shadow=&#8221;off&#8221; parallax=&#8221;off&#8221; parallax_method=&#8221;off&#8221;][et_pb_fullwidth_header admin_label=&#8221;T\u00edtulo de anchura completa&#8221; title=&#8221;Letter from the president&#8221; background_layout=&#8221;light&#8221; text_orientation=&#8221;left&#8221; \/][\/et_pb_section][et_pb_section][et_pb_row][et_pb_column type=&#8221;1_4&#8243;][et_pb_image admin_label=&#8221;Imagen&#8221; src=&#8221;http:\/\/aehidroterapiadecolon.com\/wp-content\/uploads\/2014\/04\/david-granizo-bermejo.jpg&#8221; alt=&#8221;Imagen de David Granizo&#8221; title_text=&#8221;David Granizo&#8221; show_in_lightbox=&#8221;off&#8221; url_new_window=&#8221;off&#8221; animation=&#8221;left&#8221; sticky=&#8221;off&#8221; module_class=&#8221;foto_cuadro&#8221; \/][\/et_pb_column][et_pb_column type=&#8221;3_4&#8243;][et_pb_text admin_label=&#8221;Texto&#8221; background_layout=&#8221;light&#8221; text_orientation=&#8221;left&#8221;]On behalf of the Board of the Spanish Association of Colon Hydrotherapy, that I have the [&hellip;]<\/p>\n","protected":false},"author":6,"featured_media":0,"parent":0,"menu_order":0,"comment_status":"open","ping_status":"closed","template":"","meta":{"_et_pb_use_builder":"on","_et_pb_old_content":"[et_pb_section fullwidth=\"on\" specialty=\"off\" background_image=\"http:\/\/aehidroterapiadecolon.com\/wp-content\/uploads\/2014\/04\/fondo-titulo.jpg\" transparent_background=\"off\" background_color=\"#ffffff\" allow_player_pause=\"off\" inner_shadow=\"off\" parallax=\"off\" parallax_method=\"off\"][et_pb_fullwidth_header admin_label=\"T\u00edtulo de anchura completa\" title=\"Carta del Presidente\" background_layout=\"light\" text_orientation=\"left\" \/][\/et_pb_section][et_pb_section][et_pb_row][et_pb_column type=\"1_4\"][et_pb_image admin_label=\"Imagen\" src=\"http:\/\/aehidroterapiadecolon.com\/wp-content\/uploads\/2014\/04\/david-granizo-bermejo.jpg\" alt=\"Imagen de David Granizo\" title_text=\"David Granizo\" show_in_lightbox=\"off\" url_new_window=\"off\" animation=\"left\" sticky=\"off\" module_class=\"foto_cuadro\" \/][\/et_pb_column][et_pb_column type=\"3_4\"][et_pb_text admin_label=\"Texto\" background_layout=\"light\" text_orientation=\"left\"]En nombre de la Junta Directiva de la <strong>Asociaci\u00f3n Espa\u00f1ola de Hidroterapia de Colon<\/strong>, que tengo la fortuna y el honor de presidir, quiero enviaros un saludo cordial e invitaros a participar activamente en todas las actividades que se desarrollen en la Asociaci\u00f3n. Nuestra intenci\u00f3n es que la <strong>Asociaci\u00f3n Espa\u00f1ola de Hidroterapia de Colon (AEHC)<\/strong> est\u00e9 abierta a todos los profesionales espa\u00f1oles y sirva para mejorar su nivel de conocimientos y destrezas.\r\n\r\nEl objetivo de la <strong>Asociaci\u00f3n Espa\u00f1ola de Hidroterapia de Colon<\/strong> no se limita a la organizaci\u00f3n de un congreso anual, sino tambi\u00e9n ofrecer un servicio a sus socios, fomentando la formaci\u00f3n a trav\u00e9s de cursos y cualquier otra actividad docente y la promoci\u00f3n de la investigaci\u00f3n; en definitiva, hacer todo lo posible para mejorar el nivel de nuestra preparaci\u00f3n. La Web de la <strong>Asociaci\u00f3n Espa\u00f1ola de Hidroterapia de Colon<\/strong> pretende favorecer la informaci\u00f3n, comunicaci\u00f3n y cooperaci\u00f3n entre sus miembros y de estos con el resto del mundo cient\u00edfico. En esta l\u00ednea, nuestra Web est\u00e1\u00a0en continua actualizaci\u00f3n y renovaci\u00f3n con nuevas aportaciones que facilitan y fomentan el contacto, intercambio cient\u00edfico y el trabajo entre los profesionales y usuarios interesados en la <strong>Hidroterapia de Colon<\/strong>.\r\n\r\nFinalmente quiero destacar que la <strong>Asociaci\u00f3n Espa\u00f1ola de Hidroterapia de Colon<\/strong> es vuestra Asociaci\u00f3n, independientemente de los diferentes intereses, niveles de dedicaci\u00f3n y \u00e1mbito de cada uno de vosotros. Desde la Asociaci\u00f3n os animo a que aport\u00e9is todas\u00a0aquellas sugerencias, ideas e iniciativas que consider\u00e9is oportunas. Con el empuje y la uni\u00f3n de todos lograremos mejorar d\u00eda a d\u00eda.\r\n\r\nQuedo a vuestra entera disposici\u00f3n. Un abrazo.\r\n\r\n<strong>David Granizo Bermejo<\/strong>\r\n<i>Presidente<\/i>[\/et_pb_text][\/et_pb_column][\/et_pb_row][\/et_pb_section]","_et_gb_content_width":""},"yoast_head":"<!-- This site is optimized with the Yoast SEO plugin v19.7.1 - https:\/\/yoast.com\/wordpress\/plugins\/seo\/ -->\n<title>Letter from the president - Spanish Association of Colon Hydrotherapy<\/title>\n<meta name=\"description\" content=\"Letter from the president of the Spanish Association of Colon Hydrotherapy\" \/>\n<meta name=\"robots\" content=\"index, follow, max-snippet:-1, max-image-preview:large, max-video-preview:-1\" \/>\n<link rel=\"canonical\" href=\"https:\/\/aehidroterapiadecolon.com\/en\/letter-from-the-president\/\" \/>\n<meta property=\"og:locale\" content=\"en_US\" \/>\n<meta property=\"og:type\" content=\"article\" \/>\n<meta property=\"og:title\" content=\"Letter from the president - Spanish Association of Colon Hydrotherapy\" \/>\n<meta property=\"og:description\" content=\"Letter from the president of the Spanish Association of Colon Hydrotherapy\" \/>\n<meta property=\"og:url\" content=\"https:\/\/aehidroterapiadecolon.com\/en\/letter-from-the-president\/\" \/>\n<meta property=\"og:site_name\" content=\"Asociaci\u00f3n Espa\u00f1ola de Hidroterapia de Colon\" \/>\n<meta property=\"article:publisher\" content=\"https:\/\/www.facebook.com\/pages\/Asociacion-Espa%c3%b1ola-de-Hidroterapia-de-Colon\/1498644383756868\" \/>\n<meta property=\"article:modified_time\" content=\"2016-03-15T09:10:40+00:00\" \/>\n<meta property=\"og:image\" content=\"http:\/\/aehidroterapiadecolon.com\/wp-content\/uploads\/2015\/04\/logo.gif\" \/>\n<meta name=\"twitter:card\" content=\"summary\" \/>\n<meta name=\"twitter:label1\" content=\"Est. reading time\" \/>\n\t<meta name=\"twitter:data1\" content=\"2 minutes\" \/>\n<script type=\"application\/ld+json\" class=\"yoast-schema-graph\">{\"@context\":\"https:\/\/schema.org\",\"@graph\":[{\"@type\":\"WebPage\",\"@id\":\"https:\/\/aehidroterapiadecolon.com\/en\/letter-from-the-president\/\",\"url\":\"https:\/\/aehidroterapiadecolon.com\/en\/letter-from-the-president\/\",\"name\":\"Letter from the president - Spanish Association of Colon Hydrotherapy\",\"isPartOf\":{\"@id\":\"https:\/\/aehidroterapiadecolon.com\/#website\"},\"datePublished\":\"2016-03-08T09:44:18+00:00\",\"dateModified\":\"2016-03-15T09:10:40+00:00\",\"description\":\"Letter from the president of the Spanish Association of Colon Hydrotherapy\",\"breadcrumb\":{\"@id\":\"https:\/\/aehidroterapiadecolon.com\/en\/letter-from-the-president\/#breadcrumb\"},\"inLanguage\":\"en-US\",\"potentialAction\":[{\"@type\":\"ReadAction\",\"target\":[\"https:\/\/aehidroterapiadecolon.com\/en\/letter-from-the-president\/\"]}]},{\"@type\":\"BreadcrumbList\",\"@id\":\"https:\/\/aehidroterapiadecolon.com\/en\/letter-from-the-president\/#breadcrumb\",\"itemListElement\":[{\"@type\":\"ListItem\",\"position\":1,\"name\":\"Portada\",\"item\":\"https:\/\/aehidroterapiadecolon.com\/en\/\"},{\"@type\":\"ListItem\",\"position\":2,\"name\":\"Letter from the president\"}]},{\"@type\":\"WebSite\",\"@id\":\"https:\/\/aehidroterapiadecolon.com\/#website\",\"url\":\"https:\/\/aehidroterapiadecolon.com\/\",\"name\":\"Asociaci\u00f3n Espa\u00f1ola de Hidroterapia de Colon\",\"description\":\"AEHC\",\"potentialAction\":[{\"@type\":\"SearchAction\",\"target\":{\"@type\":\"EntryPoint\",\"urlTemplate\":\"https:\/\/aehidroterapiadecolon.com\/?s={search_term_string}\"},\"query-input\":\"required name=search_term_string\"}],\"inLanguage\":\"en-US\"}]}<\/script>\n<!-- \/ Yoast SEO plugin. -->","yoast_head_json":{"title":"Letter from the president - Spanish Association of Colon Hydrotherapy","description":"Letter from the president of the Spanish Association of Colon Hydrotherapy","robots":{"index":"index","follow":"follow","max-snippet":"max-snippet:-1","max-image-preview":"max-image-preview:large","max-video-preview":"max-video-preview:-1"},"canonical":"https:\/\/aehidroterapiadecolon.com\/en\/letter-from-the-president\/","og_locale":"en_US","og_type":"article","og_title":"Letter from the president - Spanish Association of Colon Hydrotherapy","og_description":"Letter from the president of the Spanish Association of Colon Hydrotherapy","og_url":"https:\/\/aehidroterapiadecolon.com\/en\/letter-from-the-president\/","og_site_name":"Asociaci\u00f3n Espa\u00f1ola de Hidroterapia de Colon","article_publisher":"https:\/\/www.facebook.com\/pages\/Asociacion-Espa%c3%b1ola-de-Hidroterapia-de-Colon\/1498644383756868","article_modified_time":"2016-03-15T09:10:40+00:00","og_image":[{"url":"http:\/\/aehidroterapiadecolon.com\/wp-content\/uploads\/2015\/04\/logo.gif"}],"twitter_card":"summary","twitter_misc":{"Est. reading time":"2 minutes"},"schema":{"@context":"https:\/\/schema.org","@graph":[{"@type":"WebPage","@id":"https:\/\/aehidroterapiadecolon.com\/en\/letter-from-the-president\/","url":"https:\/\/aehidroterapiadecolon.com\/en\/letter-from-the-president\/","name":"Letter from the president - Spanish Association of Colon Hydrotherapy","isPartOf":{"@id":"https:\/\/aehidroterapiadecolon.com\/#website"},"datePublished":"2016-03-08T09:44:18+00:00","dateModified":"2016-03-15T09:10:40+00:00","description":"Letter from the president of the Spanish Association of Colon Hydrotherapy","breadcrumb":{"@id":"https:\/\/aehidroterapiadecolon.com\/en\/letter-from-the-president\/#breadcrumb"},"inLanguage":"en-US","potentialAction":[{"@type":"ReadAction","target":["https:\/\/aehidroterapiadecolon.com\/en\/letter-from-the-president\/"]}]},{"@type":"BreadcrumbList","@id":"https:\/\/aehidroterapiadecolon.com\/en\/letter-from-the-president\/#breadcrumb","itemListElement":[{"@type":"ListItem","position":1,"name":"Portada","item":"https:\/\/aehidroterapiadecolon.com\/en\/"},{"@type":"ListItem","position":2,"name":"Letter from the president"}]},{"@type":"WebSite","@id":"https:\/\/aehidroterapiadecolon.com\/#website","url":"https:\/\/aehidroterapiadecolon.com\/","name":"Asociaci\u00f3n Espa\u00f1ola de Hidroterapia de Colon","description":"AEHC","potentialAction":[{"@type":"SearchAction","target":{"@type":"EntryPoint","urlTemplate":"https:\/\/aehidroterapiadecolon.com\/?s={search_term_string}"},"query-input":"required name=search_term_string"}],"inLanguage":"en-US"}]}},"_links":{"self":[{"href":"https:\/\/aehidroterapiadecolon.com\/en\/wp-json\/wp\/v2\/pages\/1336"}],"collection":[{"href":"https:\/\/aehidroterapiadecolon.com\/en\/wp-json\/wp\/v2\/pages"}],"about":[{"href":"https:\/\/aehidroterapiadecolon.com\/en\/wp-json\/wp\/v2\/types\/page"}],"author":[{"embeddable":true,"href":"https:\/\/aehidroterapiadecolon.com\/en\/wp-json\/wp\/v2\/users\/6"}],"replies":[{"embeddable":true,"href":"https:\/\/aehidroterapiadecolon.com\/en\/wp-json\/wp\/v2\/comments?post=1336"}],"version-history":[{"count":1,"href":"https:\/\/aehidroterapiadecolon.com\/en\/wp-json\/wp\/v2\/pages\/1336\/revisions"}],"predecessor-version":[{"id":1337,"href":"https:\/\/aehidroterapiadecolon.com\/en\/wp-json\/wp\/v2\/pages\/1336\/revisions\/1337"}],"wp:attachment":[{"href":"https:\/\/aehidroterapiadecolon.com\/en\/wp-json\/wp\/v2\/media?parent=1336"}],"curies":[{"name":"wp","href":"https:\/\/api.w.org\/{rel}","templated":true}]}}