{"id":1344,"date":"2016-03-08T10:23:19","date_gmt":"2016-03-08T10:23:19","guid":{"rendered":"http:\/\/aehidroterapiadecolon.com\/?page_id=1344"},"modified":"2016-03-15T08:32:53","modified_gmt":"2016-03-15T08:32:53","slug":"advantages","status":"publish","type":"page","link":"https:\/\/aehidroterapiadecolon.com\/en\/advantages\/","title":{"rendered":"Advantages"},"content":{"rendered":"<p>[et_pb_section fullwidth=&#8221;on&#8221; specialty=&#8221;off&#8221; background_image=&#8221;http:\/\/aehidroterapiadecolon.com\/wp-content\/uploads\/2014\/04\/fondo-titulo.jpg&#8221; transparent_background=&#8221;off&#8221; background_color=&#8221;#ffffff&#8221; allow_player_pause=&#8221;off&#8221; inner_shadow=&#8221;off&#8221; parallax=&#8221;off&#8221; parallax_method=&#8221;off&#8221;][et_pb_fullwidth_header admin_label=&#8221;T\u00edtulo de anchura completa&#8221; title=&#8221;Advantages&#8221; background_layout=&#8221;light&#8221; text_orientation=&#8221;left&#8221; \/][\/et_pb_section][et_pb_section][et_pb_row][et_pb_column type=&#8221;4_4&#8243;][et_pb_text admin_label=&#8221;Texto&#8221; background_layout=&#8221;light&#8221; text_orientation=&#8221;left&#8221; module_class=&#8221;li_outside_cursiva&#8221;]<\/p>\n<ul>\n<li>Representation and legal defense for all professional associate partners in Spain.<\/li>\n<li>Area of continuous further training for associate members.<\/li>\n<li>Being included in a central database of professional associate members.<\/li>\n<li>Discounted prices for lawyers and agencies.<\/li>\n<li>Special prices for the Adaptation of the Organic Law on Data Protection.<\/li>\n<li>Discounted prices for webpage development for associate members.<\/li>\n<\/ul>\n<p>[\/et_pb_text][\/et_pb_column][\/et_pb_row][et_pb_row][et_pb_column type=&#8221;1_3&#8243;][et_pb_blurb admin_label=&#8221;Transcom&#8221; title=&#8221;TRANSCOM&#8221; url_new_window=&#8221;off&#8221; use_icon=&#8221;off&#8221; icon_color=&#8221;#7EBEC5&#8243; use_circle=&#8221;off&#8221; circle_color=&#8221;#7EBEC5&#8243; use_circle_border=&#8221;off&#8221; circle_border_color=&#8221;#7EBEC5&#8243; image=&#8221;http:\/\/aehidroterapiadecolon.com\/wp-content\/uploads\/2014\/04\/transcom-ventajas.jpg&#8221; alt=&#8221;Imagen de Transcom&#8221; icon_placement=&#8221;top&#8221; animation=&#8221;off&#8221; background_layout=&#8221;light&#8221; text_orientation=&#8221;left&#8221;]<\/p>\n<hr style=\"color: #2ea3f2; background-color: #2ea3f2; height: 2px; border: none;\" noshade=\"noshade\">\n<p>10% discount on cannulas. 20% discount on Nutergia laboratory products.[\/et_pb_blurb][\/et_pb_column][et_pb_column type=&#8221;1_3&#8243;][et_pb_blurb admin_label=&#8221;Ana Mar\u00eda Montellano&#8221; title=&#8221;Ana Mar\u00eda Montellano&#8221; url_new_window=&#8221;off&#8221; use_icon=&#8221;off&#8221; icon_color=&#8221;#7EBEC5&#8243; use_circle=&#8221;off&#8221; circle_color=&#8221;#7EBEC5&#8243; use_circle_border=&#8221;off&#8221; circle_border_color=&#8221;#7EBEC5&#8243; icon_placement=&#8221;top&#8221; animation=&#8221;off&#8221; background_layout=&#8221;light&#8221; text_orientation=&#8221;left&#8221; image=&#8221;http:\/\/aehidroterapiadecolon.com\/wp-content\/uploads\/2014\/06\/salud-vida-intestinal.jpg&#8221; alt=&#8221;Sin imagen&#8221;]<\/p>\n<hr style=\"color: #2ea3f2; background-color: #2ea3f2; height: 2px; border: none;\" noshade=\"noshade\">\n<p>10% discount on training.[\/et_pb_blurb][\/et_pb_column][et_pb_column type=&#8221;1_3&#8243;][et_pb_blurb admin_label=&#8221;Escuela Censana&#8221; title=&#8221;ESCUELA CENSANA&#8221; url_new_window=&#8221;off&#8221; use_icon=&#8221;off&#8221; icon_color=&#8221;#7EBEC5&#8243; use_circle=&#8221;off&#8221; circle_color=&#8221;#7EBEC5&#8243; use_circle_border=&#8221;off&#8221; circle_border_color=&#8221;#7EBEC5&#8243; image=&#8221;http:\/\/aehidroterapiadecolon.com\/wp-content\/uploads\/2014\/04\/escuela-censana.jpg&#8221; alt=&#8221;Imagen de Escuela Censana&#8221; icon_placement=&#8221;top&#8221; animation=&#8221;off&#8221; background_layout=&#8221;light&#8221; text_orientation=&#8221;left&#8221; module_class=&#8221;foto_cuadro_arriba&#8221;]<\/p>\n<hr style=\"color: #2ea3f2; background-color: #2ea3f2; height: 2px; border: none;\" noshade=\"noshade\">\n<p>10% discount off training.[\/et_pb_blurb][\/et_pb_column][\/et_pb_row][\/et_pb_section]<\/p>\n","protected":false},"excerpt":{"rendered":"<p>[et_pb_section fullwidth=&#8221;on&#8221; specialty=&#8221;off&#8221; background_image=&#8221;http:\/\/aehidroterapiadecolon.com\/wp-content\/uploads\/2014\/04\/fondo-titulo.jpg&#8221; transparent_background=&#8221;off&#8221; background_color=&#8221;#ffffff&#8221; allow_player_pause=&#8221;off&#8221; inner_shadow=&#8221;off&#8221; parallax=&#8221;off&#8221; parallax_method=&#8221;off&#8221;][et_pb_fullwidth_header admin_label=&#8221;T\u00edtulo de anchura completa&#8221; title=&#8221;Advantages&#8221; background_layout=&#8221;light&#8221; text_orientation=&#8221;left&#8221; \/][\/et_pb_section][et_pb_section][et_pb_row][et_pb_column type=&#8221;4_4&#8243;][et_pb_text admin_label=&#8221;Texto&#8221; background_layout=&#8221;light&#8221; text_orientation=&#8221;left&#8221; module_class=&#8221;li_outside_cursiva&#8221;] Representation and legal defense for all professional associate partners in Spain. Area of continuous further training for associate members. Being included in a central database of professional associate members. Discounted prices for [&hellip;]<\/p>\n","protected":false},"author":6,"featured_media":0,"parent":0,"menu_order":0,"comment_status":"open","ping_status":"closed","template":"","meta":{"_et_pb_use_builder":"on","_et_pb_old_content":"[et_pb_section fullwidth=\"on\" specialty=\"off\" background_image=\"http:\/\/aehidroterapiadecolon.com\/wp-content\/uploads\/2014\/04\/fondo-titulo.jpg\" transparent_background=\"off\" background_color=\"#ffffff\" allow_player_pause=\"off\" inner_shadow=\"off\" parallax=\"off\" parallax_method=\"off\"][et_pb_fullwidth_header admin_label=\"T\u00edtulo de anchura completa\" title=\"Ventajas\" background_layout=\"light\" text_orientation=\"left\" \/][\/et_pb_section][et_pb_section][et_pb_row][et_pb_column type=\"4_4\"][et_pb_text admin_label=\"Texto\" background_layout=\"light\" text_orientation=\"left\" module_class=\"li_outside_cursiva\"]\r\n<ul>\r\n\t<li>Representaci\u00f3n y defensa de todos los profesionales en Hidroterapia de Colon de Espa\u00f1a.<\/li>\r\n\t<li>\u00c1rea de formaci\u00f3n continua para el asociado.<\/li>\r\n\t<li>Profesional y Centro en el listado de socios.<\/li>\r\n\t<li>Precio especial en abogados y gestor\u00eda.<\/li>\r\n\t<li>Precio especial en la Adaptaci\u00f3n de la Ley Org\u00e1nica de Protecci\u00f3n de Datos.<\/li>\r\n\t<li>Precio especial para la creaci\u00f3n web del socio.<\/li>\r\n<\/ul>\r\n[\/et_pb_text][\/et_pb_column][\/et_pb_row][et_pb_row][et_pb_column type=\"1_3\"][et_pb_blurb admin_label=\"Transcom\" title=\"TRANSCOM\" url_new_window=\"off\" use_icon=\"off\" icon_color=\"#7EBEC5\" use_circle=\"off\" circle_color=\"#7EBEC5\" use_circle_border=\"off\" circle_border_color=\"#7EBEC5\" image=\"http:\/\/aehidroterapiadecolon.com\/wp-content\/uploads\/2014\/04\/transcom-ventajas.jpg\" alt=\"Imagen de Transcom\" icon_placement=\"top\" animation=\"off\" background_layout=\"light\" text_orientation=\"left\"]<hr style=\"color: #2ea3f2; background-color: #2ea3f2; height: 2px; border: none;\" noshade=\"noshade\">\r\n\r\nDescuento del 10% en c\u00e1nulas. Descuento del 20% en productos del laboratorio Nutergia.[\/et_pb_blurb][\/et_pb_column][et_pb_column type=\"1_3\"][et_pb_blurb admin_label=\"Ana Mar\u00eda Montellano\" title=\"Ana Mar\u00eda Montellano\" url_new_window=\"off\" use_icon=\"off\" icon_color=\"#7EBEC5\" use_circle=\"off\" circle_color=\"#7EBEC5\" use_circle_border=\"off\" circle_border_color=\"#7EBEC5\" icon_placement=\"top\" animation=\"off\" background_layout=\"light\" text_orientation=\"left\" image=\"http:\/\/aehidroterapiadecolon.com\/wp-content\/uploads\/2014\/06\/salud-vida-intestinal.jpg\" alt=\"Sin imagen\"]<hr style=\"color: #2ea3f2; background-color: #2ea3f2; height: 2px; border: none;\" noshade=\"noshade\">\r\n\r\nDescuento del 10% en formaci\u00f3n.[\/et_pb_blurb][\/et_pb_column][et_pb_column type=\"1_3\"][et_pb_blurb admin_label=\"Escuela Censana\" title=\"ESCUELA CENSANA\" url_new_window=\"off\" use_icon=\"off\" icon_color=\"#7EBEC5\" use_circle=\"off\" circle_color=\"#7EBEC5\" use_circle_border=\"off\" circle_border_color=\"#7EBEC5\" image=\"http:\/\/aehidroterapiadecolon.com\/wp-content\/uploads\/2014\/04\/escuela-censana.jpg\" alt=\"Imagen de Escuela Censana\" icon_placement=\"top\" animation=\"off\" background_layout=\"light\" text_orientation=\"left\" module_class=\"foto_cuadro_arriba\"]\r\n\r\n<hr style=\"color: #2ea3f2; background-color: #2ea3f2; height: 2px; border: none;\" noshade=\"noshade\" \/>\r\n\r\nDescuento del 10% descuento en formaci\u00f3n.\r\n\r\n[\/et_pb_blurb][\/et_pb_column][\/et_pb_row][\/et_pb_section]","_et_gb_content_width":""},"yoast_head":"<!-- This site is optimized with the Yoast SEO plugin v19.7.1 - https:\/\/yoast.com\/wordpress\/plugins\/seo\/ -->\n<title>Advantages - Spanish Association of Colon Hydrotherapy<\/title>\n<meta name=\"description\" content=\"Advantages of belonging to the Spanish Association of Colon Hydrotherapy\" \/>\n<meta name=\"robots\" content=\"index, follow, max-snippet:-1, max-image-preview:large, max-video-preview:-1\" \/>\n<link rel=\"canonical\" href=\"https:\/\/aehidroterapiadecolon.com\/en\/advantages\/\" \/>\n<meta property=\"og:locale\" content=\"en_US\" \/>\n<meta property=\"og:type\" content=\"article\" \/>\n<meta property=\"og:title\" content=\"Advantages - Spanish Association of Colon Hydrotherapy\" \/>\n<meta property=\"og:description\" content=\"Advantages of belonging to the Spanish Association of Colon Hydrotherapy\" \/>\n<meta property=\"og:url\" content=\"https:\/\/aehidroterapiadecolon.com\/en\/advantages\/\" \/>\n<meta property=\"og:site_name\" content=\"Asociaci\u00f3n Espa\u00f1ola de Hidroterapia de Colon\" \/>\n<meta property=\"article:publisher\" content=\"https:\/\/www.facebook.com\/pages\/Asociacion-Espa%c3%b1ola-de-Hidroterapia-de-Colon\/1498644383756868\" \/>\n<meta property=\"article:modified_time\" content=\"2016-03-15T08:32:53+00:00\" \/>\n<meta property=\"og:image\" content=\"http:\/\/aehidroterapiadecolon.com\/wp-content\/uploads\/2015\/04\/logo.gif\" \/>\n<meta name=\"twitter:card\" content=\"summary\" \/>\n<meta name=\"twitter:label1\" content=\"Est. reading time\" \/>\n\t<meta name=\"twitter:data1\" content=\"2 minutes\" \/>\n<script type=\"application\/ld+json\" class=\"yoast-schema-graph\">{\"@context\":\"https:\/\/schema.org\",\"@graph\":[{\"@type\":\"WebPage\",\"@id\":\"https:\/\/aehidroterapiadecolon.com\/en\/advantages\/\",\"url\":\"https:\/\/aehidroterapiadecolon.com\/en\/advantages\/\",\"name\":\"Advantages - Spanish Association of Colon Hydrotherapy\",\"isPartOf\":{\"@id\":\"https:\/\/aehidroterapiadecolon.com\/#website\"},\"datePublished\":\"2016-03-08T10:23:19+00:00\",\"dateModified\":\"2016-03-15T08:32:53+00:00\",\"description\":\"Advantages of belonging to the Spanish Association of Colon Hydrotherapy\",\"breadcrumb\":{\"@id\":\"https:\/\/aehidroterapiadecolon.com\/en\/advantages\/#breadcrumb\"},\"inLanguage\":\"en-US\",\"potentialAction\":[{\"@type\":\"ReadAction\",\"target\":[\"https:\/\/aehidroterapiadecolon.com\/en\/advantages\/\"]}]},{\"@type\":\"BreadcrumbList\",\"@id\":\"https:\/\/aehidroterapiadecolon.com\/en\/advantages\/#breadcrumb\",\"itemListElement\":[{\"@type\":\"ListItem\",\"position\":1,\"name\":\"Portada\",\"item\":\"https:\/\/aehidroterapiadecolon.com\/en\/\"},{\"@type\":\"ListItem\",\"position\":2,\"name\":\"Advantages\"}]},{\"@type\":\"WebSite\",\"@id\":\"https:\/\/aehidroterapiadecolon.com\/#website\",\"url\":\"https:\/\/aehidroterapiadecolon.com\/\",\"name\":\"Asociaci\u00f3n Espa\u00f1ola de Hidroterapia de Colon\",\"description\":\"AEHC\",\"potentialAction\":[{\"@type\":\"SearchAction\",\"target\":{\"@type\":\"EntryPoint\",\"urlTemplate\":\"https:\/\/aehidroterapiadecolon.com\/?s={search_term_string}\"},\"query-input\":\"required name=search_term_string\"}],\"inLanguage\":\"en-US\"}]}<\/script>\n<!-- \/ Yoast SEO plugin. -->","yoast_head_json":{"title":"Advantages - Spanish Association of Colon Hydrotherapy","description":"Advantages of belonging to the Spanish Association of Colon Hydrotherapy","robots":{"index":"index","follow":"follow","max-snippet":"max-snippet:-1","max-image-preview":"max-image-preview:large","max-video-preview":"max-video-preview:-1"},"canonical":"https:\/\/aehidroterapiadecolon.com\/en\/advantages\/","og_locale":"en_US","og_type":"article","og_title":"Advantages - Spanish Association of Colon Hydrotherapy","og_description":"Advantages of belonging to the Spanish Association of Colon Hydrotherapy","og_url":"https:\/\/aehidroterapiadecolon.com\/en\/advantages\/","og_site_name":"Asociaci\u00f3n Espa\u00f1ola de Hidroterapia de Colon","article_publisher":"https:\/\/www.facebook.com\/pages\/Asociacion-Espa%c3%b1ola-de-Hidroterapia-de-Colon\/1498644383756868","article_modified_time":"2016-03-15T08:32:53+00:00","og_image":[{"url":"http:\/\/aehidroterapiadecolon.com\/wp-content\/uploads\/2015\/04\/logo.gif"}],"twitter_card":"summary","twitter_misc":{"Est. reading time":"2 minutes"},"schema":{"@context":"https:\/\/schema.org","@graph":[{"@type":"WebPage","@id":"https:\/\/aehidroterapiadecolon.com\/en\/advantages\/","url":"https:\/\/aehidroterapiadecolon.com\/en\/advantages\/","name":"Advantages - Spanish Association of Colon Hydrotherapy","isPartOf":{"@id":"https:\/\/aehidroterapiadecolon.com\/#website"},"datePublished":"2016-03-08T10:23:19+00:00","dateModified":"2016-03-15T08:32:53+00:00","description":"Advantages of belonging to the Spanish Association of Colon Hydrotherapy","breadcrumb":{"@id":"https:\/\/aehidroterapiadecolon.com\/en\/advantages\/#breadcrumb"},"inLanguage":"en-US","potentialAction":[{"@type":"ReadAction","target":["https:\/\/aehidroterapiadecolon.com\/en\/advantages\/"]}]},{"@type":"BreadcrumbList","@id":"https:\/\/aehidroterapiadecolon.com\/en\/advantages\/#breadcrumb","itemListElement":[{"@type":"ListItem","position":1,"name":"Portada","item":"https:\/\/aehidroterapiadecolon.com\/en\/"},{"@type":"ListItem","position":2,"name":"Advantages"}]},{"@type":"WebSite","@id":"https:\/\/aehidroterapiadecolon.com\/#website","url":"https:\/\/aehidroterapiadecolon.com\/","name":"Asociaci\u00f3n Espa\u00f1ola de Hidroterapia de Colon","description":"AEHC","potentialAction":[{"@type":"SearchAction","target":{"@type":"EntryPoint","urlTemplate":"https:\/\/aehidroterapiadecolon.com\/?s={search_term_string}"},"query-input":"required name=search_term_string"}],"inLanguage":"en-US"}]}},"_links":{"self":[{"href":"https:\/\/aehidroterapiadecolon.com\/en\/wp-json\/wp\/v2\/pages\/1344"}],"collection":[{"href":"https:\/\/aehidroterapiadecolon.com\/en\/wp-json\/wp\/v2\/pages"}],"about":[{"href":"https:\/\/aehidroterapiadecolon.com\/en\/wp-json\/wp\/v2\/types\/page"}],"author":[{"embeddable":true,"href":"https:\/\/aehidroterapiadecolon.com\/en\/wp-json\/wp\/v2\/users\/6"}],"replies":[{"embeddable":true,"href":"https:\/\/aehidroterapiadecolon.com\/en\/wp-json\/wp\/v2\/comments?post=1344"}],"version-history":[{"count":1,"href":"https:\/\/aehidroterapiadecolon.com\/en\/wp-json\/wp\/v2\/pages\/1344\/revisions"}],"predecessor-version":[{"id":1345,"href":"https:\/\/aehidroterapiadecolon.com\/en\/wp-json\/wp\/v2\/pages\/1344\/revisions\/1345"}],"wp:attachment":[{"href":"https:\/\/aehidroterapiadecolon.com\/en\/wp-json\/wp\/v2\/media?parent=1344"}],"curies":[{"name":"wp","href":"https:\/\/api.w.org\/{rel}","templated":true}]}}