{"id":1346,"date":"2016-03-08T10:26:29","date_gmt":"2016-03-08T10:26:29","guid":{"rendered":"http:\/\/aehidroterapiadecolon.com\/?page_id=1346"},"modified":"2016-03-30T13:11:20","modified_gmt":"2016-03-30T13:11:20","slug":"become-a-member","status":"publish","type":"page","link":"https:\/\/aehidroterapiadecolon.com\/en\/become-a-member\/","title":{"rendered":"Become a member"},"content":{"rendered":"<p>[et_pb_section fullwidth=&#8221;on&#8221; specialty=&#8221;off&#8221; background_image=&#8221;http:\/\/aehidroterapiadecolon.com\/wp-content\/uploads\/2014\/04\/fondo-titulo.jpg&#8221; transparent_background=&#8221;off&#8221; background_color=&#8221;#ffffff&#8221; allow_player_pause=&#8221;off&#8221; inner_shadow=&#8221;off&#8221; parallax=&#8221;off&#8221; parallax_method=&#8221;off&#8221;][et_pb_fullwidth_header admin_label=&#8221;T\u00edtulo de anchura completa&#8221; title=&#8221;Become a member&#8221; background_layout=&#8221;light&#8221; text_orientation=&#8221;left&#8221; \/][\/et_pb_section][et_pb_section][et_pb_row][et_pb_column type=&#8221;4_4&#8243;][et_pb_image admin_label=&#8221;Imagen&#8221; src=&#8221;http:\/\/aehidroterapiadecolon.com\/wp-content\/uploads\/2014\/06\/imagen1.jpg&#8221; show_in_lightbox=&#8221;off&#8221; url_new_window=&#8221;off&#8221; animation=&#8221;left&#8221; sticky=&#8221;off&#8221; \/][et_pb_text admin_label=&#8221;Texto&#8221; background_layout=&#8221;light&#8221; text_orientation=&#8221;left&#8221; module_class=&#8221;li_outside_cursiva&#8221;]Become part of a <strong>non-profit association<\/strong>, where the benefits to associate members include further training, conferences, seminars, discussion platform, etc. For these reasons, an anual fee is charged by the association: to maintain the association and to provide and manage its services. The association is created by and for professionals and not by entrepreneurs. The associate member is totally free to buy, disclose and report about any Colon Hydrotherapy appliances or consumables in the market: we are not funded or pressured by any company.<\/p>\n<p>To join as a full associate member of the Spanish Association of Colon Hydrotherapy, you must prove your status as a professional by means of your training credentials. You must provide:<\/p>\n<ul>\n<li>Registration document.<\/li>\n<li>Direct Debit Documentation.<\/li>\n<li>Organic Law on Data Protection Documentation.<\/li>\n<li>Passport size photograph.<\/li>\n<li>\u20ac 120 annual fee (the fee payment can be made through direct debit or account deposit).<\/li>\n<\/ul>\n<p>You can submit documentation electronically via <strong>info@aehidroterapiadecolon.com<\/strong> or by post (Asociaci\u00f3n Espa\u00f1ola de Hidroterapia de Colon, Calle Balmes, 296, 6-3\u00ba \u2013 08006 Barcelona).<\/p>\n<p><strong><a href=\"http:\/\/aehidroterapiadecolon.com\/wp-content\/uploads\/2016\/03\/documentacion-para-el-socio-en.pdf\">Download PDF documentation<\/a><\/strong>[\/et_pb_text][\/et_pb_column][\/et_pb_row][\/et_pb_section]<\/p>\n","protected":false},"excerpt":{"rendered":"<p>[et_pb_section fullwidth=&#8221;on&#8221; specialty=&#8221;off&#8221; background_image=&#8221;http:\/\/aehidroterapiadecolon.com\/wp-content\/uploads\/2014\/04\/fondo-titulo.jpg&#8221; transparent_background=&#8221;off&#8221; background_color=&#8221;#ffffff&#8221; allow_player_pause=&#8221;off&#8221; inner_shadow=&#8221;off&#8221; parallax=&#8221;off&#8221; parallax_method=&#8221;off&#8221;][et_pb_fullwidth_header admin_label=&#8221;T\u00edtulo de anchura completa&#8221; title=&#8221;Become a member&#8221; background_layout=&#8221;light&#8221; text_orientation=&#8221;left&#8221; \/][\/et_pb_section][et_pb_section][et_pb_row][et_pb_column type=&#8221;4_4&#8243;][et_pb_image admin_label=&#8221;Imagen&#8221; src=&#8221;http:\/\/aehidroterapiadecolon.com\/wp-content\/uploads\/2014\/06\/imagen1.jpg&#8221; show_in_lightbox=&#8221;off&#8221; url_new_window=&#8221;off&#8221; animation=&#8221;left&#8221; sticky=&#8221;off&#8221; \/][et_pb_text admin_label=&#8221;Texto&#8221; background_layout=&#8221;light&#8221; text_orientation=&#8221;left&#8221; module_class=&#8221;li_outside_cursiva&#8221;]Become part of a non-profit association, where the benefits to associate members include further training, conferences, seminars, discussion platform, etc. For these reasons, an [&hellip;]<\/p>\n","protected":false},"author":6,"featured_media":0,"parent":0,"menu_order":0,"comment_status":"open","ping_status":"closed","template":"","meta":{"_et_pb_use_builder":"on","_et_pb_old_content":"<img src=\"http:\/\/aehidroterapiadecolon.com\/wp-content\/uploads\/2014\/06\/imagen1.jpg\" alt=\"imagen1\" width=\"713\" height=\"272\" class=\"alignnone size-full wp-image-213\" \/>\r\n\r\nOfrecemos formar parte de una <strong>Asociaci\u00f3n sin \u00e1nimo de lucro<\/strong>, donde el beneficio se ofrece a los socios en formaci\u00f3n continua, congresos, seminarios, resoluci\u00f3n de dudas, etc. Por esta raz\u00f3n existe una cuota anual: para poder mantener la Asociaci\u00f3n y ofrecer y gestionar unos servicios. Es una Asociaci\u00f3n creada por y para Profesionales y no por empresarios del sector. El socio es totalmente libre de comprar, divulgar e informar sobre cualquier aparatolog\u00eda o consumible de Hidroterapia de Colon del mercado: no estamos financiados ni presionados por ninguna empresa.\r\n\r\nPara formar parte como miembro numerario de la Asociaci\u00f3n Espa\u00f1ola de Hidroterapia de Colon, debes acreditar tu condici\u00f3n de profesional mediante tu formaci\u00f3n. Debes aportar:\r\n<ul>\r\n\t<li>Documento de inscripci\u00f3n.<\/li>\r\n\t<li>Documento de domiciliaci\u00f3n bancaria.<\/li>\r\n\t<li>Documento de Ley Org\u00e1nica de Protecci\u00f3n de Datos.<\/li>\r\n\t<li>Fotograf\u00eda tama\u00f1o carn\u00e9.<\/li>\r\n\t<li>Cuota anual de 120 \u20ac (el pago de la cuota se efectuar\u00e1 a trav\u00e9s de domiciliaci\u00f3n bancaria o ingreso en cuenta).<\/li>\r\n<\/ul>\r\nDeber\u00e1s remitir la documentaci\u00f3n por v\u00eda electr\u00f3nica al correo <strong>info@aehidroterapiadecolon.com<\/strong>\u00a0o v\u00eda postal (Asociaci\u00f3n Espa\u00f1ola de Hidroterapia de Colon, calle Balmes, 299, bajo 1 - 08006 Barcelona).\r\n\r\n<a id=\"pdf\" href=\"http:\/\/aehidroterapiadecolon.com\/wp-content\/uploads\/2014\/06\/Documentaci\u00f3n-para-el-socio.pdf\" target=\"_blank\"><strong>Descargar documentaci\u00f3n en PDF<\/strong><\/a>","_et_gb_content_width":""},"yoast_head":"<!-- This site is optimized with the Yoast SEO plugin v19.7.1 - https:\/\/yoast.com\/wordpress\/plugins\/seo\/ -->\n<title>Become a member - Spanish Association of Colon Hydrotherapy<\/title>\n<meta name=\"description\" content=\"Benefits and details of becoming a member of the Spanish Association of Colon Hydrotherapy. Become a member\" \/>\n<meta name=\"robots\" content=\"index, follow, max-snippet:-1, max-image-preview:large, max-video-preview:-1\" \/>\n<link rel=\"canonical\" href=\"https:\/\/aehidroterapiadecolon.com\/en\/become-a-member\/\" \/>\n<meta property=\"og:locale\" content=\"en_US\" \/>\n<meta property=\"og:type\" content=\"article\" \/>\n<meta property=\"og:title\" content=\"Become a member - Spanish Association of Colon Hydrotherapy\" \/>\n<meta property=\"og:description\" content=\"Benefits and details of becoming a member of the Spanish Association of Colon Hydrotherapy. Become a member\" \/>\n<meta property=\"og:url\" content=\"https:\/\/aehidroterapiadecolon.com\/en\/become-a-member\/\" \/>\n<meta property=\"og:site_name\" content=\"Asociaci\u00f3n Espa\u00f1ola de Hidroterapia de Colon\" \/>\n<meta property=\"article:publisher\" content=\"https:\/\/www.facebook.com\/pages\/Asociacion-Espa%c3%b1ola-de-Hidroterapia-de-Colon\/1498644383756868\" \/>\n<meta property=\"article:modified_time\" content=\"2016-03-30T13:11:20+00:00\" \/>\n<meta property=\"og:image\" content=\"http:\/\/aehidroterapiadecolon.com\/wp-content\/uploads\/2015\/04\/logo.gif\" \/>\n<meta name=\"twitter:card\" content=\"summary\" \/>\n<meta name=\"twitter:label1\" content=\"Est. reading time\" \/>\n\t<meta name=\"twitter:data1\" content=\"1 minute\" \/>\n<script type=\"application\/ld+json\" class=\"yoast-schema-graph\">{\"@context\":\"https:\/\/schema.org\",\"@graph\":[{\"@type\":\"WebPage\",\"@id\":\"https:\/\/aehidroterapiadecolon.com\/en\/become-a-member\/\",\"url\":\"https:\/\/aehidroterapiadecolon.com\/en\/become-a-member\/\",\"name\":\"Become a member - Spanish Association of Colon Hydrotherapy\",\"isPartOf\":{\"@id\":\"https:\/\/aehidroterapiadecolon.com\/#website\"},\"datePublished\":\"2016-03-08T10:26:29+00:00\",\"dateModified\":\"2016-03-30T13:11:20+00:00\",\"description\":\"Benefits and details of becoming a member of the Spanish Association of Colon Hydrotherapy. Become a member\",\"breadcrumb\":{\"@id\":\"https:\/\/aehidroterapiadecolon.com\/en\/become-a-member\/#breadcrumb\"},\"inLanguage\":\"en-US\",\"potentialAction\":[{\"@type\":\"ReadAction\",\"target\":[\"https:\/\/aehidroterapiadecolon.com\/en\/become-a-member\/\"]}]},{\"@type\":\"BreadcrumbList\",\"@id\":\"https:\/\/aehidroterapiadecolon.com\/en\/become-a-member\/#breadcrumb\",\"itemListElement\":[{\"@type\":\"ListItem\",\"position\":1,\"name\":\"Portada\",\"item\":\"https:\/\/aehidroterapiadecolon.com\/en\/\"},{\"@type\":\"ListItem\",\"position\":2,\"name\":\"Become a member\"}]},{\"@type\":\"WebSite\",\"@id\":\"https:\/\/aehidroterapiadecolon.com\/#website\",\"url\":\"https:\/\/aehidroterapiadecolon.com\/\",\"name\":\"Asociaci\u00f3n Espa\u00f1ola de Hidroterapia de Colon\",\"description\":\"AEHC\",\"potentialAction\":[{\"@type\":\"SearchAction\",\"target\":{\"@type\":\"EntryPoint\",\"urlTemplate\":\"https:\/\/aehidroterapiadecolon.com\/?s={search_term_string}\"},\"query-input\":\"required name=search_term_string\"}],\"inLanguage\":\"en-US\"}]}<\/script>\n<!-- \/ Yoast SEO plugin. -->","yoast_head_json":{"title":"Become a member - Spanish Association of Colon Hydrotherapy","description":"Benefits and details of becoming a member of the Spanish Association of Colon Hydrotherapy. Become a member","robots":{"index":"index","follow":"follow","max-snippet":"max-snippet:-1","max-image-preview":"max-image-preview:large","max-video-preview":"max-video-preview:-1"},"canonical":"https:\/\/aehidroterapiadecolon.com\/en\/become-a-member\/","og_locale":"en_US","og_type":"article","og_title":"Become a member - Spanish Association of Colon Hydrotherapy","og_description":"Benefits and details of becoming a member of the Spanish Association of Colon Hydrotherapy. Become a member","og_url":"https:\/\/aehidroterapiadecolon.com\/en\/become-a-member\/","og_site_name":"Asociaci\u00f3n Espa\u00f1ola de Hidroterapia de Colon","article_publisher":"https:\/\/www.facebook.com\/pages\/Asociacion-Espa%c3%b1ola-de-Hidroterapia-de-Colon\/1498644383756868","article_modified_time":"2016-03-30T13:11:20+00:00","og_image":[{"url":"http:\/\/aehidroterapiadecolon.com\/wp-content\/uploads\/2015\/04\/logo.gif"}],"twitter_card":"summary","twitter_misc":{"Est. reading time":"1 minute"},"schema":{"@context":"https:\/\/schema.org","@graph":[{"@type":"WebPage","@id":"https:\/\/aehidroterapiadecolon.com\/en\/become-a-member\/","url":"https:\/\/aehidroterapiadecolon.com\/en\/become-a-member\/","name":"Become a member - Spanish Association of Colon Hydrotherapy","isPartOf":{"@id":"https:\/\/aehidroterapiadecolon.com\/#website"},"datePublished":"2016-03-08T10:26:29+00:00","dateModified":"2016-03-30T13:11:20+00:00","description":"Benefits and details of becoming a member of the Spanish Association of Colon Hydrotherapy. Become a member","breadcrumb":{"@id":"https:\/\/aehidroterapiadecolon.com\/en\/become-a-member\/#breadcrumb"},"inLanguage":"en-US","potentialAction":[{"@type":"ReadAction","target":["https:\/\/aehidroterapiadecolon.com\/en\/become-a-member\/"]}]},{"@type":"BreadcrumbList","@id":"https:\/\/aehidroterapiadecolon.com\/en\/become-a-member\/#breadcrumb","itemListElement":[{"@type":"ListItem","position":1,"name":"Portada","item":"https:\/\/aehidroterapiadecolon.com\/en\/"},{"@type":"ListItem","position":2,"name":"Become a member"}]},{"@type":"WebSite","@id":"https:\/\/aehidroterapiadecolon.com\/#website","url":"https:\/\/aehidroterapiadecolon.com\/","name":"Asociaci\u00f3n Espa\u00f1ola de Hidroterapia de Colon","description":"AEHC","potentialAction":[{"@type":"SearchAction","target":{"@type":"EntryPoint","urlTemplate":"https:\/\/aehidroterapiadecolon.com\/?s={search_term_string}"},"query-input":"required name=search_term_string"}],"inLanguage":"en-US"}]}},"_links":{"self":[{"href":"https:\/\/aehidroterapiadecolon.com\/en\/wp-json\/wp\/v2\/pages\/1346"}],"collection":[{"href":"https:\/\/aehidroterapiadecolon.com\/en\/wp-json\/wp\/v2\/pages"}],"about":[{"href":"https:\/\/aehidroterapiadecolon.com\/en\/wp-json\/wp\/v2\/types\/page"}],"author":[{"embeddable":true,"href":"https:\/\/aehidroterapiadecolon.com\/en\/wp-json\/wp\/v2\/users\/6"}],"replies":[{"embeddable":true,"href":"https:\/\/aehidroterapiadecolon.com\/en\/wp-json\/wp\/v2\/comments?post=1346"}],"version-history":[{"count":3,"href":"https:\/\/aehidroterapiadecolon.com\/en\/wp-json\/wp\/v2\/pages\/1346\/revisions"}],"predecessor-version":[{"id":1801,"href":"https:\/\/aehidroterapiadecolon.com\/en\/wp-json\/wp\/v2\/pages\/1346\/revisions\/1801"}],"wp:attachment":[{"href":"https:\/\/aehidroterapiadecolon.com\/en\/wp-json\/wp\/v2\/media?parent=1346"}],"curies":[{"name":"wp","href":"https:\/\/api.w.org\/{rel}","templated":true}]}}