{"id":1348,"date":"2016-03-08T10:37:38","date_gmt":"2016-03-08T10:37:38","guid":{"rendered":"http:\/\/aehidroterapiadecolon.com\/?page_id=1348"},"modified":"2016-03-15T09:27:38","modified_gmt":"2016-03-15T09:27:38","slug":"what-is-colon-hydrotherapy","status":"publish","type":"page","link":"https:\/\/aehidroterapiadecolon.com\/en\/what-is-colon-hydrotherapy\/","title":{"rendered":"What is colon hydrotherapy?"},"content":{"rendered":"<p>[et_pb_section fullwidth=&#8221;on&#8221; specialty=&#8221;off&#8221; background_image=&#8221;http:\/\/aehidroterapiadecolon.com\/wp-content\/uploads\/2014\/04\/fondo-titulo.jpg&#8221; transparent_background=&#8221;off&#8221; background_color=&#8221;#ffffff&#8221; allow_player_pause=&#8221;off&#8221; inner_shadow=&#8221;off&#8221; parallax=&#8221;off&#8221; parallax_method=&#8221;off&#8221;][et_pb_fullwidth_header admin_label=&#8221;T\u00edtulo de anchura completa&#8221; title=&#8221;What is colon hydrotherapy?&#8221; background_layout=&#8221;light&#8221; text_orientation=&#8221;left&#8221; \/][\/et_pb_section][et_pb_section][et_pb_row][et_pb_column type=&#8221;4_4&#8243;][et_pb_image admin_label=&#8221;Imagen&#8221; src=&#8221;http:\/\/aehidroterapiadecolon.com\/wp-content\/uploads\/2014\/04\/imagen2.jpg&#8221; alt=&#8221;Imagen \u00bfQu\u00e9 es la Hidroterapia de colon?&#8221; title_text=&#8221;\u00bfQu\u00e9 es la Hidroterapia de colon?&#8221; show_in_lightbox=&#8221;off&#8221; url_new_window=&#8221;off&#8221; animation=&#8221;left&#8221; sticky=&#8221;off&#8221; \/][et_pb_text admin_label=&#8221;Texto&#8221; background_layout=&#8221;light&#8221; text_orientation=&#8221;left&#8221;]Colon hydrotherapy is a deep irrigation of the entire large intestine with filtered, purified water, through a tube inserted in the rectum. The cannula is a two-way system, so clean water enters through one channel (irrigation tube), and faecal matter exits several times during the session via the other (waste tube), without having to go to the bathroom.<\/p>\n<p>As such, filtered water, pressure, temperature and flow rate are regulated by an electronic device controlled and managed by the therapist throughout the session.[\/et_pb_text][\/et_pb_column][\/et_pb_row][\/et_pb_section]<\/p>\n","protected":false},"excerpt":{"rendered":"<p>[et_pb_section fullwidth=&#8221;on&#8221; specialty=&#8221;off&#8221; background_image=&#8221;http:\/\/aehidroterapiadecolon.com\/wp-content\/uploads\/2014\/04\/fondo-titulo.jpg&#8221; transparent_background=&#8221;off&#8221; background_color=&#8221;#ffffff&#8221; allow_player_pause=&#8221;off&#8221; inner_shadow=&#8221;off&#8221; parallax=&#8221;off&#8221; parallax_method=&#8221;off&#8221;][et_pb_fullwidth_header admin_label=&#8221;T\u00edtulo de anchura completa&#8221; title=&#8221;What is colon hydrotherapy?&#8221; background_layout=&#8221;light&#8221; text_orientation=&#8221;left&#8221; \/][\/et_pb_section][et_pb_section][et_pb_row][et_pb_column type=&#8221;4_4&#8243;][et_pb_image admin_label=&#8221;Imagen&#8221; src=&#8221;http:\/\/aehidroterapiadecolon.com\/wp-content\/uploads\/2014\/04\/imagen2.jpg&#8221; alt=&#8221;Imagen \u00bfQu\u00e9 es la Hidroterapia de colon?&#8221; title_text=&#8221;\u00bfQu\u00e9 es la Hidroterapia de colon?&#8221; show_in_lightbox=&#8221;off&#8221; url_new_window=&#8221;off&#8221; animation=&#8221;left&#8221; sticky=&#8221;off&#8221; \/][et_pb_text admin_label=&#8221;Texto&#8221; background_layout=&#8221;light&#8221; text_orientation=&#8221;left&#8221;]Colon hydrotherapy is a deep irrigation of the entire large intestine [&hellip;]<\/p>\n","protected":false},"author":6,"featured_media":0,"parent":0,"menu_order":0,"comment_status":"open","ping_status":"closed","template":"","meta":{"_et_pb_use_builder":"on","_et_pb_old_content":"[et_pb_section fullwidth=\"on\" specialty=\"off\" background_image=\"http:\/\/aehidroterapiadecolon.com\/wp-content\/uploads\/2014\/04\/fondo-titulo.jpg\" transparent_background=\"off\" background_color=\"#ffffff\" allow_player_pause=\"off\" inner_shadow=\"off\" parallax=\"off\" parallax_method=\"off\"][et_pb_fullwidth_header admin_label=\"T\u00edtulo de anchura completa\" title=\"\u00bfQu\u00e9 es la Hidroterapia de colon?\" background_layout=\"light\" text_orientation=\"left\" \/][\/et_pb_section][et_pb_section][et_pb_row][et_pb_column type=\"4_4\"][et_pb_image admin_label=\"Imagen\" src=\"http:\/\/aehidroterapiadecolon.com\/wp-content\/uploads\/2014\/04\/imagen2.jpg\" alt=\"Imagen \u00bfQu\u00e9 es la Hidroterapia de colon?\" title_text=\"\u00bfQu\u00e9 es la Hidroterapia de colon?\" show_in_lightbox=\"off\" url_new_window=\"off\" animation=\"left\" sticky=\"off\" \/][et_pb_text admin_label=\"Texto\" background_layout=\"light\" text_orientation=\"left\"]La hidroterapia de colon consiste en la irrigaci\u00f3n profunda de todo el intestino grueso con agua filtrada y depurada, a trav\u00e9s de una c\u00e1nula que se introduce en el recto. Esta c\u00e1nula es de doble v\u00eda, por lo tanto entra agua por una v\u00eda (tubo de irrigaci\u00f3n), y sale materia fecal varias veces durante la sesi\u00f3n por otra (tubo de evacuaci\u00f3n), sin necesidad de ir al ba\u00f1o.\r\n\r\nTanto el agua filtrada, como la presi\u00f3n, la temperatura y el caudal son regulados por un aparato electr\u00f3nico manejado y controlado por el terapeuta durante toda la sesi\u00f3n.[\/et_pb_text][\/et_pb_column][\/et_pb_row][\/et_pb_section]","_et_gb_content_width":""},"yoast_head":"<!-- This site is optimized with the Yoast SEO plugin v19.7.1 - https:\/\/yoast.com\/wordpress\/plugins\/seo\/ -->\n<title>What is colon hydrotherapy? - Spanish Association of Colon Hydrotherapy<\/title>\n<meta name=\"description\" content=\"Page description of what is colon hydrotherapy\" \/>\n<meta name=\"robots\" content=\"index, follow, max-snippet:-1, max-image-preview:large, max-video-preview:-1\" \/>\n<link rel=\"canonical\" href=\"https:\/\/aehidroterapiadecolon.com\/en\/what-is-colon-hydrotherapy\/\" \/>\n<meta property=\"og:locale\" content=\"en_US\" \/>\n<meta property=\"og:type\" content=\"article\" \/>\n<meta property=\"og:title\" content=\"What is colon hydrotherapy? - Spanish Association of Colon Hydrotherapy\" \/>\n<meta property=\"og:description\" content=\"Page description of what is colon hydrotherapy\" \/>\n<meta property=\"og:url\" content=\"https:\/\/aehidroterapiadecolon.com\/en\/what-is-colon-hydrotherapy\/\" \/>\n<meta property=\"og:site_name\" content=\"Asociaci\u00f3n Espa\u00f1ola de Hidroterapia de Colon\" \/>\n<meta property=\"article:publisher\" content=\"https:\/\/www.facebook.com\/pages\/Asociacion-Espa%c3%b1ola-de-Hidroterapia-de-Colon\/1498644383756868\" \/>\n<meta property=\"article:modified_time\" content=\"2016-03-15T09:27:38+00:00\" \/>\n<meta property=\"og:image\" content=\"http:\/\/aehidroterapiadecolon.com\/wp-content\/uploads\/2015\/04\/logo.gif\" \/>\n<meta name=\"twitter:card\" content=\"summary\" \/>\n<meta name=\"twitter:label1\" content=\"Est. reading time\" \/>\n\t<meta name=\"twitter:data1\" content=\"1 minute\" \/>\n<script type=\"application\/ld+json\" class=\"yoast-schema-graph\">{\"@context\":\"https:\/\/schema.org\",\"@graph\":[{\"@type\":\"WebPage\",\"@id\":\"https:\/\/aehidroterapiadecolon.com\/en\/what-is-colon-hydrotherapy\/\",\"url\":\"https:\/\/aehidroterapiadecolon.com\/en\/what-is-colon-hydrotherapy\/\",\"name\":\"What is colon hydrotherapy? - Spanish Association of Colon Hydrotherapy\",\"isPartOf\":{\"@id\":\"https:\/\/aehidroterapiadecolon.com\/#website\"},\"datePublished\":\"2016-03-08T10:37:38+00:00\",\"dateModified\":\"2016-03-15T09:27:38+00:00\",\"description\":\"Page description of what is colon hydrotherapy\",\"breadcrumb\":{\"@id\":\"https:\/\/aehidroterapiadecolon.com\/en\/what-is-colon-hydrotherapy\/#breadcrumb\"},\"inLanguage\":\"en-US\",\"potentialAction\":[{\"@type\":\"ReadAction\",\"target\":[\"https:\/\/aehidroterapiadecolon.com\/en\/what-is-colon-hydrotherapy\/\"]}]},{\"@type\":\"BreadcrumbList\",\"@id\":\"https:\/\/aehidroterapiadecolon.com\/en\/what-is-colon-hydrotherapy\/#breadcrumb\",\"itemListElement\":[{\"@type\":\"ListItem\",\"position\":1,\"name\":\"Portada\",\"item\":\"https:\/\/aehidroterapiadecolon.com\/en\/\"},{\"@type\":\"ListItem\",\"position\":2,\"name\":\"What is colon hydrotherapy?\"}]},{\"@type\":\"WebSite\",\"@id\":\"https:\/\/aehidroterapiadecolon.com\/#website\",\"url\":\"https:\/\/aehidroterapiadecolon.com\/\",\"name\":\"Asociaci\u00f3n Espa\u00f1ola de Hidroterapia de Colon\",\"description\":\"AEHC\",\"potentialAction\":[{\"@type\":\"SearchAction\",\"target\":{\"@type\":\"EntryPoint\",\"urlTemplate\":\"https:\/\/aehidroterapiadecolon.com\/?s={search_term_string}\"},\"query-input\":\"required name=search_term_string\"}],\"inLanguage\":\"en-US\"}]}<\/script>\n<!-- \/ Yoast SEO plugin. -->","yoast_head_json":{"title":"What is colon hydrotherapy? - Spanish Association of Colon Hydrotherapy","description":"Page description of what is colon hydrotherapy","robots":{"index":"index","follow":"follow","max-snippet":"max-snippet:-1","max-image-preview":"max-image-preview:large","max-video-preview":"max-video-preview:-1"},"canonical":"https:\/\/aehidroterapiadecolon.com\/en\/what-is-colon-hydrotherapy\/","og_locale":"en_US","og_type":"article","og_title":"What is colon hydrotherapy? - Spanish Association of Colon Hydrotherapy","og_description":"Page description of what is colon hydrotherapy","og_url":"https:\/\/aehidroterapiadecolon.com\/en\/what-is-colon-hydrotherapy\/","og_site_name":"Asociaci\u00f3n Espa\u00f1ola de Hidroterapia de Colon","article_publisher":"https:\/\/www.facebook.com\/pages\/Asociacion-Espa%c3%b1ola-de-Hidroterapia-de-Colon\/1498644383756868","article_modified_time":"2016-03-15T09:27:38+00:00","og_image":[{"url":"http:\/\/aehidroterapiadecolon.com\/wp-content\/uploads\/2015\/04\/logo.gif"}],"twitter_card":"summary","twitter_misc":{"Est. reading time":"1 minute"},"schema":{"@context":"https:\/\/schema.org","@graph":[{"@type":"WebPage","@id":"https:\/\/aehidroterapiadecolon.com\/en\/what-is-colon-hydrotherapy\/","url":"https:\/\/aehidroterapiadecolon.com\/en\/what-is-colon-hydrotherapy\/","name":"What is colon hydrotherapy? - Spanish Association of Colon Hydrotherapy","isPartOf":{"@id":"https:\/\/aehidroterapiadecolon.com\/#website"},"datePublished":"2016-03-08T10:37:38+00:00","dateModified":"2016-03-15T09:27:38+00:00","description":"Page description of what is colon hydrotherapy","breadcrumb":{"@id":"https:\/\/aehidroterapiadecolon.com\/en\/what-is-colon-hydrotherapy\/#breadcrumb"},"inLanguage":"en-US","potentialAction":[{"@type":"ReadAction","target":["https:\/\/aehidroterapiadecolon.com\/en\/what-is-colon-hydrotherapy\/"]}]},{"@type":"BreadcrumbList","@id":"https:\/\/aehidroterapiadecolon.com\/en\/what-is-colon-hydrotherapy\/#breadcrumb","itemListElement":[{"@type":"ListItem","position":1,"name":"Portada","item":"https:\/\/aehidroterapiadecolon.com\/en\/"},{"@type":"ListItem","position":2,"name":"What is colon hydrotherapy?"}]},{"@type":"WebSite","@id":"https:\/\/aehidroterapiadecolon.com\/#website","url":"https:\/\/aehidroterapiadecolon.com\/","name":"Asociaci\u00f3n Espa\u00f1ola de Hidroterapia de Colon","description":"AEHC","potentialAction":[{"@type":"SearchAction","target":{"@type":"EntryPoint","urlTemplate":"https:\/\/aehidroterapiadecolon.com\/?s={search_term_string}"},"query-input":"required name=search_term_string"}],"inLanguage":"en-US"}]}},"_links":{"self":[{"href":"https:\/\/aehidroterapiadecolon.com\/en\/wp-json\/wp\/v2\/pages\/1348"}],"collection":[{"href":"https:\/\/aehidroterapiadecolon.com\/en\/wp-json\/wp\/v2\/pages"}],"about":[{"href":"https:\/\/aehidroterapiadecolon.com\/en\/wp-json\/wp\/v2\/types\/page"}],"author":[{"embeddable":true,"href":"https:\/\/aehidroterapiadecolon.com\/en\/wp-json\/wp\/v2\/users\/6"}],"replies":[{"embeddable":true,"href":"https:\/\/aehidroterapiadecolon.com\/en\/wp-json\/wp\/v2\/comments?post=1348"}],"version-history":[{"count":1,"href":"https:\/\/aehidroterapiadecolon.com\/en\/wp-json\/wp\/v2\/pages\/1348\/revisions"}],"predecessor-version":[{"id":1349,"href":"https:\/\/aehidroterapiadecolon.com\/en\/wp-json\/wp\/v2\/pages\/1348\/revisions\/1349"}],"wp:attachment":[{"href":"https:\/\/aehidroterapiadecolon.com\/en\/wp-json\/wp\/v2\/media?parent=1348"}],"curies":[{"name":"wp","href":"https:\/\/api.w.org\/{rel}","templated":true}]}}