{"id":1350,"date":"2016-03-08T10:40:39","date_gmt":"2016-03-08T10:40:39","guid":{"rendered":"http:\/\/aehidroterapiadecolon.com\/?page_id=1350"},"modified":"2016-03-15T09:08:21","modified_gmt":"2016-03-15T09:08:21","slug":"indications","status":"publish","type":"page","link":"https:\/\/aehidroterapiadecolon.com\/en\/indications\/","title":{"rendered":"Indications"},"content":{"rendered":"<p>[et_pb_section fullwidth=&#8221;on&#8221; specialty=&#8221;off&#8221; background_image=&#8221;http:\/\/aehidroterapiadecolon.com\/wp-content\/uploads\/2014\/04\/fondo-titulo.jpg&#8221; transparent_background=&#8221;off&#8221; background_color=&#8221;#ffffff&#8221; allow_player_pause=&#8221;off&#8221; inner_shadow=&#8221;off&#8221; parallax=&#8221;off&#8221; parallax_method=&#8221;off&#8221;][et_pb_fullwidth_header admin_label=&#8221;T\u00edtulo de anchura completa&#8221; title=&#8221;Indications&#8221; background_layout=&#8221;light&#8221; text_orientation=&#8221;left&#8221; \/][\/et_pb_section][et_pb_section][et_pb_row][et_pb_column type=&#8221;4_4&#8243;][et_pb_image admin_label=&#8221;Imagen&#8221; src=&#8221;http:\/\/aehidroterapiadecolon.com\/wp-content\/uploads\/2014\/04\/imagen3.jpg&#8221; alt=&#8221;Imagen Indicaciones&#8221; show_in_lightbox=&#8221;off&#8221; url_new_window=&#8221;off&#8221; animation=&#8221;left&#8221; sticky=&#8221;off&#8221; \/][et_pb_text admin_label=&#8221;Texto&#8221; background_layout=&#8221;light&#8221; text_orientation=&#8221;left&#8221; module_class=&#8221;li_outside_cursiva&#8221;]Colon hydrotherapy is generally indicated for people suffering from intestinal problems and for people who seek purification and general detoxification of the body.<\/p>\n<p>General indications:<\/p>\n<ul>\n<li>Constipation..<\/li>\n<li>Diarrhea.<\/li>\n<li>Removal of foreign objects ingested by mistake and undigested food.<\/li>\n<li>Parasites.<\/li>\n<li>Diverticulosis.<\/li>\n<li>Flatulence.<\/li>\n<li>Before performing a colonoscopy or operation.<\/li>\n<li>Detoxification.<\/li>\n<\/ul>\n<p>Secondary indications in line with detoxification:<\/p>\n<ul>\n<li>Prevents premature aging of skin and body.<\/li>\n<li>Reduces cellulite, obesity and swollen legs.<\/li>\n<li>Improves immune system disorders.<\/li>\n<li>Improves hemorrhoids, varicose veins and lymphatic disorders.<\/li>\n<li>Improves psoriasis, eczema, acne and dry skin.<\/li>\n<li>Reduces ENT conditions such as sinusitis and rhinitis.<\/li>\n<li>Reduces rheumatic diseases such as osteoarthritis, arthritis, fibromyalgia and low back pain.<\/li>\n<li>Reduces allergies.<\/li>\n<li>Reduces stress, headaches, migraines and depression.<\/li>\n<li>Strengthens abdominal and pelvic floor muscles.<\/li>\n<li>Removes adhesions caused by chronic inflammatory processes.<\/li>\n<li>Increases resistance to fatigue.<\/li>\n<li>Improved mood and sleep.<\/li>\n<\/ul>\n<p>[\/et_pb_text][\/et_pb_column][\/et_pb_row][\/et_pb_section]<\/p>\n","protected":false},"excerpt":{"rendered":"<p>[et_pb_section fullwidth=&#8221;on&#8221; specialty=&#8221;off&#8221; background_image=&#8221;http:\/\/aehidroterapiadecolon.com\/wp-content\/uploads\/2014\/04\/fondo-titulo.jpg&#8221; transparent_background=&#8221;off&#8221; background_color=&#8221;#ffffff&#8221; allow_player_pause=&#8221;off&#8221; inner_shadow=&#8221;off&#8221; parallax=&#8221;off&#8221; parallax_method=&#8221;off&#8221;][et_pb_fullwidth_header admin_label=&#8221;T\u00edtulo de anchura completa&#8221; title=&#8221;Indications&#8221; background_layout=&#8221;light&#8221; text_orientation=&#8221;left&#8221; \/][\/et_pb_section][et_pb_section][et_pb_row][et_pb_column type=&#8221;4_4&#8243;][et_pb_image admin_label=&#8221;Imagen&#8221; src=&#8221;http:\/\/aehidroterapiadecolon.com\/wp-content\/uploads\/2014\/04\/imagen3.jpg&#8221; alt=&#8221;Imagen Indicaciones&#8221; show_in_lightbox=&#8221;off&#8221; url_new_window=&#8221;off&#8221; animation=&#8221;left&#8221; sticky=&#8221;off&#8221; \/][et_pb_text admin_label=&#8221;Texto&#8221; background_layout=&#8221;light&#8221; text_orientation=&#8221;left&#8221; module_class=&#8221;li_outside_cursiva&#8221;]Colon hydrotherapy is generally indicated for people suffering from intestinal problems and for people who seek purification and general detoxification of the body. General [&hellip;]<\/p>\n","protected":false},"author":6,"featured_media":0,"parent":0,"menu_order":0,"comment_status":"open","ping_status":"closed","template":"","meta":{"_et_pb_use_builder":"on","_et_pb_old_content":"[et_pb_section fullwidth=\"on\" specialty=\"off\" background_image=\"http:\/\/aehidroterapiadecolon.com\/wp-content\/uploads\/2014\/04\/fondo-titulo.jpg\" transparent_background=\"off\" background_color=\"#ffffff\" allow_player_pause=\"off\" inner_shadow=\"off\" parallax=\"off\" parallax_method=\"off\"][et_pb_fullwidth_header admin_label=\"T\u00edtulo de anchura completa\" title=\"Indicaciones\" background_layout=\"light\" text_orientation=\"left\" \/][\/et_pb_section][et_pb_section][et_pb_row][et_pb_column type=\"4_4\"][et_pb_image admin_label=\"Imagen\" src=\"http:\/\/aehidroterapiadecolon.com\/wp-content\/uploads\/2014\/04\/imagen3.jpg\" alt=\"Imagen Indicaciones\" show_in_lightbox=\"off\" url_new_window=\"off\" animation=\"left\" sticky=\"off\" \/][et_pb_text admin_label=\"Texto\" background_layout=\"light\" text_orientation=\"left\" module_class=\"li_outside_cursiva\"]La hidroterapia de colon est\u00e1 indicada, en general, para las personas que sufren problemas intestinales y para las personas que deseen realizar una depuraci\u00f3n y desintoxicaci\u00f3n general del organismo.\r\n\r\nIndicaciones generales:\r\n<ul>\r\n\t<li>Estre\u00f1imiento.<\/li>\r\n\t<li>Diarrea.<\/li>\r\n\t<li>Eliminaci\u00f3n de objetos extra\u00f1os ingeridos por error y alimentos no digeridos.<\/li>\r\n\t<li>Par\u00e1sitos.<\/li>\r\n\t<li>Diverticulosis.<\/li>\r\n\t<li>Flatulencias.<\/li>\r\n\t<li>Antes de realizar una colonoscopia u operaci\u00f3n.<\/li>\r\n\t<li>Desintoxicaci\u00f3n.<\/li>\r\n<\/ul>\r\nIndicaciones secundarias, debido a la desintoxicaci\u00f3n:\r\n<ul>\r\n\t<li>Evita el envejecimiento prematuro de la piel y del organismo.<\/li>\r\n\t<li>Reduce la celulitis, la obesidad y las piernas hinchadas.<\/li>\r\n\t<li>Mejora los trastornos del sistema inmunol\u00f3gico.<\/li>\r\n\t<li>Mejora las hemorroides, las varices y los trastornos linf\u00e1ticos.<\/li>\r\n\t<li>Mejora la psoriasis, los eccemas, el acn\u00e9 y la piel seca.<\/li>\r\n\t<li>Reduce las afecciones otorrinolaringol\u00f3gicas como la sinusitis y la rinitis.<\/li>\r\n\t<li>Reduce las afecciones reum\u00e1ticas como la artrosis, la artritis, la fibromialgia y las lumbalgias.<\/li>\r\n\t<li>Reduce las alergias.<\/li>\r\n\t<li>Reduce el estr\u00e9s, las jaquecas, las migra\u00f1as y la depresi\u00f3n.<\/li>\r\n\t<li>Fortalece la musculatura abdominal y el suelo p\u00e9lvico.<\/li>\r\n\t<li>Elimina las adherencias provocadas por procesos inflamatorios cr\u00f3nicos.<\/li>\r\n\t<li>Mayor resistencia a la fatiga.<\/li>\r\n\t<li>Mejor\u00eda del estado an\u00edmico y del sue\u00f1o.<\/li>\r\n<\/ul>[\/et_pb_text][\/et_pb_column][\/et_pb_row][\/et_pb_section]","_et_gb_content_width":""},"yoast_head":"<!-- This site is optimized with the Yoast SEO plugin v19.7.1 - https:\/\/yoast.com\/wordpress\/plugins\/seo\/ -->\n<title>Indications - Spanish Association of Colon Hydrotherapy<\/title>\n<meta name=\"description\" content=\"General and secondary indications, due to detoxification, for people who colon hydrotherapy are made\" \/>\n<meta name=\"robots\" content=\"index, follow, max-snippet:-1, max-image-preview:large, max-video-preview:-1\" \/>\n<link rel=\"canonical\" href=\"https:\/\/aehidroterapiadecolon.com\/en\/indications\/\" \/>\n<meta property=\"og:locale\" content=\"en_US\" \/>\n<meta property=\"og:type\" content=\"article\" \/>\n<meta property=\"og:title\" content=\"Indications - Spanish Association of Colon Hydrotherapy\" \/>\n<meta property=\"og:description\" content=\"General and secondary indications, due to detoxification, for people who colon hydrotherapy are made\" \/>\n<meta property=\"og:url\" content=\"https:\/\/aehidroterapiadecolon.com\/en\/indications\/\" \/>\n<meta property=\"og:site_name\" content=\"Asociaci\u00f3n Espa\u00f1ola de Hidroterapia de Colon\" \/>\n<meta property=\"article:publisher\" content=\"https:\/\/www.facebook.com\/pages\/Asociacion-Espa%c3%b1ola-de-Hidroterapia-de-Colon\/1498644383756868\" \/>\n<meta property=\"article:modified_time\" content=\"2016-03-15T09:08:21+00:00\" \/>\n<meta property=\"og:image\" content=\"http:\/\/aehidroterapiadecolon.com\/wp-content\/uploads\/2015\/04\/logo.gif\" \/>\n<meta name=\"twitter:card\" content=\"summary\" \/>\n<meta name=\"twitter:label1\" content=\"Est. reading time\" \/>\n\t<meta name=\"twitter:data1\" content=\"1 minute\" \/>\n<script type=\"application\/ld+json\" class=\"yoast-schema-graph\">{\"@context\":\"https:\/\/schema.org\",\"@graph\":[{\"@type\":\"WebPage\",\"@id\":\"https:\/\/aehidroterapiadecolon.com\/en\/indications\/\",\"url\":\"https:\/\/aehidroterapiadecolon.com\/en\/indications\/\",\"name\":\"Indications - Spanish Association of Colon Hydrotherapy\",\"isPartOf\":{\"@id\":\"https:\/\/aehidroterapiadecolon.com\/#website\"},\"datePublished\":\"2016-03-08T10:40:39+00:00\",\"dateModified\":\"2016-03-15T09:08:21+00:00\",\"description\":\"General and secondary indications, due to detoxification, for people who colon hydrotherapy are made\",\"breadcrumb\":{\"@id\":\"https:\/\/aehidroterapiadecolon.com\/en\/indications\/#breadcrumb\"},\"inLanguage\":\"en-US\",\"potentialAction\":[{\"@type\":\"ReadAction\",\"target\":[\"https:\/\/aehidroterapiadecolon.com\/en\/indications\/\"]}]},{\"@type\":\"BreadcrumbList\",\"@id\":\"https:\/\/aehidroterapiadecolon.com\/en\/indications\/#breadcrumb\",\"itemListElement\":[{\"@type\":\"ListItem\",\"position\":1,\"name\":\"Portada\",\"item\":\"https:\/\/aehidroterapiadecolon.com\/en\/\"},{\"@type\":\"ListItem\",\"position\":2,\"name\":\"Indications\"}]},{\"@type\":\"WebSite\",\"@id\":\"https:\/\/aehidroterapiadecolon.com\/#website\",\"url\":\"https:\/\/aehidroterapiadecolon.com\/\",\"name\":\"Asociaci\u00f3n Espa\u00f1ola de Hidroterapia de Colon\",\"description\":\"AEHC\",\"potentialAction\":[{\"@type\":\"SearchAction\",\"target\":{\"@type\":\"EntryPoint\",\"urlTemplate\":\"https:\/\/aehidroterapiadecolon.com\/?s={search_term_string}\"},\"query-input\":\"required name=search_term_string\"}],\"inLanguage\":\"en-US\"}]}<\/script>\n<!-- \/ Yoast SEO plugin. -->","yoast_head_json":{"title":"Indications - Spanish Association of Colon Hydrotherapy","description":"General and secondary indications, due to detoxification, for people who colon hydrotherapy are made","robots":{"index":"index","follow":"follow","max-snippet":"max-snippet:-1","max-image-preview":"max-image-preview:large","max-video-preview":"max-video-preview:-1"},"canonical":"https:\/\/aehidroterapiadecolon.com\/en\/indications\/","og_locale":"en_US","og_type":"article","og_title":"Indications - Spanish Association of Colon Hydrotherapy","og_description":"General and secondary indications, due to detoxification, for people who colon hydrotherapy are made","og_url":"https:\/\/aehidroterapiadecolon.com\/en\/indications\/","og_site_name":"Asociaci\u00f3n Espa\u00f1ola de Hidroterapia de Colon","article_publisher":"https:\/\/www.facebook.com\/pages\/Asociacion-Espa%c3%b1ola-de-Hidroterapia-de-Colon\/1498644383756868","article_modified_time":"2016-03-15T09:08:21+00:00","og_image":[{"url":"http:\/\/aehidroterapiadecolon.com\/wp-content\/uploads\/2015\/04\/logo.gif"}],"twitter_card":"summary","twitter_misc":{"Est. reading time":"1 minute"},"schema":{"@context":"https:\/\/schema.org","@graph":[{"@type":"WebPage","@id":"https:\/\/aehidroterapiadecolon.com\/en\/indications\/","url":"https:\/\/aehidroterapiadecolon.com\/en\/indications\/","name":"Indications - Spanish Association of Colon Hydrotherapy","isPartOf":{"@id":"https:\/\/aehidroterapiadecolon.com\/#website"},"datePublished":"2016-03-08T10:40:39+00:00","dateModified":"2016-03-15T09:08:21+00:00","description":"General and secondary indications, due to detoxification, for people who colon hydrotherapy are made","breadcrumb":{"@id":"https:\/\/aehidroterapiadecolon.com\/en\/indications\/#breadcrumb"},"inLanguage":"en-US","potentialAction":[{"@type":"ReadAction","target":["https:\/\/aehidroterapiadecolon.com\/en\/indications\/"]}]},{"@type":"BreadcrumbList","@id":"https:\/\/aehidroterapiadecolon.com\/en\/indications\/#breadcrumb","itemListElement":[{"@type":"ListItem","position":1,"name":"Portada","item":"https:\/\/aehidroterapiadecolon.com\/en\/"},{"@type":"ListItem","position":2,"name":"Indications"}]},{"@type":"WebSite","@id":"https:\/\/aehidroterapiadecolon.com\/#website","url":"https:\/\/aehidroterapiadecolon.com\/","name":"Asociaci\u00f3n Espa\u00f1ola de Hidroterapia de Colon","description":"AEHC","potentialAction":[{"@type":"SearchAction","target":{"@type":"EntryPoint","urlTemplate":"https:\/\/aehidroterapiadecolon.com\/?s={search_term_string}"},"query-input":"required name=search_term_string"}],"inLanguage":"en-US"}]}},"_links":{"self":[{"href":"https:\/\/aehidroterapiadecolon.com\/en\/wp-json\/wp\/v2\/pages\/1350"}],"collection":[{"href":"https:\/\/aehidroterapiadecolon.com\/en\/wp-json\/wp\/v2\/pages"}],"about":[{"href":"https:\/\/aehidroterapiadecolon.com\/en\/wp-json\/wp\/v2\/types\/page"}],"author":[{"embeddable":true,"href":"https:\/\/aehidroterapiadecolon.com\/en\/wp-json\/wp\/v2\/users\/6"}],"replies":[{"embeddable":true,"href":"https:\/\/aehidroterapiadecolon.com\/en\/wp-json\/wp\/v2\/comments?post=1350"}],"version-history":[{"count":1,"href":"https:\/\/aehidroterapiadecolon.com\/en\/wp-json\/wp\/v2\/pages\/1350\/revisions"}],"predecessor-version":[{"id":1351,"href":"https:\/\/aehidroterapiadecolon.com\/en\/wp-json\/wp\/v2\/pages\/1350\/revisions\/1351"}],"wp:attachment":[{"href":"https:\/\/aehidroterapiadecolon.com\/en\/wp-json\/wp\/v2\/media?parent=1350"}],"curies":[{"name":"wp","href":"https:\/\/api.w.org\/{rel}","templated":true}]}}