{"id":1352,"date":"2016-03-08T10:44:41","date_gmt":"2016-03-08T10:44:41","guid":{"rendered":"http:\/\/aehidroterapiadecolon.com\/?page_id=1352"},"modified":"2016-03-15T09:06:10","modified_gmt":"2016-03-15T09:06:10","slug":"frequent-questions-faq","status":"publish","type":"page","link":"https:\/\/aehidroterapiadecolon.com\/en\/frequent-questions-faq\/","title":{"rendered":"Frequent questions \/ FAQ"},"content":{"rendered":"<p>[et_pb_section fullwidth=&#8221;on&#8221; specialty=&#8221;off&#8221; background_image=&#8221;http:\/\/aehidroterapiadecolon.com\/wp-content\/uploads\/2014\/04\/fondo-titulo.jpg&#8221; transparent_background=&#8221;off&#8221; background_color=&#8221;#ffffff&#8221; allow_player_pause=&#8221;off&#8221; inner_shadow=&#8221;off&#8221; parallax=&#8221;off&#8221; parallax_method=&#8221;off&#8221;][et_pb_fullwidth_header admin_label=&#8221;T\u00edtulo de anchura completa&#8221; title=&#8221;Frequent questions \/ FAQ&#8221; background_layout=&#8221;light&#8221; text_orientation=&#8221;left&#8221; \/][\/et_pb_section][et_pb_section][et_pb_row][et_pb_column type=&#8221;4_4&#8243;][et_pb_image admin_label=&#8221;Imagen&#8221; src=&#8221;http:\/\/aehidroterapiadecolon.com\/wp-content\/uploads\/2014\/04\/imagen7.jpg&#8221; alt=&#8221;Imagen Preguntas Frecuentes&#8221; show_in_lightbox=&#8221;off&#8221; url_new_window=&#8221;off&#8221; animation=&#8221;left&#8221; sticky=&#8221;off&#8221; \/][et_pb_text admin_label=&#8221;Texto&#8221; background_layout=&#8221;light&#8221; text_orientation=&#8221;left&#8221;]<strong>Is colon hydrotherapy safe?<\/strong><\/p>\n<p>The colon hydrotherapy machines are safe and do not allow the pressure in the large intestine to exceed 150 millibars, which is much lower than the natural pressure occuring during defecation.<\/p>\n<p><strong>Is it painful?<\/strong><\/p>\n<p>Colon hydrotherapy is not painful. Neither is the entrance of the cannula into the rectum through the anus, which is what most people are worried about. The cannula is less than 20 millimetres in girth &#8211; faeces that normally pass during a bowel movement, are over four centimetres.<\/p>\n<p>Most people relax during the session and really enjoy the intestinal cleansing via colon hydrotherapy.<\/p>\n<p><strong>Are there any side effects?<\/strong><\/p>\n<p>Colon hydrotherapy has no side effects, let&#8217;s not forget that no matter how sophisticated the technique, it only entails cleansing with purified and filtered water.<\/p>\n<p><strong>How long is a session?<\/strong><\/p>\n<p>The duration always depends on the condition and the requirements of the person. Usually, for someone who has followed the instructions, the session will last between 30 and 50 minutes.<\/p>\n<p><strong>Can I have colon hydrotherapy whilst menstruating?<\/strong><\/p>\n<p>Yes , the treatment does not interfere with menstruation.<\/p>\n<p><strong>Is there any risk of viral or bacterial contamination from the machine or equipment?<\/strong><\/p>\n<p>No risk of contamination at all. For any Colon Hydrotherapy treatment, disposable materials are opened in the presence of the patient before the treatment and, at the end, disposed of. In addition, the machine is automatically disinfected after each session.[\/et_pb_text][\/et_pb_column][\/et_pb_row][\/et_pb_section]<\/p>\n","protected":false},"excerpt":{"rendered":"<p>[et_pb_section fullwidth=&#8221;on&#8221; specialty=&#8221;off&#8221; background_image=&#8221;http:\/\/aehidroterapiadecolon.com\/wp-content\/uploads\/2014\/04\/fondo-titulo.jpg&#8221; transparent_background=&#8221;off&#8221; background_color=&#8221;#ffffff&#8221; allow_player_pause=&#8221;off&#8221; inner_shadow=&#8221;off&#8221; parallax=&#8221;off&#8221; parallax_method=&#8221;off&#8221;][et_pb_fullwidth_header admin_label=&#8221;T\u00edtulo de anchura completa&#8221; title=&#8221;Frequent questions \/ FAQ&#8221; background_layout=&#8221;light&#8221; text_orientation=&#8221;left&#8221; \/][\/et_pb_section][et_pb_section][et_pb_row][et_pb_column type=&#8221;4_4&#8243;][et_pb_image admin_label=&#8221;Imagen&#8221; src=&#8221;http:\/\/aehidroterapiadecolon.com\/wp-content\/uploads\/2014\/04\/imagen7.jpg&#8221; alt=&#8221;Imagen Preguntas Frecuentes&#8221; show_in_lightbox=&#8221;off&#8221; url_new_window=&#8221;off&#8221; animation=&#8221;left&#8221; sticky=&#8221;off&#8221; \/][et_pb_text admin_label=&#8221;Texto&#8221; background_layout=&#8221;light&#8221; text_orientation=&#8221;left&#8221;]Is colon hydrotherapy safe? The colon hydrotherapy machines are safe and do not allow the pressure in the large intestine to [&hellip;]<\/p>\n","protected":false},"author":6,"featured_media":0,"parent":0,"menu_order":0,"comment_status":"open","ping_status":"closed","template":"","meta":{"_et_pb_use_builder":"on","_et_pb_old_content":"[et_pb_section fullwidth=\"on\" specialty=\"off\" background_image=\"http:\/\/aehidroterapiadecolon.com\/wp-content\/uploads\/2014\/04\/fondo-titulo.jpg\" transparent_background=\"off\" background_color=\"#ffffff\" allow_player_pause=\"off\" inner_shadow=\"off\" parallax=\"off\" parallax_method=\"off\"][et_pb_fullwidth_header admin_label=\"T\u00edtulo de anchura completa\" title=\"Preguntas Frecuentes\" background_layout=\"light\" text_orientation=\"left\" \/][\/et_pb_section][et_pb_section][et_pb_row][et_pb_column type=\"4_4\"][et_pb_image admin_label=\"Imagen\" src=\"http:\/\/aehidroterapiadecolon.com\/wp-content\/uploads\/2014\/04\/imagen7.jpg\" alt=\"Imagen Preguntas Frecuentes\" show_in_lightbox=\"off\" url_new_window=\"off\" animation=\"left\" sticky=\"off\" \/][et_pb_text admin_label=\"Texto\" background_layout=\"light\" text_orientation=\"left\"]<strong>\u00bfEs segura la hidroterapia de colon?<\/strong>\r\n\r\nLas m\u00e1quinas de hidroterapia de colon son seguras, no permiten que la presi\u00f3n que haya en el intestino grueso sea mayor de 150 milibares. Es decir, una presi\u00f3n mucho menor que la presi\u00f3n propia de la defecaci\u00f3n.\r\n\r\n<strong>\u00bfEs dolorosa?<\/strong>\r\n\r\nLa hidroterapia de colon no es dolorosa. Tampoco lo es la entrada de la c\u00e1nula en el recto por el ano, que en la mayor\u00eda de personas es lo que m\u00e1s preocupa. La c\u00e1nula tiene menos de 20 mil\u00edmetros de grosor. Las heces, que son expulsadas con normalidad en el ba\u00f1o, superan los 4 cent\u00edmetros.\r\n\r\nLa mayor\u00eda de las personas se relajan durante la sesi\u00f3n y disfrutan mucho de la limpieza intestinal con la hidroterapia de colon.\r\n\r\n<strong>\u00bfTiene efectos secundarios?<\/strong>\r\n\r\nLa hidroterapia de colon no tiene efectos secundarios, no olvidemos que por muy sofisticada que sea la t\u00e9cnica, es solo una limpieza con agua depurada y filtrada.\r\n\r\n<strong>\u00bfCu\u00e1nto dura una sesi\u00f3n?<\/strong>\r\n\r\nLa duraci\u00f3n siempre depender\u00e1 del estado de la persona y su necesidad. Por lo general, para una persona que ha seguido indicaciones la sesi\u00f3n oscilar\u00e1 entre 30 y 50 minutos.\r\n\r\n<strong>\u00bfPuedo realizarme una hidroterapia del colon durante el periodo?<\/strong>\r\n\r\nSi, el tratamiento no interfiere en el periodo.\r\n\r\n<strong>\u00bfExiste alg\u00fan riesgo de contaminaci\u00f3n viral o bacterial por el uso del aparato?<\/strong>\r\n\r\nNing\u00fan riesgo. Para una sola Hidroterapia del Colon se utilizan materiales desechables que se abren en presencia del paciente antes del tratamiento y al finalizar se tiran. Adem\u00e1s, el aparato es autom\u00e1ticamente desinfectado despu\u00e9s de cada sesi\u00f3n.[\/et_pb_text][\/et_pb_column][\/et_pb_row][\/et_pb_section]","_et_gb_content_width":""},"yoast_head":"<!-- This site is optimized with the Yoast SEO plugin v19.7.1 - https:\/\/yoast.com\/wordpress\/plugins\/seo\/ -->\n<title>Frequent questions \/ FAQ - Spanish Association of Colon Hydrotherapy<\/title>\n<meta name=\"description\" content=\"List of frequent questions about colon hydrotherapy\" \/>\n<meta name=\"robots\" content=\"index, follow, max-snippet:-1, max-image-preview:large, max-video-preview:-1\" \/>\n<link rel=\"canonical\" href=\"https:\/\/aehidroterapiadecolon.com\/en\/frequent-questions-faq\/\" \/>\n<meta property=\"og:locale\" content=\"en_US\" \/>\n<meta property=\"og:type\" content=\"article\" \/>\n<meta property=\"og:title\" content=\"Frequent questions \/ FAQ - Spanish Association of Colon Hydrotherapy\" \/>\n<meta property=\"og:description\" content=\"List of frequent questions about colon hydrotherapy\" \/>\n<meta property=\"og:url\" content=\"https:\/\/aehidroterapiadecolon.com\/en\/frequent-questions-faq\/\" \/>\n<meta property=\"og:site_name\" content=\"Asociaci\u00f3n Espa\u00f1ola de Hidroterapia de Colon\" \/>\n<meta property=\"article:publisher\" content=\"https:\/\/www.facebook.com\/pages\/Asociacion-Espa%c3%b1ola-de-Hidroterapia-de-Colon\/1498644383756868\" \/>\n<meta property=\"article:modified_time\" content=\"2016-03-15T09:06:10+00:00\" \/>\n<meta property=\"og:image\" content=\"http:\/\/aehidroterapiadecolon.com\/wp-content\/uploads\/2015\/04\/logo.gif\" \/>\n<meta name=\"twitter:card\" content=\"summary\" \/>\n<meta name=\"twitter:label1\" content=\"Est. reading time\" \/>\n\t<meta name=\"twitter:data1\" content=\"2 minutes\" \/>\n<script type=\"application\/ld+json\" class=\"yoast-schema-graph\">{\"@context\":\"https:\/\/schema.org\",\"@graph\":[{\"@type\":\"WebPage\",\"@id\":\"https:\/\/aehidroterapiadecolon.com\/en\/frequent-questions-faq\/\",\"url\":\"https:\/\/aehidroterapiadecolon.com\/en\/frequent-questions-faq\/\",\"name\":\"Frequent questions \/ FAQ - Spanish Association of Colon Hydrotherapy\",\"isPartOf\":{\"@id\":\"https:\/\/aehidroterapiadecolon.com\/#website\"},\"datePublished\":\"2016-03-08T10:44:41+00:00\",\"dateModified\":\"2016-03-15T09:06:10+00:00\",\"description\":\"List of frequent questions about colon hydrotherapy\",\"breadcrumb\":{\"@id\":\"https:\/\/aehidroterapiadecolon.com\/en\/frequent-questions-faq\/#breadcrumb\"},\"inLanguage\":\"en-US\",\"potentialAction\":[{\"@type\":\"ReadAction\",\"target\":[\"https:\/\/aehidroterapiadecolon.com\/en\/frequent-questions-faq\/\"]}]},{\"@type\":\"BreadcrumbList\",\"@id\":\"https:\/\/aehidroterapiadecolon.com\/en\/frequent-questions-faq\/#breadcrumb\",\"itemListElement\":[{\"@type\":\"ListItem\",\"position\":1,\"name\":\"Portada\",\"item\":\"https:\/\/aehidroterapiadecolon.com\/en\/\"},{\"@type\":\"ListItem\",\"position\":2,\"name\":\"Frequent questions \/ FAQ\"}]},{\"@type\":\"WebSite\",\"@id\":\"https:\/\/aehidroterapiadecolon.com\/#website\",\"url\":\"https:\/\/aehidroterapiadecolon.com\/\",\"name\":\"Asociaci\u00f3n Espa\u00f1ola de Hidroterapia de Colon\",\"description\":\"AEHC\",\"potentialAction\":[{\"@type\":\"SearchAction\",\"target\":{\"@type\":\"EntryPoint\",\"urlTemplate\":\"https:\/\/aehidroterapiadecolon.com\/?s={search_term_string}\"},\"query-input\":\"required name=search_term_string\"}],\"inLanguage\":\"en-US\"}]}<\/script>\n<!-- \/ Yoast SEO plugin. -->","yoast_head_json":{"title":"Frequent questions \/ FAQ - Spanish Association of Colon Hydrotherapy","description":"List of frequent questions about colon hydrotherapy","robots":{"index":"index","follow":"follow","max-snippet":"max-snippet:-1","max-image-preview":"max-image-preview:large","max-video-preview":"max-video-preview:-1"},"canonical":"https:\/\/aehidroterapiadecolon.com\/en\/frequent-questions-faq\/","og_locale":"en_US","og_type":"article","og_title":"Frequent questions \/ FAQ - Spanish Association of Colon Hydrotherapy","og_description":"List of frequent questions about colon hydrotherapy","og_url":"https:\/\/aehidroterapiadecolon.com\/en\/frequent-questions-faq\/","og_site_name":"Asociaci\u00f3n Espa\u00f1ola de Hidroterapia de Colon","article_publisher":"https:\/\/www.facebook.com\/pages\/Asociacion-Espa%c3%b1ola-de-Hidroterapia-de-Colon\/1498644383756868","article_modified_time":"2016-03-15T09:06:10+00:00","og_image":[{"url":"http:\/\/aehidroterapiadecolon.com\/wp-content\/uploads\/2015\/04\/logo.gif"}],"twitter_card":"summary","twitter_misc":{"Est. reading time":"2 minutes"},"schema":{"@context":"https:\/\/schema.org","@graph":[{"@type":"WebPage","@id":"https:\/\/aehidroterapiadecolon.com\/en\/frequent-questions-faq\/","url":"https:\/\/aehidroterapiadecolon.com\/en\/frequent-questions-faq\/","name":"Frequent questions \/ FAQ - Spanish Association of Colon Hydrotherapy","isPartOf":{"@id":"https:\/\/aehidroterapiadecolon.com\/#website"},"datePublished":"2016-03-08T10:44:41+00:00","dateModified":"2016-03-15T09:06:10+00:00","description":"List of frequent questions about colon hydrotherapy","breadcrumb":{"@id":"https:\/\/aehidroterapiadecolon.com\/en\/frequent-questions-faq\/#breadcrumb"},"inLanguage":"en-US","potentialAction":[{"@type":"ReadAction","target":["https:\/\/aehidroterapiadecolon.com\/en\/frequent-questions-faq\/"]}]},{"@type":"BreadcrumbList","@id":"https:\/\/aehidroterapiadecolon.com\/en\/frequent-questions-faq\/#breadcrumb","itemListElement":[{"@type":"ListItem","position":1,"name":"Portada","item":"https:\/\/aehidroterapiadecolon.com\/en\/"},{"@type":"ListItem","position":2,"name":"Frequent questions \/ FAQ"}]},{"@type":"WebSite","@id":"https:\/\/aehidroterapiadecolon.com\/#website","url":"https:\/\/aehidroterapiadecolon.com\/","name":"Asociaci\u00f3n Espa\u00f1ola de Hidroterapia de Colon","description":"AEHC","potentialAction":[{"@type":"SearchAction","target":{"@type":"EntryPoint","urlTemplate":"https:\/\/aehidroterapiadecolon.com\/?s={search_term_string}"},"query-input":"required name=search_term_string"}],"inLanguage":"en-US"}]}},"_links":{"self":[{"href":"https:\/\/aehidroterapiadecolon.com\/en\/wp-json\/wp\/v2\/pages\/1352"}],"collection":[{"href":"https:\/\/aehidroterapiadecolon.com\/en\/wp-json\/wp\/v2\/pages"}],"about":[{"href":"https:\/\/aehidroterapiadecolon.com\/en\/wp-json\/wp\/v2\/types\/page"}],"author":[{"embeddable":true,"href":"https:\/\/aehidroterapiadecolon.com\/en\/wp-json\/wp\/v2\/users\/6"}],"replies":[{"embeddable":true,"href":"https:\/\/aehidroterapiadecolon.com\/en\/wp-json\/wp\/v2\/comments?post=1352"}],"version-history":[{"count":1,"href":"https:\/\/aehidroterapiadecolon.com\/en\/wp-json\/wp\/v2\/pages\/1352\/revisions"}],"predecessor-version":[{"id":1353,"href":"https:\/\/aehidroterapiadecolon.com\/en\/wp-json\/wp\/v2\/pages\/1352\/revisions\/1353"}],"wp:attachment":[{"href":"https:\/\/aehidroterapiadecolon.com\/en\/wp-json\/wp\/v2\/media?parent=1352"}],"curies":[{"name":"wp","href":"https:\/\/api.w.org\/{rel}","templated":true}]}}