{"id":1354,"date":"2016-03-08T12:45:36","date_gmt":"2016-03-08T12:45:36","guid":{"rendered":"http:\/\/aehidroterapiadecolon.com\/?page_id=1354"},"modified":"2016-03-15T08:55:37","modified_gmt":"2016-03-15T08:55:37","slug":"enemas-laxatives-and-colon-cleansing","status":"publish","type":"page","link":"https:\/\/aehidroterapiadecolon.com\/en\/enemas-laxatives-and-colon-cleansing\/","title":{"rendered":"Enemas, laxatives and colon cleansing"},"content":{"rendered":"<p>[et_pb_section fullwidth=&#8221;on&#8221; specialty=&#8221;off&#8221; background_image=&#8221;http:\/\/aehidroterapiadecolon.com\/wp-content\/uploads\/2014\/04\/fondo-titulo.jpg&#8221; transparent_background=&#8221;off&#8221; background_color=&#8221;#ffffff&#8221; allow_player_pause=&#8221;off&#8221; inner_shadow=&#8221;off&#8221; parallax=&#8221;off&#8221; parallax_method=&#8221;off&#8221;][et_pb_fullwidth_header admin_label=&#8221;T\u00edtulo de anchura completa&#8221; title=&#8221;Enemas, laxatives and colon cleansing&#8221; background_layout=&#8221;light&#8221; text_orientation=&#8221;left&#8221; \/][\/et_pb_section][et_pb_section][et_pb_row][et_pb_column type=&#8221;4_4&#8243;][et_pb_image admin_label=&#8221;Imagen&#8221; src=&#8221;http:\/\/aehidroterapiadecolon.com\/wp-content\/uploads\/2014\/04\/imagen5.jpg&#8221; alt=&#8221;Imagen Enemas, laxantes e H.D.C.&#8221; show_in_lightbox=&#8221;off&#8221; url_new_window=&#8221;off&#8221; animation=&#8221;left&#8221; sticky=&#8221;off&#8221; \/][et_pb_text admin_label=&#8221;Texto&#8221; background_layout=&#8221;light&#8221; text_orientation=&#8221;left&#8221;]<strong>Laxatives<\/strong><\/p>\n<p>The administration of laxatives is performed orally, as they interfere with the digestive processes. Laxatives stimulate the walls of the large intestine to contract abnormally, causing continual irritation, dependence and dehydration of the body.<\/p>\n<p><strong>Enemas<\/strong><\/p>\n<p>An enema is the introduction of water into the rectum, retained for a few seconds and then released. The water retention time is very short due to the natural tendency of the large intestine to expel rectal contents. Besides the enema does not reach beyond the rectum and involves undesirable odours.<\/p>\n<p><strong>Colon hydrotherapy<\/strong><\/p>\n<p>Colon hydrotherapy is a complete cleaning of the large intestine from the rectum to the cecum. The person is not involved in the evacuation process, which is odourless, the retention time of water lasts a few minutes because of the convenience it offers, it stimulates peristalsis naturally, the water is filtered and purified and can be controlled and the temperature and water flow changed as desired.[\/et_pb_text][\/et_pb_column][\/et_pb_row][\/et_pb_section]<\/p>\n","protected":false},"excerpt":{"rendered":"<p>[et_pb_section fullwidth=&#8221;on&#8221; specialty=&#8221;off&#8221; background_image=&#8221;http:\/\/aehidroterapiadecolon.com\/wp-content\/uploads\/2014\/04\/fondo-titulo.jpg&#8221; transparent_background=&#8221;off&#8221; background_color=&#8221;#ffffff&#8221; allow_player_pause=&#8221;off&#8221; inner_shadow=&#8221;off&#8221; parallax=&#8221;off&#8221; parallax_method=&#8221;off&#8221;][et_pb_fullwidth_header admin_label=&#8221;T\u00edtulo de anchura completa&#8221; title=&#8221;Enemas, laxatives and colon cleansing&#8221; background_layout=&#8221;light&#8221; text_orientation=&#8221;left&#8221; \/][\/et_pb_section][et_pb_section][et_pb_row][et_pb_column type=&#8221;4_4&#8243;][et_pb_image admin_label=&#8221;Imagen&#8221; src=&#8221;http:\/\/aehidroterapiadecolon.com\/wp-content\/uploads\/2014\/04\/imagen5.jpg&#8221; alt=&#8221;Imagen Enemas, laxantes e H.D.C.&#8221; show_in_lightbox=&#8221;off&#8221; url_new_window=&#8221;off&#8221; animation=&#8221;left&#8221; sticky=&#8221;off&#8221; \/][et_pb_text admin_label=&#8221;Texto&#8221; background_layout=&#8221;light&#8221; text_orientation=&#8221;left&#8221;]Laxatives The administration of laxatives is performed orally, as they interfere with the digestive processes. Laxatives stimulate the [&hellip;]<\/p>\n","protected":false},"author":6,"featured_media":0,"parent":0,"menu_order":0,"comment_status":"open","ping_status":"closed","template":"","meta":{"_et_pb_use_builder":"on","_et_pb_old_content":"[et_pb_section fullwidth=\"on\" specialty=\"off\" background_image=\"http:\/\/aehidroterapiadecolon.com\/wp-content\/uploads\/2014\/04\/fondo-titulo.jpg\" transparent_background=\"off\" background_color=\"#ffffff\" allow_player_pause=\"off\" inner_shadow=\"off\" parallax=\"off\" parallax_method=\"off\"][et_pb_fullwidth_header admin_label=\"T\u00edtulo de anchura completa\" title=\"Enemas, laxantes e H.D.C.\" background_layout=\"light\" text_orientation=\"left\" \/][\/et_pb_section][et_pb_section][et_pb_row][et_pb_column type=\"4_4\"][et_pb_image admin_label=\"Imagen\" src=\"http:\/\/aehidroterapiadecolon.com\/wp-content\/uploads\/2014\/04\/imagen5.jpg\" alt=\"Imagen Enemas, laxantes e H.D.C.\" show_in_lightbox=\"off\" url_new_window=\"off\" animation=\"left\" sticky=\"off\" \/][et_pb_text admin_label=\"Texto\" background_layout=\"light\" text_orientation=\"left\"]<strong>Los laxantes<\/strong>\r\n\r\nLa administraci\u00f3n de los laxantes se realiza v\u00eda oral, por lo que interfieren en los procesos digestivos.\u00a0Los laxantes estimulan las paredes del intestino grueso a fin de contraerlas anormalmente, provocando una continua irritaci\u00f3n, dependencia y deshidrataci\u00f3n del organismo.\r\n\r\n<strong>Los enemas<\/strong>\r\n\r\nUn enema es la introducci\u00f3n de agua por el recto retenida durante unos segundos y luego evacuada.\u00a0El tiempo de retenci\u00f3n del agua es muy corto debido a la tendencia natural del intestino grueso de expeler el contenido rectal. Adem\u00e1s el enema no llega m\u00e1s all\u00e1 del recto e implica malos olores.\r\n\r\n<strong>La hidroterapia de colon<\/strong>\r\n\r\nLa hidroterapia de colon es un lavado completo del intestino grueso desde el recto hasta el ciego.\u00a0La persona no est\u00e1 implicada en el proceso de evacuaci\u00f3n, no aparecen malos olores, el tiempo de retenci\u00f3n del agua dura unos minutos debido a la comodidad que ofrece, estimula el peristaltismo de forma natural, el agua es filtrada y depurada y se puede controlar y cambiar la temperatura y el caudal del agua seg\u00fan se desee.[\/et_pb_text][\/et_pb_column][\/et_pb_row][\/et_pb_section]","_et_gb_content_width":""},"yoast_head":"<!-- This site is optimized with the Yoast SEO plugin v19.7.1 - https:\/\/yoast.com\/wordpress\/plugins\/seo\/ -->\n<title>Enemas, laxatives and colon cleansing - Spanish Association of Colon Hydrotherapy<\/title>\n<meta name=\"description\" content=\"Description of the characteristics of enemas, laxatives and colon hydrotherapy\" \/>\n<meta name=\"robots\" content=\"index, follow, max-snippet:-1, max-image-preview:large, max-video-preview:-1\" \/>\n<link rel=\"canonical\" href=\"https:\/\/aehidroterapiadecolon.com\/en\/enemas-laxatives-and-colon-cleansing\/\" \/>\n<meta property=\"og:locale\" content=\"en_US\" \/>\n<meta property=\"og:type\" content=\"article\" \/>\n<meta property=\"og:title\" content=\"Enemas, laxatives and colon cleansing - Spanish Association of Colon Hydrotherapy\" \/>\n<meta property=\"og:description\" content=\"Description of the characteristics of enemas, laxatives and colon hydrotherapy\" \/>\n<meta property=\"og:url\" content=\"https:\/\/aehidroterapiadecolon.com\/en\/enemas-laxatives-and-colon-cleansing\/\" \/>\n<meta property=\"og:site_name\" content=\"Asociaci\u00f3n Espa\u00f1ola de Hidroterapia de Colon\" \/>\n<meta property=\"article:publisher\" content=\"https:\/\/www.facebook.com\/pages\/Asociacion-Espa%c3%b1ola-de-Hidroterapia-de-Colon\/1498644383756868\" \/>\n<meta property=\"article:modified_time\" content=\"2016-03-15T08:55:37+00:00\" \/>\n<meta property=\"og:image\" content=\"http:\/\/aehidroterapiadecolon.com\/wp-content\/uploads\/2015\/04\/logo.gif\" \/>\n<meta name=\"twitter:card\" content=\"summary\" \/>\n<meta name=\"twitter:label1\" content=\"Est. reading time\" \/>\n\t<meta name=\"twitter:data1\" content=\"1 minute\" \/>\n<script type=\"application\/ld+json\" class=\"yoast-schema-graph\">{\"@context\":\"https:\/\/schema.org\",\"@graph\":[{\"@type\":\"WebPage\",\"@id\":\"https:\/\/aehidroterapiadecolon.com\/en\/enemas-laxatives-and-colon-cleansing\/\",\"url\":\"https:\/\/aehidroterapiadecolon.com\/en\/enemas-laxatives-and-colon-cleansing\/\",\"name\":\"Enemas, laxatives and colon cleansing - Spanish Association of Colon Hydrotherapy\",\"isPartOf\":{\"@id\":\"https:\/\/aehidroterapiadecolon.com\/#website\"},\"datePublished\":\"2016-03-08T12:45:36+00:00\",\"dateModified\":\"2016-03-15T08:55:37+00:00\",\"description\":\"Description of the characteristics of enemas, laxatives and colon hydrotherapy\",\"breadcrumb\":{\"@id\":\"https:\/\/aehidroterapiadecolon.com\/en\/enemas-laxatives-and-colon-cleansing\/#breadcrumb\"},\"inLanguage\":\"en-US\",\"potentialAction\":[{\"@type\":\"ReadAction\",\"target\":[\"https:\/\/aehidroterapiadecolon.com\/en\/enemas-laxatives-and-colon-cleansing\/\"]}]},{\"@type\":\"BreadcrumbList\",\"@id\":\"https:\/\/aehidroterapiadecolon.com\/en\/enemas-laxatives-and-colon-cleansing\/#breadcrumb\",\"itemListElement\":[{\"@type\":\"ListItem\",\"position\":1,\"name\":\"Portada\",\"item\":\"https:\/\/aehidroterapiadecolon.com\/en\/\"},{\"@type\":\"ListItem\",\"position\":2,\"name\":\"Enemas, laxatives and colon cleansing\"}]},{\"@type\":\"WebSite\",\"@id\":\"https:\/\/aehidroterapiadecolon.com\/#website\",\"url\":\"https:\/\/aehidroterapiadecolon.com\/\",\"name\":\"Asociaci\u00f3n Espa\u00f1ola de Hidroterapia de Colon\",\"description\":\"AEHC\",\"potentialAction\":[{\"@type\":\"SearchAction\",\"target\":{\"@type\":\"EntryPoint\",\"urlTemplate\":\"https:\/\/aehidroterapiadecolon.com\/?s={search_term_string}\"},\"query-input\":\"required name=search_term_string\"}],\"inLanguage\":\"en-US\"}]}<\/script>\n<!-- \/ Yoast SEO plugin. -->","yoast_head_json":{"title":"Enemas, laxatives and colon cleansing - Spanish Association of Colon Hydrotherapy","description":"Description of the characteristics of enemas, laxatives and colon hydrotherapy","robots":{"index":"index","follow":"follow","max-snippet":"max-snippet:-1","max-image-preview":"max-image-preview:large","max-video-preview":"max-video-preview:-1"},"canonical":"https:\/\/aehidroterapiadecolon.com\/en\/enemas-laxatives-and-colon-cleansing\/","og_locale":"en_US","og_type":"article","og_title":"Enemas, laxatives and colon cleansing - Spanish Association of Colon Hydrotherapy","og_description":"Description of the characteristics of enemas, laxatives and colon hydrotherapy","og_url":"https:\/\/aehidroterapiadecolon.com\/en\/enemas-laxatives-and-colon-cleansing\/","og_site_name":"Asociaci\u00f3n Espa\u00f1ola de Hidroterapia de Colon","article_publisher":"https:\/\/www.facebook.com\/pages\/Asociacion-Espa%c3%b1ola-de-Hidroterapia-de-Colon\/1498644383756868","article_modified_time":"2016-03-15T08:55:37+00:00","og_image":[{"url":"http:\/\/aehidroterapiadecolon.com\/wp-content\/uploads\/2015\/04\/logo.gif"}],"twitter_card":"summary","twitter_misc":{"Est. reading time":"1 minute"},"schema":{"@context":"https:\/\/schema.org","@graph":[{"@type":"WebPage","@id":"https:\/\/aehidroterapiadecolon.com\/en\/enemas-laxatives-and-colon-cleansing\/","url":"https:\/\/aehidroterapiadecolon.com\/en\/enemas-laxatives-and-colon-cleansing\/","name":"Enemas, laxatives and colon cleansing - Spanish Association of Colon Hydrotherapy","isPartOf":{"@id":"https:\/\/aehidroterapiadecolon.com\/#website"},"datePublished":"2016-03-08T12:45:36+00:00","dateModified":"2016-03-15T08:55:37+00:00","description":"Description of the characteristics of enemas, laxatives and colon hydrotherapy","breadcrumb":{"@id":"https:\/\/aehidroterapiadecolon.com\/en\/enemas-laxatives-and-colon-cleansing\/#breadcrumb"},"inLanguage":"en-US","potentialAction":[{"@type":"ReadAction","target":["https:\/\/aehidroterapiadecolon.com\/en\/enemas-laxatives-and-colon-cleansing\/"]}]},{"@type":"BreadcrumbList","@id":"https:\/\/aehidroterapiadecolon.com\/en\/enemas-laxatives-and-colon-cleansing\/#breadcrumb","itemListElement":[{"@type":"ListItem","position":1,"name":"Portada","item":"https:\/\/aehidroterapiadecolon.com\/en\/"},{"@type":"ListItem","position":2,"name":"Enemas, laxatives and colon cleansing"}]},{"@type":"WebSite","@id":"https:\/\/aehidroterapiadecolon.com\/#website","url":"https:\/\/aehidroterapiadecolon.com\/","name":"Asociaci\u00f3n Espa\u00f1ola de Hidroterapia de Colon","description":"AEHC","potentialAction":[{"@type":"SearchAction","target":{"@type":"EntryPoint","urlTemplate":"https:\/\/aehidroterapiadecolon.com\/?s={search_term_string}"},"query-input":"required name=search_term_string"}],"inLanguage":"en-US"}]}},"_links":{"self":[{"href":"https:\/\/aehidroterapiadecolon.com\/en\/wp-json\/wp\/v2\/pages\/1354"}],"collection":[{"href":"https:\/\/aehidroterapiadecolon.com\/en\/wp-json\/wp\/v2\/pages"}],"about":[{"href":"https:\/\/aehidroterapiadecolon.com\/en\/wp-json\/wp\/v2\/types\/page"}],"author":[{"embeddable":true,"href":"https:\/\/aehidroterapiadecolon.com\/en\/wp-json\/wp\/v2\/users\/6"}],"replies":[{"embeddable":true,"href":"https:\/\/aehidroterapiadecolon.com\/en\/wp-json\/wp\/v2\/comments?post=1354"}],"version-history":[{"count":4,"href":"https:\/\/aehidroterapiadecolon.com\/en\/wp-json\/wp\/v2\/pages\/1354\/revisions"}],"predecessor-version":[{"id":1426,"href":"https:\/\/aehidroterapiadecolon.com\/en\/wp-json\/wp\/v2\/pages\/1354\/revisions\/1426"}],"wp:attachment":[{"href":"https:\/\/aehidroterapiadecolon.com\/en\/wp-json\/wp\/v2\/media?parent=1354"}],"curies":[{"name":"wp","href":"https:\/\/api.w.org\/{rel}","templated":true}]}}